{"id":6027,"date":"2017-01-11T09:22:26","date_gmt":"2017-01-11T08:22:26","guid":{"rendered":"http:\/\/stiftsgardenrattvik.se\/?page_id=6027"},"modified":"2025-03-31T16:11:56","modified_gmt":"2025-03-31T14:11:56","slug":"pilgrim-station-3-enkelhet","status":"publish","type":"page","link":"https:\/\/www1.stiftsgardenrattvik.se\/?page_id=6027","title":{"rendered":"Pilgrim station 3 Enkelhet"},"content":{"rendered":"<p>[av_one_full first min_height=&#8221; vertical_alignment=&#8221; space=&#8221; custom_margin=&#8221; margin=&#8217;0px&#8217; padding=&#8217;0px&#8217; border=&#8221; border_color=&#8221; radius=&#8217;0px&#8217; background_color=&#8221; src=&#8221; background_position=&#8217;top left&#8217; background_repeat=&#8217;no-repeat&#8217; animation=&#8221; av_uid=&#8217;av-sijxln&#8217;]<br \/>\n[av_image src=&#8217;https:\/\/stiftsgardenrattvik.se\/wp-content\/uploads\/2016\/04\/Landm\u00e4rken-kroppsr\u00f6relse.jpg&#8217; attachment=&#8217;6001&#8242; attachment_size=&#8217;full&#8217; align=&#8217;center&#8217; styling=&#8221; hover=&#8221; link=&#8221; target=&#8221; caption=&#8221; font_size=&#8221; appearance=&#8221; overlay_opacity=&#8217;0.4&#8242; overlay_color=&#8217;#000000&#8242; overlay_text_color=&#8217;#ffffff&#8217; animation=&#8217;no-animation&#8217; av_uid=&#8217;av-ro7gwb&#8217;][\/av_image]<br \/>\n[\/av_one_full]<\/p>\n<p>[av_one_full first min_height=&#8221; vertical_alignment=&#8221; space=&#8221; custom_margin=&#8221; margin=&#8217;0px&#8217; padding=&#8217;0px&#8217; border=&#8221; border_color=&#8221; radius=&#8217;0px&#8217; background_color=&#8221; src=&#8221; background_position=&#8217;top left&#8217; background_repeat=&#8217;no-repeat&#8217; animation=&#8221; av_uid=&#8217;av-pcbhrf&#8217;]<br \/>\n[av_textblock size=&#8221; font_color=&#8221; color=&#8221; av_uid=&#8217;av-ojiyy3&#8242;]<\/p>\n<h1 style=\"text-align: center;\">ENKELHET<\/h1>\n<p>[\/av_textblock]<br \/>\n[\/av_one_full]<\/p>\n<p>[av_one_full first min_height=&#8221; vertical_alignment=&#8221; space=&#8221; custom_margin=&#8221; margin=&#8217;0px&#8217; padding=&#8217;0px&#8217; border=&#8221; border_color=&#8221; radius=&#8217;0px&#8217; background_color=&#8221; src=&#8221; background_position=&#8217;top left&#8217; background_repeat=&#8217;no-repeat&#8217; animation=&#8221; av_uid=&#8217;av-mhzal7&#8242;]<\/p>\n<p>[av_textblock textblock_styling_align=&#8221; textblock_styling=&#8221; textblock_styling_gap=&#8221; textblock_styling_mobile=&#8221; size=&#8221; av-desktop-font-size=&#8221; av-medium-font-size=&#8221; av-small-font-size=&#8221; av-mini-font-size=&#8221; font_color=&#8221; color=&#8221; id=&#8221; custom_class=&#8221; template_class=&#8221; av_uid=&#8217;av-kmgyaz&#8217; sc_version=&#8217;1.0&#8242; admin_preview_bg=&#8221;]<br \/>\nEtt enkelt t\u00e4lt f\u00e5r symbolisera enkelheten. \u00c4ngen blir en vacker fond och vattnet p\u00e5minner om att inte g\u00f6ra sig bekymmer om morgondagen. Bilden heter &#8220;Mer kroppsr\u00f6relse i vardagen&#8221;.<\/p>\n<h3>Psalmer<\/h3>\n<p>H\u00e4rlig \u00e4r jorden Sv Ps 297<\/p>\n<audio class=\"wp-audio-shortcode\" id=\"audio-6027-1\" preload=\"none\" style=\"width: 100%;\" controls=\"controls\"><source type=\"audio\/mpeg\" src=\"https:\/\/stiftsgardenrattvik.se\/wp-content\/uploads\/2016\/04\/297-H\u00e4rlig-\u00e4r-jorden.mp3?_=1\" \/><a href=\"https:\/\/stiftsgardenrattvik.se\/wp-content\/uploads\/2016\/04\/297-H\u00e4rlig-\u00e4r-jorden.mp3\">https:\/\/stiftsgardenrattvik.se\/wp-content\/uploads\/2016\/04\/297-H\u00e4rlig-\u00e4r-jorden.mp3<\/a><\/audio>\n<p>Jordens b\u00f6n Sv Ps 786<\/p>\n<p><audio class=\"wp-audio-shortcode\" id=\"audio-6027-2\" preload=\"none\" style=\"width: 100%;\" controls=\"controls\"><source type=\"audio\/mpeg\" src=\"https:\/\/stiftsgardenrattvik.se\/wp-content\/uploads\/2016\/04\/786-Jordens-b\u00f6n.mp3?_=2\" \/><a href=\"https:\/\/stiftsgardenrattvik.se\/wp-content\/uploads\/2016\/04\/786-Jordens-b\u00f6n.mp3\">https:\/\/stiftsgardenrattvik.se\/wp-content\/uploads\/2016\/04\/786-Jordens-b\u00f6n.mp3<\/a><\/audio><br \/>\n[\/av_textblock]<\/p>\n<p>[\/av_one_full][av_hr class=&#8217;invisible&#8217; height=&#8217;25&#8217; shadow=&#8217;no-shadow&#8217; position=&#8217;center&#8217; custom_border=&#8217;av-border-thin&#8217; custom_width=&#8217;50px&#8217; custom_border_color=&#8221; custom_margin_top=&#8217;30px&#8217; custom_margin_bottom=&#8217;30px&#8217; icon_select=&#8217;yes&#8217; custom_icon_color=&#8221; icon=&#8217;ue808&#8242; font=&#8217;entypo-fontello&#8217; av_uid=&#8217;av-iecv57&#8242;]<\/p>\n<p>[av_one_full first min_height=&#8221; vertical_alignment=&#8221; space=&#8221; custom_margin=&#8221; margin=&#8217;0px&#8217; padding=&#8217;0px&#8217; border=&#8221; border_color=&#8221; radius=&#8217;0px&#8217; background_color=&#8221; src=&#8221; background_position=&#8217;top left&#8217; background_repeat=&#8217;no-repeat&#8217; animation=&#8221; av_uid=&#8217;av-gq7fwb&#8217;]<br \/>\n[av_textblock size=&#8221; font_color=&#8221; color=&#8221; av_uid=&#8217;av-fx1mor&#8217;]<\/p>\n<h3>Filmer p\u00e5 teckenspr\u00e5k<\/h3>\n<p>Nedan finns l\u00e4nkar och QR-koder till filmer p\u00e5 teckenspr\u00e5k. Du kan antingen klicka p\u00e5 l\u00e4nken f\u00f6r att komma direkt till filmen eller scanna QR-koden med din smarta telefon s\u00e5 f\u00e5r du upp filmen i din telefon.<br \/>\n[\/av_textblock]<br \/>\n[\/av_one_full]<\/p>\n<p>[av_two_fifth first min_height=&#8221; vertical_alignment=&#8221; space=&#8221; custom_margin=&#8221; margin=&#8217;0px&#8217; padding=&#8217;0px&#8217; border=&#8221; border_color=&#8221; radius=&#8217;0px&#8217; background_color=&#8221; src=&#8221; background_position=&#8217;top left&#8217; background_repeat=&#8217;no-repeat&#8217; animation=&#8221; av_uid=&#8217;av-e8vckr&#8217;]<br \/>\n[av_textblock size=&#8221; font_color=&#8221; color=&#8221; av_uid=&#8217;av-cl0uuj&#8217;]<\/p>\n<p style=\"text-align: center;\"><a href=\"https:\/\/youtu.be\/oCI0zrbDneA\" target=\"_blank\" rel=\"noopener\"><strong>Enkelhet<\/strong><\/a><\/p>\n<p>[\/av_textblock]<br \/>\n[\/av_two_fifth]<\/p>\n<p>[av_two_fifth min_height=&#8221; vertical_alignment=&#8221; space=&#8221; custom_margin=&#8221; margin=&#8217;0px&#8217; padding=&#8217;0px&#8217; border=&#8221; border_color=&#8221; radius=&#8217;0px&#8217; background_color=&#8221; src=&#8221; background_position=&#8217;top left&#8217; background_repeat=&#8217;no-repeat&#8217; animation=&#8221; av_uid=&#8217;av-begsiz&#8217;]<br \/>\n[av_textblock size=&#8221; font_color=&#8221; color=&#8221; av_uid=&#8217;av-9ikqez&#8217;]<\/p>\n<p style=\"text-align: center;\"><a href=\"https:\/\/youtu.be\/yG2lvMmUCFo\" target=\"_blank\" rel=\"noopener\"><strong>Mer kroppsr\u00f6relse<\/strong><\/a><\/p>\n<p>[\/av_textblock]<br \/>\n[\/av_two_fifth]<\/p>\n<p>[av_two_fifth first min_height=&#8221; vertical_alignment=&#8221; space=&#8221; custom_margin=&#8221; margin=&#8217;0px&#8217; padding=&#8217;0px&#8217; border=&#8221; border_color=&#8221; radius=&#8217;0px&#8217; background_color=&#8221; src=&#8221; background_position=&#8217;top left&#8217; background_repeat=&#8217;no-repeat&#8217; animation=&#8221; av_uid=&#8217;av-75je2z&#8217;]<br \/>\n[av_image src=&#8217;https:\/\/stiftsgardenrattvik.se\/wp-content\/uploads\/2017\/01\/Enkelhet.png&#8217; attachment=&#8217;6101&#8242; attachment_size=&#8217;full&#8217; align=&#8217;center&#8217; styling=&#8221; hover=&#8221; link=&#8221; target=&#8221; caption=&#8221; font_size=&#8221; appearance=&#8221; overlay_opacity=&#8217;0.4&#8242; overlay_color=&#8217;#000000&#8242; overlay_text_color=&#8217;#ffffff&#8217; animation=&#8217;no-animation&#8217; av_uid=&#8217;av-5pn1a3&#8242;][\/av_image]<br \/>\n[\/av_two_fifth]<\/p>\n<p>[av_two_fifth min_height=&#8221; vertical_alignment=&#8221; space=&#8221; custom_margin=&#8221; margin=&#8217;0px&#8217; padding=&#8217;0px&#8217; border=&#8221; border_color=&#8221; radius=&#8217;0px&#8217; background_color=&#8221; src=&#8221; background_position=&#8217;top left&#8217; background_repeat=&#8217;no-repeat&#8217; animation=&#8221; av_uid=&#8217;av-3lgepn&#8217;]<br \/>\n[av_image src=&#8217;https:\/\/stiftsgardenrattvik.se\/wp-content\/uploads\/2017\/01\/Mer-kroppsr\u00f6relse-i-vardagen.png&#8217; attachment=&#8217;6103&#8242; attachment_size=&#8217;full&#8217; align=&#8217;center&#8217; styling=&#8221; hover=&#8221; link=&#8221; target=&#8221; caption=&#8221; font_size=&#8221; appearance=&#8221; overlay_opacity=&#8217;0.4&#8242; overlay_color=&#8217;#000000&#8242; overlay_text_color=&#8217;#ffffff&#8217; animation=&#8217;no-animation&#8217; av_uid=&#8217;av-32byrf&#8217;][\/av_image]<br \/>\n[\/av_two_fifth]<\/p>\n","protected":false},"excerpt":{"rendered":"","protected":false},"author":1,"featured_media":0,"parent":0,"menu_order":0,"comment_status":"closed","ping_status":"closed","template":"","meta":{"footnotes":""},"class_list":["post-6027","page","type-page","status-publish","hentry"],"_links":{"self":[{"href":"https:\/\/www1.stiftsgardenrattvik.se\/index.php?rest_route=\/wp\/v2\/pages\/6027","targetHints":{"allow":["GET"]}}],"collection":[{"href":"https:\/\/www1.stiftsgardenrattvik.se\/index.php?rest_route=\/wp\/v2\/pages"}],"about":[{"href":"https:\/\/www1.stiftsgardenrattvik.se\/index.php?rest_route=\/wp\/v2\/types\/page"}],"author":[{"embeddable":true,"href":"https:\/\/www1.stiftsgardenrattvik.se\/index.php?rest_route=\/wp\/v2\/users\/1"}],"replies":[{"embeddable":true,"href":"https:\/\/www1.stiftsgardenrattvik.se\/index.php?rest_route=%2Fwp%2Fv2%2Fcomments&post=6027"}],"version-history":[{"count":8,"href":"https:\/\/www1.stiftsgardenrattvik.se\/index.php?rest_route=\/wp\/v2\/pages\/6027\/revisions"}],"predecessor-version":[{"id":15410,"href":"https:\/\/www1.stiftsgardenrattvik.se\/index.php?rest_route=\/wp\/v2\/pages\/6027\/revisions\/15410"}],"wp:attachment":[{"href":"https:\/\/www1.stiftsgardenrattvik.se\/index.php?rest_route=%2Fwp%2Fv2%2Fmedia&parent=6027"}],"curies":[{"name":"wp","href":"https:\/\/api.w.org\/{rel}","templated":true}]}}