{"id":6040,"date":"2017-01-11T10:59:41","date_gmt":"2017-01-11T09:59:41","guid":{"rendered":"http:\/\/stiftsgardenrattvik.se\/?page_id=6040"},"modified":"2017-01-26T07:56:04","modified_gmt":"2017-01-26T06:56:04","slug":"pilgrim-station-7-delande","status":"publish","type":"page","link":"https:\/\/www1.stiftsgardenrattvik.se\/?page_id=6040","title":{"rendered":"Pilgrim station 7 delande"},"content":{"rendered":"<p>[av_one_full first min_height=&#8221; vertical_alignment=&#8221; space=&#8221; custom_margin=&#8221; margin=&#8217;0px&#8217; padding=&#8217;0px&#8217; border=&#8221; border_color=&#8221; radius=&#8217;0px&#8217; background_color=&#8221; src=&#8221; background_position=&#8217;top left&#8217; background_repeat=&#8217;no-repeat&#8217; animation=&#8221;]<br \/>\n[av_image src=&#8217;https:\/\/stiftsgardenrattvik.se\/wp-content\/uploads\/2016\/04\/Landm\u00e4rken-f\u00f6r\u00e4ldraskap.jpg&#8217; attachment=&#8217;6006&#8242; attachment_size=&#8217;full&#8217; align=&#8217;center&#8217; styling=&#8221; hover=&#8221; link=&#8221; target=&#8221; caption=&#8221; font_size=&#8221; appearance=&#8221; overlay_opacity=&#8217;0.4&#8242; overlay_color=&#8217;#000000&#8242; overlay_text_color=&#8217;#ffffff&#8217; animation=&#8217;no-animation&#8217;][\/av_image]<br \/>\n[\/av_one_full]<\/p>\n<p>[av_one_full first min_height=&#8221; vertical_alignment=&#8221; space=&#8221; custom_margin=&#8221; margin=&#8217;0px&#8217; padding=&#8217;0px&#8217; border=&#8221; border_color=&#8221; radius=&#8217;0px&#8217; background_color=&#8221; src=&#8221; background_position=&#8217;top left&#8217; background_repeat=&#8217;no-repeat&#8217; animation=&#8221;]<br \/>\n[av_textblock size=&#8221; font_color=&#8221; color=&#8221;]<\/p>\n<h1 style=\"text-align: center;\">DELANDE<\/h1>\n<p>[\/av_textblock]<br \/>\n[\/av_one_full]<\/p>\n<p>[av_one_full first min_height=&#8221; vertical_alignment=&#8221; space=&#8221; custom_margin=&#8221; margin=&#8217;0px&#8217; padding=&#8217;0px&#8217; border=&#8221; border_color=&#8221; radius=&#8217;0px&#8217; background_color=&#8221; src=&#8221; background_position=&#8217;top left&#8217; background_repeat=&#8217;no-repeat&#8217; animation=&#8221;]<br \/>\n[av_textblock size=&#8221; font_color=&#8221; color=&#8221;]<br \/>\nBland \u00f6rtag\u00e5rdens t\u00e4ta dofter finns ord om delandet. Din pilgrimsmeditation slutar h\u00e4r, tack f\u00f6r att du tog dig tid att reflektera. Kanske g\u00e5r du ett varv till, blickar ut \u00f6ver Siljan och de bl\u00e5nade bergen eller s\u00e5 lockar utbudet i v\u00e5r fina matsal. Kanske vill du komma tillbaka en annan dag. Du \u00e4r alltid v\u00e4lkommen. Bilden heter &#8220;Plats f\u00f6r f\u00f6r\u00e4ldraskapet&#8221;.<\/p>\n<h3>Psalmer<\/h3>\n<p>\u00c4t mitt br\u00f6d Sv Ps 727<\/p>\n<audio class=\"wp-audio-shortcode\" id=\"audio-6040-1\" preload=\"none\" style=\"width: 100%;\" controls=\"controls\"><source type=\"audio\/mpeg\" src=\"https:\/\/stiftsgardenrattvik.se\/wp-content\/uploads\/2016\/04\/727-\u00c4t-mitt-br\u00f6d.mp3?_=1\" \/><a href=\"https:\/\/stiftsgardenrattvik.se\/wp-content\/uploads\/2016\/04\/727-\u00c4t-mitt-br\u00f6d.mp3\">https:\/\/stiftsgardenrattvik.se\/wp-content\/uploads\/2016\/04\/727-\u00c4t-mitt-br\u00f6d.mp3<\/a><\/audio>\n<p>Ett v\u00e4nligt ord&#8230; Sv Ps 98<\/p>\n<p><audio class=\"wp-audio-shortcode\" id=\"audio-6040-2\" preload=\"none\" style=\"width: 100%;\" controls=\"controls\"><source type=\"audio\/mpeg\" src=\"https:\/\/stiftsgardenrattvik.se\/wp-content\/uploads\/2016\/04\/98-Ett-v\u00e4nligt-ord-kan-g\u00f6ra-under.mp3?_=2\" \/><a href=\"https:\/\/stiftsgardenrattvik.se\/wp-content\/uploads\/2016\/04\/98-Ett-v\u00e4nligt-ord-kan-g\u00f6ra-under.mp3\">https:\/\/stiftsgardenrattvik.se\/wp-content\/uploads\/2016\/04\/98-Ett-v\u00e4nligt-ord-kan-g\u00f6ra-under.mp3<\/a><\/audio><br \/>\n[\/av_textblock]<br \/>\n[\/av_one_full]<\/p>\n<p>[av_hr class=&#8217;invisible&#8217; height=&#8217;25&#8217; shadow=&#8217;no-shadow&#8217; position=&#8217;center&#8217; custom_border=&#8217;av-border-thin&#8217; custom_width=&#8217;50px&#8217; custom_border_color=&#8221; custom_margin_top=&#8217;30px&#8217; custom_margin_bottom=&#8217;30px&#8217; icon_select=&#8217;yes&#8217; custom_icon_color=&#8221; icon=&#8217;ue808&#8242; font=&#8217;entypo-fontello&#8217;]<\/p>\n<p>[av_one_full first min_height=&#8221; vertical_alignment=&#8221; space=&#8221; custom_margin=&#8221; margin=&#8217;0px&#8217; padding=&#8217;0px&#8217; border=&#8221; border_color=&#8221; radius=&#8217;0px&#8217; background_color=&#8221; src=&#8221; background_position=&#8217;top left&#8217; background_repeat=&#8217;no-repeat&#8217; animation=&#8221;]<\/p>\n<p>[av_textblock size=&#8221; font_color=&#8221; color=&#8221;]<\/p>\n<h3>Filmer p\u00e5 teckenspr\u00e5k<\/h3>\n<p>Nedan finns l\u00e4nkar och QR-koder till filmer p\u00e5 teckenspr\u00e5k. Du kan antingen klicka p\u00e5 l\u00e4nken f\u00f6r att komma direkt till filmen eller scanna QR-koden med din smarta telefon s\u00e5 f\u00e5r du upp filmen i din telefon.<br \/>\n[\/av_textblock]<\/p>\n<p>[\/av_one_full][av_two_fifth first min_height=&#8221; vertical_alignment=&#8221; space=&#8221; custom_margin=&#8221; margin=&#8217;0px&#8217; padding=&#8217;0px&#8217; border=&#8221; border_color=&#8221; radius=&#8217;0px&#8217; background_color=&#8221; src=&#8221; background_position=&#8217;top left&#8217; background_repeat=&#8217;no-repeat&#8217; animation=&#8221;]<br \/>\n[av_textblock size=&#8221; font_color=&#8221; color=&#8221;]<\/p>\n<p style=\"text-align: center;\"><a href=\"https:\/\/youtu.be\/PY9jgerdXoM\" target=\"_blank\"><strong>Delande<\/strong><\/a><\/p>\n<p>[\/av_textblock]<br \/>\n[\/av_two_fifth]<\/p>\n<p>[av_two_fifth min_height=&#8221; vertical_alignment=&#8221; space=&#8221; custom_margin=&#8221; margin=&#8217;0px&#8217; padding=&#8217;0px&#8217; border=&#8221; border_color=&#8221; radius=&#8217;0px&#8217; background_color=&#8221; src=&#8221; background_position=&#8217;top left&#8217; background_repeat=&#8217;no-repeat&#8217; animation=&#8221;]<br \/>\n[av_textblock size=&#8221; font_color=&#8221; color=&#8221;]<\/p>\n<p style=\"text-align: center;\"><a href=\"https:\/\/youtu.be\/7SKV1cKMJzI\" target=\"_blank\"><strong>Plats f\u00f6r f\u00f6r\u00e4ldraskap<\/strong><\/a><\/p>\n<p>[\/av_textblock]<br \/>\n[\/av_two_fifth]<\/p>\n<p>[av_two_fifth first min_height=&#8221; vertical_alignment=&#8221; space=&#8221; custom_margin=&#8221; margin=&#8217;0px&#8217; padding=&#8217;0px&#8217; border=&#8221; border_color=&#8221; radius=&#8217;0px&#8217; background_color=&#8221; src=&#8221; background_position=&#8217;top left&#8217; background_repeat=&#8217;no-repeat&#8217; animation=&#8221;]<br \/>\n[av_image src=&#8217;https:\/\/stiftsgardenrattvik.se\/wp-content\/uploads\/2017\/01\/Delande.png&#8217; attachment=&#8217;6121&#8242; attachment_size=&#8217;full&#8217; align=&#8217;center&#8217; styling=&#8221; hover=&#8221; link=&#8221; target=&#8221; caption=&#8221; font_size=&#8221; appearance=&#8221; overlay_opacity=&#8217;0.4&#8242; overlay_color=&#8217;#000000&#8242; overlay_text_color=&#8217;#ffffff&#8217; animation=&#8217;no-animation&#8217;][\/av_image]<br \/>\n[\/av_two_fifth]<\/p>\n<p>[av_two_fifth min_height=&#8221; vertical_alignment=&#8221; space=&#8221; custom_margin=&#8221; margin=&#8217;0px&#8217; padding=&#8217;0px&#8217; border=&#8221; border_color=&#8221; radius=&#8217;0px&#8217; background_color=&#8221; src=&#8221; background_position=&#8217;top left&#8217; background_repeat=&#8217;no-repeat&#8217; animation=&#8221;]<br \/>\n[av_image src=&#8217;https:\/\/stiftsgardenrattvik.se\/wp-content\/uploads\/2017\/01\/Plats-f\u00f6r-f\u00f6r\u00e4ldraskap.png&#8217; attachment=&#8217;6122&#8242; attachment_size=&#8217;full&#8217; align=&#8217;center&#8217; styling=&#8221; hover=&#8221; link=&#8221; target=&#8221; caption=&#8221; font_size=&#8221; appearance=&#8221; overlay_opacity=&#8217;0.4&#8242; overlay_color=&#8217;#000000&#8242; overlay_text_color=&#8217;#ffffff&#8217; animation=&#8217;no-animation&#8217;][\/av_image]<br \/>\n[\/av_two_fifth]<\/p>\n","protected":false},"excerpt":{"rendered":"<p>[av_one_full first min_height=&#8221; vertical_alignment=&#8221; space=&#8221; custom_margin=&#8221; margin=&#8217;0px&#8217; padding=&#8217;0px&#8217; border=&#8221; border_color=&#8221; radius=&#8217;0px&#8217; background_color=&#8221; src=&#8221; background_position=&#8217;top left&#8217; background_repeat=&#8217;no-repeat&#8217; animation=&#8221;] [av_image src=&#8217;https:\/\/stiftsgardenrattvik.se\/wp-content\/uploads\/2016\/04\/Landm\u00e4rken-f\u00f6r\u00e4ldraskap.jpg&#8217; attachment=&#8217;6006&#8242; attachment_size=&#8217;full&#8217; align=&#8217;center&#8217; styling=&#8221; hover=&#8221; link=&#8221; target=&#8221; caption=&#8221; font_size=&#8221; appearance=&#8221; overlay_opacity=&#8217;0.4&#8242; overlay_color=&#8217;#000000&#8242; overlay_text_color=&#8217;#ffffff&#8217; animation=&#8217;no-animation&#8217;][\/av_image] [\/av_one_full] [av_one_full first min_height=&#8221; vertical_alignment=&#8221; space=&#8221; custom_margin=&#8221; margin=&#8217;0px&#8217; padding=&#8217;0px&#8217; border=&#8221; border_color=&#8221; radius=&#8217;0px&#8217; background_color=&#8221; src=&#8221; background_position=&#8217;top left&#8217; background_repeat=&#8217;no-repeat&#8217; animation=&#8221;] [av_textblock size=&#8221; font_color=&#8221; color=&#8221;] [&hellip;]<\/p>\n","protected":false},"author":1,"featured_media":0,"parent":0,"menu_order":0,"comment_status":"closed","ping_status":"closed","template":"","meta":{"footnotes":""},"class_list":["post-6040","page","type-page","status-publish","hentry"],"_links":{"self":[{"href":"https:\/\/www1.stiftsgardenrattvik.se\/index.php?rest_route=\/wp\/v2\/pages\/6040","targetHints":{"allow":["GET"]}}],"collection":[{"href":"https:\/\/www1.stiftsgardenrattvik.se\/index.php?rest_route=\/wp\/v2\/pages"}],"about":[{"href":"https:\/\/www1.stiftsgardenrattvik.se\/index.php?rest_route=\/wp\/v2\/types\/page"}],"author":[{"embeddable":true,"href":"https:\/\/www1.stiftsgardenrattvik.se\/index.php?rest_route=\/wp\/v2\/users\/1"}],"replies":[{"embeddable":true,"href":"https:\/\/www1.stiftsgardenrattvik.se\/index.php?rest_route=%2Fwp%2Fv2%2Fcomments&post=6040"}],"version-history":[{"count":6,"href":"https:\/\/www1.stiftsgardenrattvik.se\/index.php?rest_route=\/wp\/v2\/pages\/6040\/revisions"}],"predecessor-version":[{"id":6168,"href":"https:\/\/www1.stiftsgardenrattvik.se\/index.php?rest_route=\/wp\/v2\/pages\/6040\/revisions\/6168"}],"wp:attachment":[{"href":"https:\/\/www1.stiftsgardenrattvik.se\/index.php?rest_route=%2Fwp%2Fv2%2Fmedia&parent=6040"}],"curies":[{"name":"wp","href":"https:\/\/api.w.org\/{rel}","templated":true}]}}