{"id":6192,"date":"2017-02-01T07:54:35","date_gmt":"2017-02-01T06:54:35","guid":{"rendered":"http:\/\/stiftsgardenrattvik.se\/?page_id=6192"},"modified":"2025-07-18T11:48:02","modified_gmt":"2025-07-18T09:48:02","slug":"utomhusaktiviteter-2","status":"publish","type":"page","link":"https:\/\/www1.stiftsgardenrattvik.se\/?page_id=6192","title":{"rendered":"Utomhusaktiviteter"},"content":{"rendered":"<p>[av_one_full first min_height=&#8221; vertical_alignment=&#8221; space=&#8221; custom_margin=&#8221; margin=&#8217;0px&#8217; padding=&#8217;0px&#8217; border=&#8221; border_color=&#8221; radius=&#8217;0px&#8217; background_color=&#8221; src=&#8221; background_position=&#8217;top left&#8217; background_repeat=&#8217;no-repeat&#8217; animation=&#8221; av_uid=&#8217;av-2c8z5sw&#8217;]<br \/>\n[av_textblock size=&#8221; font_color=&#8221; color=&#8221; av_uid=&#8217;av-29rehu8&#8242;]<\/p>\n<h1 style=\"text-align: center;\">Aktiviteter \u00e5ret om<\/h1>\n<p>[\/av_textblock]<br \/>\n[\/av_one_full]<\/p>\n<p>[av_hr class=&#8217;invisible&#8217; height=&#8217;50&#8217; shadow=&#8217;no-shadow&#8217; position=&#8217;center&#8217; custom_border=&#8217;av-border-thin&#8217; custom_width=&#8217;50px&#8217; custom_border_color=&#8221; custom_margin_top=&#8217;30px&#8217; custom_margin_bottom=&#8217;30px&#8217; icon_select=&#8217;yes&#8217; custom_icon_color=&#8221; icon=&#8217;ue808&#8242; font=&#8217;entypo-fontello&#8217; av_uid=&#8217;av-27q8blc&#8217;]<\/p>\n<p>[av_one_full first min_height=&#8221; vertical_alignment=&#8221; space=&#8221; custom_margin=&#8221; margin=&#8217;0px&#8217; padding=&#8217;0px&#8217; border=&#8221; border_color=&#8221; radius=&#8217;0px&#8217; background_color=&#8221; src=&#8221; background_position=&#8217;top left&#8217; background_repeat=&#8217;no-repeat&#8217; animation=&#8221; av_uid=&#8217;av-26gi8c0&#8242;]<\/p>\n<p>[av_table purpose=&#8217;tabular&#8217; pricing_table_design=&#8217;avia_pricing_default&#8217; pricing_hidden_cells=&#8221; caption=&#8221; responsive_styling=&#8217;avia_responsive_table&#8217; alb_description=&#8221; id=&#8221; custom_class=&#8221; template_class=&#8221; av_uid=&#8217;av-24asy68&#8242; sc_version=&#8217;1.0&#8242;]<br \/>\n[av_row row_style=&#8217;avia-heading-row&#8217;][av_cell col_style=&#8221;]Uthyrning f\u00f6r boende g\u00e4ster[\/av_cell][av_cell col_style=&#8221;]Pris[\/av_cell][\/av_row]<br \/>\n[av_row row_style=&#8221;][av_cell col_style=&#8221;]Kanothyra halvdag[\/av_cell][av_cell col_style=&#8221;]110 kr[\/av_cell][\/av_row]<br \/>\n[av_row row_style=&#8221;][av_cell col_style=&#8221;]Kanothyra heldag[\/av_cell][av_cell col_style=&#8221;]205 kr[\/av_cell][\/av_row]<br \/>\n[av_row row_style=&#8221;][av_cell col_style=&#8221;]L\u00e5ngf\u00e4rdsskridskor halvdag[\/av_cell][av_cell col_style=&#8221;]150 kr[\/av_cell][\/av_row]<br \/>\n[av_row row_style=&#8221;][av_cell col_style=&#8221;]L\u00e5ngf\u00e4rdsskridskor heldag[\/av_cell][av_cell col_style=&#8221;]270 kr[\/av_cell][\/av_row]<br \/>\n[av_row row_style=&#8221;][av_cell col_style=&#8221;]Spark halvdag[\/av_cell][av_cell col_style=&#8221;]110 kr[\/av_cell][\/av_row]<br \/>\n[av_row row_style=&#8221;][av_cell col_style=&#8221;]Spark heldag[\/av_cell][av_cell col_style=&#8221;]205 kr[\/av_cell][\/av_row]<br \/>\n[\/av_table]<\/p>\n<p>[\/av_one_full][av_one_full first min_height=&#8221; vertical_alignment=&#8221; space=&#8221; custom_margin=&#8221; margin=&#8217;0px&#8217; padding=&#8217;0px&#8217; border=&#8221; border_color=&#8221; radius=&#8217;0px&#8217; background_color=&#8221; src=&#8221; background_position=&#8217;top left&#8217; background_repeat=&#8217;no-repeat&#8217; animation=&#8221; av_uid=&#8217;av-14e0ycw&#8217;]<\/p>\n<p>[av_table purpose=&#8217;tabular&#8217; pricing_table_design=&#8217;avia_pricing_default&#8217; pricing_hidden_cells=&#8221; caption=&#8221; responsive_styling=&#8217;avia_responsive_table&#8217; alb_description=&#8221; id=&#8221; custom_class=&#8221; template_class=&#8221; av_uid=&#8217;av-12863kw&#8217; sc_version=&#8217;1.0&#8242;]<br \/>\n[av_row row_style=&#8217;avia-heading-row&#8217;][av_cell col_style=&#8221;]Uthyrning[\/av_cell][av_cell col_style=&#8221;]Pris[\/av_cell][\/av_row]<br \/>\n[av_row row_style=&#8221;][av_cell col_style=&#8221;]Kanothyra mindre \u00e4n 6 timmar[\/av_cell][av_cell col_style=&#8221;]425 kr[\/av_cell][\/av_row]<br \/>\n[av_row row_style=&#8221;][av_cell col_style=&#8221;]Kanothyra mer \u00e4n 6 timmar[\/av_cell][av_cell col_style=&#8221;]800 kr[\/av_cell][\/av_row]<br \/>\n[av_row row_style=&#8221;][av_cell col_style=&#8221;]L\u00e5ngf\u00e4rdsskridskor halvdag[\/av_cell][av_cell col_style=&#8221;]210 kr[\/av_cell][\/av_row]<br \/>\n[av_row row_style=&#8221;][av_cell col_style=&#8221;]L\u00e5ngf\u00e4rdsskridskor heldag[\/av_cell][av_cell col_style=&#8221;]320 kr[\/av_cell][\/av_row]<br \/>\n[\/av_table]<\/p>\n<p>[\/av_one_full][av_one_full first min_height=&#8221; vertical_alignment=&#8221; space=&#8221; custom_margin=&#8221; margin=&#8217;0px&#8217; padding=&#8217;0px&#8217; border=&#8221; border_color=&#8221; radius=&#8217;0px&#8217; background_color=&#8221; src=&#8221; background_position=&#8217;top left&#8217; background_repeat=&#8217;no-repeat&#8217; animation=&#8221; av_uid=&#8217;av-cxfqxs&#8217;]<br \/>\n[av_textblock size=&#8221; font_color=&#8221; color=&#8221; av_uid=&#8217;av-biz9f4&#8242;]<br \/>\nStiftsg\u00e5rden och Siljansbygden erbjuder en m\u00e4ngd aktiviteter \u00e5ret om. Sommartid \u00e4r v\u00e5r badplats vid Siljans strand ett popul\u00e4rt st\u00e4lle att h\u00e4nga p\u00e5. H\u00e4r finns en fin badbrygga, grillplats samt bastu att hyra. Till g\u00e5rden h\u00f6r stora fina gr\u00e4sytor med bland annat fotbollsplan, beachvolleybollplan och boulebana. Vid v\u00e5r utomhusservering finns ett trevligt tr\u00e4dg\u00e5rdsschack och centralt p\u00e5 omr\u00e5det ligger v\u00e5r fina lekplats med m\u00e5nga roliga aktiviteter f\u00f6r barn. Sommartid st\u00e5r en stor studsmatta uppst\u00e4lld och v\u00e5r lilla sommarkiosk st\u00e5r \u00f6ppen.<\/p>\n<p>Men det \u00e4r inte bara p\u00e5 v\u00e5r g\u00e5rd som det finns m\u00f6jlighet att vara aktiv, skogen ligger runt knuten med m\u00f6jlighet till sk\u00f6n rekreation. B\u00e5de h\u00e4r och l\u00e4ngs vattnet finns b\u00e5de kortare och l\u00e4ngre vandringsleder. Flera \u00e4r skyltade, n\u00e5gra med v\u00e5r egen logotype Stiftsg\u00e5rdstuppen, den kartan hittar du i v\u00e5r reception eller kan laddas ner <a href=\"https:\/\/stiftsgardenrattvik.se\/halsostigar\/\">h\u00e4r<\/a>. P\u00e5 v\u00e4ggen till v\u00e5r r\u00f6da l\u00e4gerg\u00e5rd sitter en stor vandringskarta \u00f6ver R\u00e4ttviks vandringsleder, du kan \u00e4ven k\u00f6pa en karta \u00f6ver Siljansomr\u00e5det i v\u00e5r reception. Vi har \u00e4ven en egen kort och tillg\u00e4nglig <a href=\"https:\/\/stiftsgardenrattvik.se\/pilgrim\/\" target=\"_blank\" rel=\"noopener\">pilgrimsmeditationsstig<\/a> som du g\u00e4rna f\u00e5r prova. Det finns \u00e4ven trevliga cykelv\u00e4gar som g\u00f6r att du p\u00e5 ett l\u00e4ttsamt s\u00e4tt kan uppt\u00e4cka R\u00e4ttvik med omnejd. Vi har cyklar att hyra ut om du inte har med egen.<\/p>\n<p>R\u00e4ttviks fina golfbana ligger p\u00e5 g\u00e5ngavst\u00e5nd och vi samarbetar med flera lokala aktivitetsf\u00f6retag som erbjuder guidade utflykter i omgivningen. Vi hj\u00e4lper dig g\u00e4rna att komma i kontakt med dem.<\/p>\n<p>F\u00f6r dig som kommer till oss p\u00e5 vintern och tycker om skid\u00e5kning finns b\u00e5de en slalombacke och flera preparerade l\u00e4ngdskidsp\u00e5r i n\u00e4rheten av Stiftsg\u00e5rden. Dessutom f\u00f6rvandlas sj\u00f6n Siljan till ett vinterparadis med plogade skridskobanor och skidsp\u00e5r. Hyr g\u00e4rna l\u00e5ngf\u00e4rdsskridskor hos oss och ta en tur p\u00e5 Siljan.<br \/>\n[\/av_textblock]<br \/>\n[\/av_one_full]<\/p>\n<p>[av_one_third first min_height=&#8221; vertical_alignment=&#8221; space=&#8221; custom_margin=&#8221; margin=&#8217;0px&#8217; padding=&#8217;0px&#8217; border=&#8221; border_color=&#8221; radius=&#8217;0px&#8217; background_color=&#8221; src=&#8221; background_position=&#8217;top left&#8217; background_repeat=&#8217;no-repeat&#8217; animation=&#8221; av_uid=&#8217;av-9a0iv4&#8242;]<br \/>\n[av_image src=&#8217;https:\/\/stiftsgardenrattvik.se\/wp-content\/uploads\/2017\/02\/Lotta-Backlund-sparktur-p\u00e5-Siljan.jpg&#8217; attachment=&#8217;6213&#8242; attachment_size=&#8217;full&#8217; align=&#8217;center&#8217; styling=&#8221; hover=&#8221; link=&#8221; target=&#8221; caption=&#8221; font_size=&#8221; appearance=&#8221; overlay_opacity=&#8217;0.4&#8242; overlay_color=&#8217;#000000&#8242; overlay_text_color=&#8217;#ffffff&#8217; animation=&#8217;no-animation&#8217; av_uid=&#8217;av-6se568&#8242;][\/av_image]<br \/>\n[\/av_one_third]<\/p>\n<p>[av_three_fifth min_height=&#8221; vertical_alignment=&#8221; space=&#8221; custom_margin=&#8221; margin=&#8217;0px&#8217; padding=&#8217;0px&#8217; border=&#8221; border_color=&#8221; radius=&#8217;0px&#8217; background_color=&#8221; src=&#8221; background_position=&#8217;top left&#8217; background_repeat=&#8217;no-repeat&#8217; animation=&#8221; av_uid=&#8217;av-639fq8&#8242;]<br \/>\n[av_hr class=&#8217;invisible&#8217; height=&#8217;50&#8217; shadow=&#8217;no-shadow&#8217; position=&#8217;center&#8217; custom_border=&#8217;av-border-thin&#8217; custom_width=&#8217;50px&#8217; custom_border_color=&#8221; custom_margin_top=&#8217;30px&#8217; custom_margin_bottom=&#8217;30px&#8217; icon_select=&#8217;yes&#8217; custom_icon_color=&#8221; icon=&#8217;ue808&#8242; font=&#8217;entypo-fontello&#8217; av_uid=&#8217;av-40x1f4&#8242;]<\/p>\n<p>[av_textblock size=&#8221; font_color=&#8221; color=&#8221; av_uid=&#8217;av-31wjc0&#8242;]<\/p>\n<h4>Hos oss kan du hyra eller l\u00e5na f\u00f6ljande f\u00f6r utomhusaktiviteter<\/h4>\n<p>Vandringsstavar, tr\u00e4dg\u00e5rdsschack, kanoter, kajaker, boule, fotboll, Bengtboll, volleyboll, cyklar, sparkar och l\u00e5ngf\u00e4rdsskridskor.<br \/>\n[\/av_textblock]<br \/>\n[\/av_three_fifth]<\/p>\n","protected":false},"excerpt":{"rendered":"","protected":false},"author":1,"featured_media":0,"parent":0,"menu_order":0,"comment_status":"closed","ping_status":"closed","template":"","meta":{"footnotes":""},"class_list":["post-6192","page","type-page","status-publish","hentry"],"_links":{"self":[{"href":"https:\/\/www1.stiftsgardenrattvik.se\/index.php?rest_route=\/wp\/v2\/pages\/6192","targetHints":{"allow":["GET"]}}],"collection":[{"href":"https:\/\/www1.stiftsgardenrattvik.se\/index.php?rest_route=\/wp\/v2\/pages"}],"about":[{"href":"https:\/\/www1.stiftsgardenrattvik.se\/index.php?rest_route=\/wp\/v2\/types\/page"}],"author":[{"embeddable":true,"href":"https:\/\/www1.stiftsgardenrattvik.se\/index.php?rest_route=\/wp\/v2\/users\/1"}],"replies":[{"embeddable":true,"href":"https:\/\/www1.stiftsgardenrattvik.se\/index.php?rest_route=%2Fwp%2Fv2%2Fcomments&post=6192"}],"version-history":[{"count":26,"href":"https:\/\/www1.stiftsgardenrattvik.se\/index.php?rest_route=\/wp\/v2\/pages\/6192\/revisions"}],"predecessor-version":[{"id":15669,"href":"https:\/\/www1.stiftsgardenrattvik.se\/index.php?rest_route=\/wp\/v2\/pages\/6192\/revisions\/15669"}],"wp:attachment":[{"href":"https:\/\/www1.stiftsgardenrattvik.se\/index.php?rest_route=%2Fwp%2Fv2%2Fmedia&parent=6192"}],"curies":[{"name":"wp","href":"https:\/\/api.w.org\/{rel}","templated":true}]}}