{"id":6195,"date":"2017-02-01T07:56:08","date_gmt":"2017-02-01T06:56:08","guid":{"rendered":"http:\/\/stiftsgardenrattvik.se\/?page_id=6195"},"modified":"2020-03-02T13:45:22","modified_gmt":"2020-03-02T12:45:22","slug":"inomhusaktiviteter","status":"publish","type":"page","link":"https:\/\/www1.stiftsgardenrattvik.se\/?page_id=6195","title":{"rendered":"Inomhusaktiviteter"},"content":{"rendered":"<p>[av_one_full first min_height=&#8221; vertical_alignment=&#8221; space=&#8221; custom_margin=&#8221; margin=&#8217;0px&#8217; padding=&#8217;0px&#8217; border=&#8221; border_color=&#8221; radius=&#8217;0px&#8217; background_color=&#8221; src=&#8221; background_position=&#8217;top left&#8217; background_repeat=&#8217;no-repeat&#8217; animation=&#8221;]<\/p>\n<p>[av_textblock size=&#8221; font_color=&#8221; color=&#8221;]<br \/>\nStiftsg\u00e5rden och Siljansbygden erbjuder en m\u00e4ngd upplevelser \u00e5ret om. Oavsett \u00e5rstid \u00e4r det f\u00f6rst\u00e5s sk\u00f6nast att vistas ute men ibland kan det vara sk\u00f6nt att hitta p\u00e5 n\u00e5got inomhus. P\u00e5 Stiftsg\u00e5rden hittar du bastu, gym, lekrum, bollrum, bibliotek samt en grillstuga. Det finns \u00e4ven m\u00e5nga andra saker att hitta p\u00e5 inomhus i R\u00e4ttvik med omnejd, Stiftsg\u00e5rden blir det perfekta navet. N\u00e5gra tips \u00e4r att uppt\u00e4cka Falu gruva, bes\u00f6ka Zorng\u00e5rden och dalah\u00e4sttillverkning i Mora, Naturum i Siljansn\u00e4s, Aqua Nova \u00e4ventyrsbad och Framtidsmuseet i Borl\u00e4nge, eller n\u00e5gon av de mer n\u00e4rbel\u00e4gna simhallarna eller biblioteken. I R\u00e4ttviks kulturhus och bibliotek finns ett v\u00e4lsk\u00f6tt naturmuseum med intressant information om Siljansringens s\u00e4regna geologi, unika djurliv och fauna. F\u00f6r fler tips och aktuella h\u00e4ndelser prata g\u00e4rna med personalen i receptionen.<\/p>\n<h4>Hos oss kan du hyra eller l\u00e5na f\u00f6ljande f\u00f6r inomhusaktivitet<\/h4>\n<p>Fotboll, Bengtboll, innebandyklubba, pingisracket, kortlek, b\u00f6cker och s\u00e4llskapsspel.<br \/>\n[\/av_textblock]<\/p>\n<p>[\/av_one_full]<\/p>\n","protected":false},"excerpt":{"rendered":"<p>[av_one_full first min_height=&#8221; vertical_alignment=&#8221; space=&#8221; custom_margin=&#8221; margin=&#8217;0px&#8217; padding=&#8217;0px&#8217; border=&#8221; border_color=&#8221; radius=&#8217;0px&#8217; background_color=&#8221; src=&#8221; background_position=&#8217;top left&#8217; background_repeat=&#8217;no-repeat&#8217; animation=&#8221;] [av_textblock size=&#8221; font_color=&#8221; color=&#8221;] Stiftsg\u00e5rden och Siljansbygden erbjuder en m\u00e4ngd upplevelser \u00e5ret om. Oavsett \u00e5rstid \u00e4r det f\u00f6rst\u00e5s sk\u00f6nast att vistas ute men ibland kan det vara sk\u00f6nt att hitta p\u00e5 n\u00e5got inomhus. P\u00e5 Stiftsg\u00e5rden hittar du bastu, [&hellip;]<\/p>\n","protected":false},"author":1,"featured_media":0,"parent":0,"menu_order":0,"comment_status":"closed","ping_status":"closed","template":"","meta":{"footnotes":""},"class_list":["post-6195","page","type-page","status-publish","hentry"],"_links":{"self":[{"href":"https:\/\/www1.stiftsgardenrattvik.se\/index.php?rest_route=\/wp\/v2\/pages\/6195","targetHints":{"allow":["GET"]}}],"collection":[{"href":"https:\/\/www1.stiftsgardenrattvik.se\/index.php?rest_route=\/wp\/v2\/pages"}],"about":[{"href":"https:\/\/www1.stiftsgardenrattvik.se\/index.php?rest_route=\/wp\/v2\/types\/page"}],"author":[{"embeddable":true,"href":"https:\/\/www1.stiftsgardenrattvik.se\/index.php?rest_route=\/wp\/v2\/users\/1"}],"replies":[{"embeddable":true,"href":"https:\/\/www1.stiftsgardenrattvik.se\/index.php?rest_route=%2Fwp%2Fv2%2Fcomments&post=6195"}],"version-history":[{"count":6,"href":"https:\/\/www1.stiftsgardenrattvik.se\/index.php?rest_route=\/wp\/v2\/pages\/6195\/revisions"}],"predecessor-version":[{"id":9672,"href":"https:\/\/www1.stiftsgardenrattvik.se\/index.php?rest_route=\/wp\/v2\/pages\/6195\/revisions\/9672"}],"wp:attachment":[{"href":"https:\/\/www1.stiftsgardenrattvik.se\/index.php?rest_route=%2Fwp%2Fv2%2Fmedia&parent=6195"}],"curies":[{"name":"wp","href":"https:\/\/api.w.org\/{rel}","templated":true}]}}