{"id":6197,"date":"2017-02-01T07:56:45","date_gmt":"2017-02-01T06:56:45","guid":{"rendered":"http:\/\/stiftsgardenrattvik.se\/?page_id=6197"},"modified":"2018-08-15T13:39:10","modified_gmt":"2018-08-15T11:39:10","slug":"samarbetsovningar","status":"publish","type":"page","link":"https:\/\/www1.stiftsgardenrattvik.se\/?page_id=6197","title":{"rendered":"Samarbets\u00f6vningar"},"content":{"rendered":"<p>[av_one_full first min_height=&#8221; vertical_alignment=&#8221; space=&#8221; custom_margin=&#8221; margin=&#8217;0px&#8217; padding=&#8217;0px&#8217; border=&#8221; border_color=&#8221; radius=&#8217;0px&#8217; background_color=&#8221; src=&#8221; background_position=&#8217;top left&#8217; background_repeat=&#8217;no-repeat&#8217; animation=&#8221;]<br \/>\n[av_textblock size=&#8221; font_color=&#8221; color=&#8221;]<\/p>\n<h1 style=\"text-align: center;\">Samarbets\u00f6vningar f\u00f6r b\u00e4ttre gruppsamh\u00f6righet<\/h1>\n<p>[\/av_textblock]<br \/>\n[\/av_one_full]<\/p>\n<p>[av_one_full first min_height=&#8221; vertical_alignment=&#8221; space=&#8221; custom_margin=&#8221; margin=&#8217;0px&#8217; padding=&#8217;0px&#8217; border=&#8221; border_color=&#8221; radius=&#8217;0px&#8217; background_color=&#8221; src=&#8221; background_position=&#8217;top left&#8217; background_repeat=&#8217;no-repeat&#8217; animation=&#8221;]<\/p>\n<p>[av_image src=&#8217;https:\/\/stiftsgardenrattvik.se\/wp-content\/uploads\/2018\/08\/IMG_4091.jpg&#8217; attachment=&#8217;7797&#8242; attachment_size=&#8217;full&#8217; align=&#8217;center&#8217; styling=&#8221; hover=&#8221; link=&#8221; target=&#8221; caption=&#8221; font_size=&#8221; appearance=&#8221; overlay_opacity=&#8217;0.4&#8242; overlay_color=&#8217;#000000&#8242; overlay_text_color=&#8217;#ffffff&#8217; animation=&#8217;no-animation&#8217;][\/av_image]<\/p>\n<p>[\/av_one_full][av_one_full first min_height=&#8221; vertical_alignment=&#8221; space=&#8221; custom_margin=&#8221; margin=&#8217;0px&#8217; padding=&#8217;0px&#8217; border=&#8221; border_color=&#8221; radius=&#8217;0px&#8217; background_color=&#8221; src=&#8221; background_position=&#8217;top left&#8217; background_repeat=&#8217;no-repeat&#8217; animation=&#8221;]<br \/>\n[av_textblock size=&#8221; font_color=&#8221; color=&#8221;]<br \/>\nAtt tr\u00e4na samarbete, initiativf\u00f6rm\u00e5ga och probleml\u00f6sning \u00e4r n\u00e5got som f\u00f6rst\u00e4rker samh\u00f6righeten hos en grupp. V\u00e5ra pedagoger har m\u00e5ng\u00e5rig erfarenhet av att arbeta med grupputveckling, f\u00f6r sm\u00e5 s\u00e5v\u00e4l som stora grupper, och kan anlitas f\u00f6r b\u00e5de korta inspel p\u00e5 en timme till flerdagsuppdrag. V\u00e5ra samarbets\u00f6vningar \u00e4r iordningsst\u00e4llda f\u00f6r att de \u00e4r roliga, annorlunda och sp\u00e4nnande och samtidigt ett perfekt s\u00e4tt att f\u00e5 gruppmedlemmarna att l\u00e4ra k\u00e4nna varandra b\u00e4ttre. Vi har ofta konfirmationsl\u00e4ger hos oss, men \u00e4ven scouter, idrottsf\u00f6reningar och andra grupper som provar v\u00e5ra samarbetsbanor.<\/p>\n<p><strong>Kontakta oss g\u00e4rna f\u00f6r en vidare diskussion om och offert p\u00e5 vad vi kan erbjuda. Du n\u00e5r oss p\u00e5 010-160 80 01 eller <a href=\"mailto:bokningen@stiftsgardenrattvik.se\">bokningen@stiftsgardenrattvik.se<\/a>.<\/strong><br \/>\n[\/av_textblock]<br \/>\n[\/av_one_full]<\/p>\n","protected":false},"excerpt":{"rendered":"<p>[av_one_full first min_height=&#8221; vertical_alignment=&#8221; space=&#8221; custom_margin=&#8221; margin=&#8217;0px&#8217; padding=&#8217;0px&#8217; border=&#8221; border_color=&#8221; radius=&#8217;0px&#8217; background_color=&#8221; src=&#8221; background_position=&#8217;top left&#8217; background_repeat=&#8217;no-repeat&#8217; animation=&#8221;] [av_textblock size=&#8221; font_color=&#8221; color=&#8221;] Samarbets\u00f6vningar f\u00f6r b\u00e4ttre gruppsamh\u00f6righet [\/av_textblock] [\/av_one_full] [av_one_full first min_height=&#8221; vertical_alignment=&#8221; space=&#8221; custom_margin=&#8221; margin=&#8217;0px&#8217; padding=&#8217;0px&#8217; border=&#8221; border_color=&#8221; radius=&#8217;0px&#8217; background_color=&#8221; src=&#8221; background_position=&#8217;top left&#8217; background_repeat=&#8217;no-repeat&#8217; animation=&#8221;] [av_image src=&#8217;https:\/\/stiftsgardenrattvik.se\/wp-content\/uploads\/2018\/08\/IMG_4091.jpg&#8217; attachment=&#8217;7797&#8242; attachment_size=&#8217;full&#8217; align=&#8217;center&#8217; styling=&#8221; hover=&#8221; link=&#8221; target=&#8221; caption=&#8221; font_size=&#8221; [&hellip;]<\/p>\n","protected":false},"author":1,"featured_media":0,"parent":0,"menu_order":0,"comment_status":"closed","ping_status":"closed","template":"","meta":{"footnotes":""},"class_list":["post-6197","page","type-page","status-publish","hentry"],"_links":{"self":[{"href":"https:\/\/www1.stiftsgardenrattvik.se\/index.php?rest_route=\/wp\/v2\/pages\/6197","targetHints":{"allow":["GET"]}}],"collection":[{"href":"https:\/\/www1.stiftsgardenrattvik.se\/index.php?rest_route=\/wp\/v2\/pages"}],"about":[{"href":"https:\/\/www1.stiftsgardenrattvik.se\/index.php?rest_route=\/wp\/v2\/types\/page"}],"author":[{"embeddable":true,"href":"https:\/\/www1.stiftsgardenrattvik.se\/index.php?rest_route=\/wp\/v2\/users\/1"}],"replies":[{"embeddable":true,"href":"https:\/\/www1.stiftsgardenrattvik.se\/index.php?rest_route=%2Fwp%2Fv2%2Fcomments&post=6197"}],"version-history":[{"count":9,"href":"https:\/\/www1.stiftsgardenrattvik.se\/index.php?rest_route=\/wp\/v2\/pages\/6197\/revisions"}],"predecessor-version":[{"id":7798,"href":"https:\/\/www1.stiftsgardenrattvik.se\/index.php?rest_route=\/wp\/v2\/pages\/6197\/revisions\/7798"}],"wp:attachment":[{"href":"https:\/\/www1.stiftsgardenrattvik.se\/index.php?rest_route=%2Fwp%2Fv2%2Fmedia&parent=6197"}],"curies":[{"name":"wp","href":"https:\/\/api.w.org\/{rel}","templated":true}]}}