{"id":6228,"date":"2017-02-02T13:08:18","date_gmt":"2017-02-02T12:08:18","guid":{"rendered":"http:\/\/stiftsgardenrattvik.se\/?page_id=6228"},"modified":"2019-03-27T12:05:55","modified_gmt":"2019-03-27T11:05:55","slug":"teambuilding","status":"publish","type":"page","link":"https:\/\/www1.stiftsgardenrattvik.se\/?page_id=6228","title":{"rendered":"Teambuilding"},"content":{"rendered":"<p>[av_one_full first min_height=&#8221; vertical_alignment=&#8221; space=&#8221; custom_margin=&#8221; margin=&#8217;0px&#8217; padding=&#8217;0px&#8217; border=&#8221; border_color=&#8221; radius=&#8217;0px&#8217; background_color=&#8221; src=&#8221; background_position=&#8217;top left&#8217; background_repeat=&#8217;no-repeat&#8217; animation=&#8221;]<br \/>\n[av_textblock size=&#8221; font_color=&#8221; color=&#8221;]<\/p>\n<h1 style=\"text-align: center;\">Teambuilding f\u00f6r b\u00e4ttre gruppdynamik<\/h1>\n<p>[\/av_textblock]<br \/>\n[\/av_one_full]<\/p>\n<p>[av_one_full first min_height=&#8221; vertical_alignment=&#8221; space=&#8221; custom_margin=&#8221; margin=&#8217;0px&#8217; padding=&#8217;0px&#8217; border=&#8221; border_color=&#8221; radius=&#8217;0px&#8217; background_color=&#8221; src=&#8221; background_position=&#8217;top left&#8217; background_repeat=&#8217;no-repeat&#8217; animation=&#8221;]<\/p>\n<p>[av_textblock size=&#8221; font_color=&#8221; color=&#8221;]<br \/>\nAtt tr\u00e4na samarbete, initiativf\u00f6rm\u00e5ga och probleml\u00f6sning \u00e4r n\u00e5got som hj\u00e4lper s\u00e5v\u00e4l individer som grupper att lyckas b\u00e4ttre med det de vill uppn\u00e5. Vi p\u00e5 Stiftsg\u00e5rden har m\u00e5ng\u00e5rig erfarenhet av att arbeta med grupputveckling, f\u00f6r sm\u00e5 s\u00e5v\u00e4l som stora grupper. Samarbets\u00f6vningarna kan tyckas vara \u201dnonsensaktiviteter\u201d, men \u00e4r iordningsst\u00e4llda inte bara d\u00e4rf\u00f6r att de \u00e4r roliga och annorlunda utan ocks\u00e5 f\u00f6r att de lockar fram sidor hos oss som kanske inte tr\u00e4der fram i den vanliga vardagen. I stunden gl\u00f6mmer vi deltagare bort att detta bara \u00e4r \u00f6vningar. Processen kan vara v\u00e4ldigt lik en stressig arbetssituation. F\u00f6rutom att \u00f6vningen i sig kan leda till f\u00f6r\u00e4ndringar i gruppen ger den \u00e4ven underlag f\u00f6r reflektion och samtal.<\/p>\n<p>Kontakta oss g\u00e4rna f\u00f6r en vidare diskussion om och offert p\u00e5 vad vi kan erbjuda.<\/p>\n<p>F\u00f6r <strong>fr\u00e5gor<\/strong> kontakta programenheten p\u00e5 <a href=\"mailto:program@stiftsgardenrattvik.se\">program@stiftsgardenrattvik.se<\/a> eller 010-160 80 00.<br \/>\nF\u00f6r <strong>offert och bokning<\/strong> kontakta bokningen p\u00e5 <a href=\"mailto:bokningen@stiftsgardenrattvik.se\">bokningen@stiftsgardenrattvik.se<\/a> eller 010-160 80 01.<\/p>\n<h4>Varmt v\u00e4lkommen att utvecklas som team, grupp eller arbetslag hos oss!<\/h4>\n<p>[\/av_textblock]<\/p>\n<p>[\/av_one_full][av_one_full first min_height=&#8221; vertical_alignment=&#8221; space=&#8221; custom_margin=&#8221; margin=&#8217;0px&#8217; padding=&#8217;0px&#8217; border=&#8221; border_color=&#8221; radius=&#8217;0px&#8217; background_color=&#8221; src=&#8221; background_position=&#8217;top left&#8217; background_repeat=&#8217;no-repeat&#8217; animation=&#8221;]<br \/>\n[av_image src=&#8217;https:\/\/stiftsgardenrattvik.se\/wp-content\/uploads\/2019\/03\/20180920_5_Hedemora-pastorat_foto-Helena-Andersson-Bromander.jpg&#8217; attachment=&#8217;8368&#8242; attachment_size=&#8217;full&#8217; align=&#8217;center&#8217; styling=&#8221; hover=&#8221; link=&#8221; target=&#8221; caption=&#8221; font_size=&#8221; appearance=&#8221; overlay_opacity=&#8217;0.4&#8242; overlay_color=&#8217;#000000&#8242; overlay_text_color=&#8217;#ffffff&#8217; animation=&#8217;no-animation&#8217;][\/av_image]<br \/>\n[\/av_one_full]<\/p>\n","protected":false},"excerpt":{"rendered":"<p>[av_one_full first min_height=&#8221; vertical_alignment=&#8221; space=&#8221; custom_margin=&#8221; margin=&#8217;0px&#8217; padding=&#8217;0px&#8217; border=&#8221; border_color=&#8221; radius=&#8217;0px&#8217; background_color=&#8221; src=&#8221; background_position=&#8217;top left&#8217; background_repeat=&#8217;no-repeat&#8217; animation=&#8221;] [av_textblock size=&#8221; font_color=&#8221; color=&#8221;] Teambuilding f\u00f6r b\u00e4ttre gruppdynamik [\/av_textblock] [\/av_one_full] [av_one_full first min_height=&#8221; vertical_alignment=&#8221; space=&#8221; custom_margin=&#8221; margin=&#8217;0px&#8217; padding=&#8217;0px&#8217; border=&#8221; border_color=&#8221; radius=&#8217;0px&#8217; background_color=&#8221; src=&#8221; background_position=&#8217;top left&#8217; background_repeat=&#8217;no-repeat&#8217; animation=&#8221;] [av_textblock size=&#8221; font_color=&#8221; color=&#8221;] Att tr\u00e4na samarbete, initiativf\u00f6rm\u00e5ga och probleml\u00f6sning \u00e4r [&hellip;]<\/p>\n","protected":false},"author":1,"featured_media":0,"parent":0,"menu_order":0,"comment_status":"closed","ping_status":"closed","template":"","meta":{"footnotes":""},"class_list":["post-6228","page","type-page","status-publish","hentry"],"_links":{"self":[{"href":"https:\/\/www1.stiftsgardenrattvik.se\/index.php?rest_route=\/wp\/v2\/pages\/6228","targetHints":{"allow":["GET"]}}],"collection":[{"href":"https:\/\/www1.stiftsgardenrattvik.se\/index.php?rest_route=\/wp\/v2\/pages"}],"about":[{"href":"https:\/\/www1.stiftsgardenrattvik.se\/index.php?rest_route=\/wp\/v2\/types\/page"}],"author":[{"embeddable":true,"href":"https:\/\/www1.stiftsgardenrattvik.se\/index.php?rest_route=\/wp\/v2\/users\/1"}],"replies":[{"embeddable":true,"href":"https:\/\/www1.stiftsgardenrattvik.se\/index.php?rest_route=%2Fwp%2Fv2%2Fcomments&post=6228"}],"version-history":[{"count":7,"href":"https:\/\/www1.stiftsgardenrattvik.se\/index.php?rest_route=\/wp\/v2\/pages\/6228\/revisions"}],"predecessor-version":[{"id":8371,"href":"https:\/\/www1.stiftsgardenrattvik.se\/index.php?rest_route=\/wp\/v2\/pages\/6228\/revisions\/8371"}],"wp:attachment":[{"href":"https:\/\/www1.stiftsgardenrattvik.se\/index.php?rest_route=%2Fwp%2Fv2%2Fmedia&parent=6228"}],"curies":[{"name":"wp","href":"https:\/\/api.w.org\/{rel}","templated":true}]}}