{"id":6237,"date":"2017-02-02T13:43:18","date_gmt":"2017-02-02T12:43:18","guid":{"rendered":"http:\/\/stiftsgardenrattvik.se\/?page_id=6237"},"modified":"2025-02-04T13:48:27","modified_gmt":"2025-02-04T12:48:27","slug":"andaktsliv","status":"publish","type":"page","link":"https:\/\/www1.stiftsgardenrattvik.se\/?page_id=6237","title":{"rendered":"Andaktsliv"},"content":{"rendered":"<p>[av_one_full first min_height=&#8221; vertical_alignment=&#8221; space=&#8221; custom_margin=&#8221; margin=&#8217;0px&#8217; padding=&#8217;0px&#8217; border=&#8221; border_color=&#8221; radius=&#8217;0px&#8217; background_color=&#8221; src=&#8221; background_position=&#8217;top left&#8217; background_repeat=&#8217;no-repeat&#8217; animation=&#8221; av_uid=&#8217;av-13a3l9&#8242;]<br \/>\n[av_textblock size=&#8221; font_color=&#8221; color=&#8221; av_uid=&#8217;av-8qnxql&#8217;]<\/p>\n<h1 style=\"text-align: center;\">Enhetens Kapell<\/h1>\n<p>[\/av_textblock]<br \/>\n[\/av_one_full]<\/p>\n<p>[av_one_half first min_height=&#8221; vertical_alignment=&#8221; space=&#8221; custom_margin=&#8221; margin=&#8217;0px&#8217; padding=&#8217;0px&#8217; border=&#8221; border_color=&#8221; radius=&#8217;0px&#8217; background_color=&#8221; src=&#8221; background_position=&#8217;top left&#8217; background_repeat=&#8217;no-repeat&#8217; animation=&#8221; av_uid=&#8217;av-6w86cd&#8217;]<br \/>\n[av_image src=&#8217;https:\/\/stiftsgardenrattvik.se\/wp-content\/uploads\/2019\/12\/Magnus-Aronson.jpg&#8217; attachment=&#8217;9238&#8242; attachment_size=&#8217;full&#8217; align=&#8217;center&#8217; styling=&#8221; hover=&#8221; link=&#8221; target=&#8221; caption=&#8221; font_size=&#8221; appearance=&#8221; overlay_opacity=&#8217;0.4&#8242; overlay_color=&#8217;#000000&#8242; overlay_text_color=&#8217;#ffffff&#8217; animation=&#8217;no-animation&#8217; av_uid=&#8217;av-5tvuzh&#8217;][\/av_image]<br \/>\n[\/av_one_half]<\/p>\n<p>[av_one_half min_height=&#8221; vertical_alignment=&#8221; space=&#8221; custom_margin=&#8221; margin=&#8217;0px&#8217; padding=&#8217;0px&#8217; border=&#8221; border_color=&#8221; radius=&#8217;0px&#8217; background_color=&#8221; src=&#8221; background_position=&#8217;top left&#8217; background_repeat=&#8217;no-repeat&#8217; animation=&#8221; av_uid=&#8217;av-466q5p&#8217;]<\/p>\n<p>[av_textblock textblock_styling_align=&#8221; textblock_styling=&#8221; textblock_styling_gap=&#8221; textblock_styling_mobile=&#8221; size=&#8221; av-desktop-font-size=&#8221; av-medium-font-size=&#8221; av-small-font-size=&#8221; av-mini-font-size=&#8221; font_color=&#8221; color=&#8221; id=&#8221; custom_class=&#8221; template_class=&#8221; av_uid=&#8217;av-2iw60t&#8217; sc_version=&#8217;1.0&#8242; admin_preview_bg=&#8221;]<br \/>\n<strong>I huvudbyggnaden ligger v\u00e5rt fina kapell<\/strong> &#8211; Enhetens kapell.<br \/>\nTre g\u00e5nger om dagen ringer klockan till andakt &#8211; morgon, lunch och kv\u00e4ll. Ibland fylls kapellet till bristningsgr\u00e4nsen, ibland \u00e4r det bara n\u00e5gra f\u00e5 som samlas. Oavsett sk\u00e4nker kapellet ro &amp; frid i en f\u00f6r m\u00e5nga stressig tid.<br \/>\nSommartid, n\u00e4r m\u00e5nga barn och ungdomar vistas p\u00e5 g\u00e5rden, utg\u00f6r kapellet en viktig och stillsam samlingsplats.<\/p>\n<p><strong>Andaktsschema<br \/>\n<\/strong><strong>Morgonb\u00f6n<\/strong> 08.00 <em><br \/>\n<\/em><strong>Morgonm\u00e4ssa<\/strong> 08.00 torsdag<br \/>\n<strong>Mitt p\u00e5 dagen-b\u00f6n<\/strong> 12.00 m\u00e5ndag &#8211; l\u00f6rdag<br \/>\n<strong>Aftonb\u00f6n<\/strong> 20.00<br \/>\n<strong>Kv\u00e4llsm\u00e4ssa<\/strong> 20.00 l\u00f6rdag<\/p>\n<p>Totalt genomf\u00f6r vi \u00f6ver <strong>1 000 andakter och m\u00e4ssor under ett \u00e5r<\/strong>, detta \u00e4r en mycket viktig del av livet p\u00e5 Stiftsg\u00e5rden.\u00a0 <strong>Enskilda tillf\u00e4llen kan bli inst\u00e4llda<\/strong> p\u00e5 grund av brist p\u00e5 andakts ledare och ibland kan en m\u00e4ssa ers\u00e4ttas av en andakt om det inte finns en tillg\u00e4nglig pr\u00e4st p\u00e5 g\u00e5rden.<\/p>\n<p><strong><em>Kapellet, som stod f\u00e4rdigt 1981, har ritats av arkitekt Jerk Alton.<\/em><\/strong> Krucifixet \u00e4r ritat av Jerk Werkm\u00e4ster och utformat av Nittsj\u00f6 keramik. Den magnifika takkronan symboliserar t\u00f6rnekronan och segerkransen men har \u00e4ven en lokal symbolik. Ljuslyktorna \u00e4r n\u00e4mligen utformade som kosk\u00e4llor och vill sk\u00e4nka en tanke till traktens m\u00e5nga f\u00e4bodar. Kronan \u00e4r utformad av Thomas Hellstr\u00f6m. Thomas har \u00e4ven formgett den vackra ljusb\u00e4raren som vill p\u00e5minna om Livets tr\u00e4d. \u00c4ven h\u00e4r finns en lokal symbolik, armarna symboliserar traktens kyrkob\u00e5tar med \u00e5rorna uppstr\u00e4ckta mot himmelen som h\u00e4lsning. D\u00f6rren till Enhetens kapell \u00e4r alltid \u00f6ppen, det ska vara enkelt att n\u00e4r som helst g\u00e5 in d\u00e4r.<\/p>\n<p><em>Till Enhetens kapell \u00e4r alla v\u00e4lkomna!<\/em><br \/>\n[\/av_textblock]<\/p>\n<p>[\/av_one_half]<\/p>\n","protected":false},"excerpt":{"rendered":"","protected":false},"author":1,"featured_media":0,"parent":0,"menu_order":0,"comment_status":"closed","ping_status":"closed","template":"","meta":{"footnotes":""},"class_list":["post-6237","page","type-page","status-publish","hentry"],"_links":{"self":[{"href":"https:\/\/www1.stiftsgardenrattvik.se\/index.php?rest_route=\/wp\/v2\/pages\/6237","targetHints":{"allow":["GET"]}}],"collection":[{"href":"https:\/\/www1.stiftsgardenrattvik.se\/index.php?rest_route=\/wp\/v2\/pages"}],"about":[{"href":"https:\/\/www1.stiftsgardenrattvik.se\/index.php?rest_route=\/wp\/v2\/types\/page"}],"author":[{"embeddable":true,"href":"https:\/\/www1.stiftsgardenrattvik.se\/index.php?rest_route=\/wp\/v2\/users\/1"}],"replies":[{"embeddable":true,"href":"https:\/\/www1.stiftsgardenrattvik.se\/index.php?rest_route=%2Fwp%2Fv2%2Fcomments&post=6237"}],"version-history":[{"count":21,"href":"https:\/\/www1.stiftsgardenrattvik.se\/index.php?rest_route=\/wp\/v2\/pages\/6237\/revisions"}],"predecessor-version":[{"id":15266,"href":"https:\/\/www1.stiftsgardenrattvik.se\/index.php?rest_route=\/wp\/v2\/pages\/6237\/revisions\/15266"}],"wp:attachment":[{"href":"https:\/\/www1.stiftsgardenrattvik.se\/index.php?rest_route=%2Fwp%2Fv2%2Fmedia&parent=6237"}],"curies":[{"name":"wp","href":"https:\/\/api.w.org\/{rel}","templated":true}]}}