{"id":6243,"date":"2017-02-02T16:05:03","date_gmt":"2017-02-02T15:05:03","guid":{"rendered":"http:\/\/stiftsgardenrattvik.se\/?page_id=6243"},"modified":"2020-12-16T12:53:27","modified_gmt":"2020-12-16T11:53:27","slug":"stiftsgardsmusik","status":"publish","type":"page","link":"https:\/\/www1.stiftsgardenrattvik.se\/?page_id=6243","title":{"rendered":"Stiftsg\u00e5rdsmusik"},"content":{"rendered":"<p>[av_one_half first min_height=&#8221; vertical_alignment=&#8221; space=&#8221; custom_margin=&#8221; margin=&#8217;0px&#8217; padding=&#8217;0px&#8217; border=&#8221; border_color=&#8221; radius=&#8217;0px&#8217; background_color=&#8221; src=&#8221; background_position=&#8217;top left&#8217; background_repeat=&#8217;no-repeat&#8217; animation=&#8221;]<\/p>\n<p>[av_textblock size=&#8221; font_color=&#8221; color=&#8221;]<\/p>\n<h1>Musik \u00e4r gl\u00e4dje!<\/h1>\n<p>Musiken \u00e4r ett viktigt inslag i Stiftsg\u00e5rdens verksamhet. I kapellet spelar musiken en sj\u00e4lvklar och central roll men \u00e4ven p\u00e5 andra h\u00e5ll i verksamheten finns musiken med. Fyra av v\u00e5ra lokaler \u00e4r utrustade med piano och i ett rum st\u00e5r en elorgel. Vi har \u00e4ven gitarrer, elbas, diverse slagverk samt psalmb\u00f6cker att l\u00e5na ut.<\/p>\n<p>V\u00e5r musiker <i>Jennifer Ferguson<\/i> \u00e4r en musikalisk m\u00e5ngsysslare som g\u00e5r att boka f\u00f6r olika musikuppdrag. Oavsett om ni \u00e4r nyfikna p\u00e5 ett inspirerande s\u00e5ngpass, letar efter en ledare till musiklekar, vill f\u00e5 hj\u00e4lp med alls\u00e5ng vid l\u00e4gerelden eller n\u00e5got annat som har med musik att g\u00f6ra \u00e4r Jennifer den som kan hj\u00e4lpa er.<br \/>\nNi n\u00e5r henne p\u00e5 010-160 80 61 eller <a href=\"mailto:jennifer.ferguson@svenskakyrkan.se\">jennifer.ferguson@svenskakyrkan.se<\/a>.<br \/>\n[\/av_textblock]<\/p>\n<p>[\/av_one_half][av_one_half min_height=&#8221; vertical_alignment=&#8221; space=&#8221; custom_margin=&#8221; margin=&#8217;0px&#8217; padding=&#8217;0px&#8217; border=&#8221; border_color=&#8221; radius=&#8217;0px&#8217; background_color=&#8221; src=&#8221; background_position=&#8217;top left&#8217; background_repeat=&#8217;no-repeat&#8217; animation=&#8221;]<\/p>\n<p>[av_image src=&#8217;https:\/\/stiftsgardenrattvik.se\/wp-content\/uploads\/2020\/12\/Jennifer-foto-Gabriel-Nyberg-scaled.jpg&#8217; attachment=&#8217;10542&#8242; attachment_size=&#8217;full&#8217; align=&#8217;center&#8217; styling=&#8221; hover=&#8221; link=&#8221; target=&#8221; caption=&#8221; font_size=&#8221; appearance=&#8221; overlay_opacity=&#8217;0.4&#8242; overlay_color=&#8217;#000000&#8242; overlay_text_color=&#8217;#ffffff&#8217; animation=&#8217;no-animation&#8217;][\/av_image]<\/p>\n<p>[\/av_one_half]<\/p>\n","protected":false},"excerpt":{"rendered":"<p>[av_one_half first min_height=&#8221; vertical_alignment=&#8221; space=&#8221; custom_margin=&#8221; margin=&#8217;0px&#8217; padding=&#8217;0px&#8217; border=&#8221; border_color=&#8221; radius=&#8217;0px&#8217; background_color=&#8221; src=&#8221; background_position=&#8217;top left&#8217; background_repeat=&#8217;no-repeat&#8217; animation=&#8221;] [av_textblock size=&#8221; font_color=&#8221; color=&#8221;] Musik \u00e4r gl\u00e4dje! Musiken \u00e4r ett viktigt inslag i Stiftsg\u00e5rdens verksamhet. I kapellet spelar musiken en sj\u00e4lvklar och central roll men \u00e4ven p\u00e5 andra h\u00e5ll i verksamheten finns musiken med. Fyra av v\u00e5ra lokaler [&hellip;]<\/p>\n","protected":false},"author":1,"featured_media":0,"parent":0,"menu_order":0,"comment_status":"closed","ping_status":"closed","template":"","meta":{"footnotes":""},"class_list":["post-6243","page","type-page","status-publish","hentry"],"_links":{"self":[{"href":"https:\/\/www1.stiftsgardenrattvik.se\/index.php?rest_route=\/wp\/v2\/pages\/6243","targetHints":{"allow":["GET"]}}],"collection":[{"href":"https:\/\/www1.stiftsgardenrattvik.se\/index.php?rest_route=\/wp\/v2\/pages"}],"about":[{"href":"https:\/\/www1.stiftsgardenrattvik.se\/index.php?rest_route=\/wp\/v2\/types\/page"}],"author":[{"embeddable":true,"href":"https:\/\/www1.stiftsgardenrattvik.se\/index.php?rest_route=\/wp\/v2\/users\/1"}],"replies":[{"embeddable":true,"href":"https:\/\/www1.stiftsgardenrattvik.se\/index.php?rest_route=%2Fwp%2Fv2%2Fcomments&post=6243"}],"version-history":[{"count":13,"href":"https:\/\/www1.stiftsgardenrattvik.se\/index.php?rest_route=\/wp\/v2\/pages\/6243\/revisions"}],"predecessor-version":[{"id":10543,"href":"https:\/\/www1.stiftsgardenrattvik.se\/index.php?rest_route=\/wp\/v2\/pages\/6243\/revisions\/10543"}],"wp:attachment":[{"href":"https:\/\/www1.stiftsgardenrattvik.se\/index.php?rest_route=%2Fwp%2Fv2%2Fmedia&parent=6243"}],"curies":[{"name":"wp","href":"https:\/\/api.w.org\/{rel}","templated":true}]}}