{"id":6448,"date":"2017-04-10T16:53:24","date_gmt":"2017-04-10T14:53:24","guid":{"rendered":"http:\/\/stiftsgardenrattvik.se\/?page_id=6448"},"modified":"2025-05-14T10:22:37","modified_gmt":"2025-05-14T08:22:37","slug":"paskmat","status":"publish","type":"page","link":"https:\/\/www1.stiftsgardenrattvik.se\/?page_id=6448","title":{"rendered":"P\u00e5skmat"},"content":{"rendered":"<p>[av_one_full first min_height=&#8221; vertical_alignment=&#8221; space=&#8221; custom_margin=&#8221; margin=&#8217;0px&#8217; padding=&#8217;0px&#8217; border=&#8221; border_color=&#8221; radius=&#8217;0px&#8217; background_color=&#8221; src=&#8221; background_position=&#8217;top left&#8217; background_repeat=&#8217;no-repeat&#8217; animation=&#8221; av_uid=&#8217;av-c9dev4&#8242;]<\/p>\n<p>[av_textblock textblock_styling_align=&#8221; textblock_styling=&#8221; textblock_styling_gap=&#8221; textblock_styling_mobile=&#8221; size=&#8221; av-desktop-font-size=&#8221; av-medium-font-size=&#8221; av-small-font-size=&#8221; av-mini-font-size=&#8221; font_color=&#8221; color=&#8221; id=&#8221; custom_class=&#8221; template_class=&#8221; av_uid=&#8217;av-aqqw40&#8242; sc_version=&#8217;1.0&#8242; admin_preview_bg=&#8221;]<\/p>\n<h1 style=\"text-align: center;\"><strong>P\u00e5skbuff\u00e9 p\u00e5 Stiftsg\u00e5rden<\/strong><\/h1>\n<p style=\"text-align: center;\"><strong>P\u00e5skafton 4 april 2026<\/strong><\/p>\n<h4 style=\"text-align: center;\"><\/h4>\n<p>[\/av_textblock]<\/p>\n<p>[\/av_one_full][av_hr class=&#8217;invisible&#8217; height=&#8217;50&#8217; shadow=&#8217;no-shadow&#8217; position=&#8217;center&#8217; custom_border=&#8217;av-border-thin&#8217; custom_width=&#8217;50px&#8217; custom_border_color=&#8221; custom_margin_top=&#8217;30px&#8217; custom_margin_bottom=&#8217;30px&#8217; icon_select=&#8217;yes&#8217; custom_icon_color=&#8221; icon=&#8217;ue808&#8242; font=&#8217;entypo-fontello&#8217; av_uid=&#8217;av-v1gqo&#8217;]<\/p>\n<p>[av_three_fifth first min_height=&#8221; vertical_alignment=&#8221; space=&#8221; custom_margin=&#8221; margin=&#8217;0px&#8217; padding=&#8217;0px&#8217; border=&#8221; border_color=&#8221; radius=&#8217;0px&#8217; background_color=&#8221; src=&#8221; background_position=&#8217;top left&#8217; background_repeat=&#8217;no-repeat&#8217; animation=&#8221; av_uid=&#8217;av-81kb1c&#8217;]<\/p>\n<p>[av_textblock textblock_styling_align=&#8221; textblock_styling=&#8221; textblock_styling_gap=&#8221; textblock_styling_mobile=&#8221; size=&#8221; av-desktop-font-size=&#8221; av-medium-font-size=&#8221; av-small-font-size=&#8221; av-mini-font-size=&#8221; font_color=&#8221; color=&#8221; id=&#8221; custom_class=&#8221; template_class=&#8221; av_uid=&#8217;av-6ekgpc&#8217; sc_version=&#8217;1.0&#8242; admin_preview_bg=&#8221;]<br \/>\nTack alla som bes\u00f6kte oss p\u00e5sken 2025, vi \u00e5terkommer med mer information inf\u00f6r p\u00e5sk 2026 n\u00e4r v\u00e5r popul\u00e4ra p\u00e5skbuff\u00e9 \u00e4r tillbaka.<\/p>\n<p>F\u00f6r fr\u00e5gor och bokning v\u00e4nligen kontakta receptionen p\u00e5 010-160 80 00 eller <a href=\"mailto:info@stiftsgardenrattvik.se\">info@stiftsgardenrattvik.se<\/a><\/p>\n<div class=\"x11i5rnm xat24cr x1mh8g0r x1vvkbs xtlvy1s\"><\/div>\n<p>[\/av_textblock]<\/p>\n<p>[\/av_three_fifth][av_two_fifth min_height=&#8221; vertical_alignment=&#8221; space=&#8221; custom_margin=&#8221; margin=&#8217;0px&#8217; padding=&#8217;0px&#8217; border=&#8221; border_color=&#8221; radius=&#8217;0px&#8217; background_color=&#8221; src=&#8221; background_position=&#8217;top left&#8217; background_repeat=&#8217;no-repeat&#8217; animation=&#8221; av_uid=&#8217;av-4a16w0&#8242;]<br \/>\n[av_image src=&#8217;https:\/\/stiftsgardenrattvik.se\/wp-content\/uploads\/2017\/03\/P\u00c5SK-Alex-o-Martin-IKON1.jpg&#8217; attachment=&#8217;6382&#8242; attachment_size=&#8217;full&#8217; copyright=&#8221; caption=&#8221; image_size=&#8221; styling=&#8221; box_shadow=&#8217;none&#8217; box_shadow_width=&#8217;10&#8217; box_shadow_color=&#8221; align=&#8217;center&#8217; font_size=&#8221; overlay_opacity=&#8217;0.4&#8242; overlay_color=&#8217;#000000&#8242; overlay_text_color=&#8217;#ffffff&#8217; animation=&#8217;no-animation&#8217; animation_duration=&#8221; animation_custom_bg_color=&#8221; animation_z_index_curtain=&#8217;100&#8242; parallax_parallax=&#8221; parallax_parallax_speed=&#8221; av-desktop-parallax_parallax=&#8221; av-desktop-parallax_parallax_speed=&#8221; av-medium-parallax_parallax=&#8221; av-medium-parallax_parallax_speed=&#8221; av-small-parallax_parallax=&#8221; av-small-parallax_parallax_speed=&#8221; av-mini-parallax_parallax=&#8221; av-mini-parallax_parallax_speed=&#8221; hover=&#8221; blur_image=&#8221; grayscale_image=&#8221; fade_image=&#8221; appearance=&#8221; css_position=&#8221; css_position_location=&#8217;,,,&#8217; css_position_z_index=&#8221; av-desktop-css_position=&#8221; av-desktop-css_position_location=&#8217;,,,&#8217; av-desktop-css_position_z_index=&#8221; av-medium-css_position=&#8221; av-medium-css_position_location=&#8217;,,,&#8217; av-medium-css_position_z_index=&#8221; av-small-css_position=&#8221; av-small-css_position_location=&#8217;,,,&#8217; av-small-css_position_z_index=&#8221; av-mini-css_position=&#8221; av-mini-css_position_location=&#8217;,,,&#8217; av-mini-css_position_z_index=&#8221; transform_perspective=&#8221; transform_rotation=&#8217;,,,&#8217; transform_scale=&#8217;,,&#8217; transform_skew=&#8217;,&#8217; transform_translate=&#8217;,,&#8217; av-desktop-transform_perspective=&#8221; av-desktop-transform_rotation=&#8217;,,,&#8217; av-desktop-transform_scale=&#8217;,,&#8217; av-desktop-transform_skew=&#8217;,&#8217; av-desktop-transform_translate=&#8217;,,&#8217; av-medium-transform_perspective=&#8221; av-medium-transform_rotation=&#8217;,,,&#8217; av-medium-transform_scale=&#8217;,,&#8217; av-medium-transform_skew=&#8217;,&#8217; av-medium-transform_translate=&#8217;,,&#8217; av-small-transform_perspective=&#8221; av-small-transform_rotation=&#8217;,,,&#8217; av-small-transform_scale=&#8217;,,&#8217; av-small-transform_skew=&#8217;,&#8217; av-small-transform_translate=&#8217;,,&#8217; av-mini-transform_perspective=&#8221; av-mini-transform_rotation=&#8217;,,,&#8217; av-mini-transform_scale=&#8217;,,&#8217; av-mini-transform_skew=&#8217;,&#8217; av-mini-transform_translate=&#8217;,,&#8217; mask_overlay=&#8221; mask_overlay_shape=&#8217;blob&#8217; mask_overlay_size=&#8217;contain&#8217; mask_overlay_scale=&#8217;100%&#8217; mask_overlay_position=&#8217;center center&#8217; mask_overlay_repeat=&#8217;no-repeat&#8217; mask_overlay_rotate=&#8221; mask_overlay_rad_shape=&#8217;circle&#8217; mask_overlay_rad_position=&#8217;center center&#8217; mask_overlay_opacity1=&#8217;0&#8242; mask_overlay_opacity2=&#8217;1&#8242; mask_overlay_opacity3=&#8221; link=&#8221; target=&#8221; title_attr=&#8221; alt_attr=&#8221; img_scrset=&#8221; lazy_loading=&#8217;disabled&#8217; id=&#8221; custom_class=&#8221; template_class=&#8221; av_element_hidden_in_editor=&#8217;0&#8242; av_uid=&#8217;av-2oiaf4&#8242; sc_version=&#8217;1.0&#8242; admin_preview_bg=&#8221;][\/av_image]<br \/>\n[\/av_two_fifth]<\/p>\n","protected":false},"excerpt":{"rendered":"","protected":false},"author":1,"featured_media":0,"parent":0,"menu_order":0,"comment_status":"closed","ping_status":"closed","template":"","meta":{"footnotes":""},"class_list":["post-6448","page","type-page","status-publish","hentry"],"_links":{"self":[{"href":"https:\/\/www1.stiftsgardenrattvik.se\/index.php?rest_route=\/wp\/v2\/pages\/6448","targetHints":{"allow":["GET"]}}],"collection":[{"href":"https:\/\/www1.stiftsgardenrattvik.se\/index.php?rest_route=\/wp\/v2\/pages"}],"about":[{"href":"https:\/\/www1.stiftsgardenrattvik.se\/index.php?rest_route=\/wp\/v2\/types\/page"}],"author":[{"embeddable":true,"href":"https:\/\/www1.stiftsgardenrattvik.se\/index.php?rest_route=\/wp\/v2\/users\/1"}],"replies":[{"embeddable":true,"href":"https:\/\/www1.stiftsgardenrattvik.se\/index.php?rest_route=%2Fwp%2Fv2%2Fcomments&post=6448"}],"version-history":[{"count":61,"href":"https:\/\/www1.stiftsgardenrattvik.se\/index.php?rest_route=\/wp\/v2\/pages\/6448\/revisions"}],"predecessor-version":[{"id":15485,"href":"https:\/\/www1.stiftsgardenrattvik.se\/index.php?rest_route=\/wp\/v2\/pages\/6448\/revisions\/15485"}],"wp:attachment":[{"href":"https:\/\/www1.stiftsgardenrattvik.se\/index.php?rest_route=%2Fwp%2Fv2%2Fmedia&parent=6448"}],"curies":[{"name":"wp","href":"https:\/\/api.w.org\/{rel}","templated":true}]}}