{"id":6557,"date":"2017-06-15T10:52:47","date_gmt":"2017-06-15T08:52:47","guid":{"rendered":"http:\/\/stiftsgardenrattvik.se\/?page_id=6557"},"modified":"2020-01-28T14:39:12","modified_gmt":"2020-01-28T13:39:12","slug":"musik-vid-siljan","status":"publish","type":"page","link":"https:\/\/www1.stiftsgardenrattvik.se\/?page_id=6557","title":{"rendered":"Musik vid Siljan"},"content":{"rendered":"<p>[av_one_full first min_height=&#8221; vertical_alignment=&#8221; space=&#8221; custom_margin=&#8221; margin=&#8217;0px&#8217; padding=&#8217;0px&#8217; border=&#8221; border_color=&#8221; radius=&#8217;0px&#8217; background_color=&#8221; src=&#8221; background_position=&#8217;top left&#8217; background_repeat=&#8217;no-repeat&#8217; animation=&#8221;]<br \/>\n[av_textblock size=&#8221; font_color=&#8221; color=&#8221;]<\/p>\n<h1 style=\"text-align: center;\">Musik vid Siljan<\/h1>\n<h3 style=\"text-align: center;\">* Alltid vecka 27 *<br \/>\nBo i h\u00e4ndelsernas centrum!<\/h3>\n<p>[\/av_textblock]<br \/>\n[\/av_one_full]<\/p>\n<p>[av_one_half first min_height=&#8221; vertical_alignment=&#8221; space=&#8221; custom_margin=&#8221; margin=&#8217;0px&#8217; padding=&#8217;0px&#8217; border=&#8221; border_color=&#8221; radius=&#8217;0px&#8217; background_color=&#8221; src=&#8221; background_position=&#8217;top left&#8217; background_repeat=&#8217;no-repeat&#8217; animation=&#8221;]<\/p>\n<p>[av_textblock size=&#8221; font_color=&#8221; color=&#8221;]<\/p>\n<h1><\/h1>\n<p>[\/av_textblock]<\/p>\n<p>[av_image src=&#8217;https:\/\/stiftsgardenrattvik.se\/wp-content\/uploads\/2017\/06\/Musik-vid-Siljan-foto-Gustaf-Hellsing-Ikon.jpg&#8217; attachment=&#8217;6558&#8242; attachment_size=&#8217;full&#8217; align=&#8217;center&#8217; styling=&#8221; hover=&#8221; link=&#8221; target=&#8221; caption=&#8221; font_size=&#8221; appearance=&#8221; overlay_opacity=&#8217;0.4&#8242; overlay_color=&#8217;#000000&#8242; overlay_text_color=&#8217;#ffffff&#8217; animation=&#8217;no-animation&#8217;][\/av_image]<\/p>\n<p>[\/av_one_half][av_one_half min_height=&#8221; vertical_alignment=&#8221; space=&#8221; custom_margin=&#8221; margin=&#8217;0px&#8217; padding=&#8217;0px&#8217; border=&#8221; border_color=&#8221; radius=&#8217;0px&#8217; background_color=&#8221; src=&#8221; background_position=&#8217;top left&#8217; background_repeat=&#8217;no-repeat&#8217; animation=&#8221;]<br \/>\n[av_textblock size=&#8221; font_color=&#8221; color=&#8221;]<br \/>\nMusik vid Siljan genomf\u00f6rs vecka 27 varje \u00e5r. Veckan inneh\u00e5ller konserter, bystugedanser och kurser i av skilda slag. Allt fr\u00e5n k\u00f6rs\u00e5ng, kulning och spelmansst\u00e4mmor, till ethno, polskor och l\u00e5tspel.<\/p>\n<p>Under denna vecka kan du bo p\u00e5 Stiftsg\u00e5rden, i centrum av spelplatserna, som framf\u00f6r allt ligger i R\u00e4ttvik, Leksand och Mora. Dagligen klockan 9:30-11:30 finns m\u00f6jlighet att delta i musicerande och s\u00e5ng p\u00e5 Stiftsg\u00e5rden med ledare och ett h\u00e4rligt g\u00e4ng musik\u00e4lskare. Dessa f\u00f6rmiddagar ges ocks\u00e5 m\u00f6jlighet att ber\u00e4tta om de musikupplevelser som g\u00e5rdagen gav och planerna f\u00f6r morgondagen. Varje dag finns ocks\u00e5 m\u00f6jlighet att \u00e4ta lunch hos oss. Betalning f\u00f6r lunchen sker \u00f6ver disk och kr\u00e4ver ingen f\u00f6rbokning. \u00c4r ni dock en grupp om fler \u00e4n 10 personer f\u00e5r ni g\u00e4rna f\u00f6rboka s\u00e5 reserverar vi ett bord \u00e5t er.<\/p>\n<p>Kom ih\u00e5g att boka logi i god tid, det blir snabbt fullt! Vi har m\u00e5nga g\u00e4ster denna tid p\u00e5 \u00e5ret. F\u00f6rst till kvarn g\u00e4ller.<\/p>\n<p>F\u00f6r mer <strong>info om logi<\/strong> se h\u00e4r: 2020 \u00e5rs priser l\u00e4ggs upp h\u00e4r s\u00e5 snart de \u00e4r klara<br \/>\nF\u00f6r program se h\u00e4r: 2020 \u00e5rs program l\u00e4ggs upp h\u00e4r s\u00e5 snart det \u00e4r klart<br \/>\nF\u00f6r <strong>fr\u00e5gor<\/strong> v\u00e4nligen kontakta v\u00e5r musiker Jennifer Ferguson p\u00e5 010-160 80 61 eller <a href=\"mailto:jennifer.ferguson@stiftsgardenrattvik.se\">jennifer.ferguson@stiftsgardenrattvik.se<\/a>.<br \/>\nF\u00f6r att <strong>boka<\/strong> v\u00e4nligen kontakta v\u00e5r bokning p\u00e5 010-160 80 01 eller <a href=\"mailto:bokningen@stiftsgardenrattvik.se\">bokningen@stiftsgardenrattvik.se<\/a><\/p>\n<p><strong>Ange &#8220;Musik vid Siljan&#8221; vid bokning!<\/strong><br \/>\n[\/av_textblock]<br \/>\n[\/av_one_half]<\/p>\n","protected":false},"excerpt":{"rendered":"<p>[av_one_full first min_height=&#8221; vertical_alignment=&#8221; space=&#8221; custom_margin=&#8221; margin=&#8217;0px&#8217; padding=&#8217;0px&#8217; border=&#8221; border_color=&#8221; radius=&#8217;0px&#8217; background_color=&#8221; src=&#8221; background_position=&#8217;top left&#8217; background_repeat=&#8217;no-repeat&#8217; animation=&#8221;] [av_textblock size=&#8221; font_color=&#8221; color=&#8221;] Musik vid Siljan * Alltid vecka 27 * Bo i h\u00e4ndelsernas centrum! [\/av_textblock] [\/av_one_full] [av_one_half first min_height=&#8221; vertical_alignment=&#8221; space=&#8221; custom_margin=&#8221; margin=&#8217;0px&#8217; padding=&#8217;0px&#8217; border=&#8221; border_color=&#8221; radius=&#8217;0px&#8217; background_color=&#8221; src=&#8221; background_position=&#8217;top left&#8217; background_repeat=&#8217;no-repeat&#8217; animation=&#8221;] [av_textblock size=&#8221; font_color=&#8221; [&hellip;]<\/p>\n","protected":false},"author":1,"featured_media":0,"parent":0,"menu_order":0,"comment_status":"closed","ping_status":"closed","template":"","meta":{"footnotes":""},"class_list":["post-6557","page","type-page","status-publish","hentry"],"_links":{"self":[{"href":"https:\/\/www1.stiftsgardenrattvik.se\/index.php?rest_route=\/wp\/v2\/pages\/6557","targetHints":{"allow":["GET"]}}],"collection":[{"href":"https:\/\/www1.stiftsgardenrattvik.se\/index.php?rest_route=\/wp\/v2\/pages"}],"about":[{"href":"https:\/\/www1.stiftsgardenrattvik.se\/index.php?rest_route=\/wp\/v2\/types\/page"}],"author":[{"embeddable":true,"href":"https:\/\/www1.stiftsgardenrattvik.se\/index.php?rest_route=\/wp\/v2\/users\/1"}],"replies":[{"embeddable":true,"href":"https:\/\/www1.stiftsgardenrattvik.se\/index.php?rest_route=%2Fwp%2Fv2%2Fcomments&post=6557"}],"version-history":[{"count":11,"href":"https:\/\/www1.stiftsgardenrattvik.se\/index.php?rest_route=\/wp\/v2\/pages\/6557\/revisions"}],"predecessor-version":[{"id":9478,"href":"https:\/\/www1.stiftsgardenrattvik.se\/index.php?rest_route=\/wp\/v2\/pages\/6557\/revisions\/9478"}],"wp:attachment":[{"href":"https:\/\/www1.stiftsgardenrattvik.se\/index.php?rest_route=%2Fwp%2Fv2%2Fmedia&parent=6557"}],"curies":[{"name":"wp","href":"https:\/\/api.w.org\/{rel}","templated":true}]}}