{"id":6816,"date":"2017-12-06T13:38:23","date_gmt":"2017-12-06T12:38:23","guid":{"rendered":"http:\/\/stiftsgardenrattvik.se\/?page_id=6816"},"modified":"2022-08-08T07:52:02","modified_gmt":"2022-08-08T05:52:02","slug":"vara-fonder","status":"publish","type":"page","link":"https:\/\/www1.stiftsgardenrattvik.se\/?page_id=6816","title":{"rendered":"V\u00e5ra fonder"},"content":{"rendered":"<p>[av_one_full first min_height=&#8221; vertical_alignment=&#8221; space=&#8221; custom_margin=&#8221; margin=&#8217;0px&#8217; padding=&#8217;0px&#8217; border=&#8221; border_color=&#8221; radius=&#8217;0px&#8217; background_color=&#8221; src=&#8221; background_position=&#8217;top left&#8217; background_repeat=&#8217;no-repeat&#8217; animation=&#8221;]<br \/>\n[av_textblock size=&#8221; font_color=&#8221; color=&#8221;]<\/p>\n<h1 style=\"text-align: center;\">V\u00e5ra fonder<\/h1>\n<p>[\/av_textblock]<br \/>\n[\/av_one_full]<\/p>\n<p>[av_one_full first min_height=&#8221; vertical_alignment=&#8221; space=&#8221; custom_margin=&#8221; margin=&#8217;0px&#8217; padding=&#8217;0px&#8217; border=&#8221; border_color=&#8221; radius=&#8217;0px&#8217; background_color=&#8221; src=&#8221; background_position=&#8217;top left&#8217; background_repeat=&#8217;no-repeat&#8217; animation=&#8221;]<br \/>\n[av_textblock size=&#8217;12&#8217; font_color=&#8221; color=&#8221;]<\/p>\n<h3 style=\"line-height: 14.25pt;\">En plats f\u00f6r v\u00e4xt och utveckling<\/h3>\n<p>Stiftsg\u00e5rden har sedan mitten av 1940-talet varit en m\u00f6tesplats f\u00f6r m\u00e5nga m\u00e4nniskor. Unga som gamla kan vittna om hur viktig Stiftsg\u00e5rden varit f\u00f6r dem genom livet. V\u00e5ra ledord m\u00f6te, vila, l\u00e4rande och gemenskap har tillsammans med alla de m\u00e4nniskor som bes\u00f6kt eller jobbat hos oss genom \u00e5ren bidragit till att skapa den stabila grund vi st\u00e5tt p\u00e5 i \u00f6ver 70 \u00e5r. Stiftsg\u00e5rdens \u00f6nskan \u00e4r att vara en \u00f6ppen famn, v\u00e4lkomnande mot m\u00e4nniskor fr\u00e5n alla h\u00e5ll, en plats som kan ingjuta livsmod och hopp, en plats som erbjuder gemenskap. Hos oss byggs Guds rike i en v\u00e4rld som alltj\u00e4mt \u00e4r trasig. Tillsammans vill vi hj\u00e4lpas \u00e5t att vara m\u00e4nniskor. \u00c4ven den som under olika faser i sitt liv inte sj\u00e4lv kan bekosta sin vistelse p\u00e5 Stiftsg\u00e5rden ska ges m\u00f6jlighet till det. Med anledning av detta har vi tv\u00e5 fonder som det \u00e4r m\u00f6jligt att s\u00f6ka bidrag fr\u00e5n. Du hittar mer information om fonderna nedan. V\u00e4lkommen med din ans\u00f6kan!<br \/>\n[\/av_textblock]<br \/>\n[\/av_one_full]<\/p>\n<p>[av_one_half first min_height=&#8221; vertical_alignment=&#8221; space=&#8221; custom_margin=&#8221; margin=&#8217;0px&#8217; padding=&#8217;0px&#8217; border=&#8221; border_color=&#8221; radius=&#8217;0px&#8217; background_color=&#8221; src=&#8221; background_position=&#8217;top left&#8217; background_repeat=&#8217;no-repeat&#8217; animation=&#8221;]<br \/>\n[av_textblock size=&#8217;12&#8217; font_color=&#8221; color=&#8221;]<\/p>\n<h3 style=\"line-height: 14.25pt;\">Vistelsefonden<\/h3>\n<p>Syftet med Vistelsefonden \u00e4r att ge ekonomiskt st\u00f6d till v\u00e4lbeh\u00f6vlig vistelse p\u00e5 Stiftsg\u00e5rden f\u00f6r den som inte kan betala hela vistelsen sj\u00e4lv. Du som g\u00e4rna vill eller beh\u00f6ver komma till Stiftsg\u00e5rden men inte har r\u00e5d att betala hela vistelsen kan f\u00e5 st\u00f6d fr\u00e5n v\u00e5r Vistelsefond. Fyll i blanketten &#8220;Fondans\u00f6kan&#8221; nedan och beskriv din situation. M\u00e4rk ans\u00f6kan med &#8220;Vistelsefonden&#8221;. Kom ih\u00e5g att ans\u00f6kan beh\u00f6ver g\u00f6ras innan vistelsen p\u00e5b\u00f6rjas. Du som vill ge en g\u00e5va till Vistelsefonden, och d\u00e4rmed underl\u00e4tta f\u00f6r andra m\u00e4nniskor att komma till Stiftsg\u00e5rden, \u00e4r v\u00e4lkommen att s\u00e4tta in valfri summa p\u00e5 <strong><span style=\"font-family: 'Georgia',serif;\">Bg 470-0050<\/span><\/strong>. Ange &#8220;Vistelsefonden&#8221; s\u00e5 kommer dina pengar r\u00e4tt. Tack f\u00f6r ditt st\u00f6d!<br \/>\n[\/av_textblock]<br \/>\n[\/av_one_half]<\/p>\n<p>[av_one_half min_height=&#8221; vertical_alignment=&#8221; space=&#8221; custom_margin=&#8221; margin=&#8217;0px&#8217; padding=&#8217;0px&#8217; border=&#8221; border_color=&#8221; radius=&#8217;0px&#8217; background_color=&#8221; src=&#8221; background_position=&#8217;top left&#8217; background_repeat=&#8217;no-repeat&#8217; animation=&#8221;]<br \/>\n[av_textblock size=&#8217;12&#8217; font_color=&#8221; color=&#8221;]<\/p>\n<h3 style=\"line-height: 14.25pt;\">Solidaritetsfonden<\/h3>\n<p>Syftet med Solidaritetsfonden \u00e4r att ge ekonomisk hj\u00e4lp till ungdomar som av olika anledningar vill eller beh\u00f6ver komma till Stiftsg\u00e5rden men inte har r\u00e5d att betala vistelsen sj\u00e4lv. Du ungdom som g\u00e4rna vill eller beh\u00f6ver komma till Stiftsg\u00e5rden men inte har r\u00e5d att betala hela vistelsen kan f\u00e5 st\u00f6d fr\u00e5n v\u00e5r Solidaritetsfond. Fyll i blanketten nedan &#8220;Fondans\u00f6kan&#8221; och ber\u00e4tta vem du \u00e4r och varf\u00f6r du beh\u00f6ver ett bidrag. M\u00e4rk ans\u00f6kan med &#8220;Solidaritetsfonden&#8221;. Kom ih\u00e5g att ans\u00f6kan beh\u00f6ver g\u00f6ras innan vistelsen p\u00e5b\u00f6rjas. Du som vill ge en g\u00e5va till Solidaritetsfonden, och d\u00e4rmed underl\u00e4tta f\u00f6r fler ungdomar att komma till Stiftsg\u00e5rden, \u00e4r v\u00e4lkommen att s\u00e4tta in valfri summa p\u00e5 <strong><span style=\"font-family: 'Georgia',serif;\">Bg 470-0050<\/span><\/strong>. Ange &#8220;Solidaritetsfonden&#8221; s\u00e5 kommer dina pengar r\u00e4tt. Tack f\u00f6r ditt st\u00f6d!<br \/>\n[\/av_textblock]<br \/>\n[\/av_one_half]<\/p>\n<p>[av_one_full first min_height=&#8221; vertical_alignment=&#8221; space=&#8221; custom_margin=&#8221; margin=&#8217;0px&#8217; padding=&#8217;0px&#8217; border=&#8221; border_color=&#8221; radius=&#8217;0px&#8217; background_color=&#8221; src=&#8221; background_position=&#8217;top left&#8217; background_repeat=&#8217;no-repeat&#8217; animation=&#8221;]<\/p>\n<p>[av_textblock size=&#8217;12&#8217; font_color=&#8221; color=&#8221;]<\/p>\n<h3 style=\"line-height: 14.25pt;\">Att s\u00f6ka fondmedel<\/h3>\n<p>Vill du ans\u00f6ka om pengar fr\u00e5n v\u00e5ra fonder? Skriv d\u00e5 ut och fyll i nedanst\u00e5ende blankett och skicka till oss p\u00e5 Stiftsg\u00e5rden R\u00e4ttvik\/ Programenheten, Kyrkv\u00e4gen 2, 795 32 R\u00e4ttvik. Om du inte har m\u00f6jlighet att skriva ut blanketten eller om du vill hellre vill skicka den digitalt g\u00e5r det bra att skicka ett mejl till oss med dina svar. Kom ih\u00e5g att ta med allt som st\u00e5r i formul\u00e4ret s\u00e5 att vi kan g\u00f6ra en bed\u00f6mning. Skicka det till <a href=\"mailto:info@stiftsgardenrattvik.se\">info@stiftsgardenrattvik.se<\/a><\/p>\n<p><a href=\"https:\/\/stiftsgardenrattvik.se\/wp-content\/uploads\/2019\/09\/Fondans\u00f6kan-ans\u00f6kningsblankett.pdf\">Fondans\u00f6kan<\/a><br \/>\n[\/av_textblock]<\/p>\n<p>[\/av_one_full]<\/p>\n","protected":false},"excerpt":{"rendered":"<p>[av_one_full first min_height=&#8221; vertical_alignment=&#8221; space=&#8221; custom_margin=&#8221; margin=&#8217;0px&#8217; padding=&#8217;0px&#8217; border=&#8221; border_color=&#8221; radius=&#8217;0px&#8217; background_color=&#8221; src=&#8221; background_position=&#8217;top left&#8217; background_repeat=&#8217;no-repeat&#8217; animation=&#8221;] [av_textblock size=&#8221; font_color=&#8221; color=&#8221;] V\u00e5ra fonder [\/av_textblock] [\/av_one_full] [av_one_full first min_height=&#8221; vertical_alignment=&#8221; space=&#8221; custom_margin=&#8221; margin=&#8217;0px&#8217; padding=&#8217;0px&#8217; border=&#8221; border_color=&#8221; radius=&#8217;0px&#8217; background_color=&#8221; src=&#8221; background_position=&#8217;top left&#8217; background_repeat=&#8217;no-repeat&#8217; animation=&#8221;] [av_textblock size=&#8217;12&#8217; font_color=&#8221; color=&#8221;] En plats f\u00f6r v\u00e4xt och utveckling Stiftsg\u00e5rden har sedan [&hellip;]<\/p>\n","protected":false},"author":1,"featured_media":0,"parent":0,"menu_order":0,"comment_status":"closed","ping_status":"closed","template":"","meta":{"footnotes":""},"class_list":["post-6816","page","type-page","status-publish","hentry"],"_links":{"self":[{"href":"https:\/\/www1.stiftsgardenrattvik.se\/index.php?rest_route=\/wp\/v2\/pages\/6816","targetHints":{"allow":["GET"]}}],"collection":[{"href":"https:\/\/www1.stiftsgardenrattvik.se\/index.php?rest_route=\/wp\/v2\/pages"}],"about":[{"href":"https:\/\/www1.stiftsgardenrattvik.se\/index.php?rest_route=\/wp\/v2\/types\/page"}],"author":[{"embeddable":true,"href":"https:\/\/www1.stiftsgardenrattvik.se\/index.php?rest_route=\/wp\/v2\/users\/1"}],"replies":[{"embeddable":true,"href":"https:\/\/www1.stiftsgardenrattvik.se\/index.php?rest_route=%2Fwp%2Fv2%2Fcomments&post=6816"}],"version-history":[{"count":16,"href":"https:\/\/www1.stiftsgardenrattvik.se\/index.php?rest_route=\/wp\/v2\/pages\/6816\/revisions"}],"predecessor-version":[{"id":12040,"href":"https:\/\/www1.stiftsgardenrattvik.se\/index.php?rest_route=\/wp\/v2\/pages\/6816\/revisions\/12040"}],"wp:attachment":[{"href":"https:\/\/www1.stiftsgardenrattvik.se\/index.php?rest_route=%2Fwp%2Fv2%2Fmedia&parent=6816"}],"curies":[{"name":"wp","href":"https:\/\/api.w.org\/{rel}","templated":true}]}}