{"id":6824,"date":"2017-12-09T07:43:44","date_gmt":"2017-12-09T06:43:44","guid":{"rendered":"http:\/\/stiftsgardenrattvik.se\/?page_id=6824"},"modified":"2025-10-29T11:05:49","modified_gmt":"2025-10-29T10:05:49","slug":"representantskapet","status":"publish","type":"page","link":"https:\/\/www1.stiftsgardenrattvik.se\/?page_id=6824","title":{"rendered":"Representantskapet"},"content":{"rendered":"<p>[av_one_full first min_height=&#8221; vertical_alignment=&#8221; space=&#8221; custom_margin=&#8221; margin=&#8217;0px&#8217; padding=&#8217;0px&#8217; border=&#8221; border_color=&#8221; radius=&#8217;0px&#8217; background_color=&#8221; src=&#8221; background_position=&#8217;top left&#8217; background_repeat=&#8217;no-repeat&#8217; animation=&#8221; av_uid=&#8217;av-1lbec7s&#8217;]<br \/>\n[av_textblock size=&#8221; font_color=&#8221; color=&#8221; av_uid=&#8217;av-1jg0xeg&#8217;]<\/p>\n<h1 style=\"text-align: center;\">Representantskapet<\/h1>\n<p>[\/av_textblock]<br \/>\n[\/av_one_full]<\/p>\n<p>[av_one_half first min_height=&#8221; vertical_alignment=&#8221; space=&#8221; custom_margin=&#8221; margin=&#8217;0px&#8217; padding=&#8217;0px&#8217; border=&#8221; border_color=&#8221; radius=&#8217;0px&#8217; background_color=&#8221; src=&#8221; background_position=&#8217;top left&#8217; background_repeat=&#8217;no-repeat&#8217; animation=&#8221; av_uid=&#8217;av-1idb3xk&#8217;]<br \/>\n[av_textblock textblock_styling_align=&#8221; textblock_styling=&#8221; textblock_styling_gap=&#8221; textblock_styling_mobile=&#8221; size=&#8221; av-desktop-font-size=&#8221; av-medium-font-size=&#8221; av-small-font-size=&#8221; av-mini-font-size=&#8221; font_color=&#8221; color=&#8221; id=&#8221; custom_class=&#8221; template_class=&#8221; av_uid=&#8217;av-1fy2odk&#8217; sc_version=&#8217;1.0&#8242; admin_preview_bg=&#8221;]<br \/>\nStiftsg\u00e5rdens representantskap \u00e4r en unik samarbetsform till \u00f6msesidig nytta f\u00f6r stiftets f\u00f6rsamlingar och Stiftsg\u00e5rden i R\u00e4ttvik. Varje f\u00f6rsamling har r\u00e4tt att utse tv\u00e5 ledam\u00f6ter samt ledam\u00f6ter fr\u00e5n t ex Kyrkans Unga och F\u00f6rsamlingsr\u00e5d. De \u00f6vergripande fr\u00e5gorna \u00e4r: <em>Hur kan Stiftsg\u00e5rden st\u00f6dja arbetet i f\u00f6rsamlingarna och vad \u00f6nskar f\u00f6rsamlingarna f\u00e5 f\u00f6r st\u00f6d fr\u00e5n Stiftsg\u00e5rden?<\/em><\/p>\n<p>Representantskapet tr\u00e4ffas tv\u00e5 g\u00e5nger per \u00e5r. Vid mandatperiodens f\u00f6rsta m\u00f6te utses en s\u00e4rskild grupp som tillsammans med Stiftsg\u00e5rdens f\u00f6rest\u00e5ndare planerar och genomf\u00f6r representantskapets m\u00f6ten under \u00e5ret. Gruppen ska ocks\u00e5 f\u00f6lja arbetet och vara en diskussionspart till ledningen f\u00f6r Stiftsg\u00e5rden. M\u00e5ls\u00e4ttningen med m\u00f6tena \u00e4r att ge kunskaper och nya infallsvinklar inom olika aktuella omr\u00e5den. Nedan kan du ladda ner material fr\u00e5n presentationer fr\u00e5n det senaste \u00e5rets m\u00f6ten. \u00d6nskar du f\u00e5 Stiftsg\u00e5rdens verksamhetsuppf\u00f6ljning och bokslut fr\u00e5n det g\u00e5ngna verksamhets\u00e5ret \u00e4r du v\u00e4lkommen att ta kontakt med v\u00e5r ekonomichef Monika Vester. Du n\u00e5r Monika p\u00e5 <a href=\"mailto:monika.vester@stiftsgardenrattvik.se\">monika.vester@stiftsgardenrattvik.se<\/a> eller 010-160 80 00 vxl.<\/p>\n<p><strong>Framtida m\u00f6ten med Stiftsg\u00e5rdens representantskap<\/strong><\/p>\n<p><strong>H\u00f6st 2025<\/strong>\u00a0\u00a0\u00a0\u00a0\u00a0 24-25 oktober (fredag-l\u00f6rdag)<\/p>\n<p><strong>V\u00e5r 2026\u00a0<\/strong> \u00a0\u00a0\u00a0\u00a0\u00a0\u00a0 18-19 april (l\u00f6rdag-s\u00f6ndag) <em>\u201dGr\u00e5gr\u00f6n\u201d samling \u2013 unga och \u00e4ldre<\/em><\/p>\n<p><strong>H\u00f6st 2026<\/strong>\u00a0\u00a0\u00a0\u00a0\u00a0 23-24 oktober (fredag-l\u00f6rdag)<br \/>\n[\/av_textblock]<br \/>\n[\/av_one_half]<\/p>\n<p>[av_one_half min_height=&#8221; vertical_alignment=&#8221; space=&#8221; custom_margin=&#8221; margin=&#8217;0px&#8217; padding=&#8217;0px&#8217; border=&#8221; border_color=&#8221; radius=&#8217;0px&#8217; background_color=&#8221; src=&#8221; background_position=&#8217;top left&#8217; background_repeat=&#8217;no-repeat&#8217; animation=&#8221; av_uid=&#8217;av-52id1k&#8217;]<br \/>\n[av_image src=&#8217;https:\/\/stiftsgardenrattvik.se\/wp-content\/uploads\/2020\/01\/Rolands-bilder-247.jpg&#8217; attachment=&#8217;9350&#8242; attachment_size=&#8217;full&#8217; align=&#8217;center&#8217; styling=&#8221; hover=&#8221; link=&#8221; target=&#8221; caption=&#8221; font_size=&#8221; appearance=&#8221; overlay_opacity=&#8217;0.4&#8242; overlay_color=&#8217;#000000&#8242; overlay_text_color=&#8217;#ffffff&#8217; animation=&#8217;no-animation&#8217; av_uid=&#8217;av-1cxacq0&#8242;][\/av_image]<br \/>\n[\/av_one_half]<\/p>\n<p>[av_one_full first min_height=&#8221; vertical_alignment=&#8221; space=&#8221; custom_margin=&#8221; margin=&#8217;0px&#8217; padding=&#8217;0px&#8217; border=&#8221; border_color=&#8221; radius=&#8217;0px&#8217; background_color=&#8221; src=&#8221; background_position=&#8217;top left&#8217; background_repeat=&#8217;no-repeat&#8217; animation=&#8221; av_uid=&#8217;av-1bdjr2g&#8217;]<\/p>\n<p>[av_textblock textblock_styling_align=&#8221; textblock_styling=&#8221; textblock_styling_gap=&#8221; textblock_styling_mobile=&#8221; size=&#8221; av-desktop-font-size=&#8221; av-medium-font-size=&#8221; av-small-font-size=&#8221; av-mini-font-size=&#8221; font_color=&#8221; color=&#8221; id=&#8221; custom_class=&#8221; template_class=&#8221; av_uid=&#8217;av-19i64jc&#8217; sc_version=&#8217;1.0&#8242; admin_preview_bg=&#8221;]<\/p>\n<h3>Valberedning &#8211; Ny styrelse f\u00f6r mandatperioden 2026-29<\/h3>\n<p>Stiftsg\u00e5rdens representantskap v\u00e4ljer en styrelse f\u00f6r en tid som sammanfaller med mandatperioderna i kyrkan. Detta inneb\u00e4r att f\u00f6r \u00e5ren 2026-29 ska vi v\u00e4lja en ny styrelse. Dessa val sker vid v\u00e5r n\u00e4sta tr\u00e4ff i R\u00e4ttvik, den 18-19 april 2026.<\/p>\n<p>Valberedningen som f\u00f6rbereder detta val best\u00e5r av:<\/p>\n<ul>\n<li>Marlene Otterborn, Ludvika <a href=\"mailto:marleneotterborn1@gmail.com\">marleneotterborn1@gmail.com<\/a><\/li>\n<li>Thure Andersen, Hallstahammar <a href=\"mailto:thure_andersen@hotmail.com\">thure_andersen@hotmail.com<\/a><\/li>\n<li>Erik Lundqvist, Sala, Norrby, M\u00f6klinta <a href=\"mailto:luer94@gmail.com\">luer94@gmail.com<\/a><\/li>\n<li>Inger Back, Djura <a href=\"mailto:ingerback43@gmail.com\">ingerback43@gmail.com<\/a><\/li>\n<\/ul>\n<p>[\/av_textblock]<\/p>\n<p>[\/av_one_full][av_one_full first min_height=&#8221; vertical_alignment=&#8221; space=&#8221; custom_margin=&#8221; margin=&#8217;0px&#8217; padding=&#8217;0px&#8217; border=&#8221; border_color=&#8221; radius=&#8217;0px&#8217; background_color=&#8221; src=&#8221; background_position=&#8217;top left&#8217; background_repeat=&#8217;no-repeat&#8217; animation=&#8221; av_uid=&#8217;av-enu6g&#8217;]<br \/>\n[av_textblock textblock_styling_align=&#8221; textblock_styling=&#8221; textblock_styling_gap=&#8221; textblock_styling_mobile=&#8221; size=&#8221; av-desktop-font-size=&#8221; av-medium-font-size=&#8221; av-small-font-size=&#8221; av-mini-font-size=&#8221; font_color=&#8221; color=&#8221; id=&#8221; custom_class=&#8221; template_class=&#8221; av_uid=&#8217;av-2795lk&#8217; sc_version=&#8217;1.0&#8242; admin_preview_bg=&#8221;]<\/p>\n<h3>Representantskapstr\u00e4ffen v\u00e5r 2025<\/h3>\n<p><strong><em>3-4 maj 2025 <\/em><\/strong><\/p>\n<p><strong><em>Tema: &#8220;Internationellt arbete och Ung i den v\u00e4rldsvida kyrkan&#8221;\u00a0 <a href=\"https:\/\/stiftsgardenrattvik.se\/wp-content\/uploads\/2025\/04\/Inbjudan-repskapet-3-4-maj-2025.pdf\">Inbjudan repskapet 3-4 maj 2025<\/a><\/em><\/strong>.<\/p>\n<p>Se mer om v\u00e5ra kurser h\u00e4r: <a href=\"https:\/\/stiftsgardenrattvik.se\/kurser\/\">Kurser \u2013 Stiftsg\u00e5rden i R\u00e4ttvik<\/a><\/p>\n<p>Presentationsmaterial:<\/p>\n<p><em>Kompletteras med mer material:\u00a0<\/em><\/p>\n<p><a href=\"https:\/\/stiftsgardenrattvik.se\/wp-content\/uploads\/2025\/05\/Klara-Ronnegard-Ung-i-den-vardsvida-kyrkan-Repskapet-2025.pdf\">Ung i den v\u00e4rldsvida kyrkan &#8211; Klara R\u00f6nneg\u00e5rd<\/a><\/p>\n<p><a href=\"https:\/\/stiftsgardenrattvik.se\/wp-content\/uploads\/2025\/05\/Repskapet-Maj-2025_0L.pptx\">Nytt p\u00e5 Stiftsg\u00e5rden &#8211; 0skar Lindberg<\/a><\/p>\n<p><a href=\"https:\/\/stiftsgardenrattvik.se\/wp-content\/uploads\/2025\/05\/Nathan-Soderblom.pdf\">Nathan S\u00f6derblom- Caroline Kyhlb\u00e4ck<\/a><\/p>\n<h3>Representantskapstr\u00e4ffen h\u00f6st 2024<\/h3>\n<p><strong><em>8-9 november 2024<\/em><\/strong><\/p>\n<p><a href=\"https:\/\/stiftsgardenrattvik.se\/wp-content\/uploads\/2024\/10\/Inbjudan-repskap-8-9-november-2024.pdf\">Inbjudan repskap 8-9 november 2024<\/a><\/p>\n<p>Presentationsmaterial:<\/p>\n<p><a href=\"https:\/\/stiftsgardenrattvik.se\/wp-content\/uploads\/2024\/11\/241026-Folkkyrka-Federleys-PPT.pdf\">Folkkyrka Fredrik Federley<\/a><\/p>\n<p><a href=\"https:\/\/stiftsgardenrattvik.se\/wp-content\/uploads\/2024\/11\/PP-om-Stg-Repskapet.pdf\">Om Stg Repskapet Lotta Lirkas<\/a><\/p>\n<p><a href=\"https:\/\/stiftsgardenrattvik.se\/wp-content\/uploads\/2024\/11\/Representantskap-2024-Folkkyrka-och-idealitet-A-S-Naslund.pdf\">Folkkyrka och idealitet A-S N\u00e4slund<\/a><\/p>\n<p><a href=\"https:\/\/stiftsgardenrattvik.se\/wp-content\/uploads\/2024\/11\/241109-Sammansta\u0308lln-delt-synpunkter-Fredrick-och-A-S-Naslund.pdf\"> Sammansta\u0308lln deltagarnas synpunkter Federley och N\u00e4slund<\/a><\/p>\n<p>H\u00e4lsningar fr\u00e5n Stiftsg\u00e5rden<br \/>\n[\/av_textblock]<br \/>\n[\/av_one_full]<\/p>\n<p>[av_one_full first min_height=&#8221; vertical_alignment=&#8221; space=&#8221; custom_margin=&#8221; margin=&#8217;0px&#8217; padding=&#8217;0px&#8217; border=&#8221; border_color=&#8221; radius=&#8217;0px&#8217; background_color=&#8221; src=&#8221; background_position=&#8217;top left&#8217; background_repeat=&#8217;no-repeat&#8217; animation=&#8221; av_uid=&#8217;av-4ejvns&#8217;]<br \/>\n[av_textblock textblock_styling_align=&#8221; textblock_styling=&#8221; textblock_styling_gap=&#8221; textblock_styling_mobile=&#8221; size=&#8221; av-desktop-font-size=&#8221; av-medium-font-size=&#8221; av-small-font-size=&#8221; av-mini-font-size=&#8221; font_color=&#8221; color=&#8221; id=&#8221; custom_class=&#8221; template_class=&#8221; av_uid=&#8217;av-2xrsvs&#8217; sc_version=&#8217;1.0&#8242; admin_preview_bg=&#8221;]<\/p>\n<h3>Representantskapstr\u00e4ffen v\u00e5r 2024<\/h3>\n<p><strong><em>27-28 april 2024<\/em><\/strong><\/p>\n<p><a href=\"https:\/\/stiftsgardenrattvik.se\/wp-content\/uploads\/2024\/03\/Inbjudan-repskap-april-2024.pdf\">Inbjudan Representantskapet april 2024<\/a><\/p>\n<p>Se mer om v\u00e5rens kurser 2024 h\u00e4r: <a href=\"https:\/\/stiftsgardenrattvik.se\/wp-content\/uploads\/2023\/11\/Kurser-varen-2024.pdf\">Kurser v\u00e5ren 2024<\/a><\/p>\n<p>Se mer om F\u00e4rdplan f\u00f6r klimatet h\u00e4r: <a href=\"https:\/\/stiftsgardenrattvik.se\/fardplan-for-klimatet\/\">F\u00e4rdplanskurser 2024 Stiftsg\u00e5rden Rattvik<\/a><\/p>\n<p>H\u00e4lsningar fr\u00e5n Stiftsg\u00e5rden<br \/>\n[\/av_textblock]<br \/>\n[\/av_one_full]<\/p>\n<p>[av_one_full first min_height=&#8221; vertical_alignment=&#8221; space=&#8221; custom_margin=&#8221; margin=&#8217;0px&#8217; padding=&#8217;0px&#8217; border=&#8221; border_color=&#8221; radius=&#8217;0px&#8217; background_color=&#8221; src=&#8221; background_position=&#8217;top left&#8217; background_repeat=&#8217;no-repeat&#8217; animation=&#8221; av_uid=&#8217;av-4bq2jc&#8217;]<br \/>\n[av_textblock textblock_styling_align=&#8221; textblock_styling=&#8221; textblock_styling_gap=&#8221; textblock_styling_mobile=&#8221; size=&#8221; av-desktop-font-size=&#8221; av-medium-font-size=&#8221; av-small-font-size=&#8221; av-mini-font-size=&#8221; font_color=&#8221; color=&#8221; id=&#8221; custom_class=&#8221; template_class=&#8221; av_uid=&#8217;av-2igymw&#8217; sc_version=&#8217;1.0&#8242; admin_preview_bg=&#8221;]<\/p>\n<h3>Representantskapstr\u00e4ffen h\u00f6sten 2023<\/h3>\n<p><strong><em>13-14 oktober 2023<\/em><\/strong><\/p>\n<p><a href=\"https:\/\/stiftsgardenrattvik.se\/wp-content\/uploads\/2023\/11\/Rapport-fran-representantskapet-oktober-2023.pdf\">Rapport fr\u00e5n representantskapet oktober 2023<\/a><\/p>\n<p>Se mer om v\u00e5rens kurser 2024 h\u00e4r: <a href=\"https:\/\/stiftsgardenrattvik.se\/wp-content\/uploads\/2023\/11\/Kurser-varen-2024.pdf\">Kurser v\u00e5ren 2024<\/a><\/p>\n<p>Se mer om F\u00e4rdplan f\u00f6r klimatet h\u00e4r: <a href=\"https:\/\/stiftsgardenrattvik.se\/wp-content\/uploads\/2023\/11\/Fardplanskurser-2023-24-Stg-Rattvik.pdf\">F\u00e4rdplanskurser 2023-24 Stiftsg\u00e5rden Rattvik<\/a><\/p>\n<p>H\u00e4lsningar fr\u00e5n Stiftsg\u00e5rden<br \/>\n[\/av_textblock]<br \/>\n[\/av_one_full]<\/p>\n<p>[av_one_full first min_height=&#8221; vertical_alignment=&#8221; space=&#8221; custom_margin=&#8221; margin=&#8217;0px&#8217; padding=&#8217;0px&#8217; border=&#8221; border_color=&#8221; radius=&#8217;0px&#8217; background_color=&#8221; src=&#8221; background_position=&#8217;top left&#8217; background_repeat=&#8217;no-repeat&#8217; animation=&#8221; av_uid=&#8217;av-36cvfc&#8217;]<br \/>\n[av_textblock textblock_styling_align=&#8221; textblock_styling=&#8221; textblock_styling_gap=&#8221; textblock_styling_mobile=&#8221; size=&#8221; av-desktop-font-size=&#8221; av-medium-font-size=&#8221; av-small-font-size=&#8221; av-mini-font-size=&#8221; font_color=&#8221; color=&#8221; id=&#8221; custom_class=&#8221; template_class=&#8221; av_uid=&#8217;av-lbdsqrox&#8217; sc_version=&#8217;1.0&#8242; admin_preview_bg=&#8221;]<\/p>\n<h3>Representantskapstr\u00e4ffen h\u00f6sten 2022<\/h3>\n<p><strong>En v\u00e4rldsvid kyrka som upptr\u00e4der lokalt i form av f\u00f6rsamlingar \u2013 hur \u00e4r man det? <\/strong><\/p>\n<p>Sofia Harryson, V\u00e4ster\u00e5s stifts konsulent i organisations- och ledarskapsfr\u00e5gor, ledde dagarna tillsammans med Stiftsg\u00e5rdens f\u00f6rest\u00e5ndare Pontus Gunnarsson. Organisationsfr\u00e5gor var huvudtemat och programmet handlade mer om <em>hur <\/em>\u00e4n <em>vad <\/em>vi som kyrka g\u00f6r. Tanken bakom det var att om man \u00e4r klar \u00f6ver de grundl\u00e4ggande fr\u00e5gorna kring sin organisation s\u00e5 kan man inom den sedan l\u00e4gga all sin kraft p\u00e5 att g\u00f6ra alla de d\u00e4r sakerna som beh\u00f6ver g\u00f6ras f\u00f6r att vara med och hela en v\u00e4rld som p\u00e5 m\u00e5nga s\u00e4tt b\u00f6rjar k\u00e4nnas trasig. Nedan finns Sofias och Pontus presentationer f\u00f6r nedladdning.<\/p>\n<p><a href=\"https:\/\/stiftsgardenrattvik.se\/wp-content\/uploads\/2022\/12\/Evangelisk-luthersk-kyrka-Pontus-G.pdf\">Evangelisk-luthersk kyrka Pontus G<\/a><\/p>\n<p><a href=\"https:\/\/stiftsgardenrattvik.se\/wp-content\/uploads\/2022\/12\/Repskap-3-4-dec-2022-Sofia-H.pdf\">Repskap 3-4 dec 2022 Sofia H<\/a><br \/>\n[\/av_textblock]<br \/>\n[\/av_one_full]<\/p>\n<p>[av_one_full first min_height=&#8221; vertical_alignment=&#8221; space=&#8221; custom_margin=&#8221; margin=&#8217;0px&#8217; padding=&#8217;0px&#8217; border=&#8221; border_color=&#8221; radius=&#8217;0px&#8217; background_color=&#8221; src=&#8221; background_position=&#8217;top left&#8217; background_repeat=&#8217;no-repeat&#8217; animation=&#8221; av_uid=&#8217;av-6ybmug&#8217;]<br \/>\n[av_textblock size=&#8221; font_color=&#8221; color=&#8221; av_uid=&#8217;av-582c48&#8242;]<\/p>\n<h3>Representantskapstr\u00e4ffen v\u00e5ren 2022<\/h3>\n<p>Det har nu beslutats att Stiftsg\u00e5rdens representantskap h\u00e5ller sitt f\u00f6rsta m\u00f6te f\u00f6r 2022 i samband med Stiftsg\u00e5rdens <a href=\"https:\/\/stiftsgardenrattvik.se\/jubla\/\">jubileumshelg<\/a> i b\u00f6rjan av juni. Jubileet p\u00e5g\u00e5r som synes l\u00f6rdag till s\u00f6ndag 3-4 juni. Representantskapet b\u00f6rjar dock p\u00e5 fredag eftermiddag och p\u00e5g\u00e5r till och med l\u00f6rdag. F\u00f6r den som vill g\u00e5r det att anm\u00e4la sig sj\u00e4lv och stanna till och med s\u00f6ndag, men det blir i s\u00e5 fall ut\u00f6ver representantskapets samling.<\/p>\n<p><a href=\"https:\/\/stiftsgardenrattvik.se\/wp-content\/uploads\/2022\/05\/Stiftsgardens-Representantskap-varen-2022.pdf\"><strong>L\u00e4s mer om tr\u00e4ffen h\u00e4r:<\/strong> Stiftsg\u00e5rdens Representantskap v\u00e5ren 2022<\/a><\/p>\n<p>H\u00e4lsningar fr\u00e5n Stiftsg\u00e5rden<br \/>\n[\/av_textblock]<br \/>\n[\/av_one_full]<\/p>\n<p>[av_one_full first min_height=&#8221; vertical_alignment=&#8221; space=&#8221; custom_margin=&#8221; margin=&#8217;0px&#8217; padding=&#8217;0px&#8217; border=&#8221; border_color=&#8221; radius=&#8217;0px&#8217; background_color=&#8221; src=&#8221; background_position=&#8217;top left&#8217; background_repeat=&#8217;no-repeat&#8217; animation=&#8221; av_uid=&#8217;av-3joc88&#8242;]<br \/>\n[av_textblock size=&#8221; font_color=&#8221; color=&#8221; av_uid=&#8217;av-2ws0aw&#8217;]<\/p>\n<h3>Representantskapstr\u00e4ffen v\u00e5ren 2021<\/h3>\n<p>Dagkonferens med Pontus Gunnarsson, 15 maj.<br \/>\n<a href=\"https:\/\/stiftsgardenrattvik.se\/wp-content\/uploads\/2021\/05\/Sammanfattn-samling-repskapet-15-maj-2021.pdf\">Sammanfattning samling repskapet 15 maj 2021<\/a><br \/>\n<a href=\"https:\/\/stiftsgardenrattvik.se\/wp-content\/uploads\/2021\/05\/Viktig-halsning-infor-representantskapsmote-9-10-okt-2021.pdf\">Viktig h\u00e4lsning inf\u00f6r representantskapsm\u00f6te 9-10 okt 2021<\/a><\/p>\n<h3>Material fr\u00e5n representantskapstr\u00e4ffen h\u00f6sten 2019<\/h3>\n<p><a href=\"https:\/\/stiftsgardenrattvik.se\/wp-content\/uploads\/2019\/11\/PPT.pdf\">Presentation, Bolagskoncern V\u00e4stanfors-V\u00e4sterv\u00e5la<\/a><\/p>\n<p><a href=\"https:\/\/stiftsgardenrattvik.se\/wp-content\/uploads\/2019\/11\/Grytn\u00e4s-Presentation-p\u00e5-Stiftsg\u00e5rden.pptx\">Presentation p\u00e5 Stiftsg\u00e5rden, Grytn\u00e4s<\/a><\/p>\n<p><a href=\"https:\/\/stiftsgardenrattvik.se\/wp-content\/uploads\/2019\/11\/Kyrkans-Begravningsbyr\u00e5-Kungs\u00f6r.pptx\">Presentation, Kyrkans Begravningsbyr\u00e5 Kungs\u00f6r<\/a><\/p>\n<p><a href=\"https:\/\/stiftsgardenrattvik.se\/wp-content\/uploads\/2019\/11\/Socialt-f\u00f6retag-Helheten-Hedemora.pptx\">Presentation, Socialt f\u00f6retag Helheten Hedemora<\/a><\/p>\n<p><a href=\"https:\/\/stiftsgardenrattvik.se\/wp-content\/uploads\/2019\/11\/Repskap.Grupparbeten-27-Okt.pdf\">Grupparbeten <\/a><\/p>\n<p><a href=\"https:\/\/stiftsgardenrattvik.se\/wp-content\/uploads\/2019\/11\/Resultat-f\u00f6r-Grytn\u00e4s-friskola.pdf\">Resultat f\u00f6r Grytn\u00e4s friskola<\/a><\/p>\n<h3>Material fr\u00e5n representantskapstr\u00e4ffen v\u00e5ren 2019<\/h3>\n<p><a href=\"https:\/\/stiftsgardenrattvik.se\/wp-content\/uploads\/2019\/05\/Repskapet-om-kyrkohandboken.pptx\">Presentation Unni Wiig-Sandberg Repskapet om kyrkohandboken<\/a><\/p>\n<p><a href=\"https:\/\/stiftsgardenrattvik.se\/wp-content\/uploads\/2019\/05\/Presentation-Petter-Karlsson-Civilsamh\u00e4llet-trossamfundets-roll-i-arbetet-f\u00f6r-tillit-demokrati.pdf\">Presentation Petter Karlsson Civilsamh\u00e4llet &#038; trossamfundets roll i arbetet f\u00f6r tillit &#038; demokrati<\/a><\/p>\n<h3>Material fr\u00e5n representantskapstr\u00e4ffen h\u00f6sten 2018<\/h3>\n<p><a href=\"https:\/\/stiftsgardenrattvik.se\/wp-content\/uploads\/2018\/10\/Presentation-Petter-Karlsson-Tillit-och-Demokrati.pdf\">Presentation Petter Karlsson Tillit och Demokrati<\/a><\/p>\n<p><a href=\"https:\/\/stiftsgardenrattvik.se\/wp-content\/uploads\/2018\/10\/Presentation-Jimmy-Jansson-Om-Stiftsg\u00e5rdens-ungdomsarbete.pdf\">Presentation Jimmy Jansson Om Stiftsg\u00e5rdens ungdomsarbete<\/a><\/p>\n<p>Helena Hermanssons information om Toleransprojektet finns att l\u00e4sa om p\u00e5 Borl\u00e4nge kommuns hemsida nedan.<\/p>\n<p><a href=\"https:\/\/www.borlange.se\/kommun-och-politik\/hallbarhet\/toleransprojektet\/\">https:\/\/www.borlange.se\/kommun-och-politik\/hallbarhet\/toleransprojektet\/<\/a><br \/>\n[\/av_textblock]<br \/>\n[\/av_one_full]<\/p>\n","protected":false},"excerpt":{"rendered":"","protected":false},"author":1,"featured_media":0,"parent":0,"menu_order":0,"comment_status":"closed","ping_status":"closed","template":"","meta":{"footnotes":""},"class_list":["post-6824","page","type-page","status-publish","hentry"],"_links":{"self":[{"href":"https:\/\/www1.stiftsgardenrattvik.se\/index.php?rest_route=\/wp\/v2\/pages\/6824","targetHints":{"allow":["GET"]}}],"collection":[{"href":"https:\/\/www1.stiftsgardenrattvik.se\/index.php?rest_route=\/wp\/v2\/pages"}],"about":[{"href":"https:\/\/www1.stiftsgardenrattvik.se\/index.php?rest_route=\/wp\/v2\/types\/page"}],"author":[{"embeddable":true,"href":"https:\/\/www1.stiftsgardenrattvik.se\/index.php?rest_route=\/wp\/v2\/users\/1"}],"replies":[{"embeddable":true,"href":"https:\/\/www1.stiftsgardenrattvik.se\/index.php?rest_route=%2Fwp%2Fv2%2Fcomments&post=6824"}],"version-history":[{"count":48,"href":"https:\/\/www1.stiftsgardenrattvik.se\/index.php?rest_route=\/wp\/v2\/pages\/6824\/revisions"}],"predecessor-version":[{"id":15994,"href":"https:\/\/www1.stiftsgardenrattvik.se\/index.php?rest_route=\/wp\/v2\/pages\/6824\/revisions\/15994"}],"wp:attachment":[{"href":"https:\/\/www1.stiftsgardenrattvik.se\/index.php?rest_route=%2Fwp%2Fv2%2Fmedia&parent=6824"}],"curies":[{"name":"wp","href":"https:\/\/api.w.org\/{rel}","templated":true}]}}