{"id":6827,"date":"2017-12-09T07:49:47","date_gmt":"2017-12-09T06:49:47","guid":{"rendered":"http:\/\/stiftsgardenrattvik.se\/?page_id=6827"},"modified":"2023-09-20T12:55:10","modified_gmt":"2023-09-20T10:55:10","slug":"tillganglighet","status":"publish","type":"page","link":"https:\/\/www1.stiftsgardenrattvik.se\/?page_id=6827","title":{"rendered":"Tillg\u00e4nglighet"},"content":{"rendered":"<p>[av_one_full first min_height=&#8221; vertical_alignment=&#8221; space=&#8221; custom_margin=&#8221; margin=&#8217;0px&#8217; padding=&#8217;0px&#8217; border=&#8221; border_color=&#8221; radius=&#8217;0px&#8217; background_color=&#8221; src=&#8221; background_position=&#8217;top left&#8217; background_repeat=&#8217;no-repeat&#8217; animation=&#8221; av_uid=&#8217;av-1rtdvv&#8217;]<br \/>\n[av_textblock size=&#8221; font_color=&#8221; color=&#8221; av_uid=&#8217;av-fzxtaz&#8217;]<\/p>\n<h1 style=\"text-align: center;\">EN PLATS F\u00d6R ALLA!<\/h1>\n<p>[\/av_textblock]<br \/>\n[\/av_one_full]<\/p>\n<p>[av_one_half first min_height=&#8221; vertical_alignment=&#8221; space=&#8221; custom_margin=&#8221; margin=&#8217;0px&#8217; padding=&#8217;0px&#8217; border=&#8221; border_color=&#8221; radius=&#8217;0px&#8217; background_color=&#8221; src=&#8221; background_position=&#8217;top left&#8217; background_repeat=&#8217;no-repeat&#8217; animation=&#8221; av_uid=&#8217;av-epaacb&#8217;]<br \/>\n[av_image src=&#8217;https:\/\/stiftsgardenrattvik.se\/wp-content\/uploads\/2016\/04\/Foto-Magnus-Aronson-5489-Copy.jpg&#8217; attachment=&#8217;6043&#8242; attachment_size=&#8217;full&#8217; align=&#8217;center&#8217; styling=&#8221; hover=&#8221; link=&#8221; target=&#8221; caption=&#8221; font_size=&#8221; appearance=&#8221; overlay_opacity=&#8217;0.4&#8242; overlay_color=&#8217;#000000&#8242; overlay_text_color=&#8217;#ffffff&#8217; animation=&#8217;no-animation&#8217; av_uid=&#8217;av-c0uphn&#8217;][\/av_image]<br \/>\n[\/av_one_half]<\/p>\n<p>[av_one_half min_height=&#8221; vertical_alignment=&#8221; space=&#8221; custom_margin=&#8221; margin=&#8217;0px&#8217; padding=&#8217;0px&#8217; border=&#8221; border_color=&#8221; radius=&#8217;0px&#8217; background_color=&#8221; src=&#8221; background_position=&#8217;top left&#8217; background_repeat=&#8217;no-repeat&#8217; animation=&#8221; av_uid=&#8217;av-am8ncr&#8217;]<\/p>\n<p>[av_textblock textblock_styling_align=&#8221; textblock_styling=&#8221; textblock_styling_gap=&#8221; textblock_styling_mobile=&#8221; size=&#8221; av-desktop-font-size=&#8221; av-medium-font-size=&#8221; av-small-font-size=&#8221; av-mini-font-size=&#8221; font_color=&#8221; color=&#8221; id=&#8221; custom_class=&#8221; template_class=&#8221; av_uid=&#8217;av-9cwhmz&#8217; sc_version=&#8217;1.0&#8242; admin_preview_bg=&#8221;]<br \/>\nStiftsg\u00e5rden vill vara en plats f\u00f6r alla, ber\u00e4tta g\u00e4rna f\u00f6r oss vad du beh\u00f6ver s\u00e5 hj\u00e4lper vi till. Vi \u00e4r certifierade av <a href=\"http:\/\/www.equality.se\/\">Equality &#8211; tourism for all<\/a>. P\u00e5 deras hemsida kan du l\u00e4sa mer i detalj om Stiftsg\u00e5rdens tillg\u00e4nglighetsdata.<\/p>\n<h4>Boende<\/h4>\n<p>Vi har 20 rum som \u00e4r s\u00e4rskilt anpassade f\u00f6r personer med r\u00f6relsehinder, varav ett som \u00e4r anpassad f\u00f6r permobil. Duschpallar, d\u00e4vert, s\u00e4ngryggst\u00f6d, ergonomiska sittdynor och toalettf\u00f6rh\u00f6jare finns att tillg\u00e5, s\u00e4g bara till i receptionen. \u00c4r du i behov av vibrerande v\u00e4ckarklocka som \u00e4ven har brandlarmsfunktion finns det att l\u00e5na i receptionen.<\/p>\n<h4>Allm\u00e4nna utrymmen<\/h4>\n<p>Stiftsg\u00e5rden har ett antal rymliga toaletter i huvudbyggnaden f\u00f6r dig som har r\u00f6relsehinder. Alla har larm som \u00e4r kopplade till fast personal dagtid och R\u00e4ddningstj\u00e4nst nattetid. Receptionen har teleslinga. D\u00f6rr\u00f6ppnare och ramper finns. Hissarna har talande v\u00e5ningsindikering.<\/p>\n<h4>Konferenslokaler<\/h4>\n<p>M\u00e5nga av v\u00e5ra konferenslokaler v\u00e5ra konferenslokaler \u00e4r alla utrustade med teleslinga, det finns \u00e4ven i kapellet. Beh\u00f6ver ni en portabel slinga finns det att l\u00e5na.<br \/>\n[\/av_textblock]<\/p>\n<p>[\/av_one_half][av_one_full first min_height=&#8221; vertical_alignment=&#8221; space=&#8221; custom_margin=&#8221; margin=&#8217;0px&#8217; padding=&#8217;0px&#8217; border=&#8221; border_color=&#8221; radius=&#8217;0px&#8217; background_color=&#8221; src=&#8221; background_position=&#8217;top left&#8217; background_repeat=&#8217;no-repeat&#8217; animation=&#8221; av_uid=&#8217;av-6wk6wb&#8217;]<br \/>\n[av_hr class=&#8217;default&#8217; height=&#8217;50&#8217; shadow=&#8217;no-shadow&#8217; position=&#8217;center&#8217; custom_border=&#8217;av-border-thin&#8217; custom_width=&#8217;50px&#8217; custom_border_color=&#8221; custom_margin_top=&#8217;30px&#8217; custom_margin_bottom=&#8217;30px&#8217; icon_select=&#8217;yes&#8217; custom_icon_color=&#8221; icon=&#8217;ue808&#8242; av_uid=&#8217;av-2any3&#8242;]<br \/>\n[\/av_one_full]<\/p>\n<p>[av_one_full first min_height=&#8221; vertical_alignment=&#8221; space=&#8221; custom_margin=&#8221; margin=&#8217;0px&#8217; padding=&#8217;0px&#8217; border=&#8221; border_color=&#8221; radius=&#8217;0px&#8217; background_color=&#8221; src=&#8221; background_position=&#8217;top left&#8217; background_repeat=&#8217;no-repeat&#8217; animation=&#8221; av_uid=&#8217;av-43dscr&#8217;]<br \/>\n[av_image src=&#8217;https:\/\/stiftsgardenrattvik.se\/wp-content\/uploads\/2014\/02\/equality.png&#8217; attachment=&#8217;3679&#8242; attachment_size=&#8217;full&#8217; align=&#8217;center&#8217; styling=&#8221; hover=&#8221; link=&#8217;manually,http:\/\/www.equality.se\/&#8217; target=&#8217;_blank&#8217; caption=&#8221; font_size=&#8221; appearance=&#8221; overlay_opacity=&#8217;0.4&#8242; overlay_color=&#8217;#000000&#8242; overlay_text_color=&#8217;#ffffff&#8217; animation=&#8217;no-animation&#8217; av_uid=&#8217;av-25usbv&#8217;][\/av_image]<br \/>\n[\/av_one_full]<\/p>\n","protected":false},"excerpt":{"rendered":"","protected":false},"author":1,"featured_media":0,"parent":0,"menu_order":0,"comment_status":"closed","ping_status":"closed","template":"","meta":{"footnotes":""},"class_list":["post-6827","page","type-page","status-publish","hentry"],"_links":{"self":[{"href":"https:\/\/www1.stiftsgardenrattvik.se\/index.php?rest_route=\/wp\/v2\/pages\/6827","targetHints":{"allow":["GET"]}}],"collection":[{"href":"https:\/\/www1.stiftsgardenrattvik.se\/index.php?rest_route=\/wp\/v2\/pages"}],"about":[{"href":"https:\/\/www1.stiftsgardenrattvik.se\/index.php?rest_route=\/wp\/v2\/types\/page"}],"author":[{"embeddable":true,"href":"https:\/\/www1.stiftsgardenrattvik.se\/index.php?rest_route=\/wp\/v2\/users\/1"}],"replies":[{"embeddable":true,"href":"https:\/\/www1.stiftsgardenrattvik.se\/index.php?rest_route=%2Fwp%2Fv2%2Fcomments&post=6827"}],"version-history":[{"count":11,"href":"https:\/\/www1.stiftsgardenrattvik.se\/index.php?rest_route=\/wp\/v2\/pages\/6827\/revisions"}],"predecessor-version":[{"id":13638,"href":"https:\/\/www1.stiftsgardenrattvik.se\/index.php?rest_route=\/wp\/v2\/pages\/6827\/revisions\/13638"}],"wp:attachment":[{"href":"https:\/\/www1.stiftsgardenrattvik.se\/index.php?rest_route=%2Fwp%2Fv2%2Fmedia&parent=6827"}],"curies":[{"name":"wp","href":"https:\/\/api.w.org\/{rel}","templated":true}]}}