{"id":6868,"date":"2017-12-10T12:22:07","date_gmt":"2017-12-10T11:22:07","guid":{"rendered":"http:\/\/stiftsgardenrattvik.se\/?page_id=6868"},"modified":"2019-03-15T09:56:12","modified_gmt":"2019-03-15T08:56:12","slug":"eget_lager","status":"publish","type":"page","link":"https:\/\/www1.stiftsgardenrattvik.se\/?page_id=6868","title":{"rendered":"L\u00e4ger"},"content":{"rendered":"<p>[av_one_full first min_height=&#8221; vertical_alignment=&#8221; space=&#8221; custom_margin=&#8221; margin=&#8217;0px&#8217; padding=&#8217;0px&#8217; border=&#8221; border_color=&#8221; radius=&#8217;0px&#8217; background_color=&#8221; src=&#8221; background_position=&#8217;top left&#8217; background_repeat=&#8217;no-repeat&#8217; animation=&#8221;]<\/p>\n<p>[av_textblock size=&#8221; font_color=&#8221; color=&#8221;]<\/p>\n<h1 style=\"text-align: center;\">Skapa ert eget l\u00e4ger<\/h1>\n<h3 style=\"text-align: center;\"><em>Med ungdomarna i centrum!<\/em><\/h3>\n<p>[\/av_textblock]<\/p>\n<p>[\/av_one_full][av_one_full first min_height=&#8221; vertical_alignment=&#8221; space=&#8221; custom_margin=&#8221; margin=&#8217;0px&#8217; padding=&#8217;0px&#8217; border=&#8221; border_color=&#8221; radius=&#8217;0px&#8217; background_color=&#8221; src=&#8221; background_position=&#8217;top left&#8217; background_repeat=&#8217;no-repeat&#8217; animation=&#8221;]<br \/>\n[av_image src=&#8217;https:\/\/stiftsgardenrattvik.se\/wp-content\/uploads\/2017\/12\/028_25.jpg&#8217; attachment=&#8217;6942&#8242; attachment_size=&#8217;full&#8217; align=&#8217;center&#8217; styling=&#8221; hover=&#8221; link=&#8221; target=&#8221; caption=&#8221; font_size=&#8221; appearance=&#8221; overlay_opacity=&#8217;0.4&#8242; overlay_color=&#8217;#000000&#8242; overlay_text_color=&#8217;#ffffff&#8217; animation=&#8217;no-animation&#8217;][\/av_image]<br \/>\n[\/av_one_full]<\/p>\n<p>[av_one_full first min_height=&#8221; vertical_alignment=&#8221; space=&#8221; custom_margin=&#8221; margin=&#8217;0px&#8217; padding=&#8217;0px&#8217; border=&#8221; border_color=&#8221; radius=&#8217;0px&#8217; background_color=&#8221; src=&#8221; background_position=&#8217;top left&#8217; background_repeat=&#8217;no-repeat&#8217; animation=&#8221;]<br \/>\n[av_textblock size=&#8221; font_color=&#8221; color=&#8221;]<br \/>\nUngdomar har alltid haft en central roll i Stiftsg\u00e5rdens verksamhet. Idag har vi en v\u00e4l anpassad anl\u00e4ggning med stora gr\u00f6nytor, egen brygga vid Siljans strand, kanoter, v\u00e4lutrustade lokaler och prisv\u00e4rt boende. Vi rymmer flera grupper samtidigt, d\u00e4r alla har egna grupplokaler men \u00e4ter och firar gudstj\u00e4nst tillsammans. Ibland ordnar vi gemensamma aktiviteter f\u00f6r grupper som vistas samtidigt p\u00e5 g\u00e5rden.<\/p>\n<h4>Program<\/h4>\n<div id=\"maincontent\">\n<section class=\"c-article grid grid--one-col is-transparent\">\n<div class=\"article-container grid-container \">\n<article class=\"article-content text-editor-content\">P\u00e5 Stiftsg\u00e5rden har ni m\u00f6jlighet att f\u00e5 hj\u00e4lp med programinneh\u00e5llet p\u00e5 ert l\u00e4ger. Ni kan alltid st\u00e4lla fr\u00e5gor till v\u00e5r erfarna personal som kan ge tips och id\u00e9er p\u00e5 vilka m\u00f6jligheter som finns. Vi tar ocks\u00e5 en personlig kontakt veckan innan l\u00e4gret f\u00f6r att st\u00e4mma av allting med er. F\u00f6rutom kost och logi ing\u00e5r dessutom f\u00f6ljande saker:<\/article>\n<\/div>\n<\/section>\n<\/div>\n<ul>\n<li>Personlig kontakt inf\u00f6r l\u00e4gret med n\u00e5gon av pedagogerna p\u00e5 Stiftsg\u00e5rden<\/li>\n<li>En konferenslokal (tv\u00e5 konferenslokaler vid mer \u00e4n 50 deltagare)<\/li>\n<li>L\u00e4gerv\u00e4rd som har till uppgift att serva er med bl.a:\n<ul>\n<li>Samordning mellan olika grupper<\/li>\n<li>Mottagande och rundvisning<\/li>\n<li>Regel- och s\u00e4kerhetsgenomg\u00e5ng<\/li>\n<li>V\u00e4rdskap i matsal<\/li>\n<li>AV-utrustning<\/li>\n<li>Fritidsmaterial<\/li>\n<li>Modernt utrustad lokal<\/li>\n<li>Ett levande andaktsliv och m\u00e4ssfirande<\/li>\n<li>Vattenf\u00e4rg och papper f\u00f6r skapande<\/li>\n<\/ul>\n<\/li>\n<\/ul>\n<h4>V\u00e4lj ocks\u00e5 mellan n\u00e5gon av f\u00f6ljande programpunkter<\/h4>\n<div id=\"maincontent\">\n<section class=\"c-article grid grid--one-col is-transparent\">\n<div class=\"article-container grid-container \">\n<article class=\"article-content text-editor-content\">\n<ul>\n<li>Samarbetsbana<\/li>\n<li>S\u00e5ngpass<\/li>\n<li>Fritidspass som tex: tipspromenad, innelek, utelek, br\u00e4nnboll, fotboll, sn\u00f6skulpturt\u00e4vling m.m.<\/li>\n<\/ul>\n<h4>Aktiviteter att k\u00f6pa till<\/h4>\n<ul>\n<li>Disco<\/li>\n<li>Enstaka lektionspass (skr\u00e4ddarsytt utifr\u00e5n era \u00f6nskem\u00e5l)<\/li>\n<li>Hela programinneh\u00e5llet (skr\u00e4ddarsytt utifr\u00e5n era \u00f6nskem\u00e5l)<\/li>\n<li>Ledarutbildning f\u00f6r assistenter \/ faddrar<\/li>\n<li>Nattugglor (ledare som bor p\u00e5 l\u00e4ger\u00e5rden med ungdomarna)<\/li>\n<li>Skapande material (f\u00f6rutom vattenf\u00e4rg) s\u00e5 som lera och gips m.m.<\/li>\n<\/ul>\n<h3>H\u00f6r av er till oss om ni vill boka eller f\u00e5 mer information. V\u00e4lkommen till Stiftsg\u00e5rden!<\/h3>\n<\/article>\n<\/div>\n<\/section>\n<\/div>\n<p>[\/av_textblock]<br \/>\n[\/av_one_full]<\/p>\n","protected":false},"excerpt":{"rendered":"<p>[av_one_full first min_height=&#8221; vertical_alignment=&#8221; space=&#8221; custom_margin=&#8221; margin=&#8217;0px&#8217; padding=&#8217;0px&#8217; border=&#8221; border_color=&#8221; radius=&#8217;0px&#8217; background_color=&#8221; src=&#8221; background_position=&#8217;top left&#8217; background_repeat=&#8217;no-repeat&#8217; animation=&#8221;] [av_textblock size=&#8221; font_color=&#8221; color=&#8221;] Skapa ert eget l\u00e4ger Med ungdomarna i centrum! [\/av_textblock] [\/av_one_full][av_one_full first min_height=&#8221; vertical_alignment=&#8221; space=&#8221; custom_margin=&#8221; margin=&#8217;0px&#8217; padding=&#8217;0px&#8217; border=&#8221; border_color=&#8221; radius=&#8217;0px&#8217; background_color=&#8221; src=&#8221; background_position=&#8217;top left&#8217; background_repeat=&#8217;no-repeat&#8217; animation=&#8221;] [av_image src=&#8217;https:\/\/stiftsgardenrattvik.se\/wp-content\/uploads\/2017\/12\/028_25.jpg&#8217; attachment=&#8217;6942&#8242; attachment_size=&#8217;full&#8217; align=&#8217;center&#8217; styling=&#8221; hover=&#8221; link=&#8221; [&hellip;]<\/p>\n","protected":false},"author":1,"featured_media":0,"parent":0,"menu_order":0,"comment_status":"closed","ping_status":"closed","template":"","meta":{"footnotes":""},"class_list":["post-6868","page","type-page","status-publish","hentry"],"_links":{"self":[{"href":"https:\/\/www1.stiftsgardenrattvik.se\/index.php?rest_route=\/wp\/v2\/pages\/6868","targetHints":{"allow":["GET"]}}],"collection":[{"href":"https:\/\/www1.stiftsgardenrattvik.se\/index.php?rest_route=\/wp\/v2\/pages"}],"about":[{"href":"https:\/\/www1.stiftsgardenrattvik.se\/index.php?rest_route=\/wp\/v2\/types\/page"}],"author":[{"embeddable":true,"href":"https:\/\/www1.stiftsgardenrattvik.se\/index.php?rest_route=\/wp\/v2\/users\/1"}],"replies":[{"embeddable":true,"href":"https:\/\/www1.stiftsgardenrattvik.se\/index.php?rest_route=%2Fwp%2Fv2%2Fcomments&post=6868"}],"version-history":[{"count":9,"href":"https:\/\/www1.stiftsgardenrattvik.se\/index.php?rest_route=\/wp\/v2\/pages\/6868\/revisions"}],"predecessor-version":[{"id":8298,"href":"https:\/\/www1.stiftsgardenrattvik.se\/index.php?rest_route=\/wp\/v2\/pages\/6868\/revisions\/8298"}],"wp:attachment":[{"href":"https:\/\/www1.stiftsgardenrattvik.se\/index.php?rest_route=%2Fwp%2Fv2%2Fmedia&parent=6868"}],"curies":[{"name":"wp","href":"https:\/\/api.w.org\/{rel}","templated":true}]}}