{"id":6872,"date":"2017-12-10T12:45:00","date_gmt":"2017-12-10T11:45:00","guid":{"rendered":"http:\/\/stiftsgardenrattvik.se\/?page_id=6872"},"modified":"2018-04-05T08:54:30","modified_gmt":"2018-04-05T06:54:30","slug":"lust-att-skriva","status":"publish","type":"page","link":"https:\/\/www1.stiftsgardenrattvik.se\/?page_id=6872","title":{"rendered":"Lust att skriva"},"content":{"rendered":"<p>[av_one_full first min_height=&#8221; vertical_alignment=&#8221; space=&#8221; custom_margin=&#8221; margin=&#8217;0px&#8217; padding=&#8217;0px&#8217; border=&#8221; border_color=&#8221; radius=&#8217;0px&#8217; background_color=&#8221; src=&#8221; background_position=&#8217;top left&#8217; background_repeat=&#8217;no-repeat&#8217; animation=&#8221;]<\/p>\n<p>[av_textblock size=&#8221; font_color=&#8221; color=&#8221;]<\/p>\n<h1 style=\"text-align: center;\">Lust att skriva<\/h1>\n<h3 style=\"text-align: center;\">1-3 juni 2018<\/h3>\n<p>[\/av_textblock]<\/p>\n<p>[\/av_one_full][av_one_full first min_height=&#8221; vertical_alignment=&#8221; space=&#8221; custom_margin=&#8221; margin=&#8217;0px&#8217; padding=&#8217;0px&#8217; border=&#8221; border_color=&#8221; radius=&#8217;0px&#8217; background_color=&#8221; src=&#8221; background_position=&#8217;top left&#8217; background_repeat=&#8217;no-repeat&#8217; animation=&#8221;]<\/p>\n<p>[av_textblock size=&#8221; font_color=&#8221; color=&#8221;]<br \/>\nSkriver du f\u00f6r skrivbordsl\u00e5dan eller kanske p\u00e5 den stora romanen? Tycker du att det \u00e4r roligt att skriva och vill l\u00e4ra dig mer? D\u00e5 \u00e4r v\u00e5r skrivarkurs &#8220;Lust att skriva&#8221; verkligen n\u00e5got f\u00f6r dig. V\u00e4lkommen till R\u00e4ttvik och Stiftsg\u00e5rden f\u00f6r en inspirerande kurs fullmatad med kreativa \u00f6vningar som lockar fram b\u00e5de skrivarlust och gl\u00e4dje. Bor g\u00f6r du i v\u00e5ra trivsamma g\u00e4strum och k\u00f6ket serverar god mat. Kursen passar b\u00e5de nya och lite mer vana skrivare. Klicka p\u00e5 l\u00e4nken nedan f\u00f6r mer information, priser och tider.<\/p>\n<p><strong>Pris fr\u00e5n 2745 kronor<\/strong><\/p>\n<p>F\u00f6r fr\u00e5gor om kursen kontakta Lotta Lirkas p\u00e5 010-160 80 62 eller <a href=\"mailto:lotta.lirkas@svenskakyrkan.se\">lotta.lirkas@svenskakyrkan.se<\/a>. F\u00f6r bokning kontakta oss p\u00e5 010-160 80 01 eller <a href=\"mailto:bokningen@stiftsgarden.org\">bokningen@stiftsgarden.org<\/a><\/p>\n<p><a href=\"https:\/\/stiftsgardenrattvik.se\/wp-content\/uploads\/2017\/12\/Lust-att-skriva-juni-2018.pdf\">Lust att skriva<\/a><\/p>\n<h3>V\u00e4lkommen!<\/h3>\n<p>[\/av_textblock]<\/p>\n<p>[\/av_one_full][av_one_full first min_height=&#8221; vertical_alignment=&#8221; space=&#8221; custom_margin=&#8221; margin=&#8217;0px&#8217; padding=&#8217;0px&#8217; border=&#8221; border_color=&#8221; radius=&#8217;0px&#8217; background_color=&#8221; src=&#8221; background_position=&#8217;top left&#8217; background_repeat=&#8217;no-repeat&#8217; animation=&#8221;]<br \/>\n[av_image src=&#8217;https:\/\/stiftsgardenrattvik.se\/wp-content\/uploads\/2018\/01\/2015-10-27-13.03.13.jpg&#8217; attachment=&#8217;7099&#8242; attachment_size=&#8217;full&#8217; align=&#8217;center&#8217; styling=&#8221; hover=&#8221; link=&#8221; target=&#8221; caption=&#8221; font_size=&#8221; appearance=&#8221; overlay_opacity=&#8217;0.4&#8242; overlay_color=&#8217;#000000&#8242; overlay_text_color=&#8217;#ffffff&#8217; animation=&#8217;no-animation&#8217;][\/av_image]<br \/>\n[\/av_one_full]<\/p>\n","protected":false},"excerpt":{"rendered":"<p>[av_one_full first min_height=&#8221; vertical_alignment=&#8221; space=&#8221; custom_margin=&#8221; margin=&#8217;0px&#8217; padding=&#8217;0px&#8217; border=&#8221; border_color=&#8221; radius=&#8217;0px&#8217; background_color=&#8221; src=&#8221; background_position=&#8217;top left&#8217; background_repeat=&#8217;no-repeat&#8217; animation=&#8221;] [av_textblock size=&#8221; font_color=&#8221; color=&#8221;] Lust att skriva 1-3 juni 2018 [\/av_textblock] [\/av_one_full][av_one_full first min_height=&#8221; vertical_alignment=&#8221; space=&#8221; custom_margin=&#8221; margin=&#8217;0px&#8217; padding=&#8217;0px&#8217; border=&#8221; border_color=&#8221; radius=&#8217;0px&#8217; background_color=&#8221; src=&#8221; background_position=&#8217;top left&#8217; background_repeat=&#8217;no-repeat&#8217; animation=&#8221;] [av_textblock size=&#8221; font_color=&#8221; color=&#8221;] Skriver du f\u00f6r skrivbordsl\u00e5dan eller kanske [&hellip;]<\/p>\n","protected":false},"author":1,"featured_media":0,"parent":0,"menu_order":0,"comment_status":"closed","ping_status":"closed","template":"","meta":{"footnotes":""},"class_list":["post-6872","page","type-page","status-publish","hentry"],"_links":{"self":[{"href":"https:\/\/www1.stiftsgardenrattvik.se\/index.php?rest_route=\/wp\/v2\/pages\/6872","targetHints":{"allow":["GET"]}}],"collection":[{"href":"https:\/\/www1.stiftsgardenrattvik.se\/index.php?rest_route=\/wp\/v2\/pages"}],"about":[{"href":"https:\/\/www1.stiftsgardenrattvik.se\/index.php?rest_route=\/wp\/v2\/types\/page"}],"author":[{"embeddable":true,"href":"https:\/\/www1.stiftsgardenrattvik.se\/index.php?rest_route=\/wp\/v2\/users\/1"}],"replies":[{"embeddable":true,"href":"https:\/\/www1.stiftsgardenrattvik.se\/index.php?rest_route=%2Fwp%2Fv2%2Fcomments&post=6872"}],"version-history":[{"count":8,"href":"https:\/\/www1.stiftsgardenrattvik.se\/index.php?rest_route=\/wp\/v2\/pages\/6872\/revisions"}],"predecessor-version":[{"id":7482,"href":"https:\/\/www1.stiftsgardenrattvik.se\/index.php?rest_route=\/wp\/v2\/pages\/6872\/revisions\/7482"}],"wp:attachment":[{"href":"https:\/\/www1.stiftsgardenrattvik.se\/index.php?rest_route=%2Fwp%2Fv2%2Fmedia&parent=6872"}],"curies":[{"name":"wp","href":"https:\/\/api.w.org\/{rel}","templated":true}]}}