{"id":7155,"date":"2018-01-31T11:36:37","date_gmt":"2018-01-31T10:36:37","guid":{"rendered":"https:\/\/stiftsgardenrattvik.se\/?page_id=7155"},"modified":"2018-01-31T11:37:06","modified_gmt":"2018-01-31T10:37:06","slug":"hemma-i-heliga-rum","status":"publish","type":"page","link":"https:\/\/www1.stiftsgardenrattvik.se\/?page_id=7155","title":{"rendered":"Hemma i heliga rum"},"content":{"rendered":"<p>[av_one_full first min_height=&#8221; vertical_alignment=&#8221; space=&#8221; custom_margin=&#8221; margin=&#8217;0px&#8217; padding=&#8217;0px&#8217; border=&#8221; border_color=&#8221; radius=&#8217;0px&#8217; background_color=&#8221; src=&#8221; background_position=&#8217;top left&#8217; background_repeat=&#8217;no-repeat&#8217; animation=&#8221;]<\/p>\n<p>[av_textblock size=&#8221; font_color=&#8221; color=&#8221;]<\/p>\n<h1 style=\"text-align: center;\">Hemma i heliga rum<\/h1>\n<h3 style=\"text-align: center;\">Kurs f\u00f6r kyrkv\u00e4ktare, 20-22 mars 2018<\/h3>\n<p>[\/av_textblock]<\/p>\n<p>[\/av_one_full][av_one_full first min_height=&#8221; vertical_alignment=&#8221; space=&#8221; custom_margin=&#8221; margin=&#8217;0px&#8217; padding=&#8217;0px&#8217; border=&#8221; border_color=&#8221; radius=&#8217;0px&#8217; background_color=&#8221; src=&#8221; background_position=&#8217;top left&#8217; background_repeat=&#8217;no-repeat&#8217; animation=&#8221;]<\/p>\n<p>[av_textblock size=&#8221; font_color=&#8221; color=&#8221;]<br \/>\nStiftsg\u00e5rdens kurs <em>Kyrkv\u00e4ktaren i centrum<\/em>, som vi haft i ett flertal \u00e5r, har bytt namn till <em>Hemma i heliga rum<\/em> men har samma inneh\u00e5ll som tidigare. F\u00f6rel\u00e4sningar varvas med samtal om rollen som kyrkv\u00e4ktare, om kyrkans tro och tradition, om m\u00f6te med m\u00e4nniskor i sorg och gl\u00e4dje, om tj\u00e4nst i heligt rum och om att m\u00f6ta m\u00e4nniskors livsfr\u00e5gor. V\u00e4lkommen att inspireras och v\u00e4xa i denna del av kyrkv\u00e4ktarens tj\u00e4nst i kyrkan!<\/p>\n<p>L\u00e4s mer om kursen h\u00e4r: <a href=\"https:\/\/stiftsgardenrattvik.se\/wp-content\/uploads\/2018\/01\/Hemma-i-heliga-rum.pdf\">Hemma i heliga rum<\/a><br \/>\nF\u00f6r att boka kontakta bokningen p\u00e5 <a href=\"mailto:bokningen@stiftsgarden.org\">bokningen@stiftsgarden.org<\/a> eller 010-160 80 01.<\/p>\n<h3><em>V\u00e4lkommen!<\/em><\/h3>\n<p>[\/av_textblock]<\/p>\n<p>[\/av_one_full][av_one_full first min_height=&#8221; vertical_alignment=&#8221; space=&#8221; custom_margin=&#8221; margin=&#8217;0px&#8217; padding=&#8217;0px&#8217; border=&#8221; border_color=&#8221; radius=&#8217;0px&#8217; background_color=&#8221; src=&#8221; background_position=&#8217;top left&#8217; background_repeat=&#8217;no-repeat&#8217; animation=&#8221;]<\/p>\n<p>[av_image src=&#8217;https:\/\/stiftsgardenrattvik.se\/wp-content\/uploads\/2018\/01\/\u00a9Magnus-Aronson_DSC7877.jpg&#8217; attachment=&#8217;7158&#8242; attachment_size=&#8217;full&#8217; align=&#8217;center&#8217; styling=&#8221; hover=&#8221; link=&#8221; target=&#8221; caption=&#8221; font_size=&#8221; appearance=&#8221; overlay_opacity=&#8217;0.4&#8242; overlay_color=&#8217;#000000&#8242; overlay_text_color=&#8217;#ffffff&#8217; animation=&#8217;no-animation&#8217;][\/av_image]<\/p>\n<p>[\/av_one_full]<\/p>\n","protected":false},"excerpt":{"rendered":"<p>[av_one_full first min_height=&#8221; vertical_alignment=&#8221; space=&#8221; custom_margin=&#8221; margin=&#8217;0px&#8217; padding=&#8217;0px&#8217; border=&#8221; border_color=&#8221; radius=&#8217;0px&#8217; background_color=&#8221; src=&#8221; background_position=&#8217;top left&#8217; background_repeat=&#8217;no-repeat&#8217; animation=&#8221;] [av_textblock size=&#8221; font_color=&#8221; color=&#8221;] Hemma i heliga rum Kurs f\u00f6r kyrkv\u00e4ktare, 20-22 mars 2018 [\/av_textblock] [\/av_one_full][av_one_full first min_height=&#8221; vertical_alignment=&#8221; space=&#8221; custom_margin=&#8221; margin=&#8217;0px&#8217; padding=&#8217;0px&#8217; border=&#8221; border_color=&#8221; radius=&#8217;0px&#8217; background_color=&#8221; src=&#8221; background_position=&#8217;top left&#8217; background_repeat=&#8217;no-repeat&#8217; animation=&#8221;] [av_textblock size=&#8221; font_color=&#8221; color=&#8221;] Stiftsg\u00e5rdens kurs [&hellip;]<\/p>\n","protected":false},"author":1,"featured_media":0,"parent":0,"menu_order":0,"comment_status":"closed","ping_status":"closed","template":"","meta":{"footnotes":""},"class_list":["post-7155","page","type-page","status-publish","hentry"],"_links":{"self":[{"href":"https:\/\/www1.stiftsgardenrattvik.se\/index.php?rest_route=\/wp\/v2\/pages\/7155","targetHints":{"allow":["GET"]}}],"collection":[{"href":"https:\/\/www1.stiftsgardenrattvik.se\/index.php?rest_route=\/wp\/v2\/pages"}],"about":[{"href":"https:\/\/www1.stiftsgardenrattvik.se\/index.php?rest_route=\/wp\/v2\/types\/page"}],"author":[{"embeddable":true,"href":"https:\/\/www1.stiftsgardenrattvik.se\/index.php?rest_route=\/wp\/v2\/users\/1"}],"replies":[{"embeddable":true,"href":"https:\/\/www1.stiftsgardenrattvik.se\/index.php?rest_route=%2Fwp%2Fv2%2Fcomments&post=7155"}],"version-history":[{"count":3,"href":"https:\/\/www1.stiftsgardenrattvik.se\/index.php?rest_route=\/wp\/v2\/pages\/7155\/revisions"}],"predecessor-version":[{"id":7160,"href":"https:\/\/www1.stiftsgardenrattvik.se\/index.php?rest_route=\/wp\/v2\/pages\/7155\/revisions\/7160"}],"wp:attachment":[{"href":"https:\/\/www1.stiftsgardenrattvik.se\/index.php?rest_route=%2Fwp%2Fv2%2Fmedia&parent=7155"}],"curies":[{"name":"wp","href":"https:\/\/api.w.org\/{rel}","templated":true}]}}