{"id":7167,"date":"2018-01-31T13:48:54","date_gmt":"2018-01-31T12:48:54","guid":{"rendered":"https:\/\/stiftsgardenrattvik.se\/?page_id=7167"},"modified":"2021-04-12T11:04:34","modified_gmt":"2021-04-12T09:04:34","slug":"kyrkvard-i-guds-tjanst-vt20","status":"publish","type":"page","link":"https:\/\/www1.stiftsgardenrattvik.se\/?page_id=7167","title":{"rendered":"Kyrkv\u00e4rd i Guds tj\u00e4nst"},"content":{"rendered":"<p>[av_one_full first min_height=&#8221; vertical_alignment=&#8221; space=&#8221; custom_margin=&#8221; margin=&#8217;0px&#8217; padding=&#8217;0px&#8217; border=&#8221; border_color=&#8221; radius=&#8217;0px&#8217; background_color=&#8221; src=&#8221; background_position=&#8217;top left&#8217; background_repeat=&#8217;no-repeat&#8217; animation=&#8221;]<\/p>\n<p>[av_textblock size=&#8221; font_color=&#8217;custom&#8217; color=&#8217;#000000&#8242;]<\/p>\n<h1 style=\"text-align: center;\">Kyrkv\u00e4rd i guds tj\u00e4nst<\/h1>\n<h3 style=\"text-align: center;\">INST\u00c4LLD<\/h3>\n<p>[\/av_textblock]<\/p>\n<p>[\/av_one_full][av_one_full first min_height=&#8221; vertical_alignment=&#8221; space=&#8221; custom_margin=&#8221; margin=&#8217;0px&#8217; padding=&#8217;0px&#8217; border=&#8221; border_color=&#8221; radius=&#8217;0px&#8217; background_color=&#8221; src=&#8221; background_position=&#8217;top left&#8217; background_repeat=&#8217;no-repeat&#8217; animation=&#8221;]<\/p>\n<p>[av_textblock size=&#8221; font_color=&#8221; color=&#8221;]<br \/>\nAtt vara kyrkv\u00e4rd \u00e4r ett urgammalt uppdrag i den kristna kyrkan. I v\u00e5r Svenska kyrka \u00e4r det ett av v\u00e5ra viktigaste f\u00f6rtroendeuppdrag. En del i uppgiften har f\u00f6r\u00e4ndrats \u00f6ver tid. Somligt har tagits bort medan annat har tillkommit. Samtidigt \u00e4r kyrkv\u00e4rden i m\u00e5ngt och mycket representant f\u00f6r f\u00f6rsamlingen.<\/p>\n<p>Mer <strong>info<\/strong> om kursen hittar du h\u00e4r: <a href=\"https:\/\/stiftsgardenrattvik.se\/wp-content\/uploads\/2021\/03\/Kyrkvard-i-guds-tjanst-folder.pdf\">Kyrkv\u00e4rd i guds tj\u00e4nst, folder<\/a><br \/>\nF\u00f6r <strong>fr\u00e5gor<\/strong> \u00e4r du v\u00e4lkommen att kontakta oss p\u00e5 <a href=\"mailto:bokningen@stiftsgardenrattvik.se\">bokningen@stiftsgardenrattvik.se<\/a> eller 010-160 80 01.<br \/>\n[\/av_textblock]<\/p>\n<p>[\/av_one_full][av_one_full first min_height=&#8221; vertical_alignment=&#8221; space=&#8221; custom_margin=&#8221; margin=&#8217;0px&#8217; padding=&#8217;0px&#8217; border=&#8221; border_color=&#8221; radius=&#8217;0px&#8217; background_color=&#8221; src=&#8221; background_position=&#8217;top left&#8217; background_repeat=&#8217;no-repeat&#8217; animation=&#8221;]<br \/>\n[av_image src=&#8217;https:\/\/stiftsgardenrattvik.se\/wp-content\/uploads\/2019\/12\/kyrkv\u00e4rd.jpg&#8217; attachment=&#8217;9206&#8242; attachment_size=&#8217;full&#8217; align=&#8217;center&#8217; styling=&#8221; hover=&#8221; link=&#8221; target=&#8221; caption=&#8221; font_size=&#8221; appearance=&#8221; overlay_opacity=&#8217;0.4&#8242; overlay_color=&#8217;#000000&#8242; overlay_text_color=&#8217;#ffffff&#8217; animation=&#8217;no-animation&#8217;][\/av_image]<br \/>\n[\/av_one_full]<\/p>\n","protected":false},"excerpt":{"rendered":"<p>[av_one_full first min_height=&#8221; vertical_alignment=&#8221; space=&#8221; custom_margin=&#8221; margin=&#8217;0px&#8217; padding=&#8217;0px&#8217; border=&#8221; border_color=&#8221; radius=&#8217;0px&#8217; background_color=&#8221; src=&#8221; background_position=&#8217;top left&#8217; background_repeat=&#8217;no-repeat&#8217; animation=&#8221;] [av_textblock size=&#8221; font_color=&#8217;custom&#8217; color=&#8217;#000000&#8242;] Kyrkv\u00e4rd i guds tj\u00e4nst INST\u00c4LLD [\/av_textblock] [\/av_one_full][av_one_full first min_height=&#8221; vertical_alignment=&#8221; space=&#8221; custom_margin=&#8221; margin=&#8217;0px&#8217; padding=&#8217;0px&#8217; border=&#8221; border_color=&#8221; radius=&#8217;0px&#8217; background_color=&#8221; src=&#8221; background_position=&#8217;top left&#8217; background_repeat=&#8217;no-repeat&#8217; animation=&#8221;] [av_textblock size=&#8221; font_color=&#8221; color=&#8221;] Att vara kyrkv\u00e4rd \u00e4r ett urgammalt uppdrag [&hellip;]<\/p>\n","protected":false},"author":1,"featured_media":0,"parent":0,"menu_order":0,"comment_status":"closed","ping_status":"closed","template":"","meta":{"footnotes":""},"class_list":["post-7167","page","type-page","status-publish","hentry"],"_links":{"self":[{"href":"https:\/\/www1.stiftsgardenrattvik.se\/index.php?rest_route=\/wp\/v2\/pages\/7167","targetHints":{"allow":["GET"]}}],"collection":[{"href":"https:\/\/www1.stiftsgardenrattvik.se\/index.php?rest_route=\/wp\/v2\/pages"}],"about":[{"href":"https:\/\/www1.stiftsgardenrattvik.se\/index.php?rest_route=\/wp\/v2\/types\/page"}],"author":[{"embeddable":true,"href":"https:\/\/www1.stiftsgardenrattvik.se\/index.php?rest_route=\/wp\/v2\/users\/1"}],"replies":[{"embeddable":true,"href":"https:\/\/www1.stiftsgardenrattvik.se\/index.php?rest_route=%2Fwp%2Fv2%2Fcomments&post=7167"}],"version-history":[{"count":21,"href":"https:\/\/www1.stiftsgardenrattvik.se\/index.php?rest_route=\/wp\/v2\/pages\/7167\/revisions"}],"predecessor-version":[{"id":10882,"href":"https:\/\/www1.stiftsgardenrattvik.se\/index.php?rest_route=\/wp\/v2\/pages\/7167\/revisions\/10882"}],"wp:attachment":[{"href":"https:\/\/www1.stiftsgardenrattvik.se\/index.php?rest_route=%2Fwp%2Fv2%2Fmedia&parent=7167"}],"curies":[{"name":"wp","href":"https:\/\/api.w.org\/{rel}","templated":true}]}}