{"id":7313,"date":"2018-02-19T14:19:33","date_gmt":"2018-02-19T13:19:33","guid":{"rendered":"https:\/\/stiftsgardenrattvik.se\/?page_id=7313"},"modified":"2025-02-20T16:04:11","modified_gmt":"2025-02-20T15:04:11","slug":"vasaloppsinfo","status":"publish","type":"page","link":"https:\/\/www1.stiftsgardenrattvik.se\/?page_id=7313","title":{"rendered":"Vasaloppsinfo"},"content":{"rendered":"<p>[av_one_full first min_height=&#8221; vertical_alignment=&#8221; space=&#8221; custom_margin=&#8221; margin=&#8217;0px&#8217; padding=&#8217;0px&#8217; border=&#8221; border_color=&#8221; radius=&#8217;0px&#8217; background_color=&#8221; src=&#8221; background_position=&#8217;top left&#8217; background_repeat=&#8217;no-repeat&#8217; animation=&#8221; av_uid=&#8217;av-aa8zlt&#8217;]<br \/>\n[av_textblock textblock_styling_align=&#8221; textblock_styling=&#8221; textblock_styling_gap=&#8221; textblock_styling_mobile=&#8221; size=&#8221; av-desktop-font-size=&#8221; av-medium-font-size=&#8221; av-small-font-size=&#8221; av-mini-font-size=&#8221; font_color=&#8221; color=&#8221; id=&#8221; custom_class=&#8221; template_class=&#8221; av_uid=&#8217;av-992old&#8217; sc_version=&#8217;1.0&#8242; admin_preview_bg=&#8221;]<\/p>\n<h1 style=\"text-align: center;\">Viktig Vasaloppsinformation<\/h1>\n<h2 style=\"text-align: center;\">21 februari &#8211; 2 mars 2025<\/h2>\n<h3 style=\"text-align: center;\"><em>V\u00e4lkommen till Stiftsg\u00e5rden och en upplevelse ut\u00f6ver det vanliga!<\/em><\/h3>\n<p style=\"text-align: center;\">\n<p>[\/av_textblock]<br \/>\n[\/av_one_full]<\/p>\n<p>[av_one_full first min_height=&#8221; vertical_alignment=&#8221; space=&#8221; custom_margin=&#8221; margin=&#8217;0px&#8217; padding=&#8217;0px&#8217; border=&#8221; border_color=&#8221; radius=&#8217;0px&#8217; background_color=&#8221; src=&#8221; background_position=&#8217;top left&#8217; background_repeat=&#8217;no-repeat&#8217; animation=&#8221; av_uid=&#8217;av-7f3fc1&#8242;]<\/p>\n<p>[av_textblock textblock_styling_align=&#8221; textblock_styling=&#8221; textblock_styling_gap=&#8221; textblock_styling_mobile=&#8221; size=&#8221; av-desktop-font-size=&#8221; av-medium-font-size=&#8221; av-small-font-size=&#8221; av-mini-font-size=&#8221; font_color=&#8221; color=&#8221; id=&#8221; custom_class=&#8221; template_class=&#8221; av_uid=&#8217;av-6gsfgh&#8217; sc_version=&#8217;1.0&#8242; admin_preview_bg=&#8221;]<br \/>\nV\u00e5r f\u00f6rhoppning \u00e4r att vi skall kunna ge er b\u00e4sta m\u00f6jliga f\u00f6ruts\u00e4ttning f\u00f6r att genomf\u00f6ra ert skidlopp p\u00e5 ett bra s\u00e4tt. Vi vet att information \u00e4r viktigt och grunden till att ni ska kunna k\u00e4nna er trygga. D\u00e4rf\u00f6r har vi satt ihop en del viktig information i detta blad.<\/p>\n<p><strong>Nummerlappsh\u00e4mtning<\/strong><\/p>\n<p>F\u00f6r att kunna h\u00e4mta ut Era nummerlappar m\u00e5ste ni <strong>senast den 30 januari <\/strong>meddela bokningen f\u00f6ljande:<\/p>\n<p><strong>Namn mobilnummer och Vasa-ID p\u00e5 samtliga i Er bokning. <\/strong>Maila uppgifterna till <a href=\"mailto:bokningen@stiftsgardenrattvik.se\"><strong>bokningen@stiftsgardenrattvik.se<\/strong><\/a> f\u00f6r att underl\u00e4tta administrationen uppge g\u00e4rna <strong>Ert bokningsnummer samt vilket lopp<\/strong>.<\/p>\n<p><strong>Vid incheckning<\/strong><\/p>\n<p>Vid ankomst f\u00e5r ni h\u00e4mta Er nummerlapp i Leksandsrummet intill receptionen. G\u00e5 sedan till receptionen d\u00e4r vi prickar av och dubbelkollar att ni f\u00e5tt r\u00e4tt nummerlapp. <strong>Om det skulle vara n\u00e5gra problem med n\u00e5gon nummerlapp, fel namn, nummer etc. s\u00e5 kan man l\u00f6sa det vid starten. <\/strong>Lakan och handdukar ing\u00e5r f\u00f6r <u>alla<\/u> oavsett boende.<\/p>\n<p><strong>Matservering under Vasaloppsveckan<\/strong><\/p>\n<p><strong>Frukost<\/strong> serveras med <u>start<\/u> enligt f\u00f6ljande i matsalen<strong> Gl\u00e4ntan (lilla matsalen)<\/strong><\/p>\n<ul>\n<li>21\/2 05.00 Vasaloppet 30<\/li>\n<li>22\/2 05.00 Tjejvasan<\/li>\n<li>23\/2 02.00 \u00d6ppet sp\u00e5r s\u00f6ndag<\/li>\n<li>24\/2 02.00 \u00d6ppet sp\u00e5r m\u00e5ndag<\/li>\n<li>25\/2 05.00 Vasaloppet 45<\/li>\n<li>2\/3 02.00 Vasaloppet<em>\u00a0\u00a0 <\/em><\/li>\n<li>3\/3 06.00 Dagen efter Vasaloppet<\/li>\n<\/ul>\n<p>Ta g\u00e4rna med en egen termos s\u00e5 ni kan ta med er n\u00e5got varmt att dricka innan starten.<\/p>\n<p><strong>Middag <\/strong>serveras kl.18.00-21.00, <u>vi ser till att alla f\u00e5r mat i sig innan l\u00e4ggdags.<\/u><\/p>\n<p>De som kommer efter 21.00 finner sin middagstallrik i kylen i Stora matsalen \u00c4ngen. Mikro finns att tillg\u00e5.<\/p>\n<p><strong>Skidvallning tillval 3 olika paket:<\/strong><\/p>\n<p>Glid- och f\u00e4stvallning\u00a0\u00a0\u00a0\u00a0\u00a0\u00a0\u00a0\u00a0\u00a0\u00a0\u00a0\u00a0\u00a0\u00a0\u00a0\u00a0\u00a0\u00a0\u00a0\u00a0\u00a0\u00a0\u00a0\u00a0\u00a0\u00a0\u00a0\u00a0\u00a0\u00a0\u00a0\u00a0\u00a0\u00a0\u00a0 485kr<\/p>\n<p>Glid + behandling av skins\u00a0\u00a0\u00a0\u00a0\u00a0\u00a0\u00a0\u00a0\u00a0\u00a0\u00a0\u00a0\u00a0\u00a0\u00a0\u00a0\u00a0\u00a0\u00a0\u00a0\u00a0\u00a0\u00a0\u00a0\u00a0 415kr<\/p>\n<p>Enbart glidvallning\u00a0\u00a0\u00a0\u00a0\u00a0\u00a0\u00a0\u00a0\u00a0\u00a0\u00a0\u00a0\u00a0\u00a0\u00a0\u00a0\u00a0\u00a0\u00a0\u00a0\u00a0\u00a0\u00a0\u00a0\u00a0\u00a0\u00a0\u00a0\u00a0\u00a0\u00a0\u00a0\u00a0\u00a0\u00a0\u00a0\u00a0\u00a0\u00a0\u00a0 350kr<\/p>\n<p>G\u00e4ster som vill best\u00e4lla vallning mejla <strong>senast den 14 februari <\/strong>till <a href=\"mailto:bokningen@stiftsgardenrattvik.se\"><strong>bokningen@stiftsgardenrattvik.se<\/strong><\/a><\/p>\n<p>Skidorna l\u00e4mnas in i Vita l\u00e4gerg\u00e5rden, f\u00f6lj marschallerna som utg\u00e5r fr\u00e5n g\u00e4strumsflyglarna.<\/p>\n<p><strong>Inl\u00e4mning av skidor ska ske mellan kl. 17.00\u201319.00. <\/strong>Det \u00e4r skidklubben IK Jarl som vallar Era skidor.<\/p>\n<p>Era skidor <strong>ska vara rena<\/strong> n\u00e4r ni l\u00e4mnar in dem och ni ska ha satt fast klisterlapparna (ligger i ert startnummerkuvert) med namn och ev. starttid innan ni l\u00e4mnar in dem, <strong>detta g\u00e4ller som betalning<\/strong>.<\/p>\n<p><strong>Saknas lapparna blir skidorna inte vallade.<\/strong> V\u00e5ra vallare har hela tiden kontroll \u00f6ver vilken valla som skall g\u00e4lla f\u00f6r morgondagen och ert lopp. Vallning sker allt eftersom skidorna kommer in vilket betyder att ni kan h\u00e4mta dem lite senare p\u00e5 kv\u00e4llen.<\/p>\n<p><strong>Valla sj\u00e4lv<\/strong><\/p>\n<p>Ni som vill valla sj\u00e4lva f\u00e5r valla i Norra g\u00e4strumsflygelns (rumsnummer 40-50) k\u00e4llare.<\/p>\n<p>G\u00e5 l\u00e4ngst bort p\u00e5 entr\u00e9plan och ned i k\u00e4llaren. D\u00e4r finns en del vallningsutrustning som ni f\u00e5r l\u00e5na.<\/p>\n<p><strong>Busstransport<\/strong><\/p>\n<ul>\n<li>Information om busstider hittar ni p\u00e5 anslagstavlan i Leksandsrummet intill receptionen.<\/li>\n<li><strong><u>Vi ber Er respektera dessa tider d\u00e5 vi i v\u00e5r<\/u><\/strong><u> <strong>tur best\u00e4llt plats f\u00f6r ER i en speciell buss<\/strong><\/u><strong>, <\/strong>bussen avg\u00e5r fr\u00e5n huvudentr\u00e9n. Den tid som anges f\u00f6r Er \u00e4r den tid d\u00e5 <strong><u>bussen \u00e5ker<\/u><\/strong><u>, <strong>allts\u00e5 en avresetid<\/strong><\/u><strong>.<\/strong><strong><em>Ni ska vara p\u00e5 plats 15 min f\u00f6re avg\u00e5ng.<\/em><\/strong><\/li>\n<\/ul>\n<ul>\n<li>Bussen kommer att k\u00f6ra fram till starten och vara kvar vid starten tills samtliga \u00e5kare har kommit iv\u00e4g, ni kan <strong>INTE<\/strong> l\u00e4mna kvar n\u00e5got i bussen.<\/li>\n<li>Hemresa sker i omg\u00e5ngar allt eftersom \u00e5kare g\u00e5r i m\u00e5l, v\u00e4rmebussen finns placerad p\u00e5 andra sidan bron vid bilprovningen i Mora.<\/li>\n<li>I den information ni f\u00e5tt fr\u00e5n Vasaloppet finner ni hur ni g\u00e5r tillv\u00e4ga med Era ombyteskl\u00e4der och ev. packning. <strong>Vi rekommenderar Er att ta med ombyteskl\u00e4der och n\u00e5got att \u00e4ta.<\/strong><\/li>\n<li>Telefonnr till bussen <strong>070-555 72 54<\/strong> Stiftsg\u00e5rdens journummer \u00e4r <strong>076-940 80 10<\/strong>.<\/li>\n<\/ul>\n<p><strong>F\u00f6r allas b\u00e4sta kr\u00e4ver busschauff\u00f6rerna att ni l\u00e4gger era skidor och stavar i ett skidfodral.<\/strong><\/p>\n<p><strong>Om ni <u>INTE<\/u> kommer att \u00e5ka med bussen tillbaka till Stiftsg\u00e5rden s\u00e5 <u>M\u00c5STE<\/u> ni meddela Stiftsg\u00e5rden eller busschauff\u00f6ren detta!<\/strong><\/p>\n<p><strong>Bastu<\/strong><\/p>\n<p>Det finns m\u00f6jlighet att basta n\u00e4r ni kommer hem fr\u00e5n Ert lopp. Om ni \u00f6nskar detta s\u00e5 finns bastun i k\u00e4llaren i Norra g\u00e4strumsflygeln (rumsnummer 40-50).<\/p>\n<p><strong>Ni som bor en natt m\u00e5ste checka ut innan ni \u00e5ker iv\u00e4g till start<\/strong>.<\/p>\n<p>Vi st\u00e4ller fram en korg p\u00e5 receptionsdisken d\u00e4r ni kan l\u00e4gga nycklarna.<br \/>\nBagagerum finns p\u00e5 entr\u00e9plan i v\u00e4stra flygeln (rumsnummer 10-30), lekrummet.<\/p>\n<p><em>Stiftsg\u00e5rdens personal \u00f6nskar Er lycka till i sp\u00e5ret och hoppas <\/em><\/p>\n<p><em>Er vistelse hos oss skall bli minnesv\u00e4rd!<\/em><br \/>\n[\/av_textblock]<\/p>\n<p>[\/av_one_full][av_one_full first min_height=&#8221; vertical_alignment=&#8217;av-align-top&#8217; space=&#8221; row_boxshadow=&#8221; row_boxshadow_width=&#8217;10&#8217; row_boxshadow_color=&#8221; custom_margin=&#8221; margin=&#8217;0px&#8217; av-desktop-margin=&#8221; av-medium-margin=&#8221; av-small-margin=&#8221; av-mini-margin=&#8221; mobile_breaking=&#8221; mobile_column_order=&#8221; border=&#8221; border_style=&#8217;solid&#8217; border_color=&#8221; radius=&#8221; min_col_height=&#8221; padding=&#8221; av-desktop-padding=&#8221; av-medium-padding=&#8221; av-small-padding=&#8221; av-mini-padding=&#8221; svg_div_top=&#8221; svg_div_top_color=&#8217;#333333&#8242; svg_div_top_width=&#8217;100&#8242; svg_div_top_height=&#8217;50&#8217; svg_div_top_max_height=&#8217;none&#8217; svg_div_top_flip=&#8221; svg_div_top_invert=&#8221; svg_div_top_front=&#8221; svg_div_top_opacity=&#8221; svg_div_top_preview=&#8221; svg_div_bottom=&#8221; svg_div_bottom_color=&#8217;#333333&#8242; svg_div_bottom_width=&#8217;100&#8242; svg_div_bottom_height=&#8217;50&#8217; svg_div_bottom_max_height=&#8217;none&#8217; svg_div_bottom_flip=&#8221; svg_div_bottom_invert=&#8221; svg_div_bottom_front=&#8221; svg_div_bottom_opacity=&#8221; svg_div_bottom_preview=&#8221; column_boxshadow=&#8221; column_boxshadow_width=&#8217;10&#8217; column_boxshadow_color=&#8221; background=&#8217;bg_color&#8217; background_color=&#8221; background_gradient_direction=&#8217;vertical&#8217; background_gradient_color1=&#8217;#000000&#8242; background_gradient_color2=&#8217;#ffffff&#8217; background_gradient_color3=&#8221; src=&#8221; background_position=&#8217;top left&#8217; background_repeat=&#8217;no-repeat&#8217; highlight=&#8221; highlight_size=&#8221; animation=&#8221; animation_duration=&#8221; animation_custom_bg_color=&#8221; animation_z_index_curtain=&#8217;100&#8242; parallax_parallax=&#8221; parallax_parallax_speed=&#8221; av-desktop-parallax_parallax=&#8221; av-desktop-parallax_parallax_speed=&#8221; av-medium-parallax_parallax=&#8221; av-medium-parallax_parallax_speed=&#8221; av-small-parallax_parallax=&#8221; av-small-parallax_parallax_speed=&#8221; av-mini-parallax_parallax=&#8221; av-mini-parallax_parallax_speed=&#8221; css_position=&#8221; css_position_location=&#8221; css_position_z_index=&#8221; av-desktop-css_position=&#8221; av-desktop-css_position_location=&#8221; av-desktop-css_position_z_index=&#8221; av-medium-css_position=&#8221; av-medium-css_position_location=&#8221; av-medium-css_position_z_index=&#8221; av-small-css_position=&#8221; av-small-css_position_location=&#8221; av-small-css_position_z_index=&#8221; av-mini-css_position=&#8221; av-mini-css_position_location=&#8221; av-mini-css_position_z_index=&#8221; link=&#8221; linktarget=&#8221; link_hover=&#8221; title_attr=&#8221; alt_attr=&#8221; mobile_display=&#8221; mobile_col_pos=&#8217;0&#8242; id=&#8221; custom_class=&#8221; template_class=&#8221; aria_label=&#8221; av_uid=&#8217;av-26cdf5&#8242; sc_version=&#8217;1.0&#8242;]<br \/>\n[av_image src=&#8217;https:\/\/stiftsgardenrattvik.se\/wp-content\/uploads\/2024\/02\/Karta.jpg&#8217; attachment=&#8217;14110&#8242; attachment_size=&#8217;full&#8217; copyright=&#8221; caption=&#8221; image_size=&#8221; styling=&#8221; box_shadow=&#8217;none&#8217; box_shadow_width=&#8217;10&#8217; box_shadow_color=&#8221; align=&#8217;center&#8217; font_size=&#8221; overlay_opacity=&#8217;0.4&#8242; overlay_color=&#8217;#000000&#8242; overlay_text_color=&#8217;#ffffff&#8217; animation=&#8217;no-animation&#8217; animation_duration=&#8221; animation_custom_bg_color=&#8221; animation_z_index_curtain=&#8217;100&#8242; parallax_parallax=&#8221; parallax_parallax_speed=&#8221; av-desktop-parallax_parallax=&#8221; av-desktop-parallax_parallax_speed=&#8221; av-medium-parallax_parallax=&#8221; av-medium-parallax_parallax_speed=&#8221; av-small-parallax_parallax=&#8221; av-small-parallax_parallax_speed=&#8221; av-mini-parallax_parallax=&#8221; av-mini-parallax_parallax_speed=&#8221; hover=&#8221; blur_image=&#8221; grayscale_image=&#8221; fade_image=&#8221; appearance=&#8221; css_position=&#8221; css_position_location=&#8217;,,,&#8217; css_position_z_index=&#8221; av-desktop-css_position=&#8221; av-desktop-css_position_location=&#8217;,,,&#8217; av-desktop-css_position_z_index=&#8221; av-medium-css_position=&#8221; av-medium-css_position_location=&#8217;,,,&#8217; av-medium-css_position_z_index=&#8221; av-small-css_position=&#8221; av-small-css_position_location=&#8217;,,,&#8217; av-small-css_position_z_index=&#8221; av-mini-css_position=&#8221; av-mini-css_position_location=&#8217;,,,&#8217; av-mini-css_position_z_index=&#8221; transform_perspective=&#8221; transform_rotation=&#8217;,,,&#8217; transform_scale=&#8217;,,&#8217; transform_skew=&#8217;,&#8217; transform_translate=&#8217;,,&#8217; av-desktop-transform_perspective=&#8221; av-desktop-transform_rotation=&#8217;,,,&#8217; av-desktop-transform_scale=&#8217;,,&#8217; av-desktop-transform_skew=&#8217;,&#8217; av-desktop-transform_translate=&#8217;,,&#8217; av-medium-transform_perspective=&#8221; av-medium-transform_rotation=&#8217;,,,&#8217; av-medium-transform_scale=&#8217;,,&#8217; av-medium-transform_skew=&#8217;,&#8217; av-medium-transform_translate=&#8217;,,&#8217; av-small-transform_perspective=&#8221; av-small-transform_rotation=&#8217;,,,&#8217; av-small-transform_scale=&#8217;,,&#8217; av-small-transform_skew=&#8217;,&#8217; av-small-transform_translate=&#8217;,,&#8217; av-mini-transform_perspective=&#8221; av-mini-transform_rotation=&#8217;,,,&#8217; av-mini-transform_scale=&#8217;,,&#8217; av-mini-transform_skew=&#8217;,&#8217; av-mini-transform_translate=&#8217;,,&#8217; mask_overlay=&#8221; mask_overlay_shape=&#8217;blob&#8217; mask_overlay_size=&#8217;contain&#8217; mask_overlay_scale=&#8217;100%&#8217; mask_overlay_position=&#8217;center center&#8217; mask_overlay_repeat=&#8217;no-repeat&#8217; mask_overlay_rotate=&#8221; mask_overlay_rad_shape=&#8217;circle&#8217; mask_overlay_rad_position=&#8217;center center&#8217; mask_overlay_opacity1=&#8217;0&#8242; mask_overlay_opacity2=&#8217;1&#8242; mask_overlay_opacity3=&#8221; link=&#8221; target=&#8221; title_attr=&#8221; alt_attr=&#8221; img_scrset=&#8221; lazy_loading=&#8217;disabled&#8217; id=&#8221; custom_class=&#8221; template_class=&#8221; av_element_hidden_in_editor=&#8217;0&#8242; av_uid=&#8217;av-lefesloo&#8217; sc_version=&#8217;1.0&#8242; admin_preview_bg=&#8221;][\/av_image]<br \/>\n[\/av_one_full]<\/p>\n<p>[av_three_fourth first min_height=&#8221; vertical_alignment=&#8217;av-align-top&#8217; space=&#8221; row_boxshadow=&#8221; row_boxshadow_width=&#8217;10&#8217; row_boxshadow_color=&#8221; custom_margin=&#8221; margin=&#8217;0px&#8217; av-desktop-margin=&#8221; av-medium-margin=&#8221; av-small-margin=&#8221; av-mini-margin=&#8221; mobile_breaking=&#8221; mobile_column_order=&#8221; border=&#8221; border_style=&#8217;solid&#8217; border_color=&#8221; radius=&#8221; min_col_height=&#8221; padding=&#8221; av-desktop-padding=&#8221; av-medium-padding=&#8221; av-small-padding=&#8221; av-mini-padding=&#8221; svg_div_top=&#8221; svg_div_top_color=&#8217;#333333&#8242; svg_div_top_width=&#8217;100&#8242; svg_div_top_height=&#8217;50&#8217; svg_div_top_max_height=&#8217;none&#8217; svg_div_top_flip=&#8221; svg_div_top_invert=&#8221; svg_div_top_front=&#8221; svg_div_top_opacity=&#8221; svg_div_top_preview=&#8221; svg_div_bottom=&#8221; svg_div_bottom_color=&#8217;#333333&#8242; svg_div_bottom_width=&#8217;100&#8242; svg_div_bottom_height=&#8217;50&#8217; svg_div_bottom_max_height=&#8217;none&#8217; svg_div_bottom_flip=&#8221; svg_div_bottom_invert=&#8221; svg_div_bottom_front=&#8221; svg_div_bottom_opacity=&#8221; svg_div_bottom_preview=&#8221; column_boxshadow=&#8221; column_boxshadow_width=&#8217;10&#8217; column_boxshadow_color=&#8221; background=&#8217;bg_color&#8217; background_color=&#8221; background_gradient_direction=&#8217;vertical&#8217; background_gradient_color1=&#8217;#000000&#8242; background_gradient_color2=&#8217;#ffffff&#8217; background_gradient_color3=&#8221; src=&#8221; background_position=&#8217;top left&#8217; background_repeat=&#8217;no-repeat&#8217; highlight=&#8221; highlight_size=&#8221; animation=&#8221; animation_duration=&#8221; animation_custom_bg_color=&#8221; animation_z_index_curtain=&#8217;100&#8242; parallax_parallax=&#8221; parallax_parallax_speed=&#8221; av-desktop-parallax_parallax=&#8221; av-desktop-parallax_parallax_speed=&#8221; av-medium-parallax_parallax=&#8221; av-medium-parallax_parallax_speed=&#8221; av-small-parallax_parallax=&#8221; av-small-parallax_parallax_speed=&#8221; av-mini-parallax_parallax=&#8221; av-mini-parallax_parallax_speed=&#8221; css_position=&#8221; css_position_location=&#8221; css_position_z_index=&#8221; av-desktop-css_position=&#8221; av-desktop-css_position_location=&#8221; av-desktop-css_position_z_index=&#8221; av-medium-css_position=&#8221; av-medium-css_position_location=&#8221; av-medium-css_position_z_index=&#8221; av-small-css_position=&#8221; av-small-css_position_location=&#8221; av-small-css_position_z_index=&#8221; av-mini-css_position=&#8221; av-mini-css_position_location=&#8221; av-mini-css_position_z_index=&#8221; link=&#8221; linktarget=&#8221; link_hover=&#8221; title_attr=&#8221; alt_attr=&#8221; mobile_display=&#8221; mobile_col_pos=&#8217;0&#8242; id=&#8221; custom_class=&#8221; template_class=&#8221; aria_label=&#8221; av_uid=&#8217;av-2vbxoh&#8217; sc_version=&#8217;1.0&#8242;][\/av_three_fourth]<\/p>\n","protected":false},"excerpt":{"rendered":"","protected":false},"author":1,"featured_media":0,"parent":0,"menu_order":0,"comment_status":"closed","ping_status":"closed","template":"","meta":{"footnotes":""},"class_list":["post-7313","page","type-page","status-publish","hentry"],"_links":{"self":[{"href":"https:\/\/www1.stiftsgardenrattvik.se\/index.php?rest_route=\/wp\/v2\/pages\/7313","targetHints":{"allow":["GET"]}}],"collection":[{"href":"https:\/\/www1.stiftsgardenrattvik.se\/index.php?rest_route=\/wp\/v2\/pages"}],"about":[{"href":"https:\/\/www1.stiftsgardenrattvik.se\/index.php?rest_route=\/wp\/v2\/types\/page"}],"author":[{"embeddable":true,"href":"https:\/\/www1.stiftsgardenrattvik.se\/index.php?rest_route=\/wp\/v2\/users\/1"}],"replies":[{"embeddable":true,"href":"https:\/\/www1.stiftsgardenrattvik.se\/index.php?rest_route=%2Fwp%2Fv2%2Fcomments&post=7313"}],"version-history":[{"count":18,"href":"https:\/\/www1.stiftsgardenrattvik.se\/index.php?rest_route=\/wp\/v2\/pages\/7313\/revisions"}],"predecessor-version":[{"id":15310,"href":"https:\/\/www1.stiftsgardenrattvik.se\/index.php?rest_route=\/wp\/v2\/pages\/7313\/revisions\/15310"}],"wp:attachment":[{"href":"https:\/\/www1.stiftsgardenrattvik.se\/index.php?rest_route=%2Fwp%2Fv2%2Fmedia&parent=7313"}],"curies":[{"name":"wp","href":"https:\/\/api.w.org\/{rel}","templated":true}]}}