{"id":7469,"date":"2018-04-03T16:41:53","date_gmt":"2018-04-03T14:41:53","guid":{"rendered":"https:\/\/stiftsgardenrattvik.se\/?page_id=7469"},"modified":"2025-02-05T16:02:01","modified_gmt":"2025-02-05T15:02:01","slug":"ledarutbildning-meningen-med-mig","status":"publish","type":"page","link":"https:\/\/www1.stiftsgardenrattvik.se\/?page_id=7469","title":{"rendered":"Ledarutbildning meningen med mig"},"content":{"rendered":"<p>[av_one_full first min_height=&#8221; vertical_alignment=&#8221; space=&#8221; custom_margin=&#8221; margin=&#8217;0px&#8217; padding=&#8217;0px&#8217; border=&#8221; border_color=&#8221; radius=&#8217;0px&#8217; background_color=&#8221; src=&#8221; background_position=&#8217;top left&#8217; background_repeat=&#8217;no-repeat&#8217; animation=&#8221; av_uid=&#8217;av-1352yvx&#8217;]<br \/>\n[av_textblock textblock_styling_align=&#8221; textblock_styling=&#8221; textblock_styling_gap=&#8221; textblock_styling_mobile=&#8221; size=&#8221; av-desktop-font-size=&#8221; av-medium-font-size=&#8221; av-small-font-size=&#8221; av-mini-font-size=&#8221; font_color=&#8221; color=&#8221; id=&#8221; custom_class=&#8221; template_class=&#8221; av_uid=&#8217;av-11t8czx&#8217; sc_version=&#8217;1.0&#8242; admin_preview_bg=&#8221;]<\/p>\n<h1 style=\"text-align: center;\">Ledarutbildning i det nya materialet<\/h1>\n<h1 style=\"text-align: center;\">\u201dMeningen med mig\u201d<\/h1>\n<h4 style=\"text-align: center;\"><em><strong>26-27 mars 2025<\/strong><\/em><\/h4>\n<p>[\/av_textblock]<br \/>\n[\/av_one_full]<\/p>\n<p>[av_one_full first min_height=&#8221; vertical_alignment=&#8221; space=&#8221; custom_margin=&#8221; margin=&#8217;0px&#8217; padding=&#8217;0px&#8217; border=&#8221; border_color=&#8221; radius=&#8217;0px&#8217; background_color=&#8221; src=&#8221; background_position=&#8217;top left&#8217; background_repeat=&#8217;no-repeat&#8217; animation=&#8221; av_uid=&#8217;av-zzje3x&#8217;]<\/p>\n<p>[av_textblock textblock_styling_align=&#8221; textblock_styling=&#8221; textblock_styling_gap=&#8221; textblock_styling_mobile=&#8221; size=&#8221; av-desktop-font-size=&#8221; av-medium-font-size=&#8221; av-small-font-size=&#8221; av-mini-font-size=&#8221; font_color=&#8221; color=&#8221; id=&#8221; custom_class=&#8221; template_class=&#8221; av_uid=&#8217;av-yfuxm5&#8242; sc_version=&#8217;1.0&#8242; admin_preview_bg=&#8221;]<\/p>\n<div class=\"kvgmc6g5 cxmmr5t8 oygrvhab hcukyx3x c1et5uql\">\n<p>Meningen med mig handlar om att st\u00e4rka ungas identitet och psykiska h\u00e4lsa. Det \u00e4r ett material som \u00e4r t\u00e4nkt att anv\u00e4ndas i en serie tr\u00e4ffar. Materialet Meningen med mig har publicerats av Svenska kyrkans webb 2023. Materialet best\u00e5r av bilder, ledarhandledning och ljudfiler. Det \u00e4r fritt att ladda ned och anv\u00e4nda.<\/p>\n<p>Meningen med mig v\u00e4nder sig till ungdomar i \u00e5ldern 13\u201319 \u00e5r. I en serie ledarledda tr\u00e4ffar f\u00e5r ungdomarna m\u00f6jlighet att reflektera och samtala om k\u00e4nslor och mening. Materialet \u00e4r baserat p\u00e5 forskning och inneh\u00e5ller praktiska \u00f6vningar, minif\u00f6rel\u00e4sningar och teman f\u00f6r samtal i gruppen.<\/p>\n<p>Meningen med mig \u00e4r utformat av doktor Christina Lloyd i samarbete med pedagoger och unga i Svenska kyrkan. Christina Lloyd \u00e4r legitimerad psykoterapeut och handledare med en specialisering inom ungas psykiska och existentiella h\u00e4lsa, traumabehandling och gruppsykoterapi.<\/p>\n<p>Kursen \u00e4r en utbildning d\u00e4r du rustas att utveckla ditt arbete med unga i v\u00e5r samtid. Materialet Meningen med mig syftar till att \u00f6ka motst\u00e5ndskraften (resiliensen) och den grundl\u00e4ggande tryggheten hos unga, b\u00e5de i ungdomarna sj\u00e4lva och i relation till varandra och deras omv\u00e4rld. Det sker genom att st\u00e4rka ungdomarnas k\u00e4nsla av sammanhang och mening. Vi l\u00e4gger s\u00e4rskilt vikt vid planering och navigering i metoden.<\/p>\n<p><strong>L\u00e4nkar om materialet:<\/strong><\/p>\n<p><a href=\"https:\/\/www.svenskakyrkan.se\/meningenmedmig\">https:\/\/www.svenskakyrkan.se\/meningenmedmig<\/a><\/p>\n<\/div>\n<p>Mer<strong> info <\/strong>om kursen hittar du h\u00e4r: <a href=\"https:\/\/stiftsgardenrattvik.se\/wp-content\/uploads\/2025\/02\/MMM-folder.pdf\">Meningen med mig, folder<\/a><br \/>\nF\u00f6r\u00a0<strong>fr\u00e5gor<\/strong> v\u00e4nligen kontakta oss p\u00e5 <a href=\"mailto:program@stiftsgardenrattvik.se\">program@stiftsgardenrattvik.se<\/a>\u00a0eller 010-160 80 00.<br \/>\nF\u00f6r <strong>bokning<\/strong>\u00a0v\u00e4nligen fyll i formul\u00e4ret nedan s\u00e5 \u00e5terkommer vi s\u00e5 snart som m\u00f6jligt med besked om du f\u00e5tt plats.<\/p>\n<h3>V\u00e4lkommen!<\/h3>\n<p>[\/av_textblock]<\/p>\n<p>[\/av_one_full][av_one_full first min_height=&#8221; vertical_alignment=&#8221; space=&#8221; custom_margin=&#8221; margin=&#8217;0px&#8217; padding=&#8217;0px&#8217; border=&#8221; border_color=&#8221; radius=&#8217;0px&#8217; background_color=&#8221; src=&#8221; background_position=&#8217;top left&#8217; background_repeat=&#8217;no-repeat&#8217; animation=&#8221; av_uid=&#8217;av-wdnw7h&#8217;]<br \/>\n[av_image src=&#8217;https:\/\/stiftsgardenrattvik.se\/wp-content\/uploads\/2023\/01\/1225618.png&#8217; attachment=&#8217;12714&#8242; attachment_size=&#8217;full&#8217; copyright=&#8221; caption=&#8221; image_size=&#8221; styling=&#8221; box_shadow=&#8217;none&#8217; box_shadow_width=&#8217;10&#8217; box_shadow_color=&#8221; align=&#8217;center&#8217; font_size=&#8221; overlay_opacity=&#8217;0.4&#8242; overlay_color=&#8217;#000000&#8242; overlay_text_color=&#8217;#ffffff&#8217; animation=&#8217;no-animation&#8217; animation_duration=&#8221; animation_custom_bg_color=&#8221; animation_z_index_curtain=&#8217;100&#8242; parallax_parallax=&#8221; parallax_parallax_speed=&#8221; av-desktop-parallax_parallax=&#8221; av-desktop-parallax_parallax_speed=&#8221; av-medium-parallax_parallax=&#8221; av-medium-parallax_parallax_speed=&#8221; av-small-parallax_parallax=&#8221; av-small-parallax_parallax_speed=&#8221; av-mini-parallax_parallax=&#8221; av-mini-parallax_parallax_speed=&#8221; hover=&#8221; blur_image=&#8221; grayscale_image=&#8221; fade_image=&#8221; appearance=&#8221; css_position=&#8221; css_position_location=&#8217;,,,&#8217; css_position_z_index=&#8221; av-desktop-css_position=&#8221; av-desktop-css_position_location=&#8217;,,,&#8217; av-desktop-css_position_z_index=&#8221; av-medium-css_position=&#8221; av-medium-css_position_location=&#8217;,,,&#8217; av-medium-css_position_z_index=&#8221; av-small-css_position=&#8221; av-small-css_position_location=&#8217;,,,&#8217; av-small-css_position_z_index=&#8221; av-mini-css_position=&#8221; av-mini-css_position_location=&#8217;,,,&#8217; av-mini-css_position_z_index=&#8221; transform_perspective=&#8221; transform_rotation=&#8217;,,,&#8217; transform_scale=&#8217;,,&#8217; transform_skew=&#8217;,&#8217; transform_translate=&#8217;,,&#8217; av-desktop-transform_perspective=&#8221; av-desktop-transform_rotation=&#8217;,,,&#8217; av-desktop-transform_scale=&#8217;,,&#8217; av-desktop-transform_skew=&#8217;,&#8217; av-desktop-transform_translate=&#8217;,,&#8217; av-medium-transform_perspective=&#8221; av-medium-transform_rotation=&#8217;,,,&#8217; av-medium-transform_scale=&#8217;,,&#8217; av-medium-transform_skew=&#8217;,&#8217; av-medium-transform_translate=&#8217;,,&#8217; av-small-transform_perspective=&#8221; av-small-transform_rotation=&#8217;,,,&#8217; av-small-transform_scale=&#8217;,,&#8217; av-small-transform_skew=&#8217;,&#8217; av-small-transform_translate=&#8217;,,&#8217; av-mini-transform_perspective=&#8221; av-mini-transform_rotation=&#8217;,,,&#8217; av-mini-transform_scale=&#8217;,,&#8217; av-mini-transform_skew=&#8217;,&#8217; av-mini-transform_translate=&#8217;,,&#8217; mask_overlay=&#8221; mask_overlay_shape=&#8217;blob&#8217; mask_overlay_size=&#8217;contain&#8217; mask_overlay_scale=&#8217;100%&#8217; mask_overlay_position=&#8217;center center&#8217; mask_overlay_repeat=&#8217;no-repeat&#8217; mask_overlay_rotate=&#8221; mask_overlay_rad_shape=&#8217;circle&#8217; mask_overlay_rad_position=&#8217;center center&#8217; mask_overlay_opacity1=&#8217;0&#8242; mask_overlay_opacity2=&#8217;1&#8242; mask_overlay_opacity3=&#8221; link=&#8221; target=&#8221; title_attr=&#8221; alt_attr=&#8221; img_scrset=&#8221; lazy_loading=&#8217;disabled&#8217; id=&#8221; custom_class=&#8221; template_class=&#8221; av_element_hidden_in_editor=&#8217;0&#8242; av_uid=&#8217;av-uqszcd&#8217; sc_version=&#8217;1.0&#8242; admin_preview_bg=&#8221;][\/av_image]<br \/>\n[\/av_one_full]<\/p>\n<p>[av_one_full first min_height=&#8221; vertical_alignment=&#8221; space=&#8221; custom_margin=&#8221; margin=&#8217;0px&#8217; padding=&#8217;0px&#8217; border=&#8221; border_color=&#8221; radius=&#8217;0px&#8217; background_color=&#8221; src=&#8221; background_position=&#8217;top left&#8217; background_repeat=&#8217;no-repeat&#8217; animation=&#8221; av_uid=&#8217;av-t7aiwd&#8217;]<br \/>\n[av_contact title=&#8217;G\u00f6r din anm\u00e4lan h\u00e4r!&#8217; button=&#8217;Skicka anm\u00e4lan!&#8217; on_send=&#8221; sent=&#8217;Tack f\u00f6r din anm\u00e4lan!&#8217; link=&#8217;manually,http:\/\/&#8217; captcha=&#8221; captcha_theme=&#8217;light&#8217; captcha_size=&#8217;normal&#8217; captcha_score=&#8217;0.5&#8242; email=&#8217;bokningen@stiftsgardenrattvik.se&#8217; from_email=&#8221; subject=&#8217;Anm\u00e4lan &#8220;Meningen med mig&#8221;, 26-27\/3 2025 &#8216; autoresponder_email=&#8217;bokningen@stiftsgardenrattvik.se&#8217; autoresponder_reply_to=&#8217;bokningen@stiftsgardenrattvik.se&#8217; autoresponder_subject=&#8217;Meningen med mig 26-27 mars 2025&#8242; autorespond=&#8217;Hej och tack f\u00f6r din intresseanm\u00e4lan till kursen &#8220;Meningen med mig&#8221;, 26-27 mars 2025. Vi tar hand om din anm\u00e4lan s\u00e5 snart vi kan och \u00e5terkommer till dig med besked om du f\u00e5tt plats. Har du n\u00e5gra fr\u00e5gor om kursen eller vill \u00e4ndra n\u00e5got i din anm\u00e4lan \u00e4r du v\u00e4lkommen att kontakta oss p\u00e5 010-160 80 01 eller bokningen@stiftsgardenrattvik.se.&#8217; autorespond_after=&#8221; form_align=&#8221; color=&#8221; heading_tag=&#8221; heading_class=&#8221; alb_description=&#8221; id=&#8221; custom_class=&#8221; template_class=&#8221; aria_label=&#8221; av_uid=&#8217;av-reokbx&#8217; sc_version=&#8217;1.0&#8242; admin_preview_bg=&#8221;]<br \/>\n[av_contact_field label=&#8217;F\u00f6rnamn&#8217; type=&#8217;text&#8217; options=&#8221; check=&#8217;is_empty&#8217; width=&#8217;element_half&#8217; multi_select=&#8221; av_uid=&#8217;av-patifh&#8217; av_contact_preselect=&#8221; element_display=&#8221; headline_tag=&#8217;h3&#8242; sc_version=&#8217;1.0&#8242;][\/av_contact_field]<br \/>\n[av_contact_field label=&#8217;Efternamn&#8217; type=&#8217;text&#8217; options=&#8221; check=&#8217;is_empty&#8217; width=&#8217;element_half&#8217; multi_select=&#8221; av_uid=&#8217;av-o1hs59&#8242; av_contact_preselect=&#8221; element_display=&#8221; headline_tag=&#8217;h3&#8242; sc_version=&#8217;1.0&#8242;][\/av_contact_field]<br \/>\n[av_contact_field type=&#8217;text&#8217; label=&#8217;Postadress&#8217; options=&#8221; check=&#8217;is_empty&#8217; element_display=&#8221; width=&#8217;element_third&#8217; headline_tag=&#8217;h3&#8242; av_uid=&#8217;av-23ocr1&#8242; sc_version=&#8217;1.0&#8242; multi_select=&#8221; av_contact_preselect=&#8221;][\/av_contact_field]<br \/>\n[av_contact_field type=&#8217;text&#8217; label=&#8217;Postnummer&#8217; options=&#8221; check=&#8217;is_empty&#8217; element_display=&#8221; width=&#8217;element_third&#8217; headline_tag=&#8217;h3&#8242; av_uid=&#8217;av-izj2j1&#8242; sc_version=&#8217;1.0&#8242; multi_select=&#8221; av_contact_preselect=&#8221;][\/av_contact_field]<br \/>\n[av_contact_field type=&#8217;text&#8217; label=&#8217;Postort&#8217; options=&#8221; check=&#8217;is_empty&#8217; element_display=&#8221; width=&#8217;element_third&#8217; headline_tag=&#8217;h3&#8242; av_uid=&#8217;av-gvffzh&#8217; sc_version=&#8217;1.0&#8242; multi_select=&#8221; av_contact_preselect=&#8221;][\/av_contact_field]<br \/>\n[av_contact_field type=&#8217;text&#8217; label=&#8217;E-post&#8217; options=&#8221; check=&#8217;is_email&#8217; element_display=&#8221; width=&#8217;element_half&#8217; headline_tag=&#8217;h3&#8242; av_uid=&#8217;av-f74g4d&#8217; sc_version=&#8217;1.0&#8242; multi_select=&#8221; av_contact_preselect=&#8221;][\/av_contact_field]<br \/>\n[av_contact_field type=&#8217;text&#8217; label=&#8217;Telefonnummer&#8217; options=&#8221; check=&#8217;is_empty&#8217; element_display=&#8221; width=&#8217;element_half&#8217; headline_tag=&#8217;h3&#8242; av_uid=&#8217;av-em426l&#8217; sc_version=&#8217;1.0&#8242; multi_select=&#8221; av_contact_preselect=&#8221;][\/av_contact_field]<br \/>\n[av_contact_field label=&#8217;\u00d6nskas logi JA\/NEJ&#8217; type=&#8217;text&#8217; options=&#8221; check=&#8217;is_empty&#8217; width=&#8221; multi_select=&#8221; av_uid=&#8217;av-cv3yy5&#8242; av_contact_preselect=&#8221; element_display=&#8221; headline_tag=&#8217;h3&#8242; sc_version=&#8217;1.0&#8242;][\/av_contact_field]<br \/>\n[av_contact_field label=&#8217;Enkelrum med wc&#8217; type=&#8217;checkbox&#8217; options=&#8221; check=&#8221; width=&#8217;element_third&#8217; av_uid=&#8217;av-10zlv1&#8242; multi_select=&#8221; av_contact_preselect=&#8221; element_display=&#8221; headline_tag=&#8217;h3&#8242; sc_version=&#8217;1.0&#8242;][\/av_contact_field]<br \/>\n[av_contact_field label=&#8217;Dubbelrum med dusch &#038; wc&#8217; type=&#8217;checkbox&#8217; options=&#8221; check=&#8221; width=&#8217;element_third&#8217; av_uid=&#8217;av-v3799&#8242; multi_select=&#8221; av_contact_preselect=&#8221; element_display=&#8221; headline_tag=&#8217;h3&#8242; sc_version=&#8217;1.0&#8242;][\/av_contact_field]<br \/>\n[av_contact_field label=&#8217;Enkelrum med dusch &#038; wc&#8217; type=&#8217;checkbox&#8217; options=&#8221; check=&#8221; width=&#8217;element_third&#8217; av_uid=&#8217;av-sa1a5&#8242; multi_select=&#8221; av_contact_preselect=&#8221; element_display=&#8221; headline_tag=&#8217;h3&#8242; sc_version=&#8217;1.0&#8242;][\/av_contact_field]<br \/>\n[av_contact_field label=&#8217;Ev. faktureringsadress&#8217; type=&#8217;text&#8217; options=&#8221; check=&#8221; width=&#8221; multi_select=&#8221; av_uid=&#8217;av-1vobh&#8217; av_contact_preselect=&#8221; element_display=&#8221; headline_tag=&#8217;h3&#8242; sc_version=&#8217;1.0&#8242;][\/av_contact_field]<br \/>\n[av_contact_field label=&#8217;Kontaktperson&#8217; type=&#8217;text&#8217; options=&#8221; check=&#8221; width=&#8221; multi_select=&#8221; av_uid=&#8217;av-3rzcm5&#8242; av_contact_preselect=&#8221; element_display=&#8221; headline_tag=&#8217;h3&#8242; sc_version=&#8217;1.0&#8242;][\/av_contact_field]<br \/>\n[av_contact_field label=&#8217;Allergier och behov av specialkost har \u00f6kat. Det \u00e4r viktigt att vi som lagar och serverar mat tar dessa behov p\u00e5 st\u00f6rsta allvar och skapar b\u00e4sta t\u00e4nkbara f\u00f6ruts\u00e4ttningar f\u00f6r att vi ska klara av att uppfylla kraven. D\u00e4rf\u00f6r har Stiftsg\u00e5rden i R\u00e4ttvik fr\u00e5n och med den 1 mars 2021 inf\u00f6rt tydligare regler n\u00e4r det g\u00e4ller specialkost. F\u00f6r att vi ska kunna s\u00e4kerst\u00e4lla och tillgodose behovet av specialkost beh\u00f6ver vi l\u00e4karintyg f\u00f6r ber\u00f6rd person. L\u00e4karintyget m\u00e5ste vara Stiftsg\u00e5rden tillhanda senast sju dagar innan ankomst f\u00f6r att vi ska kunna s\u00e4kerst\u00e4lla och tillgodose behovet. Vid f\u00f6rsta m\u00e5ltid m\u00e5ste den som har behov av specialkost anm\u00e4la sig till k\u00f6kspersonalen s\u00e5 att vi vet vem det g\u00e4ller. I enligt med GDPR sparas l\u00e4karintygen s\u00e5 l\u00e4nge det \u00e4r n\u00f6dv\u00e4ndigt f\u00f6r att uppfylla kraven. N\u00e4r ni skickar in ert l\u00e4karintyg medger ni samtidigt att era personuppgifter sparas enligt ovan. Ev. allergier\/ specialkost v\u00e4nligen fyll i nedan&#8217; type=&#8217;text&#8217; options=&#8221; check=&#8221; width=&#8221; multi_select=&#8221; av_uid=&#8217;av-2k9pdp&#8217; av_contact_preselect=&#8221; element_display=&#8221; headline_tag=&#8217;h3&#8242; sc_version=&#8217;1.0&#8242;][\/av_contact_field]<br \/>\n[\/av_contact]<br \/>\n[\/av_one_full]<\/p>\n","protected":false},"excerpt":{"rendered":"","protected":false},"author":1,"featured_media":0,"parent":0,"menu_order":0,"comment_status":"closed","ping_status":"closed","template":"","meta":{"footnotes":""},"class_list":["post-7469","page","type-page","status-publish","hentry"],"_links":{"self":[{"href":"https:\/\/www1.stiftsgardenrattvik.se\/index.php?rest_route=\/wp\/v2\/pages\/7469","targetHints":{"allow":["GET"]}}],"collection":[{"href":"https:\/\/www1.stiftsgardenrattvik.se\/index.php?rest_route=\/wp\/v2\/pages"}],"about":[{"href":"https:\/\/www1.stiftsgardenrattvik.se\/index.php?rest_route=\/wp\/v2\/types\/page"}],"author":[{"embeddable":true,"href":"https:\/\/www1.stiftsgardenrattvik.se\/index.php?rest_route=\/wp\/v2\/users\/1"}],"replies":[{"embeddable":true,"href":"https:\/\/www1.stiftsgardenrattvik.se\/index.php?rest_route=%2Fwp%2Fv2%2Fcomments&post=7469"}],"version-history":[{"count":62,"href":"https:\/\/www1.stiftsgardenrattvik.se\/index.php?rest_route=\/wp\/v2\/pages\/7469\/revisions"}],"predecessor-version":[{"id":15270,"href":"https:\/\/www1.stiftsgardenrattvik.se\/index.php?rest_route=\/wp\/v2\/pages\/7469\/revisions\/15270"}],"wp:attachment":[{"href":"https:\/\/www1.stiftsgardenrattvik.se\/index.php?rest_route=%2Fwp%2Fv2%2Fmedia&parent=7469"}],"curies":[{"name":"wp","href":"https:\/\/api.w.org\/{rel}","templated":true}]}}