{"id":7541,"date":"2018-04-25T13:35:22","date_gmt":"2018-04-25T11:35:22","guid":{"rendered":"https:\/\/stiftsgardenrattvik.se\/?page_id=7541"},"modified":"2018-04-25T13:35:22","modified_gmt":"2018-04-25T11:35:22","slug":"av-karlek-till-verkligheten-varen","status":"publish","type":"page","link":"https:\/\/www1.stiftsgardenrattvik.se\/?page_id=7541","title":{"rendered":""},"content":{"rendered":"<p>[av_one_full first min_height=&#8221; vertical_alignment=&#8221; space=&#8221; custom_margin=&#8221; margin=&#8217;0px&#8217; padding=&#8217;0px&#8217; border=&#8221; border_color=&#8221; radius=&#8217;0px&#8217; background_color=&#8221; src=&#8221; background_position=&#8217;top left&#8217; background_repeat=&#8217;no-repeat&#8217; animation=&#8221;]<\/p>\n<p>[av_textblock size=&#8221; font_color=&#8221; color=&#8221;]<\/p>\n<h1 style=\"text-align: center;\">Av k\u00e4rlek till verkligheten<\/h1>\n<h3 style=\"text-align: center;\">Workshop om och med b\u00f6n, 8-10 juni 2018<\/h3>\n<p>[\/av_textblock]<\/p>\n<p>[\/av_one_full][av_one_full first min_height=&#8221; vertical_alignment=&#8221; space=&#8221; custom_margin=&#8221; margin=&#8217;0px&#8217; padding=&#8217;0px&#8217; border=&#8221; border_color=&#8221; radius=&#8217;0px&#8217; background_color=&#8221; src=&#8221; background_position=&#8217;top left&#8217; background_repeat=&#8217;no-repeat&#8217; animation=&#8221;]<\/p>\n<p>[av_textblock size=&#8221; font_color=&#8221; color=&#8221;]<br \/>\nNu finns m\u00f6jlighet f\u00f6r dig som vill stanna upp och lyssna efter Guds n\u00e4rvaro i livet att delta p\u00e5 v\u00e5r workshop <strong>Av k\u00e4rlek till verkligheten<\/strong>. Genom b\u00f6n och samtal f\u00e5r du m\u00f6jlighet att f\u00f6rdjupa din relation till Gud och reflektera var du befinner dig i ditt liv. Med st\u00f6d av den ignatianska traditionen f\u00e5r vi v\u00e4gledning och tid f\u00f6r reflektion. Vi har skapat tv\u00e5 kurser, en kort och en l\u00e5ng. Den kortare kursen str\u00e4cker sig \u00f6ver en helg i juni och v\u00e4nder sig till alla som \u00f6nskar stifta bekantskap med den ignatianska traditionen samt f\u00e5 tid f\u00f6r att varva ner liksom f\u00f6r att lyssna till s\u00e5v\u00e4l dig sj\u00e4lv som andra. Den l\u00e4ngre kursen startar h\u00f6sten 2018 och avslutas under v\u00e5ren 2019 och v\u00e4nder sig i f\u00f6rsta hand till dig som \u00e4r anst\u00e4lld inom Svenska kyrkan\/ V\u00e4ster\u00e5s Stift.<\/p>\n<p>\u00d6nskar du mer information om kurserna eller har n\u00e5gra funderingar \u00e4r du v\u00e4lkommen att kontakta v\u00e5r g\u00e5rds- och ungdomspr\u00e4st Hillevi Bergvall p\u00e5 010-160 80 65 eller <a href=\"mailto:hillevi.bergvall@svenskakyrkan.se\">hillevi.bergvall@svenskakyrkan.se<\/a>. F\u00f6r att boka kontakta oss p\u00e5 <a>bokningen@stiftsgarden.org<\/a> eller 010-160 80 01.<\/p>\n<p>Om du klickar p\u00e5 l\u00e4nken nedan hittar du mer information om tider, inneh\u00e5ll och priser.<\/p>\n<p><a href=\"https:\/\/stiftsgardenrattvik.se\/wp-content\/uploads\/2017\/12\/Av-k\u00e4rlek-till-verkligheten-juni-2018.pdf\">Av k\u00e4rlek till verkligheten juni 2018<\/a><\/p>\n<p>Vill du veta mer om den l\u00e5nga kursen? Klicka <a href=\"https:\/\/stiftsgardenrattvik.se\/av-karlek-till-verkligheten\/\">h\u00e4r<\/a>.<\/p>\n<h4>Varmt v\u00e4lkommen till Stiftsg\u00e5rden!<\/h4>\n<p>[\/av_textblock]<\/p>\n<p>[\/av_one_full][av_one_full first min_height=&#8221; vertical_alignment=&#8221; space=&#8221; custom_margin=&#8221; margin=&#8217;0px&#8217; padding=&#8217;0px&#8217; border=&#8221; border_color=&#8221; radius=&#8217;0px&#8217; background_color=&#8221; src=&#8221; background_position=&#8217;top left&#8217; background_repeat=&#8217;no-repeat&#8217; animation=&#8221;]<\/p>\n<p>[av_image src=&#8217;https:\/\/stiftsgardenrattvik.se\/wp-content\/uploads\/2018\/02\/Av-k\u00e4rlek-till-verkligheten-2018-2019-foto-Roland-Winzker.jpg&#8217; attachment=&#8217;7330&#8242; attachment_size=&#8217;full&#8217; align=&#8217;center&#8217; styling=&#8221; hover=&#8221; link=&#8221; target=&#8221; caption=&#8221; font_size=&#8221; appearance=&#8221; overlay_opacity=&#8217;0.4&#8242; overlay_color=&#8217;#000000&#8242; overlay_text_color=&#8217;#ffffff&#8217; animation=&#8217;no-animation&#8217;][\/av_image]<\/p>\n<p>[\/av_one_full]<\/p>\n","protected":false},"excerpt":{"rendered":"<p>[av_one_full first min_height=&#8221; vertical_alignment=&#8221; space=&#8221; custom_margin=&#8221; margin=&#8217;0px&#8217; padding=&#8217;0px&#8217; border=&#8221; border_color=&#8221; radius=&#8217;0px&#8217; background_color=&#8221; src=&#8221; background_position=&#8217;top left&#8217; background_repeat=&#8217;no-repeat&#8217; animation=&#8221;] [av_textblock size=&#8221; font_color=&#8221; color=&#8221;] Av k\u00e4rlek till verkligheten Workshop om och med b\u00f6n, 8-10 juni 2018 [\/av_textblock] [\/av_one_full][av_one_full first min_height=&#8221; vertical_alignment=&#8221; space=&#8221; custom_margin=&#8221; margin=&#8217;0px&#8217; padding=&#8217;0px&#8217; border=&#8221; border_color=&#8221; radius=&#8217;0px&#8217; background_color=&#8221; src=&#8221; background_position=&#8217;top left&#8217; background_repeat=&#8217;no-repeat&#8217; animation=&#8221;] [av_textblock size=&#8221; font_color=&#8221; color=&#8221;] [&hellip;]<\/p>\n","protected":false},"author":1,"featured_media":0,"parent":0,"menu_order":0,"comment_status":"closed","ping_status":"closed","template":"","meta":{"footnotes":""},"class_list":["post-7541","page","type-page","status-publish","hentry"],"_links":{"self":[{"href":"https:\/\/www1.stiftsgardenrattvik.se\/index.php?rest_route=\/wp\/v2\/pages\/7541","targetHints":{"allow":["GET"]}}],"collection":[{"href":"https:\/\/www1.stiftsgardenrattvik.se\/index.php?rest_route=\/wp\/v2\/pages"}],"about":[{"href":"https:\/\/www1.stiftsgardenrattvik.se\/index.php?rest_route=\/wp\/v2\/types\/page"}],"author":[{"embeddable":true,"href":"https:\/\/www1.stiftsgardenrattvik.se\/index.php?rest_route=\/wp\/v2\/users\/1"}],"replies":[{"embeddable":true,"href":"https:\/\/www1.stiftsgardenrattvik.se\/index.php?rest_route=%2Fwp%2Fv2%2Fcomments&post=7541"}],"version-history":[{"count":1,"href":"https:\/\/www1.stiftsgardenrattvik.se\/index.php?rest_route=\/wp\/v2\/pages\/7541\/revisions"}],"predecessor-version":[{"id":7543,"href":"https:\/\/www1.stiftsgardenrattvik.se\/index.php?rest_route=\/wp\/v2\/pages\/7541\/revisions\/7543"}],"wp:attachment":[{"href":"https:\/\/www1.stiftsgardenrattvik.se\/index.php?rest_route=%2Fwp%2Fv2%2Fmedia&parent=7541"}],"curies":[{"name":"wp","href":"https:\/\/api.w.org\/{rel}","templated":true}]}}