{"id":7589,"date":"2018-05-29T07:59:59","date_gmt":"2018-05-29T05:59:59","guid":{"rendered":"https:\/\/stiftsgardenrattvik.se\/?page_id=7589"},"modified":"2020-01-24T12:18:45","modified_gmt":"2020-01-24T11:18:45","slug":"kurser-varen-2020","status":"publish","type":"page","link":"https:\/\/www1.stiftsgardenrattvik.se\/?page_id=7589","title":{"rendered":"Kurser v\u00e5ren 2020"},"content":{"rendered":"<p>[av_one_full first min_height=&#8221; vertical_alignment=&#8221; space=&#8221; custom_margin=&#8221; margin=&#8217;0px&#8217; padding=&#8217;0px&#8217; border=&#8221; border_color=&#8221; radius=&#8217;0px&#8217; background_color=&#8221; src=&#8221; background_position=&#8217;top left&#8217; background_repeat=&#8217;no-repeat&#8217; animation=&#8221;]<\/p>\n<p>[av_textblock size=&#8221; font_color=&#8221; color=&#8221;]<\/p>\n<h1>KURSER V\u00c5REN 2020<\/h1>\n<p><span style=\"display: inline !important; float: none; background-color: transparent; color: #333333; cursor: text; font-family: Georgia,'Times New Roman','Bitstream Charter',Times,serif; font-size: 16px; font-style: normal; font-variant: normal; font-weight: 400; letter-spacing: normal; orphans: 2; text-align: left; text-decoration: none; text-indent: 0px; text-transform: none; -webkit-text-stroke-width: 0px; white-space: normal; word-spacing: 0px;\">Nedan hittar du v\u00e5ra kurser f\u00f6r v\u00e5ren 2020. Mer information om respektive kurs samt program l\u00e4ggs ut s\u00e5 snart det blir klart. V\u00e4lkommen att l\u00e4ra nytt hos oss!<\/span><\/p>\n<p><a href=\"https:\/\/stiftsgardenrattvik.se\/hallbar-forvaltning-1\/\"><strong>H\u00e5llbar f\u00f6rvaltning, del 1<\/strong><\/a> 27 &#8211; 28 januari 2020<\/p>\n<p><a href=\"https:\/\/stiftsgardenrattvik.se\/hallbar-forvaltning-2\/\"><strong>H\u00e5llbar f\u00f6rvaltning, del 2<\/strong><\/a> 29-30 januari 2020<\/p>\n<p><a href=\"https:\/\/stiftsgardenrattvik.se\/jorden-ar-begransad-men-ar-manniskan-omattlig\/\"><strong>Jorden \u00e4r begr\u00e4nsad, men \u00e4r m\u00e4nniskan om\u00e4ttlig?<\/strong><\/a> 31 januari &#8211; 2 februari 2020<\/p>\n<p><a href=\"https:\/\/stiftsgardenrattvik.se\/kyrkvard-i-guds-tjanst-vt20\/\"><strong>Kyrkv\u00e4rd i Guds tj\u00e4nst<\/strong><\/a> 7-9 februari 2020 <strong>(INST\u00c4LLD)<\/strong><\/p>\n<p><a href=\"https:\/\/stiftsgardenrattvik.se\/kulturinspiration\/\"><b>Kulturinspiration &#8211; f\u00f6r dig som jobbar med \u00e4ldre och barn<\/b><\/a> 11-12 februari 2020 <strong>(Flyttad till 23-24\/9)<\/strong><\/p>\n<p><strong><a href=\"https:\/\/stiftsgardenrattvik.se\/tanzaniaseminarium\/\">Tanzaniaseminarium<\/a><\/strong> 12-13 februari 2020<\/p>\n<p><a href=\"https:\/\/stiftsgardenrattvik.se\/boksidor-och-isklumpar\/\"><strong>Boksidor och isklumpar &#8211; barnledarutbildning<\/strong><\/a> 4-5 mars 2020<\/p>\n<p><strong><a href=\"https:\/\/stiftsgardenrattvik.se\/baskurs-for-nya-kyrkvardar-vt20\/\">Baskurs f\u00f6r nya kyrkv\u00e4rdar<\/a> <\/strong>6-8 mars 2020<\/p>\n<p><a href=\"https:\/\/stiftsgardenrattvik.se\/ljud-och-ljus\/\"><strong>Ljud och ljus, grundkurs<\/strong><\/a> 9-10 mars 2020 <strong>FULLT, n\u00e4sta kurs 28-29 september<\/strong><\/p>\n<p><a href=\"https:\/\/stiftsgardenrattvik.se\/guida-i-din-kyrka-vt20\/\"><strong>Guida i din kyrka<\/strong><\/a> 26-27 mars 2020<\/p>\n<p><a href=\"https:\/\/stiftsgardenrattvik.se\/tradvard-mer-an-bara-beskarning\/\"><strong>Tr\u00e4dv\u00e5rd, mer \u00e4n bara besk\u00e4rning? Del 1<\/strong><\/a> 31 mars &#8211; 1 april 2020<\/p>\n<p><a href=\"https:\/\/stiftsgardenrattvik.se\/tradvard-mer-an-bara-beskarning-del-2\/\"><strong>Tr\u00e4dv\u00e5rd, mer \u00e4n bara besk\u00e4rning? Del 2<\/strong> <\/a>1-2 april 2020<\/p>\n<p><strong><a href=\"https:\/\/stiftsgardenrattvik.se\/kyrkvard-i-andakt-och-bon-vt-20\/\">Kyrkv\u00e4rd i andakt och b\u00f6n<\/a> <\/strong>3-5 april 2020<\/p>\n<p><a href=\"https:\/\/stiftsgardenrattvik.se\/allergiochoverkanslighet\/\"><strong>Allergi och specialkost, f\u00f6rdjupning<\/strong><\/a> 14-15 april 2020<\/p>\n<p><a href=\"https:\/\/stiftsgardenrattvik.se\/skriv-din-livsberattelse\/\"><strong>Skriv din livsber\u00e4ttelse<\/strong><\/a> 17-19 april 2020<\/p>\n<p><a href=\"https:\/\/stiftsgardenrattvik.se\/ljud\/\"><strong>Ljud, f\u00f6rdjupning<\/strong><\/a> 20-21 april 2020<\/p>\n<p><a href=\"https:\/\/stiftsgardenrattvik.se\/ljussattning\/\"><strong>Ljuss\u00e4ttning<\/strong><\/a> 22-23 april 2020<\/p>\n<p><a href=\"https:\/\/stiftsgardenrattvik.se\/blomstersmyckning\/\"><strong>Blomstersmyckning, Sommar <\/strong><\/a>5-6 maj 2020<\/p>\n<p><strong><a href=\"https:\/\/stiftsgardenrattvik.se\/kyrkvard-i-och-med-forsamlingen\/\">Kyrkv\u00e4rd i och med f\u00f6rsamlingen<\/a><\/strong> 8-10 maj 2020<\/p>\n<p><strong>Livsmedelshygien, f\u00f6rdjupning varm mat<\/strong> 12-13 maj 2020<br \/>\n[\/av_textblock]<\/p>\n<p>[\/av_one_full]<\/p>\n","protected":false},"excerpt":{"rendered":"<p>[av_one_full first min_height=&#8221; vertical_alignment=&#8221; space=&#8221; custom_margin=&#8221; margin=&#8217;0px&#8217; padding=&#8217;0px&#8217; border=&#8221; border_color=&#8221; radius=&#8217;0px&#8217; background_color=&#8221; src=&#8221; background_position=&#8217;top left&#8217; background_repeat=&#8217;no-repeat&#8217; animation=&#8221;] [av_textblock size=&#8221; font_color=&#8221; color=&#8221;] KURSER V\u00c5REN 2020 Nedan hittar du v\u00e5ra kurser f\u00f6r v\u00e5ren 2020. Mer information om respektive kurs samt program l\u00e4ggs ut s\u00e5 snart det blir klart. V\u00e4lkommen att l\u00e4ra nytt hos oss! H\u00e5llbar f\u00f6rvaltning, del [&hellip;]<\/p>\n","protected":false},"author":1,"featured_media":0,"parent":0,"menu_order":0,"comment_status":"closed","ping_status":"closed","template":"","meta":{"footnotes":""},"class_list":["post-7589","page","type-page","status-publish","hentry"],"_links":{"self":[{"href":"https:\/\/www1.stiftsgardenrattvik.se\/index.php?rest_route=\/wp\/v2\/pages\/7589","targetHints":{"allow":["GET"]}}],"collection":[{"href":"https:\/\/www1.stiftsgardenrattvik.se\/index.php?rest_route=\/wp\/v2\/pages"}],"about":[{"href":"https:\/\/www1.stiftsgardenrattvik.se\/index.php?rest_route=\/wp\/v2\/types\/page"}],"author":[{"embeddable":true,"href":"https:\/\/www1.stiftsgardenrattvik.se\/index.php?rest_route=\/wp\/v2\/users\/1"}],"replies":[{"embeddable":true,"href":"https:\/\/www1.stiftsgardenrattvik.se\/index.php?rest_route=%2Fwp%2Fv2%2Fcomments&post=7589"}],"version-history":[{"count":50,"href":"https:\/\/www1.stiftsgardenrattvik.se\/index.php?rest_route=\/wp\/v2\/pages\/7589\/revisions"}],"predecessor-version":[{"id":9430,"href":"https:\/\/www1.stiftsgardenrattvik.se\/index.php?rest_route=\/wp\/v2\/pages\/7589\/revisions\/9430"}],"wp:attachment":[{"href":"https:\/\/www1.stiftsgardenrattvik.se\/index.php?rest_route=%2Fwp%2Fv2%2Fmedia&parent=7589"}],"curies":[{"name":"wp","href":"https:\/\/api.w.org\/{rel}","templated":true}]}}