{"id":7595,"date":"2018-05-29T08:13:25","date_gmt":"2018-05-29T06:13:25","guid":{"rendered":"https:\/\/stiftsgardenrattvik.se\/?page_id=7595"},"modified":"2019-01-04T14:30:37","modified_gmt":"2019-01-04T13:30:37","slug":"kyrkvardskurser","status":"publish","type":"page","link":"https:\/\/www1.stiftsgardenrattvik.se\/?page_id=7595","title":{"rendered":"Kyrkv\u00e4rd >"},"content":{"rendered":"<p>[av_one_full first min_height=&#8221; vertical_alignment=&#8221; space=&#8221; custom_margin=&#8221; margin=&#8217;0px&#8217; padding=&#8217;0px&#8217; border=&#8221; border_color=&#8221; radius=&#8217;0px&#8217; background_color=&#8221; src=&#8221; background_position=&#8217;top left&#8217; background_repeat=&#8217;no-repeat&#8217; animation=&#8221;]<\/p>\n<p>[av_textblock size=&#8221; font_color=&#8221; color=&#8221;]<br \/>\nUnder denna rubrik finner du alla v\u00e5ra kyrkv\u00e4rdsutbildningar med en sida och program f\u00f6r varje kurs. F\u00f6r en samlad bild av alla v\u00e5ra kyrkv\u00e4rdsutbildningar se programfoldern nedan.<\/p>\n<p><a href=\"https:\/\/stiftsgardenrattvik.se\/wp-content\/uploads\/2018\/10\/Kyrkv\u00e4rdskurser-p\u00e5-Stiftsg\u00e5rden-ht-2018-vt-2019.pdf\">Kyrkv\u00e4rdskurser p\u00e5 Stiftsg\u00e5rden vt 2019<\/a><br \/>\n[\/av_textblock]<\/p>\n<p>[\/av_one_full][av_one_full first min_height=&#8221; vertical_alignment=&#8221; space=&#8221; custom_margin=&#8221; margin=&#8217;0px&#8217; padding=&#8217;0px&#8217; border=&#8221; border_color=&#8221; radius=&#8217;0px&#8217; background_color=&#8221; src=&#8221; background_position=&#8217;top left&#8217; background_repeat=&#8217;no-repeat&#8217; animation=&#8221;]<br \/>\n[av_image src=&#8217;https:\/\/stiftsgardenrattvik.se\/wp-content\/uploads\/2018\/05\/Kyrkv\u00e4rdskurser-ht-2018-vt-2019-foto-Magnus-Aronson.jpg&#8217; attachment=&#8217;7605&#8242; attachment_size=&#8217;full&#8217; align=&#8217;center&#8217; styling=&#8221; hover=&#8221; link=&#8221; target=&#8221; caption=&#8221; font_size=&#8221; appearance=&#8221; overlay_opacity=&#8217;0.4&#8242; overlay_color=&#8217;#000000&#8242; overlay_text_color=&#8217;#ffffff&#8217; animation=&#8217;no-animation&#8217;][\/av_image]<br \/>\n[\/av_one_full]<\/p>\n","protected":false},"excerpt":{"rendered":"<p>[av_one_full first min_height=&#8221; vertical_alignment=&#8221; space=&#8221; custom_margin=&#8221; margin=&#8217;0px&#8217; padding=&#8217;0px&#8217; border=&#8221; border_color=&#8221; radius=&#8217;0px&#8217; background_color=&#8221; src=&#8221; background_position=&#8217;top left&#8217; background_repeat=&#8217;no-repeat&#8217; animation=&#8221;] [av_textblock size=&#8221; font_color=&#8221; color=&#8221;] Under denna rubrik finner du alla v\u00e5ra kyrkv\u00e4rdsutbildningar med en sida och program f\u00f6r varje kurs. F\u00f6r en samlad bild av alla v\u00e5ra kyrkv\u00e4rdsutbildningar se programfoldern nedan. Kyrkv\u00e4rdskurser p\u00e5 Stiftsg\u00e5rden vt 2019 [\/av_textblock] [\/av_one_full][av_one_full [&hellip;]<\/p>\n","protected":false},"author":1,"featured_media":0,"parent":0,"menu_order":0,"comment_status":"closed","ping_status":"closed","template":"","meta":{"footnotes":""},"class_list":["post-7595","page","type-page","status-publish","hentry"],"_links":{"self":[{"href":"https:\/\/www1.stiftsgardenrattvik.se\/index.php?rest_route=\/wp\/v2\/pages\/7595","targetHints":{"allow":["GET"]}}],"collection":[{"href":"https:\/\/www1.stiftsgardenrattvik.se\/index.php?rest_route=\/wp\/v2\/pages"}],"about":[{"href":"https:\/\/www1.stiftsgardenrattvik.se\/index.php?rest_route=\/wp\/v2\/types\/page"}],"author":[{"embeddable":true,"href":"https:\/\/www1.stiftsgardenrattvik.se\/index.php?rest_route=\/wp\/v2\/users\/1"}],"replies":[{"embeddable":true,"href":"https:\/\/www1.stiftsgardenrattvik.se\/index.php?rest_route=%2Fwp%2Fv2%2Fcomments&post=7595"}],"version-history":[{"count":5,"href":"https:\/\/www1.stiftsgardenrattvik.se\/index.php?rest_route=\/wp\/v2\/pages\/7595\/revisions"}],"predecessor-version":[{"id":8099,"href":"https:\/\/www1.stiftsgardenrattvik.se\/index.php?rest_route=\/wp\/v2\/pages\/7595\/revisions\/8099"}],"wp:attachment":[{"href":"https:\/\/www1.stiftsgardenrattvik.se\/index.php?rest_route=%2Fwp%2Fv2%2Fmedia&parent=7595"}],"curies":[{"name":"wp","href":"https:\/\/api.w.org\/{rel}","templated":true}]}}