{"id":7644,"date":"2018-06-27T14:40:07","date_gmt":"2018-06-27T12:40:07","guid":{"rendered":"https:\/\/stiftsgardenrattvik.se\/?page_id=7644"},"modified":"2018-12-05T12:19:50","modified_gmt":"2018-12-05T11:19:50","slug":"fondansokan-global-trettonhelg-2019","status":"publish","type":"page","link":"https:\/\/www1.stiftsgardenrattvik.se\/?page_id=7644","title":{"rendered":"Fondans\u00f6kan Global trettonhelg 2019"},"content":{"rendered":"<p>[av_one_full first min_height=&#8221; vertical_alignment=&#8221; space=&#8221; custom_margin=&#8221; margin=&#8217;0px&#8217; padding=&#8217;0px&#8217; border=&#8221; border_color=&#8221; radius=&#8217;0px&#8217; background_color=&#8221; src=&#8221; background_position=&#8217;top left&#8217; background_repeat=&#8217;no-repeat&#8217; animation=&#8221;]<\/p>\n<p>[av_contact email=&#8217;jimmy.jansson@stiftsgardenrattvik.se&#8217; title=&#8217;Ans\u00f6k om bidrag ur v\u00e5ra fonder!&#8217; button=&#8217;Skicka ans\u00f6kan&#8217; on_send=&#8221; sent=&#8217;Ditt meddelande har s\u00e4nts!&#8217; link=&#8217;manually,http:\/\/&#8217; subject=&#8221; autorespond=&#8221; captcha=&#8221; form_align=&#8221; color=&#8221;]<br \/>\n[av_contact_field label=&#8217;Namn&#8217; type=&#8217;text&#8217; options=&#8221; check=&#8217;is_empty&#8217; width=&#8221; multi_select=&#8221;][\/av_contact_field]<br \/>\n[av_contact_field label=&#8217;Postadress&#8217; type=&#8217;text&#8217; options=&#8221; check=&#8217;is_empty&#8217; width=&#8221; multi_select=&#8221;][\/av_contact_field]<br \/>\n[av_contact_field label=&#8217;Postort&#8217; type=&#8217;textarea&#8217; options=&#8221; check=&#8217;is_empty&#8217; width=&#8221; multi_select=&#8221;][\/av_contact_field]<br \/>\n[av_contact_field label=&#8217;Email&#8217; type=&#8217;text&#8217; options=&#8221; check=&#8217;is_email&#8217; width=&#8221; multi_select=&#8221;][\/av_contact_field]<br \/>\n[av_contact_field label=&#8217;Telefonnummer&#8217; type=&#8217;text&#8217; options=&#8221; check=&#8217;is_empty&#8217; width=&#8221; multi_select=&#8221;][\/av_contact_field]<br \/>\n[av_contact_field label=&#8217;Yrke\/syssels\u00e4ttning&#8217; type=&#8217;text&#8217; options=&#8221; check=&#8217;is_empty&#8217; width=&#8221; multi_select=&#8221;][\/av_contact_field]<br \/>\n[av_contact_field label=&#8217;M\u00e5nadsinkomst f\u00f6re skatt&#8217; type=&#8217;text&#8217; options=&#8221; check=&#8217;is_empty&#8217; width=&#8221; multi_select=&#8221;][\/av_contact_field]<br \/>\n[av_contact_field label=&#8217;Ange vad ans\u00f6kan g\u00e4ller&#8217; type=&#8217;text&#8217; options=&#8221; check=&#8217;is_empty&#8217; width=&#8221; multi_select=&#8221;][\/av_contact_field]<br \/>\n[av_contact_field label=&#8217;Motivera din ans\u00f6kan&#8217; type=&#8217;text&#8217; options=&#8221; check=&#8217;is_empty&#8217; width=&#8221; multi_select=&#8221;][\/av_contact_field]<br \/>\n[av_contact_field label=&#8217;Ange h\u00e4r om du delar kostnaden med n\u00e5gon (t.ex. anh\u00f6rig, socialtj\u00e4nst eller annan)&#8217; type=&#8217;text&#8217; options=&#8221; check=&#8217;is_empty&#8217; width=&#8221; multi_select=&#8221;][\/av_contact_field]<br \/>\n[\/av_contact]<\/p>\n<p>[\/av_one_full]<\/p>\n","protected":false},"excerpt":{"rendered":"<p>[av_one_full first min_height=&#8221; vertical_alignment=&#8221; space=&#8221; custom_margin=&#8221; margin=&#8217;0px&#8217; padding=&#8217;0px&#8217; border=&#8221; border_color=&#8221; radius=&#8217;0px&#8217; background_color=&#8221; src=&#8221; background_position=&#8217;top left&#8217; background_repeat=&#8217;no-repeat&#8217; animation=&#8221;] [av_contact email=&#8217;jimmy.jansson@stiftsgardenrattvik.se&#8217; title=&#8217;Ans\u00f6k om bidrag ur v\u00e5ra fonder!&#8217; button=&#8217;Skicka ans\u00f6kan&#8217; on_send=&#8221; sent=&#8217;Ditt meddelande har s\u00e4nts!&#8217; link=&#8217;manually,http:\/\/&#8217; subject=&#8221; autorespond=&#8221; captcha=&#8221; form_align=&#8221; color=&#8221;] [av_contact_field label=&#8217;Namn&#8217; type=&#8217;text&#8217; options=&#8221; check=&#8217;is_empty&#8217; width=&#8221; multi_select=&#8221;][\/av_contact_field] [av_contact_field label=&#8217;Postadress&#8217; type=&#8217;text&#8217; options=&#8221; check=&#8217;is_empty&#8217; width=&#8221; multi_select=&#8221;][\/av_contact_field] [av_contact_field label=&#8217;Postort&#8217; type=&#8217;textarea&#8217; [&hellip;]<\/p>\n","protected":false},"author":1,"featured_media":0,"parent":0,"menu_order":0,"comment_status":"closed","ping_status":"closed","template":"","meta":{"footnotes":""},"class_list":["post-7644","page","type-page","status-publish","hentry"],"_links":{"self":[{"href":"https:\/\/www1.stiftsgardenrattvik.se\/index.php?rest_route=\/wp\/v2\/pages\/7644","targetHints":{"allow":["GET"]}}],"collection":[{"href":"https:\/\/www1.stiftsgardenrattvik.se\/index.php?rest_route=\/wp\/v2\/pages"}],"about":[{"href":"https:\/\/www1.stiftsgardenrattvik.se\/index.php?rest_route=\/wp\/v2\/types\/page"}],"author":[{"embeddable":true,"href":"https:\/\/www1.stiftsgardenrattvik.se\/index.php?rest_route=\/wp\/v2\/users\/1"}],"replies":[{"embeddable":true,"href":"https:\/\/www1.stiftsgardenrattvik.se\/index.php?rest_route=%2Fwp%2Fv2%2Fcomments&post=7644"}],"version-history":[{"count":4,"href":"https:\/\/www1.stiftsgardenrattvik.se\/index.php?rest_route=\/wp\/v2\/pages\/7644\/revisions"}],"predecessor-version":[{"id":8056,"href":"https:\/\/www1.stiftsgardenrattvik.se\/index.php?rest_route=\/wp\/v2\/pages\/7644\/revisions\/8056"}],"wp:attachment":[{"href":"https:\/\/www1.stiftsgardenrattvik.se\/index.php?rest_route=%2Fwp%2Fv2%2Fmedia&parent=7644"}],"curies":[{"name":"wp","href":"https:\/\/api.w.org\/{rel}","templated":true}]}}