{"id":7659,"date":"2018-07-05T14:59:36","date_gmt":"2018-07-05T12:59:36","guid":{"rendered":"https:\/\/stiftsgardenrattvik.se\/?page_id=7659"},"modified":"2018-07-05T15:02:25","modified_gmt":"2018-07-05T13:02:25","slug":"family-pride-park","status":"publish","type":"page","link":"https:\/\/www1.stiftsgardenrattvik.se\/?page_id=7659","title":{"rendered":"Family pride park"},"content":{"rendered":"<p>[av_one_full first min_height=&#8221; vertical_alignment=&#8221; space=&#8221; custom_margin=&#8221; margin=&#8217;0px&#8217; padding=&#8217;0px&#8217; border=&#8221; border_color=&#8221; radius=&#8217;0px&#8217; background_color=&#8221; src=&#8221; background_position=&#8217;top left&#8217; background_repeat=&#8217;no-repeat&#8217; animation=&#8221;]<\/p>\n<p>[av_textblock size=&#8221; font_color=&#8221; color=&#8221;]<\/p>\n<h1 style=\"text-align: center;\">Familjedag p\u00e5 Stiftsg\u00e5rden!<\/h1>\n<p>Sedan flera \u00e5r har Stiftsg\u00e5rden arrangerat en familjedag under Classic Car Week (vecka 31) i R\u00e4ttvik. I tar vi det \u00e4nnu l\u00e4ngre och arrangerar en f\u00e4rgglad <strong>Family Pride Park<\/strong> med m\u00e5nga roliga aktiviteter f\u00f6r hela familjen. Dagen b\u00f6rjar klockan 10 med en intressant f\u00f6rel\u00e4sning av Charlie Peck som ber\u00e4ttar om hur det \u00e4r att leva som transperson i Sverige idag. D\u00e4refter fylls innerg\u00e5rden av aktiviteter och folk. 14:30 blir det prideparad och avslutande regnb\u00e5gsfika nere vid stranden.<\/p>\n<h3>Fri entr\u00e9. Alla \u00e4r v\u00e4lkomna!<\/h3>\n<p>Det detaljerade programmet hittar du h\u00e4r: <a href=\"https:\/\/stiftsgardenrattvik.se\/wp-content\/uploads\/2018\/07\/Program-Family-pride-park-2018.pdf\">Program Family pride park 2018<\/a><br \/>\n[\/av_textblock]<\/p>\n<p>[\/av_one_full][av_one_full first min_height=&#8221; vertical_alignment=&#8221; space=&#8221; custom_margin=&#8221; margin=&#8217;0px&#8217; padding=&#8217;0px&#8217; border=&#8221; border_color=&#8221; radius=&#8217;0px&#8217; background_color=&#8221; src=&#8221; background_position=&#8217;top left&#8217; background_repeat=&#8217;no-repeat&#8217; animation=&#8221;]<br \/>\n[av_image src=&#8217;https:\/\/stiftsgardenrattvik.se\/wp-content\/uploads\/2018\/07\/2014-06-21-20.21.14.jpg&#8217; attachment=&#8217;7662&#8242; attachment_size=&#8217;full&#8217; align=&#8217;center&#8217; styling=&#8221; hover=&#8221; link=&#8221; target=&#8221; caption=&#8221; font_size=&#8221; appearance=&#8221; overlay_opacity=&#8217;0.4&#8242; overlay_color=&#8217;#000000&#8242; overlay_text_color=&#8217;#ffffff&#8217; animation=&#8217;no-animation&#8217;][\/av_image]<br \/>\n[\/av_one_full]<\/p>\n","protected":false},"excerpt":{"rendered":"<p>[av_one_full first min_height=&#8221; vertical_alignment=&#8221; space=&#8221; custom_margin=&#8221; margin=&#8217;0px&#8217; padding=&#8217;0px&#8217; border=&#8221; border_color=&#8221; radius=&#8217;0px&#8217; background_color=&#8221; src=&#8221; background_position=&#8217;top left&#8217; background_repeat=&#8217;no-repeat&#8217; animation=&#8221;] [av_textblock size=&#8221; font_color=&#8221; color=&#8221;] Familjedag p\u00e5 Stiftsg\u00e5rden! Sedan flera \u00e5r har Stiftsg\u00e5rden arrangerat en familjedag under Classic Car Week (vecka 31) i R\u00e4ttvik. I tar vi det \u00e4nnu l\u00e4ngre och arrangerar en f\u00e4rgglad Family Pride Park med m\u00e5nga [&hellip;]<\/p>\n","protected":false},"author":1,"featured_media":0,"parent":0,"menu_order":0,"comment_status":"closed","ping_status":"closed","template":"","meta":{"footnotes":""},"class_list":["post-7659","page","type-page","status-publish","hentry"],"_links":{"self":[{"href":"https:\/\/www1.stiftsgardenrattvik.se\/index.php?rest_route=\/wp\/v2\/pages\/7659","targetHints":{"allow":["GET"]}}],"collection":[{"href":"https:\/\/www1.stiftsgardenrattvik.se\/index.php?rest_route=\/wp\/v2\/pages"}],"about":[{"href":"https:\/\/www1.stiftsgardenrattvik.se\/index.php?rest_route=\/wp\/v2\/types\/page"}],"author":[{"embeddable":true,"href":"https:\/\/www1.stiftsgardenrattvik.se\/index.php?rest_route=\/wp\/v2\/users\/1"}],"replies":[{"embeddable":true,"href":"https:\/\/www1.stiftsgardenrattvik.se\/index.php?rest_route=%2Fwp%2Fv2%2Fcomments&post=7659"}],"version-history":[{"count":3,"href":"https:\/\/www1.stiftsgardenrattvik.se\/index.php?rest_route=\/wp\/v2\/pages\/7659\/revisions"}],"predecessor-version":[{"id":7665,"href":"https:\/\/www1.stiftsgardenrattvik.se\/index.php?rest_route=\/wp\/v2\/pages\/7659\/revisions\/7665"}],"wp:attachment":[{"href":"https:\/\/www1.stiftsgardenrattvik.se\/index.php?rest_route=%2Fwp%2Fv2%2Fmedia&parent=7659"}],"curies":[{"name":"wp","href":"https:\/\/api.w.org\/{rel}","templated":true}]}}