{"id":7857,"date":"2018-09-03T16:14:26","date_gmt":"2018-09-03T14:14:26","guid":{"rendered":"https:\/\/stiftsgardenrattvik.se\/?page_id=7857"},"modified":"2025-06-23T16:53:06","modified_gmt":"2025-06-23T14:53:06","slug":"fordjupningskurs-for-kyrkvardar-och-gudstjanstvardar","status":"publish","type":"page","link":"https:\/\/www1.stiftsgardenrattvik.se\/?page_id=7857","title":{"rendered":"Kyrkv\u00e4rd i och med f\u00f6rsamlingen"},"content":{"rendered":"<p>[av_one_full first min_height=&#8221; vertical_alignment=&#8221; space=&#8221; custom_margin=&#8221; margin=&#8217;0px&#8217; padding=&#8217;0px&#8217; border=&#8221; border_color=&#8221; radius=&#8217;0px&#8217; background_color=&#8221; src=&#8221; background_position=&#8217;top left&#8217; background_repeat=&#8217;no-repeat&#8217; animation=&#8221; av_uid=&#8217;av-wl5r0h&#8217;]<br \/>\n[av_textblock textblock_styling_align=&#8221; textblock_styling=&#8221; textblock_styling_gap=&#8221; textblock_styling_mobile=&#8221; size=&#8221; av-desktop-font-size=&#8221; av-medium-font-size=&#8221; av-small-font-size=&#8221; av-mini-font-size=&#8221; font_color=&#8221; color=&#8221; id=&#8221; custom_class=&#8221; template_class=&#8221; av_uid=&#8217;av-uw4lsh&#8217; sc_version=&#8217;1.0&#8242; admin_preview_bg=&#8221;]<\/p>\n<h1 style=\"text-align: center;\">Kyrkv\u00e4rd i och med f\u00f6rsamlingen<\/h1>\n<h3 style=\"text-align: center;\">8-10 maj 2026<\/h3>\n<p>[\/av_textblock]<br \/>\n[\/av_one_full]<\/p>\n<p>[av_one_full first min_height=&#8221; vertical_alignment=&#8221; space=&#8221; custom_margin=&#8221; margin=&#8217;0px&#8217; padding=&#8217;0px&#8217; border=&#8221; border_color=&#8221; radius=&#8217;0px&#8217; background_color=&#8221; src=&#8221; background_position=&#8217;top left&#8217; background_repeat=&#8217;no-repeat&#8217; animation=&#8221; av_uid=&#8217;av-sazjwx&#8217;]<br \/>\n[av_textblock textblock_styling_align=&#8221; textblock_styling=&#8221; textblock_styling_gap=&#8221; textblock_styling_mobile=&#8221; size=&#8221; av-desktop-font-size=&#8221; av-medium-font-size=&#8221; av-small-font-size=&#8221; av-mini-font-size=&#8221; font_color=&#8221; color=&#8221; id=&#8221; custom_class=&#8221; template_class=&#8221; av_uid=&#8217;av-rbkwkh&#8217; sc_version=&#8217;1.0&#8242; admin_preview_bg=&#8221;]<br \/>\nAtt vara kyrkv\u00e4rd \u00e4r ett urgammalt uppdrag i den kristna kyrkan. I v\u00e5r Svenska kyrka \u00e4r det ett av v\u00e5ra viktigaste f\u00f6rtroendeuppdrag. En del i uppgiften har f\u00f6r\u00e4ndrats \u00f6ver tid. Somligt har tagits bort medan annat har tillkommit. Samtidigt \u00e4r kyrkv\u00e4rden i m\u00e5ngt och mycket representant f\u00f6r f\u00f6rsamlingen.<br \/>\nSedan m\u00e5nga \u00e5r erbjuder Stiftsg\u00e5rden i R\u00e4ttvik b\u00e5de utbildning och fortbildning f\u00f6r kyrkv\u00e4rdar och gudstj\u00e4nstv\u00e4rdar. V\u00e5ra kurser \u00e4r f\u00f6rlagd till den natursk\u00f6nt bel\u00e4gna g\u00e5rden vid Siljans strand. Deltagande i v\u00e5ra kurser ger en f\u00f6rdjupning f\u00f6r tj\u00e4nst i ett av v\u00e5r kyrkas kanske \u00e4ldsta uppdrag.<\/p>\n<p>Mer <strong>info<\/strong> om kursen:<\/p>\n<ul>\n<li><a href=\"https:\/\/stiftsgardenrattvik.se\/wp-content\/uploads\/2025\/06\/Kyrkvard-i-och-med-forsamlingen-Flyer-SG-2026.pdf\">Informationsblad Kyrkv\u00e4rd i och med f\u00f6rsamlingen<\/a><\/li>\n<li><a href=\"https:\/\/stiftsgardenrattvik.se\/wp-content\/uploads\/2025\/06\/Kyyrkvard-i-och-med-forsamlingen-Program-maj-2026.pdf\">Detaljerat program\u00a0<\/a>(med reservation f\u00f6r f\u00f6r\u00e4ndringar)<\/li>\n<\/ul>\n<p>F\u00f6r\u00a0<strong>fr\u00e5gor<\/strong> v\u00e4nligen kontakta oss p\u00e5 <a href=\"mailto:program@stiftsgardenrattvik.se\">program@stiftsgardenrattvik.se<\/a>.<br \/>\nF\u00f6r <strong>bokning<\/strong> v\u00e4nligen fyll i formul\u00e4ret nedan s\u00e5 \u00e5terkommer vi s\u00e5 snart som m\u00f6jligt med besked om du f\u00e5tt plats.<br \/>\n[\/av_textblock]<br \/>\n[\/av_one_full]<\/p>\n<p>[av_one_full first min_height=&#8221; vertical_alignment=&#8221; space=&#8221; custom_margin=&#8221; margin=&#8217;0px&#8217; padding=&#8217;0px&#8217; border=&#8221; border_color=&#8221; radius=&#8217;0px&#8217; background_color=&#8221; src=&#8221; background_position=&#8217;top left&#8217; background_repeat=&#8217;no-repeat&#8217; animation=&#8221; av_uid=&#8217;av-p6rk3l&#8217;]<br \/>\n[av_image src=&#8217;https:\/\/stiftsgardenrattvik.se\/wp-content\/uploads\/2019\/12\/Baskurs-nya-kv\u00e4rd-magnus-a.jpg&#8217; attachment=&#8217;9188&#8242; attachment_size=&#8217;full&#8217; align=&#8217;center&#8217; styling=&#8221; hover=&#8221; link=&#8221; target=&#8221; caption=&#8221; font_size=&#8221; appearance=&#8221; overlay_opacity=&#8217;0.4&#8242; overlay_color=&#8217;#000000&#8242; overlay_text_color=&#8217;#ffffff&#8217; animation=&#8217;no-animation&#8217; av_uid=&#8217;av-o3ht1d&#8217;][\/av_image]<br \/>\n[\/av_one_full]<\/p>\n<p>[av_one_full first min_height=&#8221; vertical_alignment=&#8221; space=&#8221; custom_margin=&#8221; margin=&#8217;0px&#8217; padding=&#8217;0px&#8217; border=&#8221; border_color=&#8221; radius=&#8217;0px&#8217; background_color=&#8221; src=&#8221; background_position=&#8217;top left&#8217; background_repeat=&#8217;no-repeat&#8217; animation=&#8221; av_uid=&#8217;av-mut0dd&#8217;]<\/p>\n<p>[av_contact title=&#8217;G\u00f6r din bokning h\u00e4r!&#8217; button=&#8217;Skicka anm\u00e4lan!&#8217; on_send=&#8221; sent=&#8217;Tack f\u00f6r din anm\u00e4lan!&#8217; link=&#8217;manually,http:\/\/&#8217; captcha=&#8221; captcha_theme=&#8217;light&#8217; captcha_size=&#8217;normal&#8217; captcha_score=&#8217;0.5&#8242; email=&#8217;bokningen@stiftsgardenrattvik.se&#8217; from_email=&#8221; subject=&#8217;Bokning Kyrkv\u00e4rd i och med f\u00f6rsamlingen 8-10 maj 2026&#8242; autoresponder_email=&#8217;bokningen@stiftsgardenrattvik.se&#8217; autoresponder_reply_to=&#8217;bokningen@stiftsgardenrattvik.se&#8217; autoresponder_subject=&#8217;Anm\u00e4lan Kyrkv\u00e4rd i och med f\u00f6rsamligen 8-10 maj 2026&#8242; autorespond=&#8217;Hej och tack f\u00f6r din anm\u00e4lan till kursen Kyrkv\u00e4rd i och med f\u00f6rsamligen 8-10 maj 2026.<br \/>\nVi tar hand om din anm\u00e4lan s\u00e5 snart vi kan och \u00e5terkommer till dig med besked om du f\u00e5tt plats. Har du n\u00e5gra fr\u00e5gor om kursen eller vill \u00e4ndra n\u00e5got i din anm\u00e4lan \u00e4r du v\u00e4lkommen att kontakta oss p\u00e5 010-160 80 01 eller bokningen@stiftsgardenrattvik.se.<\/p>\n<p>Med v\u00e4nliga h\u00e4lsningar,<br \/>\nStiftsg\u00e5rden R\u00e4ttvik&#8217; autorespond_after=&#8221; form_align=&#8221; color=&#8221; heading_tag=&#8221; heading_class=&#8221; alb_description=&#8221; id=&#8221; custom_class=&#8221; template_class=&#8221; aria_label=&#8221; av_uid=&#8217;av-l9v42p&#8217; sc_version=&#8217;1.0&#8242; admin_preview_bg=&#8221;]<br \/>\n[av_contact_field label=&#8217;F\u00f6rnamn&#8217; type=&#8217;text&#8217; options=&#8221; check=&#8217;is_empty&#8217; width=&#8217;element_half&#8217; multi_select=&#8221; av_uid=&#8217;av-ity8w1&#8242; av_contact_preselect=&#8221; element_display=&#8221; headline_tag=&#8217;h3&#8242; sc_version=&#8217;1.0&#8242;][\/av_contact_field]<br \/>\n[av_contact_field label=&#8217;Efternamn&#8217; type=&#8217;text&#8217; options=&#8221; check=&#8217;is_empty&#8217; width=&#8217;element_half&#8217; multi_select=&#8221; av_uid=&#8217;av-hrhuxd&#8217; av_contact_preselect=&#8221; element_display=&#8221; headline_tag=&#8217;h3&#8242; sc_version=&#8217;1.0&#8242;][\/av_contact_field]<br \/>\n[av_contact_field label=&#8217;Postadress&#8217; type=&#8217;text&#8217; options=&#8221; check=&#8217;is_empty&#8217; width=&#8217;element_third&#8217; multi_select=&#8221; av_uid=&#8217;av-f2e25t&#8217; av_contact_preselect=&#8221; element_display=&#8221; headline_tag=&#8217;h3&#8242; sc_version=&#8217;1.0&#8242;][\/av_contact_field]<br \/>\n[av_contact_field type=&#8217;text&#8217; label=&#8217;Postnummer&#8217; options=&#8221; check=&#8217;is_empty&#8217; element_display=&#8221; width=&#8217;element_third&#8217; headline_tag=&#8217;h3&#8242; av_uid=&#8217;av-djbgpd&#8217; sc_version=&#8217;1.0&#8242; multi_select=&#8221; av_contact_preselect=&#8221;][\/av_contact_field]<br \/>\n[av_contact_field label=&#8217;Postort&#8217; type=&#8217;text&#8217; options=&#8221; check=&#8217;is_empty&#8217; width=&#8217;element_third&#8217; multi_select=&#8221; av_uid=&#8217;av-co2uld&#8217; av_contact_preselect=&#8221; element_display=&#8221; headline_tag=&#8217;h3&#8242; sc_version=&#8217;1.0&#8242;][\/av_contact_field]<br \/>\n[av_contact_field label=&#8217;Epost&#8217; type=&#8217;text&#8217; options=&#8221; check=&#8217;is_email&#8217; width=&#8217;element_half&#8217; multi_select=&#8221; av_uid=&#8217;av-azahq9&#8242; av_contact_preselect=&#8221; element_display=&#8221; headline_tag=&#8217;h3&#8242; sc_version=&#8217;1.0&#8242;][\/av_contact_field]<br \/>\n[av_contact_field label=&#8217;Telefonnummer&#8217; type=&#8217;text&#8217; options=&#8221; check=&#8217;is_empty&#8217; width=&#8217;element_half&#8217; multi_select=&#8221; av_uid=&#8217;av-9l8kwh&#8217; av_contact_preselect=&#8221; element_display=&#8221; headline_tag=&#8217;h3&#8242; sc_version=&#8217;1.0&#8242;][\/av_contact_field]<br \/>\n[av_contact_field type=&#8217;text&#8217; label=&#8217;\u00d6nskas logi JA\/NEJ (om JA v\u00e4lj alternativ nedan)&#8217; options=&#8221; check=&#8217;is_empty&#8217; element_display=&#8221; width=&#8221; headline_tag=&#8217;h3&#8242; av_uid=&#8217;av-7ng5dd&#8217; sc_version=&#8217;1.0&#8242; multi_select=&#8221; av_contact_preselect=&#8221;][\/av_contact_field]<br \/>\n[av_contact_field type=&#8217;checkbox&#8217; label=&#8217;Enkelrum med WC (dusch i korridor)&#8217; options=&#8221; check=&#8221; element_display=&#8221; width=&#8217;element_third&#8217; headline_tag=&#8217;h3&#8242; av_uid=&#8217;av-lh94rphi&#8217; sc_version=&#8217;1.0&#8242; multi_select=&#8221; av_contact_preselect=&#8221;][\/av_contact_field]<br \/>\n[av_contact_field type=&#8217;checkbox&#8217; label=&#8217;Enkelrum med dusch &#038; wc&#8217; options=&#8221; check=&#8221; element_display=&#8221; width=&#8217;element_third&#8217; headline_tag=&#8217;h3&#8242; av_uid=&#8217;av-lh94rz4o&#8217; sc_version=&#8217;1.0&#8242; multi_select=&#8221; av_contact_preselect=&#8221;][\/av_contact_field]<br \/>\n[av_contact_field type=&#8217;checkbox&#8217; label=&#8217;Dubbelrum med dusch &#038; WC&#8217; options=&#8221; check=&#8221; element_display=&#8221; width=&#8217;element_third&#8217; headline_tag=&#8217;h3&#8242; av_uid=&#8217;av-lh94s9gl&#8217; sc_version=&#8217;1.0&#8242; multi_select=&#8221; av_contact_preselect=&#8221;][\/av_contact_field]<br \/>\n[av_contact_field label=&#8217;Ev. faktureringsadress&#8217; type=&#8217;text&#8217; options=&#8221; check=&#8221; width=&#8221; multi_select=&#8221; av_uid=&#8217;av-659hlt&#8217; av_contact_preselect=&#8221; element_display=&#8221; headline_tag=&#8217;h3&#8242; sc_version=&#8217;1.0&#8242;][\/av_contact_field]<br \/>\n[av_contact_field label=&#8217;Ev. referensperson&#8217; type=&#8217;text&#8217; options=&#8221; check=&#8221; width=&#8221; multi_select=&#8221; av_uid=&#8217;av-3okjm9&#8242; av_contact_preselect=&#8221; element_display=&#8221; headline_tag=&#8217;h3&#8242; sc_version=&#8217;1.0&#8242;][\/av_contact_field]<br \/>\n[av_contact_field label=&#8217;Allergier och behov av specialkost har \u00f6kat. Det \u00e4r viktigt att vi som lagar och serverar mat tar dessa behov p\u00e5 st\u00f6rsta allvar och skapar b\u00e4sta t\u00e4nkbara f\u00f6ruts\u00e4ttningar f\u00f6r att vi ska klara av att uppfylla kraven. D\u00e4rf\u00f6r har Stiftsg\u00e5rden i R\u00e4ttvik fr\u00e5n och med den 1 mars 2021 inf\u00f6rt tydligare regler n\u00e4r det g\u00e4ller specialkost. F\u00f6r att vi ska kunna s\u00e4kerst\u00e4lla och tillgodose behovet av specialkost beh\u00f6ver vi l\u00e4karintyg f\u00f6r ber\u00f6rd person. L\u00e4karintyget m\u00e5ste vara Stiftsg\u00e5rden tillhanda senast sju dagar innan ankomst f\u00f6r att vi ska kunna s\u00e4kerst\u00e4lla och tillgodose behovet. Vid f\u00f6rsta m\u00e5ltid m\u00e5ste den som har behov av specialkost anm\u00e4la sig till k\u00f6kspersonalen s\u00e5 att vi vet vem det g\u00e4ller. I enligt med GDPR sparas l\u00e4karintygen s\u00e5 l\u00e4nge det \u00e4r n\u00f6dv\u00e4ndigt f\u00f6r att uppfylla kraven. N\u00e4r ni skickar in ert l\u00e4karintyg medger ni samtidigt att era personuppgifter sparas enligt ovan. Ev. allergier\/ specialkost v\u00e4nligen fyll i nedan&#8217; type=&#8217;text&#8217; options=&#8221; check=&#8221; width=&#8221; multi_select=&#8221; av_uid=&#8217;av-34d3ch&#8217; av_contact_preselect=&#8221; element_display=&#8221; headline_tag=&#8217;h3&#8242; sc_version=&#8217;1.0&#8242;][\/av_contact_field]<br \/>\n[\/av_contact]<\/p>\n<p>[\/av_one_full]<\/p>\n","protected":false},"excerpt":{"rendered":"","protected":false},"author":1,"featured_media":0,"parent":0,"menu_order":0,"comment_status":"closed","ping_status":"closed","template":"","meta":{"footnotes":""},"class_list":["post-7857","page","type-page","status-publish","hentry"],"_links":{"self":[{"href":"https:\/\/www1.stiftsgardenrattvik.se\/index.php?rest_route=\/wp\/v2\/pages\/7857","targetHints":{"allow":["GET"]}}],"collection":[{"href":"https:\/\/www1.stiftsgardenrattvik.se\/index.php?rest_route=\/wp\/v2\/pages"}],"about":[{"href":"https:\/\/www1.stiftsgardenrattvik.se\/index.php?rest_route=\/wp\/v2\/types\/page"}],"author":[{"embeddable":true,"href":"https:\/\/www1.stiftsgardenrattvik.se\/index.php?rest_route=\/wp\/v2\/users\/1"}],"replies":[{"embeddable":true,"href":"https:\/\/www1.stiftsgardenrattvik.se\/index.php?rest_route=%2Fwp%2Fv2%2Fcomments&post=7857"}],"version-history":[{"count":21,"href":"https:\/\/www1.stiftsgardenrattvik.se\/index.php?rest_route=\/wp\/v2\/pages\/7857\/revisions"}],"predecessor-version":[{"id":15642,"href":"https:\/\/www1.stiftsgardenrattvik.se\/index.php?rest_route=\/wp\/v2\/pages\/7857\/revisions\/15642"}],"wp:attachment":[{"href":"https:\/\/www1.stiftsgardenrattvik.se\/index.php?rest_route=%2Fwp%2Fv2%2Fmedia&parent=7857"}],"curies":[{"name":"wp","href":"https:\/\/api.w.org\/{rel}","templated":true}]}}