{"id":8014,"date":"2018-11-15T10:58:00","date_gmt":"2018-11-15T09:58:00","guid":{"rendered":"https:\/\/stiftsgardenrattvik.se\/?page_id=8014"},"modified":"2021-11-16T15:23:06","modified_gmt":"2021-11-16T14:23:06","slug":"sommarpersonal","status":"publish","type":"page","link":"https:\/\/www1.stiftsgardenrattvik.se\/?page_id=8014","title":{"rendered":"Sommarpersonal"},"content":{"rendered":"<p>[av_one_full first min_height=&#8221; vertical_alignment=&#8221; space=&#8221; custom_margin=&#8221; margin=&#8217;0px&#8217; padding=&#8217;0px&#8217; border=&#8221; border_color=&#8221; radius=&#8217;0px&#8217; background_color=&#8221; src=&#8221; background_position=&#8217;top left&#8217; background_repeat=&#8217;no-repeat&#8217; animation=&#8221;]<br \/>\n[av_textblock size=&#8221; font_color=&#8221; color=&#8221;]<\/p>\n<h1 style=\"text-align: center;\">Stiftsg\u00e5rden s\u00f6ker sommarpersonal<\/h1>\n<p>[\/av_textblock]<br \/>\n[\/av_one_full]<\/p>\n<p>[av_one_full first min_height=&#8221; vertical_alignment=&#8221; space=&#8221; custom_margin=&#8221; margin=&#8217;0px&#8217; padding=&#8217;0px&#8217; border=&#8221; border_color=&#8221; radius=&#8217;0px&#8217; background_color=&#8221; src=&#8221; background_position=&#8217;top left&#8217; background_repeat=&#8217;no-repeat&#8217; animation=&#8221;]<\/p>\n<p>[av_textblock size=&#8221; font_color=&#8221; color=&#8221;]<\/p>\n<h6>Vintern gnistrar och sommaren m\u00e5 k\u00e4nnas som en h\u00e4gring. Trots det s\u00f6ker vi just nu efter personer som vill jobba hos oss i sommar. \u00c4r det kanske du eller n\u00e5gon du k\u00e4nner?<\/h6>\n<p><strong>Reception<\/strong><strong><br \/>\n<\/strong>Vill du jobba med oss i <strong>reception <\/strong>under sommaren?<br \/>\nVi beh\u00f6ver n\u00e5gra fler medarbetare till v\u00e5rt arbetslag i sommar. Hos oss p\u00e5 reception\/bokning kommer Du att bland annat arbeta i bokningssystemet Jupiter, ta hand om v\u00e5ra g\u00e4ster vid ankomst, avresa och ge service under deras vistelsen hos oss p\u00e5 Stiftsg\u00e5rden. D\u00e4rf\u00f6r s\u00f6ker vi personal som \u00e4r serviceinriktad och som trivs med att arbeta i n\u00e4ra kontakt med v\u00e5ra g\u00e4ster b\u00e5de per telefon och fysiskt. Det \u00e4r extra viktigt att du har en h\u00f6g serviceniv\u00e5 och \u00e4r lyh\u00f6rd f\u00f6r g\u00e4sternas \u00f6nskem\u00e5l. V\u00e4lkommen med fr\u00e5gor och din ans\u00f6kan p\u00e5 mejl. R\u00e4kna med varierade arbetstider och att jobba varannan helg.<\/p>\n<p>V\u00e4lkommen med fr\u00e5gor och din ans\u00f6kan p\u00e5 mejl, <a href=\"mailto:Monika.Vester@svenskakyrkan.se\">Monika.Vester@svenskakyrkan.se<\/a><\/p>\n<p><strong>Restaurang<br \/>\n<\/strong>Vill du jobba med oss i <strong>serveringen<\/strong> i sommar?<br \/>\nVi beh\u00f6ver flera medarbetare till v\u00e5rt team i sommar. Hos oss i restaurangen kommer DU att vara en i v\u00e5rt glada team som tar hand om v\u00e5ra g\u00e4ster i restaurangen, s\u00e5 service och kundbem\u00f6tande \u00e4r viktigt f\u00f6r oss d\u00e4rf\u00f6r s\u00f6ker vi serveringpersonal som \u00e4r serviceinriktad och som trivs med att arbeta i restaurangmilj\u00f6. Som en i v\u00e5rt team arbetar du med varierande arbetsuppgifter s\u00e5 som att jobba med olika buff\u00e9er, st\u00e4dning och disk men \u00e4ven kommer dina arbetsuppgifter att vara servering i v\u00e5ra g\u00e4stmatsalar. Som servitris\/servit\u00f6r hos oss arbetar du n\u00e4ra v\u00e5ra g\u00e4ster vilket g\u00f6r det viktigt att du har en h\u00f6g serviceniv\u00e5 och \u00e4r lyh\u00f6rd f\u00f6r g\u00e4sternas \u00f6nskem\u00e5l.<\/p>\n<p>V\u00e4lkommen med fr\u00e5gor och din ans\u00f6kan p\u00e5 mejl, <a href=\"mailto:anna-lena.tarnstrom@svenskakyrkan.se\">anna-lena.tarnstrom@svenskakyrkan.se<\/a> eller <a href=\"mailto:koket@stiftsgardenrattvik.se\">koket@stiftsgardenrattvik.se<\/a><\/p>\n<p><strong>Hotell<br \/>\n<\/strong>Vill du jobba med oss p\u00e5 <strong>lokalv\u00e5rd <\/strong>i sommar?<br \/>\nVi beh\u00f6ver n\u00e5gra fler medarbetare till v\u00e5rt arbetslag i sommar. Hos oss p\u00e5 driftenheten kommer Du att jobba med i huvudsak hotellst\u00e4dning och textilv\u00e5rd. Vi beh\u00f6ver dig som \u00e4r noggrann och arbetsvillig och som gillar att g\u00f6ra trevligt f\u00f6r andra. P\u00e5 Stiftsg\u00e5rden m\u00f6ter vi hela tiden m\u00e5nga g\u00e4ster s\u00e5 service och kundbem\u00f6tande \u00e4r viktigt f\u00f6r oss. R\u00e4kna med att jobba varannan helg.<\/p>\n<p>V\u00e4lkommen med fr\u00e5gor och din ans\u00f6kan p\u00e5 mejl, <a href=\"mailto:Anna.Jonsson2@svenskakyrkan.se\">Anna.Jonsson2@svenskakyrkan.se<\/a>.<\/p>\n<h4><\/h4>\n<h6>Hoppas att vi ses!<\/h6>\n<p>[\/av_textblock]<\/p>\n<p>[\/av_one_full][av_one_full first min_height=&#8221; vertical_alignment=&#8221; space=&#8221; custom_margin=&#8221; margin=&#8217;0px&#8217; padding=&#8217;0px&#8217; border=&#8221; border_color=&#8221; radius=&#8217;0px&#8217; background_color=&#8221; src=&#8221; background_position=&#8217;top left&#8217; background_repeat=&#8217;no-repeat&#8217; animation=&#8221;]<br \/>\n[av_image src=&#8217;https:\/\/stiftsgardenrattvik.se\/wp-content\/uploads\/2020\/02\/IMG_0092.jpg&#8217; attachment=&#8217;9659&#8242; attachment_size=&#8217;full&#8217; align=&#8217;center&#8217; styling=&#8221; hover=&#8221; link=&#8221; target=&#8221; caption=&#8221; font_size=&#8221; appearance=&#8221; overlay_opacity=&#8217;0.4&#8242; overlay_color=&#8217;#000000&#8242; overlay_text_color=&#8217;#ffffff&#8217; animation=&#8217;no-animation&#8217;][\/av_image]<br \/>\n[\/av_one_full]<\/p>\n","protected":false},"excerpt":{"rendered":"<p>[av_one_full first min_height=&#8221; vertical_alignment=&#8221; space=&#8221; custom_margin=&#8221; margin=&#8217;0px&#8217; padding=&#8217;0px&#8217; border=&#8221; border_color=&#8221; radius=&#8217;0px&#8217; background_color=&#8221; src=&#8221; background_position=&#8217;top left&#8217; background_repeat=&#8217;no-repeat&#8217; animation=&#8221;] [av_textblock size=&#8221; font_color=&#8221; color=&#8221;] Stiftsg\u00e5rden s\u00f6ker sommarpersonal [\/av_textblock] [\/av_one_full] [av_one_full first min_height=&#8221; vertical_alignment=&#8221; space=&#8221; custom_margin=&#8221; margin=&#8217;0px&#8217; padding=&#8217;0px&#8217; border=&#8221; border_color=&#8221; radius=&#8217;0px&#8217; background_color=&#8221; src=&#8221; background_position=&#8217;top left&#8217; background_repeat=&#8217;no-repeat&#8217; animation=&#8221;] [av_textblock size=&#8221; font_color=&#8221; color=&#8221;] Vintern gnistrar och sommaren m\u00e5 k\u00e4nnas som en [&hellip;]<\/p>\n","protected":false},"author":1,"featured_media":0,"parent":0,"menu_order":0,"comment_status":"closed","ping_status":"closed","template":"","meta":{"footnotes":""},"class_list":["post-8014","page","type-page","status-publish","hentry"],"_links":{"self":[{"href":"https:\/\/www1.stiftsgardenrattvik.se\/index.php?rest_route=\/wp\/v2\/pages\/8014","targetHints":{"allow":["GET"]}}],"collection":[{"href":"https:\/\/www1.stiftsgardenrattvik.se\/index.php?rest_route=\/wp\/v2\/pages"}],"about":[{"href":"https:\/\/www1.stiftsgardenrattvik.se\/index.php?rest_route=\/wp\/v2\/types\/page"}],"author":[{"embeddable":true,"href":"https:\/\/www1.stiftsgardenrattvik.se\/index.php?rest_route=\/wp\/v2\/users\/1"}],"replies":[{"embeddable":true,"href":"https:\/\/www1.stiftsgardenrattvik.se\/index.php?rest_route=%2Fwp%2Fv2%2Fcomments&post=8014"}],"version-history":[{"count":11,"href":"https:\/\/www1.stiftsgardenrattvik.se\/index.php?rest_route=\/wp\/v2\/pages\/8014\/revisions"}],"predecessor-version":[{"id":11318,"href":"https:\/\/www1.stiftsgardenrattvik.se\/index.php?rest_route=\/wp\/v2\/pages\/8014\/revisions\/11318"}],"wp:attachment":[{"href":"https:\/\/www1.stiftsgardenrattvik.se\/index.php?rest_route=%2Fwp%2Fv2%2Fmedia&parent=8014"}],"curies":[{"name":"wp","href":"https:\/\/api.w.org\/{rel}","templated":true}]}}