{"id":8080,"date":"2018-12-14T13:24:14","date_gmt":"2018-12-14T12:24:14","guid":{"rendered":"https:\/\/stiftsgardenrattvik.se\/?page_id=8080"},"modified":"2018-12-14T13:35:45","modified_gmt":"2018-12-14T12:35:45","slug":"ny-forestandare","status":"publish","type":"page","link":"https:\/\/www1.stiftsgardenrattvik.se\/?page_id=8080","title":{"rendered":"Ny f\u00f6rest\u00e5ndare"},"content":{"rendered":"<p>[av_one_full first min_height=&#8221; vertical_alignment=&#8221; space=&#8221; custom_margin=&#8221; margin=&#8217;0px&#8217; padding=&#8217;0px&#8217; border=&#8221; border_color=&#8221; radius=&#8217;0px&#8217; background_color=&#8221; src=&#8221; background_position=&#8217;top left&#8217; background_repeat=&#8217;no-repeat&#8217; animation=&#8221;]<\/p>\n<p>[av_textblock size=&#8221; font_color=&#8221; color=&#8221;]<\/p>\n<h1 style=\"text-align: center;\">Ny f\u00f6rest\u00e5ndare p\u00e5 Stiftsg\u00e5rden!<\/h1>\n<p>[\/av_textblock]<\/p>\n<p>[\/av_one_full][av_one_full first min_height=&#8221; vertical_alignment=&#8221; space=&#8221; custom_margin=&#8221; margin=&#8217;0px&#8217; padding=&#8217;0px&#8217; border=&#8221; border_color=&#8221; radius=&#8217;0px&#8217; background_color=&#8221; src=&#8221; background_position=&#8217;top left&#8217; background_repeat=&#8217;no-repeat&#8217; animation=&#8221;]<\/p>\n<p>[av_textblock size=&#8221; font_color=&#8221; color=&#8221;]<\/p>\n<p style=\"text-align: left;\">Pontus Gunnarsson har utsetts till ny f\u00f6rest\u00e5ndare f\u00f6r Stiftsg\u00e5rden R\u00e4ttvik. Han tilltr\u00e4der tj\u00e4nsten den 1 maj 2019 och ers\u00e4tter d\u00e5 Nils \u00c5berg som varit tillf\u00f6rordnad f\u00f6rest\u00e5ndare sedan v\u00e5ren 2018.<\/p>\n<p>-Vi \u00e4r stolta att kunna presentera Pontus som ny f\u00f6rest\u00e5ndare. Han \u00e4r en kompetent ledare och chef med goda erfarenheter av utvecklingsarbete fr\u00e5n rollen som kyrkoherde i Hedemora, Husby och Garpenberg f\u00f6rsamling, s\u00e4ger stiftsprost Peter \u00c5str\u00f6m. Pontus har en god f\u00f6rm\u00e5ga att hitta former f\u00f6r att uttrycka v\u00e5r tro p\u00e5 den Gud vi k\u00e4nner igen genom Jesus Kristus.<\/p>\n<p>Som f\u00f6rest\u00e5ndare kommer Pontus att leda Stiftsg\u00e5rdens arbete och vara en del i utvecklingen av g\u00e5rden som en plats f\u00f6r v\u00e4xande, l\u00e4rande och utveckling. I rollen ing\u00e5r ocks\u00e5 att driva hotellverksamheten p\u00e5 g\u00e5rden.<\/p>\n<p>-Stiftsg\u00e5rden \u00e4r en viktig kontaktyta mellan kyrkan och det omgivande samh\u00e4llet, b\u00e5de som en del av turistn\u00e4ringen runt Siljan och som en plats f\u00f6r l\u00e4ger och ett levande andaktsliv. H\u00e4r kan vi p\u00e5 ett naturligt s\u00e4tt m\u00f6te semestrande barnfamiljer, Vasalopps\u00e5kare och bes\u00f6kare till Dalhalla inte enbart som ett fint hotell med bra mat, utan ocks\u00e5 som kyrkan, s\u00e4ger han.<\/p>\n<p>Pontus pr\u00e4stvigdes 2009 och har varit kyrkoherde i Hedemora, Husby och Garpenberg f\u00f6rsamling sedan 2011. Han har bland annat varit med och byggt upp f\u00f6rsamlingens arbete med Gr\u00f6n Kraft, ett framg\u00e5ngsrikt samarbete med landstinget, kommunen, Arbetsf\u00f6rmedlingen och V\u00e4ster\u00e5s stift f\u00f6r rehabilitering av personer med psykisk och fysisk oh\u00e4lsa.<\/p>\n<p>-Som kyrkoherde har jag alltid varit inriktad p\u00e5 att samverka s\u00e5 mycket som m\u00f6jligt med andra akt\u00f6rer i lokalsamh\u00e4llet. Det tar jag med mig till Stiftsg\u00e5rden, s\u00e4ger Pontus.<br \/>\n[\/av_textblock]<\/p>\n<p>[\/av_one_full][av_one_full first min_height=&#8221; vertical_alignment=&#8221; space=&#8221; custom_margin=&#8221; margin=&#8217;0px&#8217; padding=&#8217;0px&#8217; border=&#8221; border_color=&#8221; radius=&#8217;0px&#8217; background_color=&#8221; src=&#8221; background_position=&#8217;top left&#8217; background_repeat=&#8217;no-repeat&#8217; animation=&#8221;]<br \/>\n[av_image src=&#8217;https:\/\/stiftsgardenrattvik.se\/wp-content\/uploads\/2018\/12\/Pontus-Gunnarsson-Foto-Maria-Hansson.jpg&#8217; attachment=&#8217;8081&#8242; attachment_size=&#8217;full&#8217; align=&#8217;center&#8217; styling=&#8221; hover=&#8221; link=&#8221; target=&#8221; caption=&#8221; font_size=&#8221; appearance=&#8221; overlay_opacity=&#8217;0.4&#8242; overlay_color=&#8217;#000000&#8242; overlay_text_color=&#8217;#ffffff&#8217; animation=&#8217;no-animation&#8217;][\/av_image]<br \/>\n[\/av_one_full]<\/p>\n","protected":false},"excerpt":{"rendered":"<p>[av_one_full first min_height=&#8221; vertical_alignment=&#8221; space=&#8221; custom_margin=&#8221; margin=&#8217;0px&#8217; padding=&#8217;0px&#8217; border=&#8221; border_color=&#8221; radius=&#8217;0px&#8217; background_color=&#8221; src=&#8221; background_position=&#8217;top left&#8217; background_repeat=&#8217;no-repeat&#8217; animation=&#8221;] [av_textblock size=&#8221; font_color=&#8221; color=&#8221;] Ny f\u00f6rest\u00e5ndare p\u00e5 Stiftsg\u00e5rden! [\/av_textblock] [\/av_one_full][av_one_full first min_height=&#8221; vertical_alignment=&#8221; space=&#8221; custom_margin=&#8221; margin=&#8217;0px&#8217; padding=&#8217;0px&#8217; border=&#8221; border_color=&#8221; radius=&#8217;0px&#8217; background_color=&#8221; src=&#8221; background_position=&#8217;top left&#8217; background_repeat=&#8217;no-repeat&#8217; animation=&#8221;] [av_textblock size=&#8221; font_color=&#8221; color=&#8221;] Pontus Gunnarsson har utsetts till ny f\u00f6rest\u00e5ndare f\u00f6r [&hellip;]<\/p>\n","protected":false},"author":1,"featured_media":0,"parent":0,"menu_order":0,"comment_status":"closed","ping_status":"closed","template":"","meta":{"footnotes":""},"class_list":["post-8080","page","type-page","status-publish","hentry"],"_links":{"self":[{"href":"https:\/\/www1.stiftsgardenrattvik.se\/index.php?rest_route=\/wp\/v2\/pages\/8080","targetHints":{"allow":["GET"]}}],"collection":[{"href":"https:\/\/www1.stiftsgardenrattvik.se\/index.php?rest_route=\/wp\/v2\/pages"}],"about":[{"href":"https:\/\/www1.stiftsgardenrattvik.se\/index.php?rest_route=\/wp\/v2\/types\/page"}],"author":[{"embeddable":true,"href":"https:\/\/www1.stiftsgardenrattvik.se\/index.php?rest_route=\/wp\/v2\/users\/1"}],"replies":[{"embeddable":true,"href":"https:\/\/www1.stiftsgardenrattvik.se\/index.php?rest_route=%2Fwp%2Fv2%2Fcomments&post=8080"}],"version-history":[{"count":2,"href":"https:\/\/www1.stiftsgardenrattvik.se\/index.php?rest_route=\/wp\/v2\/pages\/8080\/revisions"}],"predecessor-version":[{"id":8083,"href":"https:\/\/www1.stiftsgardenrattvik.se\/index.php?rest_route=\/wp\/v2\/pages\/8080\/revisions\/8083"}],"wp:attachment":[{"href":"https:\/\/www1.stiftsgardenrattvik.se\/index.php?rest_route=%2Fwp%2Fv2%2Fmedia&parent=8080"}],"curies":[{"name":"wp","href":"https:\/\/api.w.org\/{rel}","templated":true}]}}