{"id":8136,"date":"2019-01-17T11:00:51","date_gmt":"2019-01-17T10:00:51","guid":{"rendered":"https:\/\/stiftsgardenrattvik.se\/?page_id=8136"},"modified":"2020-01-23T10:50:56","modified_gmt":"2020-01-23T09:50:56","slug":"kurser-hosten-20","status":"publish","type":"page","link":"https:\/\/www1.stiftsgardenrattvik.se\/?page_id=8136","title":{"rendered":"Kurser h\u00f6sten 2020"},"content":{"rendered":"<p>[av_one_full first min_height=&#8221; vertical_alignment=&#8221; space=&#8221; custom_margin=&#8221; margin=&#8217;0px&#8217; padding=&#8217;0px&#8217; border=&#8221; border_color=&#8221; radius=&#8217;0px&#8217; background_color=&#8221; src=&#8221; background_position=&#8217;top left&#8217; background_repeat=&#8217;no-repeat&#8217; animation=&#8221;]<\/p>\n<p>[av_textblock size=&#8221; font_color=&#8221; color=&#8221;]<\/p>\n<h1>KURSER H\u00d6STEN 2020<\/h1>\n<p>Nedan hittar du datum f\u00f6r v\u00e5ra kurser h\u00f6sten 2020. Mer information om respektive kurs samt program l\u00e4ggs ut s\u00e5 snart det \u00e4r klart. V\u00e4lkommen att l\u00e4ra nytt hos oss!<\/p>\n<p><strong>Husmorsfortbildning<\/strong> 24-26 augusti 2020<\/p>\n<p><strong>Kyrkv\u00e4rd i andakt och b\u00f6n<\/strong> 11-13 september 2020<\/p>\n<p><strong>Kulturinspiration &#8211; f\u00f6r dig som jobbar med \u00e4ldre och barn<\/strong> 23-24 september<\/p>\n<p><strong>Ljud och ljus <\/strong>28-29 september 2020<\/p>\n<p><strong>Livsmedelshygien, grund<\/strong> 30 september \u2013 1 oktober 2020<\/p>\n<p><strong>Ekoteologikurs<\/strong> 2-4 oktober 2020<\/p>\n<p><strong>M\u00e5 bra \u2013 f\u00f6r kropp och sj\u00e4l<\/strong> oktober <em>datum ej fastst\u00e4llt<\/em><\/p>\n<p><strong>Psykisk oh\u00e4lsa<\/strong> oktober <em>datum ej fastst\u00e4llt<\/em><\/p>\n<p><strong>H\u00e5llbar f\u00f6rvaltning, del 1<\/strong> oktober <em>datum ej fastst\u00e4llt<\/em><\/p>\n<p><strong>H\u00e5llbar f\u00f6rvaltning, del 2<\/strong> oktober <em>datum ej fastst\u00e4llt<\/em><\/p>\n<p><strong>V\u00e5ra fr\u00e5gor, kyrkv\u00e4ktarfortbildning<\/strong> 2-3 november 2020<\/p>\n<p><strong>Kyrkv\u00e4ktarfortbildning<\/strong> 3-5 november 2020<\/p>\n<p><strong>Kyrkv\u00e4rd i och med f\u00f6rsamlingen<\/strong> 13-15 november 2020<\/p>\n<p><strong>Ekoteologikurs<\/strong> 20-22 november 2020<\/p>\n<p><strong>Blomstersmyckning vinter<\/strong> 2-3 december 2020<\/p>\n<p><strong>Baskurs f\u00f6r nya kyrkv\u00e4rdar<\/strong> 4-6 december 2020<br \/>\n[\/av_textblock]<\/p>\n<p>[\/av_one_full]<\/p>\n","protected":false},"excerpt":{"rendered":"<p>[av_one_full first min_height=&#8221; vertical_alignment=&#8221; space=&#8221; custom_margin=&#8221; margin=&#8217;0px&#8217; padding=&#8217;0px&#8217; border=&#8221; border_color=&#8221; radius=&#8217;0px&#8217; background_color=&#8221; src=&#8221; background_position=&#8217;top left&#8217; background_repeat=&#8217;no-repeat&#8217; animation=&#8221;] [av_textblock size=&#8221; font_color=&#8221; color=&#8221;] KURSER H\u00d6STEN 2020 Nedan hittar du datum f\u00f6r v\u00e5ra kurser h\u00f6sten 2020. Mer information om respektive kurs samt program l\u00e4ggs ut s\u00e5 snart det \u00e4r klart. V\u00e4lkommen att l\u00e4ra nytt hos oss! Husmorsfortbildning 24-26 [&hellip;]<\/p>\n","protected":false},"author":1,"featured_media":0,"parent":0,"menu_order":0,"comment_status":"closed","ping_status":"closed","template":"","meta":{"footnotes":""},"class_list":["post-8136","page","type-page","status-publish","hentry"],"_links":{"self":[{"href":"https:\/\/www1.stiftsgardenrattvik.se\/index.php?rest_route=\/wp\/v2\/pages\/8136","targetHints":{"allow":["GET"]}}],"collection":[{"href":"https:\/\/www1.stiftsgardenrattvik.se\/index.php?rest_route=\/wp\/v2\/pages"}],"about":[{"href":"https:\/\/www1.stiftsgardenrattvik.se\/index.php?rest_route=\/wp\/v2\/types\/page"}],"author":[{"embeddable":true,"href":"https:\/\/www1.stiftsgardenrattvik.se\/index.php?rest_route=\/wp\/v2\/users\/1"}],"replies":[{"embeddable":true,"href":"https:\/\/www1.stiftsgardenrattvik.se\/index.php?rest_route=%2Fwp%2Fv2%2Fcomments&post=8136"}],"version-history":[{"count":42,"href":"https:\/\/www1.stiftsgardenrattvik.se\/index.php?rest_route=\/wp\/v2\/pages\/8136\/revisions"}],"predecessor-version":[{"id":9422,"href":"https:\/\/www1.stiftsgardenrattvik.se\/index.php?rest_route=\/wp\/v2\/pages\/8136\/revisions\/9422"}],"wp:attachment":[{"href":"https:\/\/www1.stiftsgardenrattvik.se\/index.php?rest_route=%2Fwp%2Fv2%2Fmedia&parent=8136"}],"curies":[{"name":"wp","href":"https:\/\/api.w.org\/{rel}","templated":true}]}}