{"id":8233,"date":"2019-02-21T09:42:05","date_gmt":"2019-02-21T08:42:05","guid":{"rendered":"https:\/\/stiftsgardenrattvik.se\/en\/?page_id=8233"},"modified":"2025-06-18T13:56:03","modified_gmt":"2025-06-18T11:56:03","slug":"kyrkvard-i-andakt-och-bonht19","status":"publish","type":"page","link":"https:\/\/www1.stiftsgardenrattvik.se\/?page_id=8233","title":{"rendered":"Kyrkv\u00e4rd i andakt och b\u00f6n"},"content":{"rendered":"<p>[av_one_full first min_height=&#8221; vertical_alignment=&#8221; space=&#8221; custom_margin=&#8221; margin=&#8217;0px&#8217; padding=&#8217;0px&#8217; border=&#8221; border_color=&#8221; radius=&#8217;0px&#8217; background_color=&#8221; src=&#8221; background_position=&#8217;top left&#8217; background_repeat=&#8217;no-repeat&#8217; animation=&#8221; av_uid=&#8217;av-ks4m95&#8242;]<br \/>\n[av_textblock textblock_styling_align=&#8221; textblock_styling=&#8221; textblock_styling_gap=&#8221; textblock_styling_mobile=&#8221; size=&#8221; av-desktop-font-size=&#8221; av-medium-font-size=&#8221; av-small-font-size=&#8221; av-mini-font-size=&#8221; font_color=&#8221; color=&#8221; id=&#8221; custom_class=&#8221; template_class=&#8221; av_uid=&#8217;av-ig6a8p&#8217; sc_version=&#8217;1.0&#8242; admin_preview_bg=&#8221;]<\/p>\n<h1 style=\"text-align: center;\">Kyrkv\u00e4rd i andakt och b\u00f6n<\/h1>\n<h3 style=\"text-align: center;\">\u00a018-20 september 2026<\/h3>\n<p>[\/av_textblock]<br \/>\n[\/av_one_full]<\/p>\n<p>[av_one_full first min_height=&#8221; vertical_alignment=&#8221; space=&#8221; custom_margin=&#8221; margin=&#8217;0px&#8217; padding=&#8217;0px&#8217; border=&#8221; border_color=&#8221; radius=&#8217;0px&#8217; background_color=&#8221; src=&#8221; background_position=&#8217;top left&#8217; background_repeat=&#8217;no-repeat&#8217; animation=&#8221; av_uid=&#8217;av-h7bwyh&#8217;]<\/p>\n<p>[av_textblock textblock_styling_align=&#8221; textblock_styling=&#8221; textblock_styling_gap=&#8221; textblock_styling_mobile=&#8221; size=&#8221; av-desktop-font-size=&#8221; av-medium-font-size=&#8221; av-small-font-size=&#8221; av-mini-font-size=&#8221; font_color=&#8221; color=&#8221; id=&#8221; custom_class=&#8221; template_class=&#8221; av_uid=&#8217;av-g9ra5l&#8217; sc_version=&#8217;1.0&#8242; admin_preview_bg=&#8221;]<br \/>\nAtt vara kyrkv\u00e4rd \u00e4r ett urgammalt och centralt uppdrag i svenska kyrkan. En del av uppgifterna har f\u00f6r\u00e4ndrats \u00f6ver tid och nya har kommit till i takt med att v\u00e5rt samh\u00e4lle har f\u00f6r\u00e4ndrats. Samtidigt \u00e4r kyrkv\u00e4rden fortfarande p\u00e5 m\u00e5nga s\u00e4tt f\u00f6rsamlingens ansikte ut\u00e5t. F\u00f6rutom kursinneh\u00e5llet ligger det ett stort v\u00e4rde i att m\u00f6ta kyrkv\u00e4rdar och gudstj\u00e4nstv\u00e4rdar fr\u00e5n olika f\u00f6rsamlingar och traditioner. Stiftsg\u00e5rden i R\u00e4ttvik har en l\u00e5ng bakgrund av att vara ett sammanhang d\u00e4r dialog och respekt mellan olika tankar och erfarenheter kan f\u00e5 r\u00e5da. D\u00e4r vi f\u00e5r m\u00f6tas i samtal kring liv och tro.<\/p>\n<p>Mer <strong>info<\/strong> om kursen:<\/p>\n<ul>\n<li><a href=\"https:\/\/stiftsgardenrattvik.se\/wp-content\/uploads\/2025\/06\/Kyrkvard-i-andakt-och-bon-Flyer-SG-2026.pdf\">Informationsblad Kyrkv\u00e4rd i andakt och b\u00f6n\u00a0<\/a><\/li>\n<li><a href=\"https:\/\/stiftsgardenrattvik.se\/wp-content\/uploads\/2025\/06\/Kyrkvard-i-andakt-och-bon-Program-sept-2026.pdf\">Detaljerat program<\/a> (med reservation f\u00f6r f\u00f6r\u00e4ndringar)<\/li>\n<\/ul>\n<p>F\u00f6r <strong>fr\u00e5gor<\/strong> \u00e4r du v\u00e4lkommen att kontakta oss p\u00e5 <a href=\"mailto:program@stiftsgardenrattvik.se\">program@stiftsgardenrattvik.se<\/a><br \/>\nF\u00f6r <strong>bokning<\/strong> v\u00e4nligen fyll i formul\u00e4ret nedan s\u00e5 \u00e5terkommer vi s\u00e5 snart vi kan med besked om du f\u00e5tt plats.<br \/>\n[\/av_textblock]<\/p>\n<p>[\/av_one_full][av_one_full first min_height=&#8221; vertical_alignment=&#8221; space=&#8221; custom_margin=&#8221; margin=&#8217;0px&#8217; padding=&#8217;0px&#8217; border=&#8221; border_color=&#8221; radius=&#8217;0px&#8217; background_color=&#8221; src=&#8221; background_position=&#8217;top left&#8217; background_repeat=&#8217;no-repeat&#8217; animation=&#8221; av_uid=&#8217;av-e3szx5&#8242;]<br \/>\n[av_image src=&#8217;https:\/\/stiftsgardenrattvik.se\/wp-content\/uploads\/2018\/09\/Kyrkv\u00e4rd-i-andakt-och-b\u00f6n-april-2019-\u00a9Magnus.Aronson.jpg&#8217; attachment=&#8217;7832&#8242; attachment_size=&#8217;full&#8217; align=&#8217;center&#8217; styling=&#8221; hover=&#8221; link=&#8221; target=&#8221; caption=&#8221; font_size=&#8221; appearance=&#8221; overlay_opacity=&#8217;0.4&#8242; overlay_color=&#8217;#000000&#8242; overlay_text_color=&#8217;#ffffff&#8217; animation=&#8217;no-animation&#8217; av_uid=&#8217;av-cnpkhl&#8217;][\/av_image]<br \/>\n[\/av_one_full]<\/p>\n<p>[av_one_full first min_height=&#8221; vertical_alignment=&#8221; space=&#8221; custom_margin=&#8221; margin=&#8217;0px&#8217; padding=&#8217;0px&#8217; border=&#8221; border_color=&#8221; radius=&#8217;0px&#8217; background_color=&#8221; src=&#8221; background_position=&#8217;top left&#8217; background_repeat=&#8217;no-repeat&#8217; animation=&#8221; av_uid=&#8217;av-12ia1l&#8217;]<br \/>\n[av_contact title=&#8217;Skicka mail till oss&#8217; button=&#8217;Skicka&#8217; on_send=&#8221; sent=&#8217;Ditt meddelande har s\u00e4nts!&#8217; link=&#8217;manually,http:\/\/&#8217; captcha=&#8221; captcha_theme=&#8217;light&#8217; captcha_size=&#8217;normal&#8217; captcha_score=&#8217;0.5&#8242; email=&#8217;bokningen@stiftsgardenrattvik.se&#8217; from_email=&#8221; subject=&#8221; autoresponder_email=&#8217;bok&#8217; autoresponder_reply_to=&#8221; autoresponder_subject=&#8221; autorespond=&#8221; autorespond_after=&#8221; form_align=&#8221; color=&#8221; heading_tag=&#8221; heading_class=&#8221; alb_description=&#8221; id=&#8221; custom_class=&#8221; template_class=&#8221; aria_label=&#8221; av_uid=&#8217;av-9wrjgp&#8217; sc_version=&#8217;1.0&#8242; admin_preview_bg=&#8221;]<br \/>\n[av_contact_field label=&#8217;Namn&#8217; type=&#8217;text&#8217; check=&#8217;is_empty&#8217; av_uid=&#8217;av-6tmc95&#8242; options=&#8221; multi_select=&#8221; av_contact_preselect=&#8221; element_display=&#8221; width=&#8221; headline_tag=&#8217;h3&#8242; sc_version=&#8217;1.0&#8242;][\/av_contact_field]<br \/>\n[av_contact_field label=&#8217;Email&#8217; type=&#8217;text&#8217; check=&#8217;is_email&#8217; av_uid=&#8217;av-56ezux&#8217; options=&#8221; multi_select=&#8221; av_contact_preselect=&#8221; element_display=&#8221; width=&#8221; headline_tag=&#8217;h3&#8242; sc_version=&#8217;1.0&#8242;][\/av_contact_field]<br \/>\n[av_contact_field label=&#8217;\u00c4mne&#8217; type=&#8217;text&#8217; check=&#8217;is_empty&#8217; av_uid=&#8217;av-4b6t6h&#8217; options=&#8221; multi_select=&#8221; av_contact_preselect=&#8221; element_display=&#8221; width=&#8221; headline_tag=&#8217;h3&#8242; sc_version=&#8217;1.0&#8242;][\/av_contact_field]<br \/>\n[av_contact_field label=&#8217;Meddelande&#8217; type=&#8217;textarea&#8217; check=&#8217;is_empty&#8217; av_uid=&#8217;av-39jcvt&#8217; options=&#8221; multi_select=&#8221; av_contact_preselect=&#8221; element_display=&#8221; width=&#8221; headline_tag=&#8217;h3&#8242; sc_version=&#8217;1.0&#8242;][\/av_contact_field]<br \/>\n[\/av_contact]<br \/>\n[\/av_one_full]<\/p>\n","protected":false},"excerpt":{"rendered":"","protected":false},"author":1,"featured_media":0,"parent":0,"menu_order":0,"comment_status":"closed","ping_status":"closed","template":"","meta":{"footnotes":""},"class_list":["post-8233","page","type-page","status-publish","hentry"],"_links":{"self":[{"href":"https:\/\/www1.stiftsgardenrattvik.se\/index.php?rest_route=\/wp\/v2\/pages\/8233","targetHints":{"allow":["GET"]}}],"collection":[{"href":"https:\/\/www1.stiftsgardenrattvik.se\/index.php?rest_route=\/wp\/v2\/pages"}],"about":[{"href":"https:\/\/www1.stiftsgardenrattvik.se\/index.php?rest_route=\/wp\/v2\/types\/page"}],"author":[{"embeddable":true,"href":"https:\/\/www1.stiftsgardenrattvik.se\/index.php?rest_route=\/wp\/v2\/users\/1"}],"replies":[{"embeddable":true,"href":"https:\/\/www1.stiftsgardenrattvik.se\/index.php?rest_route=%2Fwp%2Fv2%2Fcomments&post=8233"}],"version-history":[{"count":5,"href":"https:\/\/www1.stiftsgardenrattvik.se\/index.php?rest_route=\/wp\/v2\/pages\/8233\/revisions"}],"predecessor-version":[{"id":15605,"href":"https:\/\/www1.stiftsgardenrattvik.se\/index.php?rest_route=\/wp\/v2\/pages\/8233\/revisions\/15605"}],"wp:attachment":[{"href":"https:\/\/www1.stiftsgardenrattvik.se\/index.php?rest_route=%2Fwp%2Fv2%2Fmedia&parent=8233"}],"curies":[{"name":"wp","href":"https:\/\/api.w.org\/{rel}","templated":true}]}}