{"id":8247,"date":"2019-02-28T09:27:38","date_gmt":"2019-02-28T08:27:38","guid":{"rendered":"https:\/\/stiftsgardenrattvik.se\/?page_id=8247"},"modified":"2020-01-14T13:13:38","modified_gmt":"2020-01-14T12:13:38","slug":"forsamlingspedagog","status":"publish","type":"page","link":"https:\/\/www1.stiftsgardenrattvik.se\/?page_id=8247","title":{"rendered":"F\u00f6rsamlingspedagog"},"content":{"rendered":"<p>[av_one_full first min_height=&#8221; vertical_alignment=&#8221; space=&#8221; custom_margin=&#8221; margin=&#8217;0px&#8217; padding=&#8217;0px&#8217; border=&#8221; border_color=&#8221; radius=&#8217;0px&#8217; background_color=&#8221; src=&#8221; background_position=&#8217;top left&#8217; background_repeat=&#8217;no-repeat&#8217; animation=&#8221;]<br \/>\n[av_textblock size=&#8221; font_color=&#8221; color=&#8221;]<\/p>\n<h1 style=\"text-align: center;\">F\u00d6RSAMLINGSPEDAGOG 100%<\/h1>\n<p>[\/av_textblock]<br \/>\n[\/av_one_full]<\/p>\n<p>[av_one_full first min_height=&#8221; vertical_alignment=&#8221; space=&#8221; custom_margin=&#8221; margin=&#8217;0px&#8217; padding=&#8217;0px&#8217; border=&#8221; border_color=&#8221; radius=&#8217;0px&#8217; background_color=&#8221; src=&#8221; background_position=&#8217;top left&#8217; background_repeat=&#8217;no-repeat&#8217; animation=&#8221;]<\/p>\n<p>[av_textblock size=&#8217;14&#8217; font_color=&#8221; color=&#8221;]<br \/>\n<em>Stiftsg\u00e5rden i R\u00e4ttvik \u00e4r en plats d\u00e4r m\u00e4nniskor i olika \u00e5ldrar, med olika bakgrund och i olika \u00e4renden, f\u00e5r m\u00f6tas. En plats f\u00f6r v\u00e4xt och utveckling \u2013 inte minst f\u00f6r unga m\u00e4nniskor.<\/em><\/p>\n<h3>F\u00d6RSAMLINGSPEDAGOG\/PROGRAMMEDARBETARE<\/h3>\n<p>Vi s\u00f6ker dig som har<\/p>\n<ul>\n<li>Relevant kunskap om och erfarenhet av pedagogiskt arbete.<\/li>\n<li>Erfarenheter av att rekrytera, leda och handleda unga ledare och volont\u00e4rer.<\/li>\n<li>Vana av att producera och marknadsf\u00f6ra l\u00e4ger och kurser mm.<\/li>\n<li>Erfarenhet av f\u00f6rsamlingsarbete.<\/li>\n<li>En vilja att vara med och utveckla g\u00e5rdens andakts- och gudstj\u00e4nstliv.<\/li>\n<li>H\u00f6g servicek\u00e4nsla, god kommunikativ f\u00f6rm\u00e5ga och klarar att arbeta med v\u00e4rdskap och konferensservice.<\/li>\n<\/ul>\n<p>Vi \u00e4r en g\u00e5rd d\u00e4r alla f\u00f6rv\u00e4ntas hj\u00e4lpas \u00e5t med vad som beh\u00f6ver g\u00f6ras s\u00e5 du beh\u00f6ver klara f\u00f6r\u00e4ndringar i arbetsuppgifter. Kv\u00e4lls och helgtj\u00e4nstg\u00f6ring ing\u00e5r i tj\u00e4nsten likas\u00e5 handledning av praktikanter och volont\u00e4rer.<\/p>\n<p>K\u00f6rkort<\/p>\n<p>Tilltr\u00e4desdag vecka 25 eller efter \u00f6verenskommelse.<\/p>\n<h3>Upplysningar l\u00e4mnas av:<\/h3>\n<p>Programchef, Jimmy Nilsson tfn 010-160 80 62<br \/>\nF\u00f6rest\u00e5ndare, Pontus Gunnarsson, tel. 010-160 80 07<br \/>\nFacklig f\u00f6retr\u00e4dare Vision, Carina Qvist tfn 010-160 80 76<\/p>\n<p>V\u00e4lkommen med din ans\u00f6kan, meritf\u00f6rteckning, l\u00f6neanspr\u00e5k och referenser senast den <strong>5 april<\/strong> till:<\/p>\n<p>Stiftsg\u00e5rden R\u00e4ttvik<br \/>\nAtt: Jimmy Nilsson<br \/>\nKyrkv\u00e4gen 2<br \/>\n795 32 R\u00e4ttvik<br \/>\neller via epost: <a href=\"mailto:jimmy.nilsson@svenskakyrkan.se\">jimmy.nilsson@svenskakyrkan.se<\/a><\/p>\n<p>Ans\u00f6kningar behandlas l\u00f6pande.<br \/>\n[\/av_textblock]<\/p>\n<p>[\/av_one_full]<\/p>\n","protected":false},"excerpt":{"rendered":"<p>[av_one_full first min_height=&#8221; vertical_alignment=&#8221; space=&#8221; custom_margin=&#8221; margin=&#8217;0px&#8217; padding=&#8217;0px&#8217; border=&#8221; border_color=&#8221; radius=&#8217;0px&#8217; background_color=&#8221; src=&#8221; background_position=&#8217;top left&#8217; background_repeat=&#8217;no-repeat&#8217; animation=&#8221;] [av_textblock size=&#8221; font_color=&#8221; color=&#8221;] F\u00d6RSAMLINGSPEDAGOG 100% [\/av_textblock] [\/av_one_full] [av_one_full first min_height=&#8221; vertical_alignment=&#8221; space=&#8221; custom_margin=&#8221; margin=&#8217;0px&#8217; padding=&#8217;0px&#8217; border=&#8221; border_color=&#8221; radius=&#8217;0px&#8217; background_color=&#8221; src=&#8221; background_position=&#8217;top left&#8217; background_repeat=&#8217;no-repeat&#8217; animation=&#8221;] [av_textblock size=&#8217;14&#8217; font_color=&#8221; color=&#8221;] Stiftsg\u00e5rden i R\u00e4ttvik \u00e4r en plats d\u00e4r m\u00e4nniskor i [&hellip;]<\/p>\n","protected":false},"author":1,"featured_media":0,"parent":0,"menu_order":0,"comment_status":"closed","ping_status":"closed","template":"","meta":{"footnotes":""},"class_list":["post-8247","page","type-page","status-publish","hentry"],"_links":{"self":[{"href":"https:\/\/www1.stiftsgardenrattvik.se\/index.php?rest_route=\/wp\/v2\/pages\/8247","targetHints":{"allow":["GET"]}}],"collection":[{"href":"https:\/\/www1.stiftsgardenrattvik.se\/index.php?rest_route=\/wp\/v2\/pages"}],"about":[{"href":"https:\/\/www1.stiftsgardenrattvik.se\/index.php?rest_route=\/wp\/v2\/types\/page"}],"author":[{"embeddable":true,"href":"https:\/\/www1.stiftsgardenrattvik.se\/index.php?rest_route=\/wp\/v2\/users\/1"}],"replies":[{"embeddable":true,"href":"https:\/\/www1.stiftsgardenrattvik.se\/index.php?rest_route=%2Fwp%2Fv2%2Fcomments&post=8247"}],"version-history":[{"count":12,"href":"https:\/\/www1.stiftsgardenrattvik.se\/index.php?rest_route=\/wp\/v2\/pages\/8247\/revisions"}],"predecessor-version":[{"id":9332,"href":"https:\/\/www1.stiftsgardenrattvik.se\/index.php?rest_route=\/wp\/v2\/pages\/8247\/revisions\/9332"}],"wp:attachment":[{"href":"https:\/\/www1.stiftsgardenrattvik.se\/index.php?rest_route=%2Fwp%2Fv2%2Fmedia&parent=8247"}],"curies":[{"name":"wp","href":"https:\/\/api.w.org\/{rel}","templated":true}]}}