{"id":8293,"date":"2019-03-15T09:47:06","date_gmt":"2019-03-15T08:47:06","guid":{"rendered":"https:\/\/stiftsgardenrattvik.se\/?page_id=8293"},"modified":"2025-04-29T16:41:04","modified_gmt":"2025-04-29T14:41:04","slug":"stora_lager_for_sma_grupper","status":"publish","type":"page","link":"https:\/\/www1.stiftsgardenrattvik.se\/?page_id=8293","title":{"rendered":"Stora l\u00e4ger f\u00f6r sm\u00e5 grupper"},"content":{"rendered":"<p>[av_section min_height=&#8221; min_height_pc=&#8217;25&#8217; min_height_px=&#8217;500px&#8217; shadow=&#8217;no-border-styling&#8217; bottom_border=&#8217;no-border-styling&#8217; bottom_border_diagonal_color=&#8217;#333333&#8242; bottom_border_diagonal_direction=&#8221; bottom_border_style=&#8221; padding=&#8217;default&#8217; custom_margin=&#8217;0px&#8217; custom_margin_sync=&#8217;true&#8217; av-desktop-custom_margin=&#8221; av-desktop-custom_margin_sync=&#8217;true&#8217; av-medium-custom_margin=&#8221; av-medium-custom_margin_sync=&#8217;true&#8217; av-small-custom_margin=&#8221; av-small-custom_margin_sync=&#8217;true&#8217; av-mini-custom_margin=&#8221; av-mini-custom_margin_sync=&#8217;true&#8217; svg_div_top=&#8221; svg_div_top_color=&#8217;#333333&#8242; svg_div_top_width=&#8217;100&#8242; svg_div_top_height=&#8217;50&#8217; svg_div_top_max_height=&#8217;none&#8217; svg_div_top_opacity=&#8221; svg_div_bottom=&#8221; svg_div_bottom_color=&#8217;#333333&#8242; svg_div_bottom_width=&#8217;100&#8242; svg_div_bottom_height=&#8217;50&#8217; svg_div_bottom_max_height=&#8217;none&#8217; svg_div_bottom_opacity=&#8221; color=&#8217;main_color&#8217; background=&#8217;bg_color&#8217; custom_bg=&#8221; background_gradient_direction=&#8217;vertical&#8217; background_gradient_color1=&#8217;#000000&#8242; background_gradient_color2=&#8217;#ffffff&#8217; background_gradient_color3=&#8221; src=&#8221; attachment=&#8221; attachment_size=&#8221; attach=&#8217;parallax&#8217; position=&#8217;center center&#8217; repeat=&#8217;no-repeat&#8217; video=&#8221; video_ratio=&#8217;16:9&#8242; overlay_opacity=&#8217;0.5&#8242; overlay_color=&#8221; overlay_pattern=&#8221; overlay_custom_pattern=&#8221; custom_arrow_bg=&#8221; css_position_z_index=&#8221; av-desktop-css_position_z_index=&#8221; av-medium-css_position_z_index=&#8221; av-small-css_position_z_index=&#8221; av-mini-css_position_z_index=&#8221; id=&#8221; custom_class=&#8221; template_class=&#8221; aria_label=&#8221; av_element_hidden_in_editor=&#8217;0&#8242; av_uid=&#8217;av-ldcv6wql&#8217; sc_version=&#8217;1.0&#8242;]<\/p>\n<p>[av_one_full first min_height=&#8221; vertical_alignment=&#8217;av-align-top&#8217; space=&#8221; row_boxshadow_width=&#8217;10&#8217; row_boxshadow_color=&#8221; margin=&#8217;0px&#8217; margin_sync=&#8217;true&#8217; av-desktop-margin=&#8221; av-desktop-margin_sync=&#8217;true&#8217; av-medium-margin=&#8221; av-medium-margin_sync=&#8217;true&#8217; av-small-margin=&#8221; av-small-margin_sync=&#8217;true&#8217; av-mini-margin=&#8221; av-mini-margin_sync=&#8217;true&#8217; mobile_breaking=&#8221; mobile_column_order=&#8221; border=&#8221; border_style=&#8217;ridge&#8217; border_color=&#8217;rgba(204,51,51,0.9)&#8217; radius=&#8217;0px&#8217; radius_sync=&#8217;true&#8217; min_col_height=&#8221; padding=&#8217;10&#8217; padding_sync=&#8217;true&#8217; av-desktop-padding=&#8221; av-desktop-padding_sync=&#8217;true&#8217; av-medium-padding=&#8221; av-medium-padding_sync=&#8217;true&#8217; av-small-padding=&#8221; av-small-padding_sync=&#8217;true&#8217; av-mini-padding=&#8221; av-mini-padding_sync=&#8217;true&#8217; svg_div_top=&#8221; svg_div_top_color=&#8217;#333333&#8242; svg_div_top_width=&#8217;100&#8242; svg_div_top_height=&#8217;50&#8217; svg_div_top_max_height=&#8217;none&#8217; svg_div_top_opacity=&#8221; svg_div_bottom=&#8221; svg_div_bottom_color=&#8217;#333333&#8242; svg_div_bottom_width=&#8217;100&#8242; svg_div_bottom_height=&#8217;50&#8217; svg_div_bottom_max_height=&#8217;none&#8217; svg_div_bottom_opacity=&#8221; column_boxshadow_width=&#8217;10&#8217; column_boxshadow_color=&#8217;#0a0a0a&#8217; background=&#8217;bg_color&#8217; background_color=&#8217;rgba(255,255,255,0.88)&#8217; background_gradient_direction=&#8217;vertical&#8217; background_gradient_color1=&#8217;#000000&#8242; background_gradient_color2=&#8217;#ffffff&#8217; background_gradient_color3=&#8221; src=&#8221; attachment=&#8221; attachment_size=&#8221; background_position=&#8217;top left&#8217; background_repeat=&#8217;no-repeat&#8217; highlight_size=&#8217;1.1&#8242; animation=&#8221; animation_duration=&#8221; animation_custom_bg_color=&#8221; animation_z_index_curtain=&#8217;100&#8242; parallax_parallax=&#8221; parallax_parallax_speed=&#8221; av-desktop-parallax_parallax=&#8221; av-desktop-parallax_parallax_speed=&#8221; av-medium-parallax_parallax=&#8221; av-medium-parallax_parallax_speed=&#8221; av-small-parallax_parallax=&#8221; av-small-parallax_parallax_speed=&#8221; av-mini-parallax_parallax=&#8221; av-mini-parallax_parallax_speed=&#8221; css_position=&#8221; css_position_location=&#8217;,,,&#8217; css_position_z_index=&#8221; av-desktop-css_position=&#8221; av-desktop-css_position_location=&#8217;,,,&#8217; av-desktop-css_position_z_index=&#8221; av-medium-css_position=&#8221; av-medium-css_position_location=&#8217;,,,&#8217; av-medium-css_position_z_index=&#8221; av-small-css_position=&#8221; av-small-css_position_location=&#8217;,,,&#8217; av-small-css_position_z_index=&#8221; av-mini-css_position=&#8221; av-mini-css_position_location=&#8217;,,,&#8217; av-mini-css_position_z_index=&#8221; link=&#8221; linktarget=&#8221; link_hover=&#8221; title_attr=&#8221; alt_attr=&#8221; mobile_display=&#8221; mobile_col_pos=&#8217;0&#8242; id=&#8221; custom_class=&#8221; template_class=&#8221; aria_label=&#8221; av_uid=&#8217;av-5dlhgl&#8217; sc_version=&#8217;1.0&#8242;]<\/p>\n<p>[av_textblock textblock_styling_align=&#8221; textblock_styling=&#8221; textblock_styling_gap=&#8221; textblock_styling_mobile=&#8221; size=&#8221; av-desktop-font-size=&#8221; av-medium-font-size=&#8221; av-small-font-size=&#8221; av-mini-font-size=&#8221; font_color=&#8221; color=&#8221; id=&#8221; custom_class=&#8221; template_class=&#8221; av_uid=&#8217;av-fgooqd&#8217; sc_version=&#8217;1.0&#8242; admin_preview_bg=&#8221;]<\/p>\n<h1 style=\"text-align: center;\">Stora l\u00e4ger f\u00f6r sm\u00e5 konfirmandgrupper<\/h1>\n<h3 style=\"text-align: center;\">17-19 oktober 2025<\/h3>\n<h3 style=\"text-align: center;\"><\/h3>\n<p>[\/av_textblock]<\/p>\n<p>[av_textblock textblock_styling_align=&#8221; textblock_styling=&#8221; textblock_styling_gap=&#8221; textblock_styling_mobile=&#8221; size=&#8221; av-desktop-font-size=&#8221; av-medium-font-size=&#8221; av-small-font-size=&#8221; av-mini-font-size=&#8221; font_color=&#8221; color=&#8221; id=&#8221; custom_class=&#8221; template_class=&#8221; av_uid=&#8217;av-4303np&#8217; sc_version=&#8217;1.0&#8242; admin_preview_bg=&#8221;]<br \/>\n<span data-contrast=\"auto\"><strong>M\u00e5nga b\u00e4ckar sm\u00e5 g\u00f6r en stor \u00e5.<\/strong> <\/span><span data-contrast=\"auto\">Vi p\u00e5 stiftsg\u00e5rden vill hj\u00e4lpa alla f\u00f6rsamlingar att f\u00f6rgylla sina konfirmanders tillvaro med n\u00e5got m\u00e5nga minns som det roligaste fr\u00e5n den tiden n\u00e4mligen l\u00e4ger! <\/span><span data-ccp-props=\"{}\">\u00a0<\/span><span data-contrast=\"auto\">En inspirerande och minnesv\u00e4rd helg f\u00f6r sm\u00e5 konfirmandgrupper! Detta helgl\u00e4ger \u00e4r den perfekta m\u00f6jligheten f\u00f6r grupperna att v\u00e4xa tillsammans i b\u00e5de tro och gemenskap.<\/span><span data-ccp-props=\"{}\">\u00a0<\/span><\/p>\n<p><span data-contrast=\"auto\"><strong>Helgen bjuder p\u00e5 en mix av andakt, samtal, grupp\u00f6vningar<\/strong> och aktiviteter som alla syftar till att st\u00e4rka banden mellan konfirmanderna och ge utrymme f\u00f6r reflektion. V\u00e5ra erfarna ledare finns med f\u00f6r att st\u00f6dja och v\u00e4gleda s\u00e5 att alla k\u00e4nner sig sedda och h\u00f6rda.<\/span><span data-ccp-props=\"{}\">\u00a0<\/span><\/p>\n<p><span data-contrast=\"auto\"><strong>F\u00f6rutom de teologiska\u00a0inslagen, kommer det ocks\u00e5 att finnas tid f\u00f6r lek, skratt och samvaro<\/strong> i form av musikpass, lek och ett roligt disco p\u00e5 l\u00f6rdagskv\u00e4llen. H\u00e4r skapas plats f\u00f6r b\u00e5de nya v\u00e4nskaper och f\u00f6rdjupade samtal om livet och tron med den egna gruppen.<\/span><span data-ccp-props=\"{}\">\u00a0<\/span><\/p>\n<p><span data-contrast=\"auto\">En helg d\u00e4r vi tillsammans skapar b\u00e5de ro och energi \u2013 anm\u00e4l din grupp idag och var med p\u00e5 ett l\u00e4ger som g\u00f6r konfirmandtiden \u00e4nnu mer betydelsefull!<\/span><span data-ccp-props=\"{}\">\u00a0<\/span><\/p>\n<p><strong>V\u00e4lkommen till tro, gemenskap och gl\u00e4dje!\u00a0<\/strong><\/p>\n<p><strong>Snabba fakta:\u00a0<\/strong><\/p>\n<ul>\n<li><span data-contrast=\"auto\">Max antal konfirmander per grupp: 10<\/span><span data-ccp-props=\"{}\">\u00a0<\/span><\/li>\n<li><span data-contrast=\"auto\">Max antal assistenter per grupp: 5<\/span><span data-ccp-props=\"{}\">\u00a0<\/span><\/li>\n<li><span data-contrast=\"auto\">Minst antal personal per grupp: 1<\/span><span data-ccp-props=\"{}\">\u00a0<\/span><\/li>\n<li>Kostnad boende l\u00e4gerg\u00e5rd (deltagare): 1 700 kr<\/li>\n<li>Kostnad boende g\u00e4strum (personal): 3 120 kr<\/li>\n<li><span data-contrast=\"auto\">Vi b\u00f6rjar med middag klockan 18.00 p\u00e5 fredagen och avslutar med lunch p\u00e5 s\u00f6ndagen klockan 12.00.<\/span><\/li>\n<li><em>Ett mer detaljerat program kommer senare<\/em>. <span data-ccp-props=\"{}\">\u00a0<\/span><\/li>\n<\/ul>\n<p>V\u00e4lkommen att ta kontakt med oss p\u00e5 <a href=\"mailto:program@stiftsgardenrattvik.se\">program@stiftsgardenrattvik.se<\/a> s\u00e5 ber\u00e4ttar vi mer om hur vi kan skr\u00e4ddarsy just ert l\u00e4ger.<\/p>\n<p>Information finns \u00e4ven i v\u00e5r folder <a href=\"https:\/\/stiftsgardenrattvik.se\/wp-content\/uploads\/2025\/03\/Stora-lager-for-sma-konfirmationsgrupper.pdf\">Stora l\u00e4ger f\u00f6r sm\u00e5 konfirmationsgrupper<\/a><br \/>\nF\u00f6r att <strong>boka<\/strong> v\u00e4nligen kontakta bokningen p\u00e5 <a href=\"mailto:jenny.knapp@stiftsgardenrattvik.se\">jenny.knapp@stiftsgardenrattvik.se<\/a>\u00a0eller 010-160 80 01.<br \/>\n[\/av_textblock]<\/p>\n<p>[\/av_one_full][av_hr class=&#8217;invisible&#8217; icon_select=&#8217;yes&#8217; icon=&#8217;ue808&#8242; font=&#8217;entypo-fontello&#8217; position=&#8217;center&#8217; shadow=&#8217;no-shadow&#8217; height=&#8217;400&#8242; custom_border=&#8217;av-border-thin&#8217; custom_width=&#8217;50px&#8217; custom_margin_top=&#8217;30px&#8217; custom_margin_bottom=&#8217;30px&#8217; custom_border_color=&#8221; custom_icon_color=&#8221; id=&#8221; custom_class=&#8221; template_class=&#8221; av_uid=&#8217;av-ldcv8pi9&#8242; sc_version=&#8217;1.0&#8242; admin_preview_bg=&#8221;]<\/p>\n<p>[\/av_section]<\/p>\n","protected":false},"excerpt":{"rendered":"","protected":false},"author":1,"featured_media":0,"parent":0,"menu_order":0,"comment_status":"closed","ping_status":"closed","template":"","meta":{"footnotes":""},"class_list":["post-8293","page","type-page","status-publish","hentry"],"_links":{"self":[{"href":"https:\/\/www1.stiftsgardenrattvik.se\/index.php?rest_route=\/wp\/v2\/pages\/8293","targetHints":{"allow":["GET"]}}],"collection":[{"href":"https:\/\/www1.stiftsgardenrattvik.se\/index.php?rest_route=\/wp\/v2\/pages"}],"about":[{"href":"https:\/\/www1.stiftsgardenrattvik.se\/index.php?rest_route=\/wp\/v2\/types\/page"}],"author":[{"embeddable":true,"href":"https:\/\/www1.stiftsgardenrattvik.se\/index.php?rest_route=\/wp\/v2\/users\/1"}],"replies":[{"embeddable":true,"href":"https:\/\/www1.stiftsgardenrattvik.se\/index.php?rest_route=%2Fwp%2Fv2%2Fcomments&post=8293"}],"version-history":[{"count":23,"href":"https:\/\/www1.stiftsgardenrattvik.se\/index.php?rest_route=\/wp\/v2\/pages\/8293\/revisions"}],"predecessor-version":[{"id":15335,"href":"https:\/\/www1.stiftsgardenrattvik.se\/index.php?rest_route=\/wp\/v2\/pages\/8293\/revisions\/15335"}],"wp:attachment":[{"href":"https:\/\/www1.stiftsgardenrattvik.se\/index.php?rest_route=%2Fwp%2Fv2%2Fmedia&parent=8293"}],"curies":[{"name":"wp","href":"https:\/\/api.w.org\/{rel}","templated":true}]}}