{"id":8304,"date":"2019-03-15T10:19:09","date_gmt":"2019-03-15T09:19:09","guid":{"rendered":"https:\/\/stiftsgardenrattvik.se\/?page_id=8304"},"modified":"2019-03-22T10:45:57","modified_gmt":"2019-03-22T09:45:57","slug":"bengtbollslager","status":"publish","type":"page","link":"https:\/\/www1.stiftsgardenrattvik.se\/?page_id=8304","title":{"rendered":"Bengtbollsl\u00e4ger"},"content":{"rendered":"<p>[av_one_full first min_height=&#8221; vertical_alignment=&#8221; space=&#8221; custom_margin=&#8221; margin=&#8217;0px&#8217; padding=&#8217;0px&#8217; border=&#8221; border_color=&#8221; radius=&#8217;0px&#8217; background_color=&#8221; src=&#8221; background_position=&#8217;top left&#8217; background_repeat=&#8217;no-repeat&#8217; animation=&#8221;]<br \/>\n[av_textblock size=&#8221; font_color=&#8221; color=&#8221;]<\/p>\n<h1 style=\"text-align: center;\">Bengtbollsl\u00e4ger<\/h1>\n<h3 style=\"text-align: center;\"><em>7-9 juni 2019<\/em><\/h3>\n<p>[\/av_textblock]<br \/>\n[\/av_one_full]<\/p>\n<p>[av_one_full first min_height=&#8221; vertical_alignment=&#8221; space=&#8221; custom_margin=&#8221; margin=&#8217;0px&#8217; padding=&#8217;0px&#8217; border=&#8221; border_color=&#8221; radius=&#8217;0px&#8217; background_color=&#8221; src=&#8221; background_position=&#8217;top left&#8217; background_repeat=&#8217;no-repeat&#8217; animation=&#8221;]<\/p>\n<p>[av_textblock size=&#8221; font_color=&#8221; color=&#8221;]<br \/>\nV\u00e4lkommen till \u00e5rets kanske roligaste l\u00e4ger fyllt av Bengtbollsspel, gemenskap, god mat och sk\u00f6nt h\u00e4ng! L\u00e4gret \u00e4r f\u00f6r dig som spelat Bengtboll sedan barnsben men ocks\u00e5 f\u00f6r dig som inte k\u00e4nt att du passat in p\u00e5 planen f\u00f6r att du aldrig l\u00e4rt dig reglerna. Den h\u00e4r helgen \u00e4r s\u00e4rskilt f\u00f6r dig! Det blir nyb\u00f6rjarskola, t\u00e4vlingar, sk\u00f6nt h\u00e4ng, god mat, andakter och en massa chillspel &#8211; hur kul som helst allts\u00e5!<\/p>\n<p>Den som inte har r\u00e5d att bekosta l\u00e4geravgiften men \u00e4nd\u00e5 vill ha m\u00f6jlighet att delta kan ans\u00f6ka om bidrag fr\u00e5n v\u00e5ra fonder. L\u00e4s mer <a href=\"https:\/\/stiftsgardenrattvik.se\/vara-fonder\/\">h\u00e4r<\/a> eller h\u00f6r av dig till oss s\u00e5 ber\u00e4ttar vi hur du s\u00f6ker.<\/p>\n<p>F\u00f6r mer <strong>info<\/strong> och <strong>priser<\/strong> se h\u00e4r: <a href=\"https:\/\/stiftsgardenrattvik.se\/wp-content\/uploads\/2019\/03\/Inbjudan-Bengtbollsl\u00e4ger.pdf\">Bengtbollsl\u00e4ger 2019<\/a><br \/>\nF\u00f6r <strong>fr\u00e5gor<\/strong> kontakta Arvid T\u00f6rnblom p\u00e5 <a href=\"mailto:arvid.tornblom@stiftsgardenrattvik.se\">arvid.tornblom@stiftsgardenrattvik.se<\/a> eller 010-160 80 08.<br \/>\nF\u00f6r att <strong>boka<\/strong> kontakta bokningen p\u00e5 <a href=\"mailto:bokningen@stiftsgardenrattvik.se\">bokningen@stiftsgardenrattvik.se<\/a> eller 010-160 80 01.<\/p>\n<h4>Varmt v\u00e4lkomna till Stiftsg\u00e5rden!<\/h4>\n<p>[\/av_textblock]<\/p>\n<p>[\/av_one_full][av_one_full first min_height=&#8221; vertical_alignment=&#8221; space=&#8221; custom_margin=&#8221; margin=&#8217;0px&#8217; padding=&#8217;0px&#8217; border=&#8221; border_color=&#8221; radius=&#8217;0px&#8217; background_color=&#8221; src=&#8221; background_position=&#8217;top left&#8217; background_repeat=&#8217;no-repeat&#8217; animation=&#8221;]<br \/>\n[av_image src=&#8217;https:\/\/stiftsgardenrattvik.se\/wp-content\/uploads\/2019\/03\/bengtboll-249.jpg&#8217; attachment=&#8217;8305&#8242; attachment_size=&#8217;full&#8217; align=&#8217;center&#8217; styling=&#8221; hover=&#8221; link=&#8221; target=&#8221; caption=&#8221; font_size=&#8221; appearance=&#8221; overlay_opacity=&#8217;0.4&#8242; overlay_color=&#8217;#000000&#8242; overlay_text_color=&#8217;#ffffff&#8217; animation=&#8217;no-animation&#8217;][\/av_image]<br \/>\n[\/av_one_full]<\/p>\n","protected":false},"excerpt":{"rendered":"<p>[av_one_full first min_height=&#8221; vertical_alignment=&#8221; space=&#8221; custom_margin=&#8221; margin=&#8217;0px&#8217; padding=&#8217;0px&#8217; border=&#8221; border_color=&#8221; radius=&#8217;0px&#8217; background_color=&#8221; src=&#8221; background_position=&#8217;top left&#8217; background_repeat=&#8217;no-repeat&#8217; animation=&#8221;] [av_textblock size=&#8221; font_color=&#8221; color=&#8221;] Bengtbollsl\u00e4ger 7-9 juni 2019 [\/av_textblock] [\/av_one_full] [av_one_full first min_height=&#8221; vertical_alignment=&#8221; space=&#8221; custom_margin=&#8221; margin=&#8217;0px&#8217; padding=&#8217;0px&#8217; border=&#8221; border_color=&#8221; radius=&#8217;0px&#8217; background_color=&#8221; src=&#8221; background_position=&#8217;top left&#8217; background_repeat=&#8217;no-repeat&#8217; animation=&#8221;] [av_textblock size=&#8221; font_color=&#8221; color=&#8221;] V\u00e4lkommen till \u00e5rets kanske roligaste l\u00e4ger fyllt [&hellip;]<\/p>\n","protected":false},"author":1,"featured_media":0,"parent":0,"menu_order":0,"comment_status":"closed","ping_status":"closed","template":"","meta":{"footnotes":""},"class_list":["post-8304","page","type-page","status-publish","hentry"],"_links":{"self":[{"href":"https:\/\/www1.stiftsgardenrattvik.se\/index.php?rest_route=\/wp\/v2\/pages\/8304","targetHints":{"allow":["GET"]}}],"collection":[{"href":"https:\/\/www1.stiftsgardenrattvik.se\/index.php?rest_route=\/wp\/v2\/pages"}],"about":[{"href":"https:\/\/www1.stiftsgardenrattvik.se\/index.php?rest_route=\/wp\/v2\/types\/page"}],"author":[{"embeddable":true,"href":"https:\/\/www1.stiftsgardenrattvik.se\/index.php?rest_route=\/wp\/v2\/users\/1"}],"replies":[{"embeddable":true,"href":"https:\/\/www1.stiftsgardenrattvik.se\/index.php?rest_route=%2Fwp%2Fv2%2Fcomments&post=8304"}],"version-history":[{"count":3,"href":"https:\/\/www1.stiftsgardenrattvik.se\/index.php?rest_route=\/wp\/v2\/pages\/8304\/revisions"}],"predecessor-version":[{"id":8328,"href":"https:\/\/www1.stiftsgardenrattvik.se\/index.php?rest_route=\/wp\/v2\/pages\/8304\/revisions\/8328"}],"wp:attachment":[{"href":"https:\/\/www1.stiftsgardenrattvik.se\/index.php?rest_route=%2Fwp%2Fv2%2Fmedia&parent=8304"}],"curies":[{"name":"wp","href":"https:\/\/api.w.org\/{rel}","templated":true}]}}