{"id":8351,"date":"2019-03-25T11:50:22","date_gmt":"2019-03-25T10:50:22","guid":{"rendered":"https:\/\/stiftsgardenrattvik.se\/?page_id=8351"},"modified":"2025-03-11T14:15:19","modified_gmt":"2025-03-11T13:15:19","slug":"bli-kursledare","status":"publish","type":"page","link":"https:\/\/www1.stiftsgardenrattvik.se\/?page_id=8351","title":{"rendered":"\u00d6ppet hus"},"content":{"rendered":"<p>[av_one_full first min_height=&#8221; vertical_alignment=&#8221; space=&#8221; custom_margin=&#8221; margin=&#8217;0px&#8217; padding=&#8217;0px&#8217; border=&#8221; border_color=&#8221; radius=&#8217;0px&#8217; background_color=&#8221; src=&#8221; background_position=&#8217;top left&#8217; background_repeat=&#8217;no-repeat&#8217; animation=&#8221; av_uid=&#8217;av-ahopr3&#8242;]<br \/>\n[av_textblock size=&#8221; font_color=&#8221; color=&#8221; av_uid=&#8217;av-99pn0f&#8217;]<\/p>\n<h1 style=\"text-align: center;\">Nyfiken p\u00e5 att bli kursledare hos oss?<\/h1>\n<p>[\/av_textblock]<br \/>\n[\/av_one_full]<\/p>\n<p>[av_one_half first min_height=&#8221; vertical_alignment=&#8221; space=&#8221; custom_margin=&#8221; margin=&#8217;0px&#8217; padding=&#8217;0px&#8217; border=&#8221; border_color=&#8221; radius=&#8217;0px&#8217; background_color=&#8221; src=&#8221; background_position=&#8217;top left&#8217; background_repeat=&#8217;no-repeat&#8217; animation=&#8221; av_uid=&#8217;av-82bkfz&#8217;]<br \/>\n[av_image src=&#8217;https:\/\/stiftsgardenrattvik.se\/wp-content\/uploads\/2017\/02\/Foto-Magnus-Aronson-5849-Copy.jpg&#8217; attachment=&#8217;6230&#8242; attachment_size=&#8217;full&#8217; align=&#8217;center&#8217; styling=&#8221; hover=&#8221; link=&#8221; target=&#8221; caption=&#8221; font_size=&#8221; appearance=&#8221; overlay_opacity=&#8217;0.4&#8242; overlay_color=&#8217;#000000&#8242; overlay_text_color=&#8217;#ffffff&#8217; animation=&#8217;no-animation&#8217; av_uid=&#8217;av-5p95j3&#8242;][\/av_image]<br \/>\n[\/av_one_half]<\/p>\n<p>[av_one_half min_height=&#8221; vertical_alignment=&#8221; space=&#8221; custom_margin=&#8221; margin=&#8217;0px&#8217; padding=&#8217;0px&#8217; border=&#8221; border_color=&#8221; radius=&#8217;0px&#8217; background_color=&#8221; src=&#8221; background_position=&#8217;top left&#8217; background_repeat=&#8217;no-repeat&#8217; animation=&#8221; av_uid=&#8217;av-3hp7of&#8217;]<\/p>\n<p>[av_textblock textblock_styling_align=&#8221; textblock_styling=&#8221; textblock_styling_gap=&#8221; textblock_styling_mobile=&#8221; size=&#8221; av-desktop-font-size=&#8221; av-medium-font-size=&#8221; av-small-font-size=&#8221; av-mini-font-size=&#8221; font_color=&#8221; color=&#8221; id=&#8221; custom_class=&#8221; template_class=&#8221; av_uid=&#8217;av-1wo3n3&#8242; sc_version=&#8217;1.0&#8242; admin_preview_bg=&#8221;]<\/p>\n<h5>Kurs- och l\u00e4gerverksamheten p\u00e5 Stiftsg\u00e5rden \u00e4r omfattande och mycket h\u00e4nder p\u00e5 g\u00e5rden \u00e5ret om.<\/h5>\n<p>Vi v\u00e4nder oss till s\u00e5v\u00e4l barn &amp; unga som vuxna p\u00e5 olika s\u00e4tt och erbjuder allt fr\u00e5n kyrkv\u00e4rdsfortbildning, h\u00f6gtidsfirande och Mellandagsl\u00e4ger till kurser om allergener, gr\u00f6nytesk\u00f6tsel och psykisk oh\u00e4lsa bland unga. Vi genomf\u00f6r ocks\u00e5 olika slags arrangemang s\u00e5 som Global trettonhelg, v\u00e5rfest f\u00f6r volont\u00e4rer och Seniordagar. L\u00e4s g\u00e4rna mer om v\u00e5ra aktuella kurser, l\u00e4ger och arrangemang p\u00e5 hemsidan. L\u00e4s ocks\u00e5 g\u00e4rna mer om v\u00e5r v\u00e4rdegrund och v\u00e5r \u00e4ndam\u00e5lsparagraf.<\/p>\n<p>Vi s\u00f6ker efter intressanta f\u00f6rel\u00e4sare, kursledare och medverkande som kan hj\u00e4lpa oss fylla v\u00e5ra kurser med inneh\u00e5ll. \u00c4r det kanske du? Is\u00e5fall \u00e4r du v\u00e4lkommen att h\u00f6ra av dig till v\u00e5r programchef p\u00e5 <a href=\"mailto:lotta.lirkas@stiftsgardenrattvik.se\">lotta.lirkas@stiftsgardenrattvik.se<\/a><br \/>\n[\/av_textblock]<\/p>\n<p>[\/av_one_half]<\/p>\n","protected":false},"excerpt":{"rendered":"","protected":false},"author":1,"featured_media":0,"parent":0,"menu_order":0,"comment_status":"closed","ping_status":"closed","template":"","meta":{"footnotes":""},"class_list":["post-8351","page","type-page","status-publish","hentry"],"_links":{"self":[{"href":"https:\/\/www1.stiftsgardenrattvik.se\/index.php?rest_route=\/wp\/v2\/pages\/8351","targetHints":{"allow":["GET"]}}],"collection":[{"href":"https:\/\/www1.stiftsgardenrattvik.se\/index.php?rest_route=\/wp\/v2\/pages"}],"about":[{"href":"https:\/\/www1.stiftsgardenrattvik.se\/index.php?rest_route=\/wp\/v2\/types\/page"}],"author":[{"embeddable":true,"href":"https:\/\/www1.stiftsgardenrattvik.se\/index.php?rest_route=\/wp\/v2\/users\/1"}],"replies":[{"embeddable":true,"href":"https:\/\/www1.stiftsgardenrattvik.se\/index.php?rest_route=%2Fwp%2Fv2%2Fcomments&post=8351"}],"version-history":[{"count":20,"href":"https:\/\/www1.stiftsgardenrattvik.se\/index.php?rest_route=\/wp\/v2\/pages\/8351\/revisions"}],"predecessor-version":[{"id":15346,"href":"https:\/\/www1.stiftsgardenrattvik.se\/index.php?rest_route=\/wp\/v2\/pages\/8351\/revisions\/15346"}],"wp:attachment":[{"href":"https:\/\/www1.stiftsgardenrattvik.se\/index.php?rest_route=%2Fwp%2Fv2%2Fmedia&parent=8351"}],"curies":[{"name":"wp","href":"https:\/\/api.w.org\/{rel}","templated":true}]}}