{"id":8416,"date":"2019-04-05T16:06:42","date_gmt":"2019-04-05T14:06:42","guid":{"rendered":"https:\/\/stiftsgardenrattvik.se\/?page_id=8416"},"modified":"2020-01-15T17:22:29","modified_gmt":"2020-01-15T16:22:29","slug":"cykelpaket-dalhalla","status":"publish","type":"page","link":"https:\/\/www1.stiftsgardenrattvik.se\/?page_id=8416","title":{"rendered":"Cykelpaket Dalhalla"},"content":{"rendered":"<p>[av_one_full first min_height=&#8221; vertical_alignment=&#8221; space=&#8221; custom_margin=&#8221; margin=&#8217;0px&#8217; padding=&#8217;0px&#8217; border=&#8221; border_color=&#8221; radius=&#8217;0px&#8217; background_color=&#8221; src=&#8221; background_position=&#8217;top left&#8217; background_repeat=&#8217;no-repeat&#8217; animation=&#8221;]<br \/>\n[av_textblock size=&#8221; font_color=&#8221; color=&#8221;]<\/p>\n<h1 style=\"text-align: center;\">Cykelpaket Dalhalla<\/h1>\n<h3 style=\"text-align: center;\"><em>Pris fr\u00e5n 1390 kronor (del i dubbelrum)<\/em><\/h3>\n<p>[\/av_textblock]<br \/>\n[\/av_one_full]<\/p>\n<p>[av_two_fifth first min_height=&#8221; vertical_alignment=&#8221; space=&#8221; custom_margin=&#8221; margin=&#8217;0px&#8217; padding=&#8217;0px&#8217; border=&#8221; border_color=&#8221; radius=&#8217;0px&#8217; background_color=&#8221; src=&#8221; background_position=&#8217;top left&#8217; background_repeat=&#8217;no-repeat&#8217; animation=&#8221;]<\/p>\n<p>[av_hr class=&#8217;default&#8217; height=&#8217;50&#8217; shadow=&#8217;no-shadow&#8217; position=&#8217;center&#8217; custom_border=&#8217;av-border-thin&#8217; custom_width=&#8217;50px&#8217; custom_border_color=&#8221; custom_margin_top=&#8217;30px&#8217; custom_margin_bottom=&#8217;30px&#8217; icon_select=&#8217;yes&#8217; custom_icon_color=&#8221; icon=&#8217;ue808&#8242;]<\/p>\n<p>[av_image src=&#8217;https:\/\/stiftsgardenrattvik.se\/wp-content\/uploads\/2019\/05\/cykel.jpg&#8217; attachment=&#8217;8605&#8242; attachment_size=&#8217;full&#8217; align=&#8217;center&#8217; styling=&#8221; hover=&#8221; link=&#8221; target=&#8221; caption=&#8221; font_size=&#8221; appearance=&#8221; overlay_opacity=&#8217;0.4&#8242; overlay_color=&#8217;#000000&#8242; overlay_text_color=&#8217;#ffffff&#8217; animation=&#8217;no-animation&#8217;][\/av_image]<\/p>\n<p>[av_hr class=&#8217;default&#8217; height=&#8217;50&#8217; shadow=&#8217;no-shadow&#8217; position=&#8217;center&#8217; custom_border=&#8217;av-border-thin&#8217; custom_width=&#8217;50px&#8217; custom_border_color=&#8221; custom_margin_top=&#8217;30px&#8217; custom_margin_bottom=&#8217;30px&#8217; icon_select=&#8217;yes&#8217; custom_icon_color=&#8221; icon=&#8217;ue808&#8242;]<\/p>\n<p>[av_image src=&#8217;https:\/\/stiftsgardenrattvik.se\/wp-content\/uploads\/2016\/06\/cykel.jpg&#8217; attachment=&#8217;5481&#8242; attachment_size=&#8217;full&#8217; align=&#8217;center&#8217; styling=&#8221; hover=&#8221; link=&#8221; target=&#8221; caption=&#8221; font_size=&#8221; appearance=&#8221; overlay_opacity=&#8217;0.4&#8242; overlay_color=&#8217;#000000&#8242; overlay_text_color=&#8217;#ffffff&#8217; animation=&#8217;no-animation&#8217;][\/av_image]<\/p>\n<p>[\/av_two_fifth][av_three_fifth min_height=&#8221; vertical_alignment=&#8221; space=&#8221; custom_margin=&#8221; margin=&#8217;0px&#8217; padding=&#8217;0px&#8217; border=&#8221; border_color=&#8221; radius=&#8217;0px&#8217; background_color=&#8221; src=&#8221; background_position=&#8217;top left&#8217; background_repeat=&#8217;no-repeat&#8217; animation=&#8221;]<br \/>\n[av_textblock size=&#8221; font_color=&#8221; color=&#8221;]<\/p>\n<h3>Bo trivsamt, \u00e4t gott och uppt\u00e4ck Siljansbygden fr\u00e5n cykelsadeln!<\/h3>\n<p>V\u00e4lkommen att uppt\u00e4cka den vackra Siljansbygden fr\u00e5n cykelsadeln. I paketet ing\u00e5r en karta &amp; informationsbroschyr om Cykeltur Dalhalla. Turen bjuder p\u00e5 vackra vyer \u00f6ver det variationsrika dalalandskapet och du passerar under dagen flera vackra dalabyar d\u00e4r de r\u00f6dm\u00e5lade husen st\u00e5r t\u00e4tt och byv\u00e4garna slingrar sig fram. Turen f\u00f6ljer ocks\u00e5 n\u00e5gra gamla nedlagda kalkbanor som tj\u00e4nstgjort som transportv\u00e4gar f\u00f6r m\u00e4ngder av kalk som brutits i traktens m\u00e5nga kalkbrott. L\u00e4ngs v\u00e4gen finns m\u00e5nga sp\u00e5r p\u00e5 det skogsbruk som skett i omr\u00e5det i hundratals \u00e5r och du passerar ocks\u00e5 den spektakul\u00e4ra utomhusarenan Dalhalla som \u00e4r ett av Siljansbygdens mest popul\u00e4ra bes\u00f6ksm\u00e5l. Cyklar g\u00f6r du p\u00e5 egen hand. Bor trivsamt och \u00e4ter gott g\u00f6r du hos oss p\u00e5 Stiftsg\u00e5rden!<\/p>\n<h4><strong>I paketet ing\u00e5r<\/strong><\/h4>\n<p>Logi 2 n\u00e4tter (inkl. s\u00e4nglinnen och st\u00e4dning)<br \/>\n2 x frukost<br \/>\n2 x middag<br \/>\n1 x lunchpaket<em> (v\u00e4lj mellan pastasallad med br\u00f6d eller matig baguette. \u00c4ven frukt, 0,5 l dricka samt kaffe\/te i egen termos)<\/em><br \/>\n1 x karta &amp; informationsbroschyr<\/p>\n<h4><strong>Tillval<\/strong><\/h4>\n<p>Hyrcykel (inkl. hj\u00e4lm)<br \/>\nExtra n\u00e4tter<br \/>\nLunch avresedagen<br \/>\nGuide<\/p>\n<h4><strong>Bokning, betalning &amp; avbokning<\/strong><\/h4>\n<p>F\u00f6r <strong>bokning<\/strong> eller <strong>fr\u00e5gor<\/strong> \u00e4r du v\u00e4lkommen att kontakta oss p\u00e5 bokningen@stiftsgardenrattvik.se eller 010-160 80 01. Erbjudandet \u00e4r inte tidsbest\u00e4mt utan kan bokas valfria datum p\u00e5 f\u00f6rfr\u00e5gan. T\u00e4nk dock p\u00e5 att vara ute i god tid om du vill komma under sommaren d\u00e5 det \u00e4r en popul\u00e4r tid att komma till oss. Detaljerade betalningsuppgifter och avbokningsregler f\u00e5r du i samband med din bokningsbekr\u00e4ftelse.<br \/>\n[\/av_textblock]<br \/>\n[\/av_three_fifth]<\/p>\n","protected":false},"excerpt":{"rendered":"<p>[av_one_full first min_height=&#8221; vertical_alignment=&#8221; space=&#8221; custom_margin=&#8221; margin=&#8217;0px&#8217; padding=&#8217;0px&#8217; border=&#8221; border_color=&#8221; radius=&#8217;0px&#8217; background_color=&#8221; src=&#8221; background_position=&#8217;top left&#8217; background_repeat=&#8217;no-repeat&#8217; animation=&#8221;] [av_textblock size=&#8221; font_color=&#8221; color=&#8221;] Cykelpaket Dalhalla Pris fr\u00e5n 1390 kronor (del i dubbelrum) [\/av_textblock] [\/av_one_full] [av_two_fifth first min_height=&#8221; vertical_alignment=&#8221; space=&#8221; custom_margin=&#8221; margin=&#8217;0px&#8217; padding=&#8217;0px&#8217; border=&#8221; border_color=&#8221; radius=&#8217;0px&#8217; background_color=&#8221; src=&#8221; background_position=&#8217;top left&#8217; background_repeat=&#8217;no-repeat&#8217; animation=&#8221;] [av_hr class=&#8217;default&#8217; height=&#8217;50&#8217; shadow=&#8217;no-shadow&#8217; position=&#8217;center&#8217; custom_border=&#8217;av-border-thin&#8217; [&hellip;]<\/p>\n","protected":false},"author":1,"featured_media":0,"parent":0,"menu_order":0,"comment_status":"closed","ping_status":"closed","template":"","meta":{"footnotes":""},"class_list":["post-8416","page","type-page","status-publish","hentry"],"_links":{"self":[{"href":"https:\/\/www1.stiftsgardenrattvik.se\/index.php?rest_route=\/wp\/v2\/pages\/8416","targetHints":{"allow":["GET"]}}],"collection":[{"href":"https:\/\/www1.stiftsgardenrattvik.se\/index.php?rest_route=\/wp\/v2\/pages"}],"about":[{"href":"https:\/\/www1.stiftsgardenrattvik.se\/index.php?rest_route=\/wp\/v2\/types\/page"}],"author":[{"embeddable":true,"href":"https:\/\/www1.stiftsgardenrattvik.se\/index.php?rest_route=\/wp\/v2\/users\/1"}],"replies":[{"embeddable":true,"href":"https:\/\/www1.stiftsgardenrattvik.se\/index.php?rest_route=%2Fwp%2Fv2%2Fcomments&post=8416"}],"version-history":[{"count":24,"href":"https:\/\/www1.stiftsgardenrattvik.se\/index.php?rest_route=\/wp\/v2\/pages\/8416\/revisions"}],"predecessor-version":[{"id":9369,"href":"https:\/\/www1.stiftsgardenrattvik.se\/index.php?rest_route=\/wp\/v2\/pages\/8416\/revisions\/9369"}],"wp:attachment":[{"href":"https:\/\/www1.stiftsgardenrattvik.se\/index.php?rest_route=%2Fwp%2Fv2%2Fmedia&parent=8416"}],"curies":[{"name":"wp","href":"https:\/\/api.w.org\/{rel}","templated":true}]}}