{"id":8522,"date":"2019-04-25T09:59:57","date_gmt":"2019-04-25T07:59:57","guid":{"rendered":"https:\/\/stiftsgardenrattvik.se\/?page_id=8522"},"modified":"2025-10-29T13:16:09","modified_gmt":"2025-10-29T12:16:09","slug":"menyforslag-sarskilda-tillfallen","status":"publish","type":"page","link":"https:\/\/www1.stiftsgardenrattvik.se\/?page_id=8522","title":{"rendered":"Menyf\u00f6rslag s\u00e4rskilda tillf\u00e4llen"},"content":{"rendered":"<p>[av_one_full first min_height=&#8221; vertical_alignment=&#8221; space=&#8221; custom_margin=&#8221; margin=&#8217;0px&#8217; padding=&#8217;0px&#8217; border=&#8221; border_color=&#8221; radius=&#8217;0px&#8217; background_color=&#8221; src=&#8221; background_position=&#8217;top left&#8217; background_repeat=&#8217;no-repeat&#8217; animation=&#8221; av_uid=&#8217;av-kwzy7e&#8217;]<br \/>\n[av_textblock size=&#8221; font_color=&#8221; color=&#8221; av_uid=&#8217;av-1w165m&#8217;]<\/p>\n<h1 style=\"text-align: center;\"><\/h1>\n<h2 style=\"text-align: center;\"><em>Menyf\u00f6rslag<\/em><\/h2>\n<h3 style=\"text-align: center;\"><em>f\u00f6r minnesstund, dop, f\u00f6delsedag etc. <\/em><\/h3>\n<p>[\/av_textblock]<br \/>\n[\/av_one_full]<\/p>\n<p>[av_one_full first min_height=&#8221; vertical_alignment=&#8221; space=&#8221; custom_margin=&#8221; margin=&#8217;0px&#8217; padding=&#8217;0px&#8217; border=&#8221; border_color=&#8221; radius=&#8217;0px&#8217; background_color=&#8221; src=&#8221; background_position=&#8217;top left&#8217; background_repeat=&#8217;no-repeat&#8217; animation=&#8221; av_uid=&#8217;av-h07d2i&#8217;]<br \/>\n[av_hr class=&#8217;default&#8217; height=&#8217;50&#8217; shadow=&#8217;no-shadow&#8217; position=&#8217;center&#8217; custom_border=&#8217;av-border-thin&#8217; custom_width=&#8217;50px&#8217; custom_border_color=&#8221; custom_margin_top=&#8217;30px&#8217; custom_margin_bottom=&#8217;30px&#8217; icon_select=&#8217;yes&#8217; custom_icon_color=&#8221; icon=&#8217;ue808&#8242; av_uid=&#8217;av-fs054a&#8217;]<br \/>\n[\/av_one_full]<\/p>\n<p>[av_one_half first min_height=&#8221; vertical_alignment=&#8221; space=&#8221; custom_margin=&#8221; margin=&#8217;0px&#8217; padding=&#8217;0px&#8217; border=&#8221; border_color=&#8221; radius=&#8217;0px&#8217; background_color=&#8221; src=&#8221; background_position=&#8217;top left&#8217; background_repeat=&#8217;no-repeat&#8217; animation=&#8221; av_uid=&#8217;av-ev287u&#8217;]<br \/>\n[av_image src=&#8217;https:\/\/stiftsgardenrattvik.se\/wp-content\/uploads\/2016\/03\/r\u00e4ttviksrummet-minnesstund.jpg&#8217; attachment=&#8217;5252&#8242; attachment_size=&#8217;full&#8217; align=&#8217;center&#8217; styling=&#8221; hover=&#8221; link=&#8221; target=&#8221; caption=&#8221; font_size=&#8221; appearance=&#8221; overlay_opacity=&#8217;0.4&#8242; overlay_color=&#8217;#000000&#8242; overlay_text_color=&#8217;#ffffff&#8217; animation=&#8217;no-animation&#8217; av_uid=&#8217;av-cuuryy&#8217;][\/av_image]<br \/>\n[\/av_one_half]<\/p>\n<p>[av_one_half min_height=&#8221; vertical_alignment=&#8221; space=&#8221; custom_margin=&#8221; margin=&#8217;0px&#8217; padding=&#8217;0px&#8217; border=&#8221; border_color=&#8221; radius=&#8217;0px&#8217; background_color=&#8221; src=&#8221; background_position=&#8217;top left&#8217; background_repeat=&#8217;no-repeat&#8217; animation=&#8221; av_uid=&#8217;av-az7ai2&#8242;]<br \/>\n[av_textblock size=&#8221; font_color=&#8221; color=&#8221; av_uid=&#8217;av-9kyire&#8217;]<\/p>\n<h5><em>Nedan hittar du v\u00e5ra olika menyf\u00f6rslag, komponerade av v\u00e5ra duktiga kockar.<\/em><\/h5>\n<p><em>I priset ing\u00e5r alltid lokal, dukning samt serveringspersonal. Har du n\u00e5gra fr\u00e5gor eller \u00f6nskar g\u00f6ra en specialbest\u00e4llning \u00e4r du v\u00e4lkommen att kontakta oss p\u00e5 010-160 80 01 eller <a href=\"mailto:bokningen@stiftsgardenrattvik.se\">bokningen@stiftsgardenrattvik.se<\/a>.<\/em><br \/>\n[\/av_textblock]<br \/>\n[\/av_one_half]<\/p>\n<p>[av_one_full first min_height=&#8221; vertical_alignment=&#8221; space=&#8221; custom_margin=&#8221; margin=&#8217;0px&#8217; padding=&#8217;0px&#8217; border=&#8221; border_color=&#8221; radius=&#8217;0px&#8217; background_color=&#8221; src=&#8221; background_position=&#8217;top left&#8217; background_repeat=&#8217;no-repeat&#8217; animation=&#8221; av_uid=&#8217;av-7dcv6i&#8217;]<br \/>\n[av_hr class=&#8217;default&#8217; height=&#8217;50&#8217; shadow=&#8217;no-shadow&#8217; position=&#8217;center&#8217; custom_border=&#8217;av-border-thin&#8217; custom_width=&#8217;50px&#8217; custom_border_color=&#8221; custom_margin_top=&#8217;30px&#8217; custom_margin_bottom=&#8217;30px&#8217; icon_select=&#8217;yes&#8217; custom_icon_color=&#8221; icon=&#8217;ue808&#8242; av_uid=&#8217;av-56hcyi&#8217;]<br \/>\n[\/av_one_full]<\/p>\n<p>[av_one_full first min_height=&#8221; vertical_alignment=&#8221; space=&#8221; custom_margin=&#8221; margin=&#8217;0px&#8217; padding=&#8217;0px&#8217; border=&#8221; border_color=&#8221; radius=&#8217;0px&#8217; background_color=&#8221; src=&#8221; background_position=&#8217;top left&#8217; background_repeat=&#8217;no-repeat&#8217; animation=&#8221; av_uid=&#8217;av-4o4cnu&#8217;]<\/p>\n<p>[av_textblock textblock_styling_align=&#8221; textblock_styling=&#8221; textblock_styling_gap=&#8221; textblock_styling_mobile=&#8221; size=&#8221; av-desktop-font-size=&#8221; av-medium-font-size=&#8221; av-small-font-size=&#8221; av-mini-font-size=&#8221; font_color=&#8221; color=&#8221; id=&#8221; custom_class=&#8221; template_class=&#8221; av_uid=&#8217;av-2lat2i&#8217; sc_version=&#8217;1.0&#8242; admin_preview_bg=&#8221;]<\/p>\n<h4>Varma r\u00e4tter<\/h4>\n<p><strong>Soppbuff\u00e9 <\/strong>med tv\u00e5 olika soppor och tillbeh\u00f6r komponerad av v\u00e5r kock efter s\u00e4song, serveras med olika br\u00f6dsorter.<br \/>\nDet ing\u00e5r tre olika sorters ost och marmelad, bordsvatten, l\u00e4sk, l\u00e4tt\u00f6l, kaffe, te, t\u00e5rta eller biskvi.<br \/>\n<strong>Pris: 260 kr\/person<\/strong><\/p>\n<p><strong>Dagens lunch<\/strong> g\u00e5r att best\u00e4lla m\u00e5ndag-fredag mellan kl. 11.00-14.00.<br \/>\nDet ing\u00e5r en blandsallad, salladsdressing, br\u00f6d, sm\u00f6r, bordsvatten, l\u00e4sk eller l\u00e4tt\u00f6l, kaffe, te samt en mjuk kaka.<br \/>\nAllt serveras p\u00e5 buff\u00e9.<br \/>\n<strong>Pris: 190 kr\/person<\/strong><\/p>\n<p><strong>Ugnsmarinerad Siljanslax<\/strong> serveras med sparris, dill- och roms\u00e5s, citron samt dillkokt potatis.<br \/>\nDet ing\u00e5r en blandsallad, salladsdressing, br\u00f6d, sm\u00f6r, bordsvatten, l\u00e4sk, l\u00e4tt\u00f6l, kaffe, te, t\u00e5rta eller biskvi.<br \/>\nAllt serveras p\u00e5 buff\u00e9.<br \/>\n<strong>Pris: 330 kr\/person<\/strong><\/p>\n<p><strong>Dubbelmarinerad rostbiff<\/strong> serveras med cocktailtomater och \u00f6rter samt potatisgrat\u00e4ng och skys\u00e5s.<br \/>\nDet ing\u00e5r en blandsallad, salladsdressing, br\u00f6d, sm\u00f6r, bordsvatten, l\u00e4sk, l\u00e4tt\u00f6l, kaffe, te, t\u00e5rta eller biskvi.<br \/>\nAllt serveras p\u00e5 buff\u00e9.<br \/>\n<strong>Pris: 350 kr\/person<\/strong><\/p>\n<p><strong>Helstekt kotlett<\/strong> fr\u00e5n g\u00e5rdsgris serveras med r\u00f6dvinssky och bearnaises\u00e5s samt rostad potatis och sm\u00f6rslungade haricots verts.<br \/>\nDet ing\u00e5r en blandsallad, salladsdressing, br\u00f6d, sm\u00f6r, bordsvatten, l\u00e4sk, l\u00e4tt\u00f6l, kaffe, te, t\u00e5rta eller biskvi.<br \/>\nAllt serveras p\u00e5 buff\u00e9.<br \/>\n<strong>Pris: 330 kr\/person<\/strong><\/p>\n<h4><\/h4>\n<h4>Sm\u00f6rg\u00e5st\u00e5rtor<\/h4>\n<p><strong>Klassisk<br \/>\n<\/strong>Ostcr\u00e8me med gr\u00e4sl\u00f6k, leverpastej &amp; gurka, \u00f6rtag\u00e5rdscr\u00e8me.<br \/>\nT\u00e5rtan \u00e4r dekorerad med ost, r\u00f6kt skinka samt gr\u00f6nsaker samt frukt.<br \/>\nDet ing\u00e5r bordsvatten, l\u00e4sk, l\u00e4tt\u00f6l, kaffe, te, t\u00e5rta eller biskvi.<br \/>\n<strong>Pris: 250 kr\/person<\/strong><\/p>\n<p><strong>Lyx<br \/>\n<\/strong>Skagenr\u00f6ra, \u00e4ggcr\u00e8me, v\u00e4stkustr\u00f6ra.<br \/>\nT\u00e5rtan \u00e4r dekorerad med r\u00e4kor, r\u00f6kt lax, rom, \u00e4gg, r\u00f6dl\u00f6k, citron, \u00f6rter, gr\u00f6nsaker samt frukt.<br \/>\nDet ing\u00e5r bordsvatten, l\u00e4sk, l\u00e4tt\u00f6l, kaffe, te, t\u00e5rta eller biskvi.<br \/>\n<strong>Pris: 255 kr\/person<\/strong><\/p>\n<p><strong>Vegansk<br \/>\n<\/strong>R\u00f6dbetshummus, aivar, vegansk f\u00e4rskost, ruccola.<br \/>\nT\u00e5rtan \u00e4r dekorerad med rostade pumpak\u00e4rnor, gr\u00f6nsaker, frukt samt t\u00e5ngsallad.<br \/>\nDet ing\u00e5r bordsvatten, l\u00e4sk, l\u00e4tt\u00f6l, kaffe, te, t\u00e5rta eller biskvi.<br \/>\n<strong>Pris: 255 kr\/person<\/strong><\/p>\n<h4>Pajer p\u00e5 buff\u00e9<\/h4>\n<p><strong>Till pajerna serveras en sallad med salladsdressing, bordsvatten, l\u00e4sk eller l\u00e4tt\u00f6l samt kaffe och te till t\u00e5rtan eller biskvin.<br \/>\n<\/strong><strong>I priset ing\u00e5r en sorts paj, om ni vill ha flera sorter s\u00e5 blir det ett till\u00e4gg p\u00e5 15 kr\/person per sort.<\/strong><\/p>\n<p>Spenat- och \u00e4delostpaj toppad med en p\u00e4ronsallad samt rostade fr\u00f6n.<\/p>\n<p>Paj fylld med soltorkade tomater, oliver, parmesanost samt toppad med parmaskinka, basilika och bakade tomater.<\/p>\n<p>Kycklingpaj med smak av curry, l\u00f6k, paprika, mango chutney, bananer toppad med tomat, bacon samt rostade fr\u00f6n och \u00f6rter.<\/p>\n<p>Siljans paj fylld med spenat, ost, gr\u00e4dde och \u00e4gg toppad med kallr\u00f6kt lax, dill, citron samt bakade cocktailtomater.<\/p>\n<p>Ost &amp; skinkpaj penslad med dijonsenap samt toppad med honung- och citronmarinerade gr\u00f6nsaker och \u00f6rter.<\/p>\n<p>V\u00e4sterbottenpaj toppad med kr\u00e4ftstj\u00e4rtar och kantareller samt dill och cocktailtomater.<\/p>\n<p><strong>Pris: 260 kr\/person<\/strong><\/p>\n<h4>Till kaffet<\/h4>\n<p><strong>Caf\u00e9 compl\u00e9<\/strong><br \/>\nBr\u00f6d, sm\u00f6r, ost, marmelad, sm\u00e5kakor, bulle, mjuk kaka, valfri t\u00e5rta, bordsvatten, l\u00e4sk, l\u00e4tt\u00f6l, kaffe, te.<br \/>\nKaffet och teerna vi serverar \u00e4r fairtrade m\u00e4rkta och ekologiska, \u00e4ven mj\u00f6lken \u00e4r ekologisk.<br \/>\n<strong>Pris: 225 kr\/person<br \/>\n<\/strong><\/p>\n<p><strong>T\u00e5rtor att v\u00e4lja p\u00e5:<\/strong><\/p>\n<ul>\n<li>Prinsesst\u00e5rta<\/li>\n<li>Bl\u00e5b\u00e4rst\u00e5rta<\/li>\n<li>Gr\u00e4ddt\u00e5rta med b\u00e4r\/frukt<\/li>\n<li>Hallon- och fl\u00e4dermousset\u00e5rta<\/li>\n<li>Cacao- och passionsmousset\u00e5rta (glutenfri)<\/li>\n<li>Bl\u00e5 Mumma-t\u00e5rta (gluten- och laktosfri)<\/li>\n<li>Operat\u00e5rta<\/li>\n<li>Stubbe Prinsess<\/li>\n<li>Stubbe Budapest<\/li>\n<\/ul>\n<p><em><strong>Med reservation f\u00f6r \u00e4ndringar.<\/strong><\/em><br \/>\n[\/av_textblock]<\/p>\n<p>[\/av_one_full]<\/p>\n","protected":false},"excerpt":{"rendered":"","protected":false},"author":1,"featured_media":0,"parent":0,"menu_order":0,"comment_status":"closed","ping_status":"closed","template":"","meta":{"footnotes":""},"class_list":["post-8522","page","type-page","status-publish","hentry"],"_links":{"self":[{"href":"https:\/\/www1.stiftsgardenrattvik.se\/index.php?rest_route=\/wp\/v2\/pages\/8522","targetHints":{"allow":["GET"]}}],"collection":[{"href":"https:\/\/www1.stiftsgardenrattvik.se\/index.php?rest_route=\/wp\/v2\/pages"}],"about":[{"href":"https:\/\/www1.stiftsgardenrattvik.se\/index.php?rest_route=\/wp\/v2\/types\/page"}],"author":[{"embeddable":true,"href":"https:\/\/www1.stiftsgardenrattvik.se\/index.php?rest_route=\/wp\/v2\/users\/1"}],"replies":[{"embeddable":true,"href":"https:\/\/www1.stiftsgardenrattvik.se\/index.php?rest_route=%2Fwp%2Fv2%2Fcomments&post=8522"}],"version-history":[{"count":21,"href":"https:\/\/www1.stiftsgardenrattvik.se\/index.php?rest_route=\/wp\/v2\/pages\/8522\/revisions"}],"predecessor-version":[{"id":15996,"href":"https:\/\/www1.stiftsgardenrattvik.se\/index.php?rest_route=\/wp\/v2\/pages\/8522\/revisions\/15996"}],"wp:attachment":[{"href":"https:\/\/www1.stiftsgardenrattvik.se\/index.php?rest_route=%2Fwp%2Fv2%2Fmedia&parent=8522"}],"curies":[{"name":"wp","href":"https:\/\/api.w.org\/{rel}","templated":true}]}}