{"id":8664,"date":"2019-06-11T11:01:16","date_gmt":"2019-06-11T09:01:16","guid":{"rendered":"https:\/\/stiftsgardenrattvik.se\/?page_id=8664"},"modified":"2025-09-10T08:24:44","modified_gmt":"2025-09-10T06:24:44","slug":"livsmedelshygien-varm-mat","status":"publish","type":"page","link":"https:\/\/www1.stiftsgardenrattvik.se\/?page_id=8664","title":{"rendered":"Livsmedelshygien"},"content":{"rendered":"<p>[av_one_full first min_height=&#8221; vertical_alignment=&#8221; space=&#8221; custom_margin=&#8221; margin=&#8217;0px&#8217; padding=&#8217;0px&#8217; border=&#8221; border_color=&#8221; radius=&#8217;0px&#8217; background_color=&#8221; src=&#8221; background_position=&#8217;top left&#8217; background_repeat=&#8217;no-repeat&#8217; animation=&#8221; av_uid=&#8217;av-y4cnew&#8217;]<br \/>\n[av_textblock textblock_styling_align=&#8221; textblock_styling=&#8221; textblock_styling_gap=&#8221; textblock_styling_mobile=&#8221; size=&#8221; av-desktop-font-size=&#8221; av-medium-font-size=&#8221; av-small-font-size=&#8221; av-mini-font-size=&#8221; font_color=&#8221; color=&#8221; id=&#8221; custom_class=&#8221; template_class=&#8221; av_uid=&#8217;av-w958nc&#8217; sc_version=&#8217;1.0&#8242; admin_preview_bg=&#8221;]<\/p>\n<h1 style=\"text-align: center;\">Livsmedelshygien<\/h1>\n<h3 style=\"text-align: center;\">Varm mat, f\u00f6rdjupningskurs 22-23 oktober 2025<\/h3>\n<p>[\/av_textblock]<br \/>\n[\/av_one_full]<\/p>\n<p>[av_one_full first min_height=&#8221; vertical_alignment=&#8221; space=&#8221; custom_margin=&#8221; margin=&#8217;0px&#8217; padding=&#8217;0px&#8217; border=&#8221; border_color=&#8221; radius=&#8217;0px&#8217; background_color=&#8221; src=&#8221; background_position=&#8217;top left&#8217; background_repeat=&#8217;no-repeat&#8217; animation=&#8221; av_uid=&#8217;av-u64mfc&#8217;]<\/p>\n<p>[av_textblock textblock_styling_align=&#8221; textblock_styling=&#8221; textblock_styling_gap=&#8221; textblock_styling_mobile=&#8221; size=&#8217;12&#8217; av-desktop-font-size=&#8221; av-medium-font-size=&#8221; av-small-font-size=&#8221; av-mini-font-size=&#8221; font_color=&#8221; color=&#8221; id=&#8221; custom_class=&#8221; template_class=&#8221; av_uid=&#8217;av-tbfq6w&#8217; sc_version=&#8217;1.0&#8242; admin_preview_bg=&#8221;]<br \/>\nMarie-Louise Danielsson-Tham \u00e4r professorn som lyckas kombinera expertkompetens i livsmedelshygien med ett brinnande intresse att l\u00e4ra ut och en stor portion humor. Vi \u00e4r d\u00e4rf\u00f6r v\u00e4ldigt glada att \u00e5ter kunna erbjuda en f\u00f6rstklassig f\u00f6rdjupningskurs om Varm mat p\u00e5 Stiftsg\u00e5rden i R\u00e4ttvik med Marie-Louise som kursledare, denna g\u00e5ng med s\u00e4rskilt fokus p\u00e5 soppluncher.<\/p>\n<p>Detta \u00e4r en f\u00f6rdjupning i livsmedelshygien. F\u00f6r att kunna tillgodog\u00f6ra dig kursen b\u00f6r du d\u00e4rf\u00f6r ha g\u00e5tt en grundkurs eller ha motsvarande kunskaper om basal livsmedelshygien inklusive personlig hygien och HACCP.<br \/>\nKursen ger f\u00f6rdjupade kunskaper om hur vi kan f\u00f6rebygga att v\u00e5ra g\u00e4ster blir sjuka av maten samt hur vi minskar matsvinnet. Fokus ligger p\u00e5 varm mat, tillagning,<\/p>\n<p>Mer <strong>info<\/strong> om kursen h\u00e4r: <a href=\"https:\/\/stiftsgardenrattvik.se\/wp-content\/uploads\/2025\/09\/Livsmedelshygien-folder_NY.pdf\">Livsmedelshygien, folder_NY<\/a><br \/>\nF\u00f6r\u00a0<strong>fr\u00e5gor<\/strong> v\u00e4nligen kontakta oss p\u00e5 <a href=\"mailto:program@stiftsgardenrattvik.se\">program@stiftsgardenrattvik.se<\/a>\u00a0eller 010-160 80 00.<br \/>\nF\u00f6r <strong>anm\u00e4lan<\/strong> v\u00e4nligen fyll i formul\u00e4ret nedan s\u00e5 \u00e5terkommer vi s\u00e5 snart som m\u00f6jligt med besked om du f\u00e5tt plats.<br \/>\n[\/av_textblock]<\/p>\n<p>[\/av_one_full][av_one_full first min_height=&#8221; vertical_alignment=&#8221; space=&#8221; custom_margin=&#8221; margin=&#8217;0px&#8217; padding=&#8217;0px&#8217; border=&#8221; border_color=&#8221; radius=&#8217;0px&#8217; background_color=&#8221; src=&#8221; background_position=&#8217;top left&#8217; background_repeat=&#8217;no-repeat&#8217; animation=&#8221; av_uid=&#8217;av-qpl63s&#8217;]<br \/>\n[av_image src=&#8217;https:\/\/stiftsgardenrattvik.se\/wp-content\/uploads\/2019\/06\/Livsmedelshygien-foto-Magnus-Aronson.jpg&#8217; attachment=&#8217;8667&#8242; attachment_size=&#8217;full&#8217; align=&#8217;center&#8217; styling=&#8221; hover=&#8221; link=&#8221; target=&#8221; caption=&#8221; font_size=&#8221; appearance=&#8221; overlay_opacity=&#8217;0.4&#8242; overlay_color=&#8217;#000000&#8242; overlay_text_color=&#8217;#ffffff&#8217; animation=&#8217;no-animation&#8217; av_uid=&#8217;av-ppnvgo&#8217;][\/av_image]<br \/>\n[\/av_one_full]<\/p>\n<p>[av_one_full first min_height=&#8221; vertical_alignment=&#8221; space=&#8221; custom_margin=&#8221; margin=&#8217;0px&#8217; padding=&#8217;0px&#8217; border=&#8221; border_color=&#8221; radius=&#8217;0px&#8217; background_color=&#8221; src=&#8221; background_position=&#8217;top left&#8217; background_repeat=&#8217;no-repeat&#8217; animation=&#8221; av_uid=&#8217;av-orpy9k&#8217;]<br \/>\n[av_contact title=&#8217;G\u00f6r din anm\u00e4lan h\u00e4r!&#8217; button=&#8217;Skicka anm\u00e4lan!&#8217; on_send=&#8221; sent=&#8217;Tack f\u00f6r din anm\u00e4lan!&#8217; link=&#8217;manually,http:\/\/&#8217; captcha=&#8221; captcha_theme=&#8217;light&#8217; captcha_size=&#8217;normal&#8217; captcha_score=&#8217;0.5&#8242; email=&#8217;bokningen@stiftsgardenrattvik.se&#8217; from_email=&#8221; subject=&#8217;Anm\u00e4lan Livsmedelshygien 22-23 oktober 2025 &#8216; autoresponder_email=&#8217;bokningen@stiftsgardenrattvik.se&#8217; autoresponder_reply_to=&#8217;bokningen@stiftsgardenrattvik.se&#8217; autoresponder_subject=&#8217;Anm\u00e4lan Livsmedelshygien h\u00f6st 2025&#8242; autorespond=&#8217;Hej och tack f\u00f6r din anm\u00e4lan till kursen Livsmedelshygien h\u00f6st 2025. Vi tar hand om din anm\u00e4lan s\u00e5 snart vi kan och \u00e5terkommer till dig med besked om du f\u00e5tt plats. Har du n\u00e5gra fr\u00e5gor om kursen eller vill \u00e4ndra n\u00e5got i din anm\u00e4lan \u00e4r du v\u00e4lkommen att kontakta oss p\u00e5 010-160 80 01 eller bokningen@stiftsgardenrattvik.se. <\/p>\n<p>Med v\u00e4nliga h\u00e4lsningar,<br \/>\nStiftsg\u00e5rden R\u00e4ttvik&#8217; autorespond_after=&#8221; form_align=&#8221; color=&#8221; heading_tag=&#8221; heading_class=&#8221; alb_description=&#8221; id=&#8221; custom_class=&#8221; template_class=&#8221; aria_label=&#8221; av_uid=&#8217;av-mpzmpk&#8217; sc_version=&#8217;1.0&#8242; admin_preview_bg=&#8221;]<br \/>\n[av_contact_field label=&#8217;F\u00f6rnamn&#8217; type=&#8217;text&#8217; options=&#8221; check=&#8217;is_empty&#8217; width=&#8217;element_half&#8217; multi_select=&#8221; av_uid=&#8217;av-l0kzdk&#8217; av_contact_preselect=&#8221; element_display=&#8221; headline_tag=&#8217;h3&#8242; sc_version=&#8217;1.0&#8242;][\/av_contact_field]<br \/>\n[av_contact_field label=&#8217;Efternamn&#8217; type=&#8217;text&#8217; options=&#8221; check=&#8217;is_empty&#8217; width=&#8217;element_half&#8217; multi_select=&#8221; av_uid=&#8217;av-j4acko&#8217; av_contact_preselect=&#8221; element_display=&#8221; headline_tag=&#8217;h3&#8242; sc_version=&#8217;1.0&#8242;][\/av_contact_field]<br \/>\n[av_contact_field type=&#8217;text&#8217; label=&#8217;Postadress&#8217; options=&#8221; check=&#8217;is_empty&#8217; element_display=&#8221; width=&#8217;element_third&#8217; headline_tag=&#8217;h3&#8242; av_uid=&#8217;av-hqe82w&#8217; sc_version=&#8217;1.0&#8242; multi_select=&#8221; av_contact_preselect=&#8221;][\/av_contact_field]<br \/>\n[av_contact_field type=&#8217;text&#8217; label=&#8217;Postnummer&#8217; options=&#8221; check=&#8217;is_empty&#8217; element_display=&#8221; width=&#8217;element_third&#8217; headline_tag=&#8217;h3&#8242; av_uid=&#8217;av-g9ui88&#8242; sc_version=&#8217;1.0&#8242; multi_select=&#8221; av_contact_preselect=&#8221;][\/av_contact_field]<br \/>\n[av_contact_field type=&#8217;text&#8217; label=&#8217;Postort&#8217; options=&#8221; check=&#8217;is_empty&#8217; element_display=&#8221; width=&#8217;element_third&#8217; headline_tag=&#8217;h3&#8242; av_uid=&#8217;av-1f5yp4&#8242; sc_version=&#8217;1.0&#8242; multi_select=&#8221; av_contact_preselect=&#8221;][\/av_contact_field]<br \/>\n[av_contact_field type=&#8217;text&#8217; label=&#8217;Epost&#8217; options=&#8221; check=&#8217;is_email&#8217; element_display=&#8221; width=&#8217;element_half&#8217; headline_tag=&#8217;h3&#8242; av_uid=&#8217;av-bvt7ew&#8217; sc_version=&#8217;1.0&#8242; multi_select=&#8221; av_contact_preselect=&#8221;][\/av_contact_field]<br \/>\n[av_contact_field type=&#8217;text&#8217; label=&#8217;Telefonnummer&#8217; options=&#8221; check=&#8217;is_empty&#8217; element_display=&#8221; width=&#8217;element_half&#8217; headline_tag=&#8217;h3&#8242; av_uid=&#8217;av-ahz0d4&#8242; sc_version=&#8217;1.0&#8242; multi_select=&#8221; av_contact_preselect=&#8221;][\/av_contact_field]<br \/>\n[av_contact_field type=&#8217;text&#8217; label=&#8217;\u00d6nskas logi JA\/NEJ (om JA v\u00e4lj alternativ nedan)&#8217; options=&#8221; check=&#8217;is_empty&#8217; element_display=&#8221; width=&#8221; headline_tag=&#8217;h3&#8242; av_uid=&#8217;av-78byy0&#8242; sc_version=&#8217;1.0&#8242; multi_select=&#8221; av_contact_preselect=&#8221;][\/av_contact_field]<br \/>\n[av_contact_field type=&#8217;checkbox&#8217; label=&#8217;Enkelrum med dusch &#038; wc&#8217; options=&#8221; check=&#8221; element_display=&#8221; width=&#8217;element_third&#8217; headline_tag=&#8217;h3&#8242; av_uid=&#8217;av-lciy6no2&#8242; sc_version=&#8217;1.0&#8242; multi_select=&#8221; av_contact_preselect=&#8221;][\/av_contact_field]<br \/>\n[av_contact_field type=&#8217;checkbox&#8217; label=&#8217;Enkelrum med wc (dusch i korridor)&#8217; options=&#8221; check=&#8221; element_display=&#8221; width=&#8217;element_third&#8217; headline_tag=&#8217;h3&#8242; av_uid=&#8217;av-lciy78t8&#8242; sc_version=&#8217;1.0&#8242; multi_select=&#8221; av_contact_preselect=&#8221;][\/av_contact_field]<br \/>\n[av_contact_field type=&#8217;checkbox&#8217; label=&#8217;Dubbelrum med dusch &#038; wc&#8217; options=&#8221; check=&#8221; element_display=&#8221; width=&#8217;element_third&#8217; headline_tag=&#8217;h3&#8242; av_uid=&#8217;av-lciy7om6&#8242; sc_version=&#8217;1.0&#8242; multi_select=&#8221; av_contact_preselect=&#8221;][\/av_contact_field]<br \/>\n[av_contact_field label=&#8217;Ev. faktureringsadress&#8217; type=&#8217;text&#8217; options=&#8221; check=&#8221; width=&#8221; multi_select=&#8221; av_uid=&#8217;av-5jc40o&#8217; av_contact_preselect=&#8221; element_display=&#8221; headline_tag=&#8217;h3&#8242; sc_version=&#8217;1.0&#8242;][\/av_contact_field]<br \/>\n[av_contact_field label=&#8217;Ev. kontaktperson&#8217; type=&#8217;text&#8217; options=&#8221; check=&#8221; width=&#8221; multi_select=&#8221; av_uid=&#8217;av-4d5riw&#8217; av_contact_preselect=&#8221; element_display=&#8221; headline_tag=&#8217;h3&#8242; sc_version=&#8217;1.0&#8242;][\/av_contact_field]<br \/>\n[av_contact_field label=&#8217;Allergier och behov av specialkost har \u00f6kat. Det \u00e4r viktigt att vi som lagar och serverar mat tar dessa behov p\u00e5 st\u00f6rsta allvar och skapar b\u00e4sta t\u00e4nkbara f\u00f6ruts\u00e4ttningar f\u00f6r att vi ska klara av att uppfylla kraven. D\u00e4rf\u00f6r har Stiftsg\u00e5rden i R\u00e4ttvik fr\u00e5n och med den 1 mars 2021 inf\u00f6rt tydligare regler n\u00e4r det g\u00e4ller specialkost. F\u00f6r att vi ska kunna s\u00e4kerst\u00e4lla och tillgodose behovet av specialkost beh\u00f6ver vi l\u00e4karintyg f\u00f6r ber\u00f6rd person. L\u00e4karintyget m\u00e5ste vara Stiftsg\u00e5rden tillhanda senast sju dagar innan ankomst f\u00f6r att vi ska kunna s\u00e4kerst\u00e4lla och tillgodose behovet. Vid f\u00f6rsta m\u00e5ltid m\u00e5ste den som har behov av specialkost anm\u00e4la sig till k\u00f6kspersonalen s\u00e5 att vi vet vem det g\u00e4ller. I enligt med GDPR sparas l\u00e4karintygen s\u00e5 l\u00e4nge det \u00e4r n\u00f6dv\u00e4ndigt f\u00f6r att uppfylla kraven. N\u00e4r ni skickar in ert l\u00e4karintyg medger ni samtidigt att era personuppgifter sparas enligt ovan. Ev. allergier\/ specialkost v\u00e4nligen fyll i nedan&#8217; type=&#8217;text&#8217; options=&#8221; check=&#8221; width=&#8221; av_uid=&#8217;av-2lcqmg&#8217; multi_select=&#8221; av_contact_preselect=&#8221; element_display=&#8221; headline_tag=&#8217;h3&#8242; sc_version=&#8217;1.0&#8242;][\/av_contact_field]<br \/>\n[\/av_contact]<br \/>\n[\/av_one_full]<\/p>\n","protected":false},"excerpt":{"rendered":"","protected":false},"author":1,"featured_media":0,"parent":0,"menu_order":0,"comment_status":"closed","ping_status":"closed","template":"","meta":{"footnotes":""},"class_list":["post-8664","page","type-page","status-publish","hentry"],"_links":{"self":[{"href":"https:\/\/www1.stiftsgardenrattvik.se\/index.php?rest_route=\/wp\/v2\/pages\/8664","targetHints":{"allow":["GET"]}}],"collection":[{"href":"https:\/\/www1.stiftsgardenrattvik.se\/index.php?rest_route=\/wp\/v2\/pages"}],"about":[{"href":"https:\/\/www1.stiftsgardenrattvik.se\/index.php?rest_route=\/wp\/v2\/types\/page"}],"author":[{"embeddable":true,"href":"https:\/\/www1.stiftsgardenrattvik.se\/index.php?rest_route=\/wp\/v2\/users\/1"}],"replies":[{"embeddable":true,"href":"https:\/\/www1.stiftsgardenrattvik.se\/index.php?rest_route=%2Fwp%2Fv2%2Fcomments&post=8664"}],"version-history":[{"count":33,"href":"https:\/\/www1.stiftsgardenrattvik.se\/index.php?rest_route=\/wp\/v2\/pages\/8664\/revisions"}],"predecessor-version":[{"id":15748,"href":"https:\/\/www1.stiftsgardenrattvik.se\/index.php?rest_route=\/wp\/v2\/pages\/8664\/revisions\/15748"}],"wp:attachment":[{"href":"https:\/\/www1.stiftsgardenrattvik.se\/index.php?rest_route=%2Fwp%2Fv2%2Fmedia&parent=8664"}],"curies":[{"name":"wp","href":"https:\/\/api.w.org\/{rel}","templated":true}]}}