{"id":8697,"date":"2019-06-24T09:34:03","date_gmt":"2019-06-24T07:34:03","guid":{"rendered":"https:\/\/stiftsgardenrattvik.se\/?page_id=8697"},"modified":"2022-05-04T11:41:45","modified_gmt":"2022-05-04T09:41:45","slug":"tradvard-mer-an-bara-beskarning","status":"publish","type":"page","link":"https:\/\/www1.stiftsgardenrattvik.se\/?page_id=8697","title":{"rendered":"Tr\u00e4dv\u00e5rd, mer \u00e4n bara besk\u00e4rning? Del 1"},"content":{"rendered":"<p>[av_one_full first min_height=&#8221; vertical_alignment=&#8221; space=&#8221; custom_margin=&#8221; margin=&#8217;0px&#8217; padding=&#8217;0px&#8217; border=&#8221; border_color=&#8221; radius=&#8217;0px&#8217; background_color=&#8221; src=&#8221; background_position=&#8217;top left&#8217; background_repeat=&#8217;no-repeat&#8217; animation=&#8221;]<br \/>\n[av_textblock size=&#8221; font_color=&#8221; color=&#8221;]<\/p>\n<h1 style=\"text-align: center;\">Tr\u00e4dv\u00e5rd, mer \u00e4n bara besk\u00e4rning?<\/h1>\n<h3 style=\"text-align: center;\">Del 1, 20-21 september 2022<\/h3>\n<h4 style=\"text-align: center;\"><\/h4>\n<p>[\/av_textblock]<br \/>\n[\/av_one_full]<\/p>\n<p>[av_one_full first min_height=&#8221; vertical_alignment=&#8221; space=&#8221; custom_margin=&#8221; margin=&#8217;0px&#8217; padding=&#8217;0px&#8217; border=&#8221; border_color=&#8221; radius=&#8217;0px&#8217; background_color=&#8221; src=&#8221; background_position=&#8217;top left&#8217; background_repeat=&#8217;no-repeat&#8217; animation=&#8221;]<\/p>\n<p>[av_textblock size=&#8221; font_color=&#8221; color=&#8221;]<br \/>\nV\u00e5ra tr\u00e4dv\u00e5rdarkurser v\u00e4nder sig till dig som praktiskt v\u00e5rdar tr\u00e4d och till dig som har ansvar f\u00f6r f\u00f6rvaltningen av dem. I del 1 lyfter vi fr\u00e5gan om f\u00f6rvaltning av kyrkans tr\u00e4dkapital till ett \u00f6vergripande plan och varvar f\u00f6rel\u00e4sningar med diskussioner och praktiska moment b\u00e5de inne och ute. Del 2 av kursen kommer att inneh\u00e5lla praktisk sk\u00f6tsel genom tr\u00e4dets livscykel.<\/p>\n<p>Mer <strong>info<\/strong> om kursen: <a href=\"https:\/\/stiftsgardenrattvik.se\/wp-content\/uploads\/2022\/05\/Tradvard-mer-an-bara-beskarning-del-1.pdf\">Tr\u00e4dv\u00e5rd, mer \u00e4n bara besk\u00e4rning del 1<\/a><a href=\"https:\/\/stiftsgardenrattvik.se\/wp-content\/uploads\/2018\/01\/Program-baskurs-nya-kyrkv\u00e4rdar.pdf\"><br \/>\n<\/a>F\u00f6r <strong>fr\u00e5gor<\/strong> v\u00e4nligen kontakta oss p\u00e5 program@stiftsgardenrattvik.se eller 010-160 80 00 vxl.<br \/>\nF\u00f6r <strong>anm\u00e4lan<\/strong> v\u00e4nligen kontakta oss p\u00e5 <a href=\"mailto:bokningen@stiftsgardenrattvik.se\">bokningen@stiftsgardenrattvik.se<\/a> eller 010-160 80 01.<\/p>\n<h3><em>V\u00e4lkommen!<\/em><\/h3>\n<p>[\/av_textblock]<\/p>\n<p>[\/av_one_full][av_one_full first min_height=&#8221; vertical_alignment=&#8221; space=&#8221; custom_margin=&#8221; margin=&#8217;0px&#8217; padding=&#8217;0px&#8217; border=&#8221; border_color=&#8221; radius=&#8217;0px&#8217; background_color=&#8221; src=&#8221; background_position=&#8217;top left&#8217; background_repeat=&#8217;no-repeat&#8217; animation=&#8221;]<br \/>\n[av_image src=&#8217;https:\/\/stiftsgardenrattvik.se\/wp-content\/uploads\/2021\/06\/IMG_0318-rotated.jpg&#8217; attachment=&#8217;10999&#8242; attachment_size=&#8217;full&#8217; align=&#8217;center&#8217; styling=&#8221; hover=&#8221; link=&#8221; target=&#8221; caption=&#8221; font_size=&#8221; appearance=&#8221; overlay_opacity=&#8217;0.4&#8242; overlay_color=&#8217;#000000&#8242; overlay_text_color=&#8217;#ffffff&#8217; animation=&#8217;no-animation&#8217;][\/av_image]<br \/>\n[\/av_one_full]<\/p>\n<p>[av_one_full first min_height=&#8221; vertical_alignment=&#8221; space=&#8221; custom_margin=&#8221; margin=&#8217;0px&#8217; padding=&#8217;0px&#8217; border=&#8221; border_color=&#8221; radius=&#8217;0px&#8217; background_color=&#8221; src=&#8221; background_position=&#8217;top left&#8217; background_repeat=&#8217;no-repeat&#8217; animation=&#8221;]<br \/>\n[av_contact email=&#8217;bokningen@stiftsgardenrattvik.se&#8217; title=&#8217;G\u00f6r din intresseanm\u00e4lan h\u00e4r!&#8217; button=&#8217;Skicka intresseanm\u00e4lan!&#8217; on_send=&#8221; sent=&#8217;Tack f\u00f6r din anm\u00e4lan!&#8217; link=&#8217;manually,http:\/\/&#8217; subject=&#8217;Anm\u00e4lan Tr\u00e4dv\u00e5rd, del 1 20-21\/9&#8242; autorespond=&#8217;Hej och tack f\u00f6r din intresseanm\u00e4lan till kursen Tr\u00e4dv\u00e5rd, del 1 20-21\/9-22. Vi tar hand om din anm\u00e4lan s\u00e5 snart vi kan och \u00e5terkommer till dig med besked om du f\u00e5tt plats. Har du n\u00e5gra fr\u00e5gor om kursen eller vill \u00e4ndra n\u00e5got i din anm\u00e4lan \u00e4r du v\u00e4lkommen att kontakta oss p\u00e5 010-160 80 01 eller bokningen@stiftsgardenrattvik.se.<\/p>\n<p>Med v\u00e4nliga h\u00e4lsningar,<br \/>\nStiftsg\u00e5rden R\u00e4ttvik&#8217; captcha=&#8221; form_align=&#8221; color=&#8221;]<br \/>\n[av_contact_field label=&#8217;F\u00f6rnamn&#8217; type=&#8217;text&#8217; options=&#8221; check=&#8217;is_empty&#8217; width=&#8217;element_half&#8217; multi_select=&#8221;][\/av_contact_field]<br \/>\n[av_contact_field label=&#8217;Efternamn&#8217; type=&#8217;text&#8217; options=&#8221; check=&#8217;is_empty&#8217; width=&#8217;element_half&#8217; multi_select=&#8221;][\/av_contact_field]<br \/>\n[av_contact_field label=&#8217;Postadress&#8217; type=&#8217;text&#8217; options=&#8221; check=&#8217;is_empty&#8217; width=&#8217;element_third&#8217; multi_select=&#8221;][\/av_contact_field]<br \/>\n[av_contact_field label=&#8217;Postnummer&#8217; type=&#8217;text&#8217; options=&#8221; check=&#8217;is_empty&#8217; width=&#8217;element_third&#8217; multi_select=&#8221;][\/av_contact_field]<br \/>\n[av_contact_field label=&#8217;Postort&#8217; type=&#8217;text&#8217; options=&#8221; check=&#8217;is_empty&#8217; width=&#8217;element_third&#8217; multi_select=&#8221;][\/av_contact_field]<br \/>\n[av_contact_field label=&#8217;E-post&#8217; type=&#8217;text&#8217; options=&#8221; check=&#8217;is_email&#8217; width=&#8217;element_half&#8217; multi_select=&#8221;][\/av_contact_field]<br \/>\n[av_contact_field label=&#8217;Telefonnummer&#8217; type=&#8217;text&#8217; options=&#8221; check=&#8217;is_empty&#8217; width=&#8217;element_half&#8217; multi_select=&#8221;][\/av_contact_field]<br \/>\n[av_contact_field label=&#8217;\u00d6nskas logi JA\/NEJ&#8217; type=&#8217;text&#8217; options=&#8221; check=&#8217;is_empty&#8217; width=&#8217;element_half&#8217; multi_select=&#8221;][\/av_contact_field]<br \/>\n[av_contact_field label=&#8217;Ev. faktureringsadress&#8217; type=&#8217;text&#8217; options=&#8221; check=&#8217;is_empty&#8217; width=&#8217;element_half&#8217; multi_select=&#8221;][\/av_contact_field]<br \/>\n[av_contact_field label=&#8217;Allergier och behov av specialkost har \u00f6kat. Det \u00e4r viktigt att vi som lagar och serverar mat tar dessa behov p\u00e5 st\u00f6rsta allvar och skapar b\u00e4sta t\u00e4nkbara f\u00f6ruts\u00e4ttningar f\u00f6r att vi ska klara av att uppfylla kraven. D\u00e4rf\u00f6r har Stiftsg\u00e5rden i R\u00e4ttvik fr\u00e5n och med den 1 mars 2021 inf\u00f6rt tydligare regler n\u00e4r det g\u00e4ller specialkost. F\u00f6r att vi ska kunna s\u00e4kerst\u00e4lla och tillgodose behovet av specialkost beh\u00f6ver vi l\u00e4karintyg f\u00f6r ber\u00f6rd person. L\u00e4karintyget m\u00e5ste vara Stiftsg\u00e5rden tillhanda senast sju dagar innan ankomst f\u00f6r att vi ska kunna s\u00e4kerst\u00e4lla och tillgodose behovet. Vid f\u00f6rsta m\u00e5ltid m\u00e5ste den som har behov av specialkost anm\u00e4la sig till k\u00f6kspersonalen s\u00e5 att vi vet vem det g\u00e4ller. I enligt med GDPR sparas l\u00e4karintygen s\u00e5 l\u00e4nge det \u00e4r n\u00f6dv\u00e4ndigt f\u00f6r att uppfylla kraven. N\u00e4r ni skickar in ert l\u00e4karintyg medger ni samtidigt att era personuppgifter sparas enligt ovan. Ev. allergier\/ specialkost v\u00e4nligen fyll i nedan&#8217; type=&#8217;text&#8217; options=&#8221; check=&#8221; width=&#8221; multi_select=&#8221;][\/av_contact_field]<br \/>\n[\/av_contact]<br \/>\n[\/av_one_full]<\/p>\n","protected":false},"excerpt":{"rendered":"<p>[av_one_full first min_height=&#8221; vertical_alignment=&#8221; space=&#8221; custom_margin=&#8221; margin=&#8217;0px&#8217; padding=&#8217;0px&#8217; border=&#8221; border_color=&#8221; radius=&#8217;0px&#8217; background_color=&#8221; src=&#8221; background_position=&#8217;top left&#8217; background_repeat=&#8217;no-repeat&#8217; animation=&#8221;] [av_textblock size=&#8221; font_color=&#8221; color=&#8221;] Tr\u00e4dv\u00e5rd, mer \u00e4n bara besk\u00e4rning? Del 1, 20-21 september 2022 [\/av_textblock] [\/av_one_full] [av_one_full first min_height=&#8221; vertical_alignment=&#8221; space=&#8221; custom_margin=&#8221; margin=&#8217;0px&#8217; padding=&#8217;0px&#8217; border=&#8221; border_color=&#8221; radius=&#8217;0px&#8217; background_color=&#8221; src=&#8221; background_position=&#8217;top left&#8217; background_repeat=&#8217;no-repeat&#8217; animation=&#8221;] [av_textblock size=&#8221; font_color=&#8221; color=&#8221;] V\u00e5ra [&hellip;]<\/p>\n","protected":false},"author":1,"featured_media":0,"parent":0,"menu_order":0,"comment_status":"closed","ping_status":"closed","template":"","meta":{"footnotes":""},"class_list":["post-8697","page","type-page","status-publish","hentry"],"_links":{"self":[{"href":"https:\/\/www1.stiftsgardenrattvik.se\/index.php?rest_route=\/wp\/v2\/pages\/8697","targetHints":{"allow":["GET"]}}],"collection":[{"href":"https:\/\/www1.stiftsgardenrattvik.se\/index.php?rest_route=\/wp\/v2\/pages"}],"about":[{"href":"https:\/\/www1.stiftsgardenrattvik.se\/index.php?rest_route=\/wp\/v2\/types\/page"}],"author":[{"embeddable":true,"href":"https:\/\/www1.stiftsgardenrattvik.se\/index.php?rest_route=\/wp\/v2\/users\/1"}],"replies":[{"embeddable":true,"href":"https:\/\/www1.stiftsgardenrattvik.se\/index.php?rest_route=%2Fwp%2Fv2%2Fcomments&post=8697"}],"version-history":[{"count":22,"href":"https:\/\/www1.stiftsgardenrattvik.se\/index.php?rest_route=\/wp\/v2\/pages\/8697\/revisions"}],"predecessor-version":[{"id":11852,"href":"https:\/\/www1.stiftsgardenrattvik.se\/index.php?rest_route=\/wp\/v2\/pages\/8697\/revisions\/11852"}],"wp:attachment":[{"href":"https:\/\/www1.stiftsgardenrattvik.se\/index.php?rest_route=%2Fwp%2Fv2%2Fmedia&parent=8697"}],"curies":[{"name":"wp","href":"https:\/\/api.w.org\/{rel}","templated":true}]}}