{"id":8833,"date":"2019-09-16T13:56:44","date_gmt":"2019-09-16T11:56:44","guid":{"rendered":"https:\/\/stiftsgardenrattvik.se\/?page_id=8833"},"modified":"2024-03-20T13:14:05","modified_gmt":"2024-03-20T12:14:05","slug":"pasklovskul","status":"publish","type":"page","link":"https:\/\/www1.stiftsgardenrattvik.se\/?page_id=8833","title":{"rendered":"P\u00e5sklovskul"},"content":{"rendered":"<p>[av_one_full first min_height=&#8221; vertical_alignment=&#8221; space=&#8221; custom_margin=&#8221; margin=&#8217;0px&#8217; padding=&#8217;0px&#8217; border=&#8221; border_color=&#8221; radius=&#8217;0px&#8217; background_color=&#8221; src=&#8221; background_position=&#8217;top left&#8217; background_repeat=&#8217;no-repeat&#8217; animation=&#8221; av_uid=&#8217;av-ag62j5&#8242;]<br \/>\n[av_textblock size=&#8217;16&#8217; font_color=&#8221; color=&#8221; av_uid=&#8217;av-8r9n29&#8242;]<\/p>\n<h1 style=\"text-align: center;\">Lovkul p\u00e5 Stiftsg\u00e5rden<\/h1>\n<p style=\"text-align: center;\">\n<p>[\/av_textblock]<br \/>\n[\/av_one_full]<\/p>\n<p>[av_two_third first min_height=&#8221; vertical_alignment=&#8221; space=&#8221; custom_margin=&#8221; margin=&#8217;0px&#8217; padding=&#8217;0px&#8217; border=&#8221; border_color=&#8221; radius=&#8217;0px&#8217; background_color=&#8221; src=&#8221; background_position=&#8217;top left&#8217; background_repeat=&#8217;no-repeat&#8217; animation=&#8221; av_uid=&#8217;av-6yhgq9&#8242;]<\/p>\n<p>[av_textblock textblock_styling_align=&#8221; textblock_styling=&#8221; textblock_styling_gap=&#8221; textblock_styling_mobile=&#8221; size=&#8221; av-desktop-font-size=&#8221; av-medium-font-size=&#8221; av-small-font-size=&#8221; av-mini-font-size=&#8221; font_color=&#8221; color=&#8221; id=&#8221; custom_class=&#8221; template_class=&#8221; av_uid=&#8217;av-6csfg1&#8242; sc_version=&#8217;1.0&#8242; admin_preview_bg=&#8221;]<br \/>\nKom med dina v\u00e4nner och utmana er i p\u00e5skolympiad, pysselverkstad och orgelsafari.<br \/>\n\u00c5lder 4-11 \u00e5r. Barn under 6 \u00e5r ta med vuxen. Kostnad: Vuxen: 130 kr, barn 75 kr inkl. lunch med pannkaksbuffe och glass.<\/p>\n<p>Anm\u00e4lan och information:<br \/>\ninfo@stiftsgardenrattvik.se 010-160 80 00<br \/>\nSTIFTSG\u00c5RDEN, TORSDAG 4 APRIL 10.00 &#8211; 12.30. V\u00e4lkommen!<\/p>\n<p>Lovkul g\u00f6rs i samverkan med R\u00e4ttviks pastorat.<br \/>\n[\/av_textblock]<\/p>\n<p>[\/av_two_third][av_one_third min_height=&#8221; vertical_alignment=&#8221; space=&#8221; custom_margin=&#8221; margin=&#8217;0px&#8217; padding=&#8217;0px&#8217; border=&#8221; border_color=&#8221; radius=&#8217;0px&#8217; background_color=&#8221; src=&#8221; background_position=&#8217;top left&#8217; background_repeat=&#8217;no-repeat&#8217; animation=&#8221; av_uid=&#8217;av-4534ox&#8217;]<br \/>\n[av_image src=&#8217;https:\/\/stiftsgardenrattvik.se\/wp-content\/uploads\/2022\/10\/Lotta-Backlund_Familjedag-CCW-2016_1-scaled.jpg&#8217; attachment=&#8217;12214&#8242; attachment_size=&#8217;full&#8217; align=&#8217;center&#8217; styling=&#8221; hover=&#8221; link=&#8221; target=&#8221; caption=&#8221; font_size=&#8221; appearance=&#8221; overlay_opacity=&#8217;0.4&#8242; overlay_color=&#8217;#000000&#8242; overlay_text_color=&#8217;#ffffff&#8217; animation=&#8217;no-animation&#8217; av_uid=&#8217;av-2uxlvl&#8217;][\/av_image]<br \/>\n[\/av_one_third]<\/p>\n","protected":false},"excerpt":{"rendered":"","protected":false},"author":1,"featured_media":0,"parent":0,"menu_order":0,"comment_status":"closed","ping_status":"closed","template":"","meta":{"footnotes":""},"class_list":["post-8833","page","type-page","status-publish","hentry"],"_links":{"self":[{"href":"https:\/\/www1.stiftsgardenrattvik.se\/index.php?rest_route=\/wp\/v2\/pages\/8833","targetHints":{"allow":["GET"]}}],"collection":[{"href":"https:\/\/www1.stiftsgardenrattvik.se\/index.php?rest_route=\/wp\/v2\/pages"}],"about":[{"href":"https:\/\/www1.stiftsgardenrattvik.se\/index.php?rest_route=\/wp\/v2\/types\/page"}],"author":[{"embeddable":true,"href":"https:\/\/www1.stiftsgardenrattvik.se\/index.php?rest_route=\/wp\/v2\/users\/1"}],"replies":[{"embeddable":true,"href":"https:\/\/www1.stiftsgardenrattvik.se\/index.php?rest_route=%2Fwp%2Fv2%2Fcomments&post=8833"}],"version-history":[{"count":16,"href":"https:\/\/www1.stiftsgardenrattvik.se\/index.php?rest_route=\/wp\/v2\/pages\/8833\/revisions"}],"predecessor-version":[{"id":14220,"href":"https:\/\/www1.stiftsgardenrattvik.se\/index.php?rest_route=\/wp\/v2\/pages\/8833\/revisions\/14220"}],"wp:attachment":[{"href":"https:\/\/www1.stiftsgardenrattvik.se\/index.php?rest_route=%2Fwp%2Fv2%2Fmedia&parent=8833"}],"curies":[{"name":"wp","href":"https:\/\/api.w.org\/{rel}","templated":true}]}}