{"id":8982,"date":"2019-11-07T12:09:57","date_gmt":"2019-11-07T11:09:57","guid":{"rendered":"https:\/\/stiftsgardenrattvik.se\/?page_id=8982"},"modified":"2024-11-12T11:20:38","modified_gmt":"2024-11-12T10:20:38","slug":"ekoteologi-i-forsamlingen","status":"publish","type":"page","link":"https:\/\/www1.stiftsgardenrattvik.se\/?page_id=8982","title":{"rendered":"Ekoteologi i f\u00f6rsamlingen"},"content":{"rendered":"<p>[av_one_full first min_height=&#8221; vertical_alignment=&#8221; space=&#8221; custom_margin=&#8221; margin=&#8217;0px&#8217; padding=&#8217;0px&#8217; border=&#8221; border_color=&#8221; radius=&#8217;0px&#8217; background_color=&#8221; src=&#8221; background_position=&#8217;top left&#8217; background_repeat=&#8217;no-repeat&#8217; animation=&#8221; av_uid=&#8217;av-xizera&#8217;]<br \/>\n[av_textblock textblock_styling_align=&#8221; textblock_styling=&#8221; textblock_styling_gap=&#8221; textblock_styling_mobile=&#8221; size=&#8221; av-desktop-font-size=&#8221; av-medium-font-size=&#8221; av-small-font-size=&#8221; av-mini-font-size=&#8221; font_color=&#8221; color=&#8221; id=&#8221; custom_class=&#8221; template_class=&#8221; av_uid=&#8217;av-vzpiye&#8217; sc_version=&#8217;1.0&#8242; admin_preview_bg=&#8221;]<\/p>\n<h1 style=\"text-align: center;\">Ekoteologi i f\u00f6rsamlingen<\/h1>\n<p style=\"text-align: center;\"><strong>En kurs i flera steg:<\/strong><br \/>\n<strong>Steg 1 den 3-5 februari <\/strong>2025 p\u00e5 Stiftsg\u00e5rden R\u00e4ttvik<br \/>\n<strong>Steg 2 den 11 mars<\/strong> 2025 digitalt<br \/>\n<strong>Steg 3 den 31 mars-2 april<\/strong> 2025 p\u00e5 Stiftsg\u00e5rden R\u00e4ttvik<br \/>\n<strong>Steg 4 den 13 maj<\/strong> 2025 digitalt<\/p>\n<p>[\/av_textblock]<br \/>\n[\/av_one_full]<\/p>\n<p>[av_one_full first min_height=&#8221; vertical_alignment=&#8221; space=&#8221; custom_margin=&#8221; margin=&#8217;0px&#8217; padding=&#8217;0px&#8217; border=&#8221; border_color=&#8221; radius=&#8217;0px&#8217; background_color=&#8221; src=&#8221; background_position=&#8217;top left&#8217; background_repeat=&#8217;no-repeat&#8217; animation=&#8221; av_uid=&#8217;av-uzcsra&#8217;]<\/p>\n<p>[av_textblock textblock_styling_align=&#8221; textblock_styling=&#8221; textblock_styling_gap=&#8221; textblock_styling_mobile=&#8221; size=&#8221; av-desktop-font-size=&#8221; av-medium-font-size=&#8221; av-small-font-size=&#8221; av-mini-font-size=&#8221; font_color=&#8221; color=&#8221; id=&#8221; custom_class=&#8221; template_class=&#8221; av_uid=&#8217;av-sf0gty&#8217; sc_version=&#8217;1.0&#8242; admin_preview_bg=&#8221;]<br \/>\nV\u00e4lkommen till en kurs f\u00f6r f\u00f6rsamlingsanst\u00e4llda som vill f\u00e5 f\u00f6rdjupad kunskap kring ekoteologi. Du f\u00e5r praktiska redskap att anv\u00e4nda i din yrkesut\u00f6vning i arbetet f\u00f6r ett h\u00e5llbart samh\u00e4lle och f\u00f6r en kyrka som driver klimatomst\u00e4llning. Utbildningen ing\u00e5r i F\u00e4rdplan f\u00f6r klimatet.<br \/>\n<a href=\"https:\/\/www.svenskakyrkan.se\/svenska-kyrkans-fardplan-for-klimatet-\">https:\/\/www.svenskakyrkan.se\/svenska-kyrkans-fardplan-for-klimatet-<\/a><\/p>\n<p>\u2022 Vill du kunna inspirera barn, unga och vuxna i f\u00f6rsamlingen till st\u00f6rre klimatengagemang?<br \/>\n\u2022 Vill du relatera din tro till v\u00e5r tids stora \u00f6desfr\u00e5gor?<br \/>\n\u2022 Vill du kunna argumentera i milj\u00f6fr\u00e5gor utifr\u00e5n bibelns texter?<br \/>\n\u2022 Vill du forma en verksamhet som genomsyras av klimatomst\u00e4llning?<\/p>\n<p>Mer\u00a0<strong>info<\/strong> om kursen finns h\u00e4r:<a href=\"https:\/\/stiftsgardenrattvik.se\/wp-content\/uploads\/2024\/11\/Ekoteologi-i-forsamlingen-1.pdf\">Ekoteologi i f\u00f6rsamlingen<\/a><br \/>\nF\u00f6r\u00a0<strong>fr\u00e5gor<\/strong>\u00a0v\u00e4nligen kontakta oss p\u00e5\u00a0ulrika.knutsson@stiftsgardenrattvik.se\u00a0eller 010-160 80 68.<br \/>\nF\u00f6r <strong>anm\u00e4lan<\/strong> v\u00e4nligen fyll i formul\u00e4ret nedan s\u00e5 \u00e5terkommer vi s\u00e5 snart som m\u00f6jligt med besked om du f\u00e5tt plats.<\/p>\n<p><strong>Bekr\u00e4ftelse: <\/strong>f\u00e5r du en m\u00e5nad innan din planerade vistelse hos oss.<br \/>\n[\/av_textblock]<\/p>\n<p>[\/av_one_full][av_one_full first min_height=&#8221; vertical_alignment=&#8221; space=&#8221; custom_margin=&#8221; margin=&#8217;0px&#8217; padding=&#8217;0px&#8217; border=&#8221; border_color=&#8221; radius=&#8217;0px&#8217; background_color=&#8221; src=&#8221; background_position=&#8217;top left&#8217; background_repeat=&#8217;no-repeat&#8217; animation=&#8221; av_uid=&#8217;av-rnxgiu&#8217;]<br \/>\n[av_image src=&#8217;https:\/\/stiftsgardenrattvik.se\/wp-content\/uploads\/2023\/05\/barley-field-1684052_960_720.jpg&#8217; attachment=&#8217;13265&#8242; attachment_size=&#8217;full&#8217; copyright=&#8221; caption=&#8221; image_size=&#8221; styling=&#8221; box_shadow=&#8217;none&#8217; box_shadow_width=&#8217;10&#8217; box_shadow_color=&#8221; align=&#8217;center&#8217; font_size=&#8221; overlay_opacity=&#8217;0.4&#8242; overlay_color=&#8217;#000000&#8242; overlay_text_color=&#8217;#ffffff&#8217; animation=&#8217;no-animation&#8217; animation_duration=&#8221; animation_custom_bg_color=&#8221; animation_z_index_curtain=&#8217;100&#8242; parallax_parallax=&#8221; parallax_parallax_speed=&#8221; av-desktop-parallax_parallax=&#8221; av-desktop-parallax_parallax_speed=&#8221; av-medium-parallax_parallax=&#8221; av-medium-parallax_parallax_speed=&#8221; av-small-parallax_parallax=&#8221; av-small-parallax_parallax_speed=&#8221; av-mini-parallax_parallax=&#8221; av-mini-parallax_parallax_speed=&#8221; hover=&#8221; blur_image=&#8221; grayscale_image=&#8221; fade_image=&#8221; appearance=&#8221; css_position=&#8221; css_position_location=&#8217;,,,&#8217; css_position_z_index=&#8221; av-desktop-css_position=&#8221; av-desktop-css_position_location=&#8217;,,,&#8217; av-desktop-css_position_z_index=&#8221; av-medium-css_position=&#8221; av-medium-css_position_location=&#8217;,,,&#8217; av-medium-css_position_z_index=&#8221; av-small-css_position=&#8221; av-small-css_position_location=&#8217;,,,&#8217; av-small-css_position_z_index=&#8221; av-mini-css_position=&#8221; av-mini-css_position_location=&#8217;,,,&#8217; av-mini-css_position_z_index=&#8221; transform_perspective=&#8221; transform_rotation=&#8217;,,,&#8217; transform_scale=&#8217;,,&#8217; transform_skew=&#8217;,&#8217; transform_translate=&#8217;,,&#8217; av-desktop-transform_perspective=&#8221; av-desktop-transform_rotation=&#8217;,,,&#8217; av-desktop-transform_scale=&#8217;,,&#8217; av-desktop-transform_skew=&#8217;,&#8217; av-desktop-transform_translate=&#8217;,,&#8217; av-medium-transform_perspective=&#8221; av-medium-transform_rotation=&#8217;,,,&#8217; av-medium-transform_scale=&#8217;,,&#8217; av-medium-transform_skew=&#8217;,&#8217; av-medium-transform_translate=&#8217;,,&#8217; av-small-transform_perspective=&#8221; av-small-transform_rotation=&#8217;,,,&#8217; av-small-transform_scale=&#8217;,,&#8217; av-small-transform_skew=&#8217;,&#8217; av-small-transform_translate=&#8217;,,&#8217; av-mini-transform_perspective=&#8221; av-mini-transform_rotation=&#8217;,,,&#8217; av-mini-transform_scale=&#8217;,,&#8217; av-mini-transform_skew=&#8217;,&#8217; av-mini-transform_translate=&#8217;,,&#8217; mask_overlay=&#8221; mask_overlay_shape=&#8217;blob&#8217; mask_overlay_size=&#8217;contain&#8217; mask_overlay_scale=&#8217;100%&#8217; mask_overlay_position=&#8217;center center&#8217; mask_overlay_repeat=&#8217;no-repeat&#8217; mask_overlay_rotate=&#8221; mask_overlay_rad_shape=&#8217;circle&#8217; mask_overlay_rad_position=&#8217;center center&#8217; mask_overlay_opacity1=&#8217;0&#8242; mask_overlay_opacity2=&#8217;1&#8242; mask_overlay_opacity3=&#8221; link=&#8221; target=&#8221; title_attr=&#8221; alt_attr=&#8221; img_scrset=&#8221; lazy_loading=&#8217;disabled&#8217; id=&#8221; custom_class=&#8221; template_class=&#8221; av_element_hidden_in_editor=&#8217;0&#8242; av_uid=&#8217;av-ppd5wm&#8217; sc_version=&#8217;1.0&#8242; admin_preview_bg=&#8221;][\/av_image]<br \/>\n[\/av_one_full]<\/p>\n<p>[av_one_full first min_height=&#8221; vertical_alignment=&#8221; space=&#8221; custom_margin=&#8221; margin=&#8217;0px&#8217; padding=&#8217;0px&#8217; border=&#8221; border_color=&#8221; radius=&#8217;0px&#8217; background_color=&#8221; src=&#8221; background_position=&#8217;top left&#8217; background_repeat=&#8217;no-repeat&#8217; animation=&#8221; av_uid=&#8217;av-o6ipnq&#8217;]<br \/>\n[av_contact title=&#8217;G\u00f6r din anm\u00e4lan h\u00e4r!&#8217; button=&#8217;Skicka anm\u00e4lan!&#8217; on_send=&#8221; sent=&#8217;Tack f\u00f6r din anm\u00e4lan!&#8217; link=&#8217;manually,http:\/\/&#8217; captcha=&#8221; captcha_theme=&#8217;light&#8217; captcha_size=&#8217;normal&#8217; captcha_score=&#8217;0.5&#8242; email=&#8217;bokningen@stiftsgardenrattvik.se&#8217; from_email=&#8221; subject=&#8217;Anm\u00e4lan Ekoteologi i f\u00f6rsamlingen Steg 1 3-5\/2, Steg 2 digitalt den 11\/3 kl 13-17, Steg 3 31\/3&#8211;2\/4, Steg 4 digitalt den 13\/5&#8242; autoresponder_email=&#8217;bokningen@stiftsgardenrattvik.se&#8217; autoresponder_reply_to=&#8217;bokningen@stiftsgardenrattvik.se&#8217; autoresponder_subject=&#8217;Ekoteologi i f\u00f6rsamlingen&#8217; autorespond=&#8217;Hej och tack f\u00f6r din anm\u00e4lan till kursen Ekoteologi i f\u00f6rsamlingen, en kurs i fyra steg. Vi tar hand om din anm\u00e4lan s\u00e5 snart vi kan och \u00e5terkommer till dig med besked om du f\u00e5tt plats. Har du n\u00e5gra fr\u00e5gor om kursen eller vill \u00e4ndra n\u00e5got i din anm\u00e4lan \u00e4r du v\u00e4lkommen att kontakta oss p\u00e5 010-160 80 01 eller bokningen@stiftsgardenrattvik.se. <\/p>\n<p>Med v\u00e4nliga h\u00e4lsningar,<br \/>\nStiftsg\u00e5rden R\u00e4ttvik&#8217; autorespond_after=&#8221; form_align=&#8221; color=&#8221; heading_tag=&#8221; heading_class=&#8221; alb_description=&#8221; id=&#8221; custom_class=&#8221; template_class=&#8221; aria_label=&#8221; av_uid=&#8217;av-mjinly&#8217; sc_version=&#8217;1.0&#8242; admin_preview_bg=&#8221;]<br \/>\n[av_contact_field label=&#8217;Namn&#8217; type=&#8217;text&#8217; options=&#8221; check=&#8217;is_empty&#8217; width=&#8221; multi_select=&#8221; av_uid=&#8217;av-k7kr12&#8242; av_contact_preselect=&#8221; element_display=&#8221; headline_tag=&#8217;h3&#8242; sc_version=&#8217;1.0&#8242;][\/av_contact_field]<br \/>\n[av_contact_field label=&#8217;Email&#8217; type=&#8217;text&#8217; options=&#8221; check=&#8217;is_email&#8217; width=&#8217;element_half&#8217; multi_select=&#8221; av_uid=&#8217;av-j92gt2&#8242; av_contact_preselect=&#8221; element_display=&#8221; headline_tag=&#8217;h3&#8242; sc_version=&#8217;1.0&#8242;][\/av_contact_field]<br \/>\n[av_contact_field label=&#8217;Telefonnummer&#8217; type=&#8217;text&#8217; options=&#8221; check=&#8217;is_empty&#8217; width=&#8217;element_half&#8217; multi_select=&#8221; av_uid=&#8217;av-gqm2va&#8217; av_contact_preselect=&#8221; element_display=&#8221; headline_tag=&#8217;h3&#8242; sc_version=&#8217;1.0&#8242;][\/av_contact_field]<br \/>\n[av_contact_field label=&#8217;Postadress&#8217; type=&#8217;text&#8217; options=&#8221; check=&#8217;is_empty&#8217; width=&#8217;element_third&#8217; multi_select=&#8221; av_uid=&#8217;av-1ix01y&#8217; av_contact_preselect=&#8221; element_display=&#8221; headline_tag=&#8217;h3&#8242; sc_version=&#8217;1.0&#8242;][\/av_contact_field]<br \/>\n[av_contact_field label=&#8217;Postnummer&#8217; type=&#8217;text&#8217; options=&#8221; check=&#8217;is_empty&#8217; width=&#8217;element_third&#8217; multi_select=&#8221; av_uid=&#8217;av-ebsfpy&#8217; av_contact_preselect=&#8221; element_display=&#8221; headline_tag=&#8217;h3&#8242; sc_version=&#8217;1.0&#8242;][\/av_contact_field]<br \/>\n[av_contact_field label=&#8217;Postort&#8217; type=&#8217;text&#8217; options=&#8221; check=&#8217;is_empty&#8217; width=&#8217;element_third&#8217; multi_select=&#8221; av_uid=&#8217;av-18gmo6&#8242; av_contact_preselect=&#8221; element_display=&#8221; headline_tag=&#8217;h3&#8242; sc_version=&#8217;1.0&#8242;][\/av_contact_field]<br \/>\n[av_contact_field label=&#8217;Ev. faktureringsadress&#8217; type=&#8217;text&#8217; options=&#8221; check=&#8221; width=&#8221; multi_select=&#8221; av_uid=&#8217;av-artqo6&#8242; av_contact_preselect=&#8221; element_display=&#8221; headline_tag=&#8217;h3&#8242; sc_version=&#8217;1.0&#8242;][\/av_contact_field]<br \/>\n[av_contact_field label=&#8217;\u00d6nskas logi, JA\/NEJ: Om JA klicka i vilket alternativ nedan&#8217; type=&#8217;text&#8217; options=&#8221; check=&#8221; width=&#8221; multi_select=&#8221; av_uid=&#8217;av-vmyau&#8217; av_contact_preselect=&#8221; element_display=&#8221; headline_tag=&#8217;h3&#8242; sc_version=&#8217;1.0&#8242;][\/av_contact_field]<br \/>\n[av_contact_field label=&#8217;Enkelrum med dusch &#038; wc&#8217; type=&#8217;checkbox&#8217; options=&#8221; check=&#8221; width=&#8217;element_third&#8217; multi_select=&#8221; av_uid=&#8217;av-89g51i&#8217; av_contact_preselect=&#8221; element_display=&#8221; headline_tag=&#8217;h3&#8242; sc_version=&#8217;1.0&#8242;][\/av_contact_field]<br \/>\n[av_contact_field label=&#8217;Enkelrum med WC (dusch i korridor)&#8217; type=&#8217;checkbox&#8217; options=&#8221; check=&#8221; width=&#8217;element_third&#8217; multi_select=&#8221; av_uid=&#8217;av-6drd9y&#8217; av_contact_preselect=&#8221; element_display=&#8221; headline_tag=&#8217;h3&#8242; sc_version=&#8217;1.0&#8242;][\/av_contact_field]<br \/>\n[av_contact_field label=&#8217;Dubbelrum med dusch &#038; WC&#8217; type=&#8217;checkbox&#8217; options=&#8221; check=&#8221; width=&#8217;element_third&#8217; multi_select=&#8221; av_uid=&#8217;av-4mjcjq&#8217; av_contact_preselect=&#8221; element_display=&#8221; headline_tag=&#8217;h3&#8242; sc_version=&#8217;1.0&#8242;][\/av_contact_field]<br \/>\n[av_contact_field label=&#8217;Allergier och behov av specialkost har \u00f6kat. Det \u00e4r viktigt att vi som lagar och serverar mat tar dessa behov p\u00e5 st\u00f6rsta allvar och skapar b\u00e4sta t\u00e4nkbara f\u00f6ruts\u00e4ttningar f\u00f6r att vi ska klara av att uppfylla kraven. D\u00e4rf\u00f6r har Stiftsg\u00e5rden i R\u00e4ttvik fr\u00e5n och med den 1 mars 2021 inf\u00f6rt tydligare regler n\u00e4r det g\u00e4ller specialkost. F\u00f6r att vi ska kunna s\u00e4kerst\u00e4lla och tillgodose behovet av specialkost beh\u00f6ver vi l\u00e4karintyg f\u00f6r ber\u00f6rd person. L\u00e4karintyget m\u00e5ste vara Stiftsg\u00e5rden tillhanda senast sju dagar innan ankomst f\u00f6r att vi ska kunna s\u00e4kerst\u00e4lla och tillgodose behovet. Vid f\u00f6rsta m\u00e5ltid m\u00e5ste den som har behov av specialkost anm\u00e4la sig till k\u00f6kspersonalen s\u00e5 att vi vet vem det g\u00e4ller. I enligt med GDPR sparas l\u00e4karintygen s\u00e5 l\u00e4nge det \u00e4r n\u00f6dv\u00e4ndigt f\u00f6r att uppfylla kraven. N\u00e4r ni skickar in ert l\u00e4karintyg medger ni samtidigt att era personuppgifter sparas enligt ovan. Ev. allergier\/ specialkost v\u00e4nligen fyll i nedan&#8217; type=&#8217;text&#8217; options=&#8221; check=&#8221; width=&#8221; multi_select=&#8221; av_uid=&#8217;av-3afiva&#8217; av_contact_preselect=&#8221; element_display=&#8221; headline_tag=&#8217;h3&#8242; sc_version=&#8217;1.0&#8242;][\/av_contact_field]<br \/>\n[\/av_contact]<br \/>\n[\/av_one_full]<\/p>\n","protected":false},"excerpt":{"rendered":"","protected":false},"author":1,"featured_media":0,"parent":0,"menu_order":0,"comment_status":"closed","ping_status":"closed","template":"","meta":{"footnotes":""},"class_list":["post-8982","page","type-page","status-publish","hentry"],"_links":{"self":[{"href":"https:\/\/www1.stiftsgardenrattvik.se\/index.php?rest_route=\/wp\/v2\/pages\/8982","targetHints":{"allow":["GET"]}}],"collection":[{"href":"https:\/\/www1.stiftsgardenrattvik.se\/index.php?rest_route=\/wp\/v2\/pages"}],"about":[{"href":"https:\/\/www1.stiftsgardenrattvik.se\/index.php?rest_route=\/wp\/v2\/types\/page"}],"author":[{"embeddable":true,"href":"https:\/\/www1.stiftsgardenrattvik.se\/index.php?rest_route=\/wp\/v2\/users\/1"}],"replies":[{"embeddable":true,"href":"https:\/\/www1.stiftsgardenrattvik.se\/index.php?rest_route=%2Fwp%2Fv2%2Fcomments&post=8982"}],"version-history":[{"count":46,"href":"https:\/\/www1.stiftsgardenrattvik.se\/index.php?rest_route=\/wp\/v2\/pages\/8982\/revisions"}],"predecessor-version":[{"id":15042,"href":"https:\/\/www1.stiftsgardenrattvik.se\/index.php?rest_route=\/wp\/v2\/pages\/8982\/revisions\/15042"}],"wp:attachment":[{"href":"https:\/\/www1.stiftsgardenrattvik.se\/index.php?rest_route=%2Fwp%2Fv2%2Fmedia&parent=8982"}],"curies":[{"name":"wp","href":"https:\/\/api.w.org\/{rel}","templated":true}]}}