{"id":9012,"date":"2019-11-14T13:25:54","date_gmt":"2019-11-14T12:25:54","guid":{"rendered":"https:\/\/stiftsgardenrattvik.se\/?page_id=9012"},"modified":"2025-06-11T11:06:27","modified_gmt":"2025-06-11T09:06:27","slug":"dalhalla","status":"publish","type":"page","link":"https:\/\/www1.stiftsgardenrattvik.se\/?page_id=9012","title":{"rendered":"Dalhalla"},"content":{"rendered":"<p>[av_one_full first min_height=&#8221; vertical_alignment=&#8221; space=&#8221; custom_margin=&#8221; margin=&#8217;0px&#8217; padding=&#8217;0px&#8217; border=&#8221; border_color=&#8221; radius=&#8217;0px&#8217; background_color=&#8221; src=&#8221; background_position=&#8217;top left&#8217; background_repeat=&#8217;no-repeat&#8217; animation=&#8221; av_uid=&#8217;av-e8e1vo&#8217;]<\/p>\n<p>[av_textblock textblock_styling_align=&#8221; textblock_styling=&#8221; textblock_styling_gap=&#8221; textblock_styling_mobile=&#8221; size=&#8217;14&#8217; av-desktop-font-size=&#8221; av-medium-font-size=&#8221; av-small-font-size=&#8221; av-mini-font-size=&#8221; font_color=&#8221; color=&#8221; id=&#8221; custom_class=&#8221; template_class=&#8221; av_uid=&#8217;av-cxt3ic&#8217; sc_version=&#8217;1.0&#8242; admin_preview_bg=&#8221;]<\/p>\n<h1>Bra att veta inf\u00f6r ditt Dalhallabes\u00f6k<\/h1>\n<h3>Logi<\/h3>\n<p>Kom ih\u00e5g att boka rum hos oss i god tid innan konserten. Popul\u00e4ra konserter blir snabbt fullbokade! Kontakta oss p\u00e5 010-160 80 01 eller <a href=\"mailto:bokningen@stiftsgardenrattvik.se\">bokningen@stiftsgardenrattvik.se<\/a> f\u00f6r att boka.<\/p>\n<h3>Mat<\/h3>\n<p>Vi serverar Dalhallabuff\u00e9 i v\u00e5r restaurang f\u00f6re konserten kl. 17.00-18.30 de dagar bussen g\u00e5r 18.15 &amp; 19.15. F\u00f6r tidigare konserter finns det m\u00f6jlighet att \u00e4ta lunchbuff\u00e9 kl. 11.30-15.30 de dagar bussen g\u00e5r 17.15. F\u00f6rboka din middag p\u00e5 010-160 80 00 eller <a href=\"mailto:info@stiftsgardenrattvik.se\">info@stiftsgardenrattvik.se<\/a>.<\/p>\n<p><a href=\"https:\/\/stiftsgardenrattvik.se\/filebuffe\/\"><strong>Mer information om Dalhallabuff\u00e9, datum och tider f\u00f6r konserter h\u00e4r.\u00a0\u00a0<\/strong><\/a><\/p>\n<h3>Pris:<\/h3>\n<p>Dalhallabuff\u00e9: vuxna 375 kr, barn 5-12 \u00e5r 110 kr<br \/>\nLunchbuff\u00e9 vardagar: vuxna 135 kr, barn 5-12 \u00e5r 80 kr<em>.<br \/>\n<\/em>Lunchbuff\u00e9 helg: vuxna 160 kr, barn 5-12 \u00e5r 85 kr.<em><br \/>\n<\/em><\/p>\n<h3>Transport<\/h3>\n<p>P\u00e5 l\u00e4nken nedan kan du enkelt boka din bussbiljett till arenan via Dalhallas hemsida. Det g\u00e5r inte att k\u00f6pa biljett hos oss eller p\u00e5 bussen. Bussen stannar alldeles utanf\u00f6r v\u00e5r entr\u00e9, v\u00e4lj Stiftsg\u00e5rden R\u00e4ttvik som h\u00e5llplats. Du\u00a0kan f\u00f6rboka busstransfer tur &amp; retur fr\u00e5n Stiftsg\u00e5rden till Dalhalla p\u00e5 Dalhallas hemsida. Bokas senast kl 12 samma dag.<\/p>\n<ul>\n<li><strong>Dalhallabuff\u00e9<\/strong> serveras mellan kl. 17.00 och 18.30, bussen till Dalhalla g\u00e5r 18.15 och 19.15.<\/li>\n<li><strong>F\u00f6rl\u00e4ngd luchbuff\u00e9<\/strong> serveras mellan kl. 11.30 och 15.30, bussen till Dalhalla g\u00e5r 17.15.<\/li>\n<\/ul>\n<p><em>Varmt v\u00e4lkommen till oss i sommar!<\/em><br \/>\n[\/av_textblock]<\/p>\n<p>[\/av_one_full][av_one_full first min_height=&#8221; vertical_alignment=&#8221; space=&#8221; custom_margin=&#8221; margin=&#8217;0px&#8217; padding=&#8217;0px&#8217; border=&#8221; border_color=&#8221; radius=&#8217;0px&#8217; background_color=&#8221; src=&#8221; background_position=&#8217;top left&#8217; background_repeat=&#8217;no-repeat&#8217; animation=&#8221; av_uid=&#8217;av-aarvxg&#8217;]<br \/>\n[av_textblock size=&#8217;14&#8217; font_color=&#8221; color=&#8221; av_uid=&#8217;av-96qhhw&#8217;]<\/p>\n<blockquote class=\"wp-embedded-content\" data-secret=\"dmucduskoz\"><p><a href=\"https:\/\/www.dalhalla.se\/konsertbuss\/\">Busssida<\/a><\/p><\/blockquote>\n<p><iframe loading=\"lazy\" class=\"wp-embedded-content\" sandbox=\"allow-scripts\" security=\"restricted\" style=\"position: absolute; visibility: hidden;\" title=\"\u201dBusssida\u201d &ndash; Dalhalla\" src=\"https:\/\/www.dalhalla.se\/konsertbuss\/embed\/#?secret=2oZIERBiPQ#?secret=dmucduskoz\" data-secret=\"dmucduskoz\" width=\"500\" height=\"282\" frameborder=\"0\" marginwidth=\"0\" marginheight=\"0\" scrolling=\"no\"><\/iframe><br \/>\n[\/av_textblock]<br \/>\n[\/av_one_full]<\/p>\n<p>[av_one_full first min_height=&#8221; vertical_alignment=&#8221; space=&#8221; custom_margin=&#8221; margin=&#8217;0px&#8217; padding=&#8217;0px&#8217; border=&#8221; border_color=&#8221; radius=&#8217;0px&#8217; background_color=&#8221; src=&#8221; background_position=&#8217;top left&#8217; background_repeat=&#8217;no-repeat&#8217; animation=&#8221; av_uid=&#8217;av-7entdg&#8217;]<br \/>\n[av_image src=&#8217;https:\/\/stiftsgardenrattvik.se\/wp-content\/uploads\/2019\/11\/Dalhalla-bl\u00e5.jpg&#8217; attachment=&#8217;9013&#8242; attachment_size=&#8217;full&#8217; align=&#8217;center&#8217; styling=&#8221; hover=&#8221; link=&#8221; target=&#8221; caption=&#8221; font_size=&#8221; appearance=&#8221; overlay_opacity=&#8217;0.4&#8242; overlay_color=&#8217;#000000&#8242; overlay_text_color=&#8217;#ffffff&#8217; animation=&#8217;no-animation&#8217; av_uid=&#8217;av-5rltvo&#8217;][\/av_image]<br \/>\n[\/av_one_full]<\/p>\n<p>[av_one_full first min_height=&#8221; vertical_alignment=&#8221; space=&#8221; custom_margin=&#8221; margin=&#8217;0px&#8217; padding=&#8217;0px&#8217; border=&#8221; border_color=&#8221; radius=&#8217;0px&#8217; background_color=&#8221; src=&#8221; background_position=&#8217;top left&#8217; background_repeat=&#8217;no-repeat&#8217; animation=&#8221; av_uid=&#8217;av-3ww7jo&#8217;]<br \/>\n[av_hr class=&#8217;default&#8217; height=&#8217;50&#8217; shadow=&#8217;no-shadow&#8217; position=&#8217;center&#8217; custom_border=&#8217;av-border-thin&#8217; custom_width=&#8217;50px&#8217; custom_border_color=&#8221; custom_margin_top=&#8217;30px&#8217; custom_margin_bottom=&#8217;30px&#8217; icon_select=&#8217;yes&#8217; custom_icon_color=&#8221; icon=&#8217;ue808&#8242; av_uid=&#8217;av-30k5ok&#8217;]<br \/>\n[\/av_one_full]<\/p>\n","protected":false},"excerpt":{"rendered":"","protected":false},"author":1,"featured_media":0,"parent":0,"menu_order":0,"comment_status":"closed","ping_status":"closed","template":"","meta":{"footnotes":""},"class_list":["post-9012","page","type-page","status-publish","hentry"],"_links":{"self":[{"href":"https:\/\/www1.stiftsgardenrattvik.se\/index.php?rest_route=\/wp\/v2\/pages\/9012","targetHints":{"allow":["GET"]}}],"collection":[{"href":"https:\/\/www1.stiftsgardenrattvik.se\/index.php?rest_route=\/wp\/v2\/pages"}],"about":[{"href":"https:\/\/www1.stiftsgardenrattvik.se\/index.php?rest_route=\/wp\/v2\/types\/page"}],"author":[{"embeddable":true,"href":"https:\/\/www1.stiftsgardenrattvik.se\/index.php?rest_route=\/wp\/v2\/users\/1"}],"replies":[{"embeddable":true,"href":"https:\/\/www1.stiftsgardenrattvik.se\/index.php?rest_route=%2Fwp%2Fv2%2Fcomments&post=9012"}],"version-history":[{"count":19,"href":"https:\/\/www1.stiftsgardenrattvik.se\/index.php?rest_route=\/wp\/v2\/pages\/9012\/revisions"}],"predecessor-version":[{"id":15570,"href":"https:\/\/www1.stiftsgardenrattvik.se\/index.php?rest_route=\/wp\/v2\/pages\/9012\/revisions\/15570"}],"wp:attachment":[{"href":"https:\/\/www1.stiftsgardenrattvik.se\/index.php?rest_route=%2Fwp%2Fv2%2Fmedia&parent=9012"}],"curies":[{"name":"wp","href":"https:\/\/api.w.org\/{rel}","templated":true}]}}