{"id":9179,"date":"2019-12-11T13:28:38","date_gmt":"2019-12-11T12:28:38","guid":{"rendered":"https:\/\/stiftsgardenrattvik.se\/?page_id=9179"},"modified":"2023-02-16T15:42:52","modified_gmt":"2023-02-16T14:42:52","slug":"boka-konferens","status":"publish","type":"page","link":"https:\/\/www1.stiftsgardenrattvik.se\/?page_id=9179","title":{"rendered":"BOKA KONFERENS"},"content":{"rendered":"<p>[av_one_full first min_height=&#8221; vertical_alignment=&#8221; space=&#8221; custom_margin=&#8221; margin=&#8217;0px&#8217; padding=&#8217;0px&#8217; border=&#8221; border_color=&#8221; radius=&#8217;0px&#8217; background_color=&#8221; src=&#8221; background_position=&#8217;top left&#8217; background_repeat=&#8217;no-repeat&#8217; animation=&#8221; av_uid=&#8217;av-r7z1nv&#8217;]<br \/>\n[av_textblock size=&#8221; font_color=&#8221; color=&#8221; av_uid=&#8217;av-pvkxm3&#8242;]<\/p>\n<h1 style=\"text-align: center;\">BOKA KONFERENS<\/h1>\n<p>[\/av_textblock]<br \/>\n[\/av_one_full]<\/p>\n<p>[av_one_full first min_height=&#8221; vertical_alignment=&#8221; space=&#8221; custom_margin=&#8221; margin=&#8217;0px&#8217; padding=&#8217;0px&#8217; border=&#8221; border_color=&#8221; radius=&#8217;0px&#8217; background_color=&#8221; src=&#8221; background_position=&#8217;top left&#8217; background_repeat=&#8217;no-repeat&#8217; animation=&#8221; av_uid=&#8217;av-oq3g6j&#8217;]<br \/>\n[av_textblock size=&#8221; font_color=&#8221; color=&#8221; av_uid=&#8217;av-m0o2qz&#8217;]<\/p>\n<p style=\"text-align: center;\">\u00d6nskar du f\u00f6rl\u00e4gga en konferens eller m\u00f6te hos oss? F\u00f6lj i formul\u00e4ret nedan s\u00e5 h\u00f6r vi av oss till dig. F\u00f6r fr\u00e5gor v\u00e4nligen kontakta v\u00e5r bokning p\u00e5 010-160 80 01 eller <a href=\"mailto:bokningen@stiftsgardenrattvik.se\">bokningen@stiftsgardenrattvik.se<\/a>.<\/p>\n<p>[\/av_textblock]<br \/>\n[\/av_one_full]<\/p>\n<p>[av_one_full first min_height=&#8221; vertical_alignment=&#8221; space=&#8221; custom_margin=&#8221; margin=&#8217;0px&#8217; padding=&#8217;0px&#8217; border=&#8221; border_color=&#8221; radius=&#8217;0px&#8217; background_color=&#8221; src=&#8221; background_position=&#8217;top left&#8217; background_repeat=&#8217;no-repeat&#8217; animation=&#8221; av_uid=&#8217;av-ka7pe3&#8242;]<\/p>\n<p>[av_contact title=&#8217;V\u00e4lkommen med din bokningsf\u00f6rfr\u00e5gan&#8217; button=&#8217;Skicka bokningsf\u00f6rfr\u00e5gan&#8217; on_send=&#8221; sent=&#8217;Tack f\u00f6r din bokningsf\u00f6rfr\u00e5gan!&#8217; link=&#8217;manually,http:\/\/&#8217; captcha=&#8221; captcha_theme=&#8217;light&#8217; captcha_size=&#8217;normal&#8217; captcha_score=&#8217;0.5&#8242; email=&#8217;bokningen@stiftsgardenrattvik.se,carina.qvist@svenskakyrkan.se, bokningenstiftsgarden@gmail.com&#8217; from_email=&#8217;bokningen@stiftsgardenrattvik.se&#8217; subject=&#8221; autoresponder_email=&#8217;bokningen@stiftsgardenrattvik.se&#8217; autoresponder_reply_to=&#8221; autoresponder_subject=&#8221; autorespond=&#8217;Hej och tack f\u00f6r din bokningsf\u00f6rfr\u00e5gan hos oss p\u00e5 Stiftsg\u00e5rden R\u00e4ttvik! Vi behandlar din f\u00f6rfr\u00e5gan s\u00e5 snart vi kan och \u00e5terkommer med ett besked snarast m\u00f6jligt. Om du har n\u00e5gra fr\u00e5gor eller vill g\u00f6ra n\u00e5gra \u00e4ndringar i din f\u00f6rfr\u00e5gan v\u00e4nligen kontakta oss p\u00e5 010-160 80 00 eller bokningen@stiftsgardenrattvik.se. <\/p>\n<p>Med v\u00e4nlig h\u00e4lsning,<\/p>\n<p>Stiftsg\u00e5rden R\u00e4ttvik&#8217; autorespond_after=&#8221; form_align=&#8221; color=&#8221; heading_tag=&#8221; heading_class=&#8221; alb_description=&#8221; id=&#8221; custom_class=&#8221; template_class=&#8221; aria_label=&#8221; av_uid=&#8217;av-jbs7h7&#8242; sc_version=&#8217;1.0&#8242; admin_preview_bg=&#8221;]<br \/>\n[av_contact_field label=&#8217;Antal personer &#8216; type=&#8217;text&#8217; options=&#8221; check=&#8217;is_empty&#8217; width=&#8221; av_uid=&#8217;av-gqxvej&#8217; multi_select=&#8221; av_contact_preselect=&#8221; element_display=&#8221; headline_tag=&#8217;h3&#8242; sc_version=&#8217;1.0&#8242;][\/av_contact_field]<br \/>\n[av_contact_field label=&#8217;F\u00f6retag, f\u00f6rening eller liknande&#8217; type=&#8217;text&#8217; options=&#8221; check=&#8217;is_empty&#8217; width=&#8221; av_uid=&#8217;av-gde9e3&#8242; multi_select=&#8221; av_contact_preselect=&#8221; element_display=&#8221; headline_tag=&#8217;h3&#8242; sc_version=&#8217;1.0&#8242;][\/av_contact_field]<br \/>\n[av_contact_field label=&#8217;Namn p\u00e5 kontaktperson&#8217; type=&#8217;text&#8217; options=&#8221; check=&#8217;is_empty&#8217; width=&#8221; av_uid=&#8217;av-dpebt7&#8242; multi_select=&#8221; av_contact_preselect=&#8221; element_display=&#8221; headline_tag=&#8217;h3&#8242; sc_version=&#8217;1.0&#8242;][\/av_contact_field]<br \/>\n[av_contact_field label=&#8217;Kontaktpersonens epost&#8217; type=&#8217;text&#8217; options=&#8221; check=&#8217;is_email&#8217; width=&#8221; av_uid=&#8217;av-d2dxa3&#8242; multi_select=&#8221; av_contact_preselect=&#8221; element_display=&#8221; headline_tag=&#8217;h3&#8242; sc_version=&#8217;1.0&#8242;][\/av_contact_field]<br \/>\n[av_contact_field label=&#8217;Kontaktpersonens telefonnummer&#8217; type=&#8217;text&#8217; options=&#8221; check=&#8217;is_empty&#8217; width=&#8221; av_uid=&#8217;av-b7p5t7&#8242; multi_select=&#8221; av_contact_preselect=&#8221; element_display=&#8221; headline_tag=&#8217;h3&#8242; sc_version=&#8217;1.0&#8242;][\/av_contact_field]<br \/>\n[av_contact_field label=&#8217;\u00d6nskat startdatum&#8217; type=&#8217;datepicker&#8217; options=&#8221; check=&#8217;is_empty&#8217; width=&#8221; av_uid=&#8217;av-9sxbcb&#8217; multi_select=&#8221; av_contact_preselect=&#8221; element_display=&#8221; headline_tag=&#8217;h3&#8242; sc_version=&#8217;1.0&#8242;][\/av_contact_field]<br \/>\n[av_contact_field label=&#8217;\u00d6nskat slutdatum&#8217; type=&#8217;datepicker&#8217; options=&#8221; check=&#8217;is_empty&#8217; width=&#8221; av_uid=&#8217;av-711f6j&#8217; multi_select=&#8221; av_contact_preselect=&#8221; element_display=&#8221; headline_tag=&#8217;h3&#8242; sc_version=&#8217;1.0&#8242;][\/av_contact_field]<br \/>\n[av_contact_field label=&#8217;Prelimin\u00e4r ankomsttid&#8217; type=&#8217;text&#8217; options=&#8221; check=&#8217;is_empty&#8217; width=&#8221; av_uid=&#8217;av-6i2rkb&#8217; multi_select=&#8221; av_contact_preselect=&#8221; element_display=&#8221; headline_tag=&#8217;h3&#8242; sc_version=&#8217;1.0&#8242;][\/av_contact_field]<br \/>\n[av_contact_field label=&#8217;Prelimin\u00e4r avresetid&#8217; type=&#8217;text&#8217; options=&#8221; check=&#8217;is_empty&#8217; width=&#8221; av_uid=&#8217;av-4lrx1n&#8217; multi_select=&#8221; av_contact_preselect=&#8221; element_display=&#8221; headline_tag=&#8217;h3&#8242; sc_version=&#8217;1.0&#8242;][\/av_contact_field]<br \/>\n[av_contact_field label=&#8217;Plats f\u00f6r meddelande&#8217; type=&#8217;textarea&#8217; options=&#8221; check=&#8221; width=&#8221; av_uid=&#8217;av-2g1zqj&#8217; multi_select=&#8221; av_contact_preselect=&#8221; element_display=&#8221; headline_tag=&#8217;h3&#8242; sc_version=&#8217;1.0&#8242;][\/av_contact_field]<br \/>\n[\/av_contact]<\/p>\n<p>[\/av_one_full]<\/p>\n","protected":false},"excerpt":{"rendered":"","protected":false},"author":1,"featured_media":0,"parent":0,"menu_order":0,"comment_status":"closed","ping_status":"closed","template":"","meta":{"footnotes":""},"class_list":["post-9179","page","type-page","status-publish","hentry"],"_links":{"self":[{"href":"https:\/\/www1.stiftsgardenrattvik.se\/index.php?rest_route=\/wp\/v2\/pages\/9179","targetHints":{"allow":["GET"]}}],"collection":[{"href":"https:\/\/www1.stiftsgardenrattvik.se\/index.php?rest_route=\/wp\/v2\/pages"}],"about":[{"href":"https:\/\/www1.stiftsgardenrattvik.se\/index.php?rest_route=\/wp\/v2\/types\/page"}],"author":[{"embeddable":true,"href":"https:\/\/www1.stiftsgardenrattvik.se\/index.php?rest_route=\/wp\/v2\/users\/1"}],"replies":[{"embeddable":true,"href":"https:\/\/www1.stiftsgardenrattvik.se\/index.php?rest_route=%2Fwp%2Fv2%2Fcomments&post=9179"}],"version-history":[{"count":9,"href":"https:\/\/www1.stiftsgardenrattvik.se\/index.php?rest_route=\/wp\/v2\/pages\/9179\/revisions"}],"predecessor-version":[{"id":12495,"href":"https:\/\/www1.stiftsgardenrattvik.se\/index.php?rest_route=\/wp\/v2\/pages\/9179\/revisions\/12495"}],"wp:attachment":[{"href":"https:\/\/www1.stiftsgardenrattvik.se\/index.php?rest_route=%2Fwp%2Fv2%2Fmedia&parent=9179"}],"curies":[{"name":"wp","href":"https:\/\/api.w.org\/{rel}","templated":true}]}}