{"id":9610,"date":"2020-02-19T18:13:52","date_gmt":"2020-02-19T17:13:52","guid":{"rendered":"https:\/\/stiftsgardenrattvik.se\/?page_id=9610"},"modified":"2025-07-19T17:56:58","modified_gmt":"2025-07-19T15:56:58","slug":"sommarvolontar","status":"publish","type":"page","link":"https:\/\/www1.stiftsgardenrattvik.se\/?page_id=9610","title":{"rendered":"Sommarvolont\u00e4r"},"content":{"rendered":"<p>[av_section min_height=&#8221; min_height_pc=&#8217;25&#8217; min_height_px=&#8217;500px&#8217; shadow=&#8217;no-border-styling&#8217; bottom_border=&#8217;no-border-styling&#8217; bottom_border_diagonal_color=&#8217;#333333&#8242; bottom_border_diagonal_direction=&#8221; bottom_border_style=&#8221; padding=&#8217;default&#8217; custom_margin=&#8217;0px&#8217; custom_margin_sync=&#8217;true&#8217; av-desktop-custom_margin=&#8221; av-desktop-custom_margin_sync=&#8217;true&#8217; av-medium-custom_margin=&#8221; av-medium-custom_margin_sync=&#8217;true&#8217; av-small-custom_margin=&#8221; av-small-custom_margin_sync=&#8217;true&#8217; av-mini-custom_margin=&#8221; av-mini-custom_margin_sync=&#8217;true&#8217; svg_div_top=&#8221; svg_div_top_color=&#8217;#333333&#8242; svg_div_top_width=&#8217;100&#8242; svg_div_top_height=&#8217;50&#8217; svg_div_top_max_height=&#8217;none&#8217; svg_div_top_opacity=&#8221; svg_div_bottom=&#8221; svg_div_bottom_color=&#8217;#333333&#8242; svg_div_bottom_width=&#8217;100&#8242; svg_div_bottom_height=&#8217;50&#8217; svg_div_bottom_max_height=&#8217;none&#8217; svg_div_bottom_opacity=&#8221; color=&#8217;main_color&#8217; background=&#8217;bg_color&#8217; custom_bg=&#8221; background_gradient_direction=&#8217;vertical&#8217; background_gradient_color1=&#8217;#000000&#8242; background_gradient_color2=&#8217;#ffffff&#8217; background_gradient_color3=&#8221; src=&#8221; attachment=&#8221; attachment_size=&#8221; attach=&#8217;parallax&#8217; position=&#8217;top center&#8217; repeat=&#8217;no-repeat&#8217; video=&#8221; video_ratio=&#8217;16:9&#8242; overlay_opacity=&#8217;0.5&#8242; overlay_color=&#8221; overlay_pattern=&#8221; overlay_custom_pattern=&#8221; custom_arrow_bg=&#8221; css_position_z_index=&#8221; av-desktop-css_position_z_index=&#8221; av-medium-css_position_z_index=&#8221; av-small-css_position_z_index=&#8221; av-mini-css_position_z_index=&#8221; id=&#8221; custom_class=&#8221; template_class=&#8221; aria_label=&#8221; av_element_hidden_in_editor=&#8217;0&#8242; av_uid=&#8217;av-ldcu91up&#8217; sc_version=&#8217;1.0&#8242;]<\/p>\n<p>[av_one_full first min_height=&#8221; vertical_alignment=&#8217;av-align-top&#8217; space=&#8221; row_boxshadow_width=&#8217;10&#8217; row_boxshadow_color=&#8221; margin=&#8217;0px&#8217; margin_sync=&#8217;true&#8217; av-desktop-margin=&#8221; av-desktop-margin_sync=&#8217;true&#8217; av-medium-margin=&#8221; av-medium-margin_sync=&#8217;true&#8217; av-small-margin=&#8221; av-small-margin_sync=&#8217;true&#8217; av-mini-margin=&#8221; av-mini-margin_sync=&#8217;true&#8217; mobile_breaking=&#8221; mobile_column_order=&#8221; border=&#8221; border_style=&#8217;ridge&#8217; border_color=&#8217;rgba(204,51,51,0.9)&#8217; radius=&#8217;0px&#8217; radius_sync=&#8217;true&#8217; min_col_height=&#8221; padding=&#8217;10&#8217; padding_sync=&#8217;true&#8217; av-desktop-padding=&#8221; av-desktop-padding_sync=&#8217;true&#8217; av-medium-padding=&#8221; av-medium-padding_sync=&#8217;true&#8217; av-small-padding=&#8221; av-small-padding_sync=&#8217;true&#8217; av-mini-padding=&#8221; av-mini-padding_sync=&#8217;true&#8217; svg_div_top=&#8221; svg_div_top_color=&#8217;#333333&#8242; svg_div_top_width=&#8217;100&#8242; svg_div_top_height=&#8217;50&#8217; svg_div_top_max_height=&#8217;none&#8217; svg_div_top_opacity=&#8221; svg_div_bottom=&#8221; svg_div_bottom_color=&#8217;#333333&#8242; svg_div_bottom_width=&#8217;100&#8242; svg_div_bottom_height=&#8217;50&#8217; svg_div_bottom_max_height=&#8217;none&#8217; svg_div_bottom_opacity=&#8221; column_boxshadow_width=&#8217;10&#8217; column_boxshadow_color=&#8217;#0a0a0a&#8217; background=&#8217;bg_color&#8217; background_color=&#8217;rgba(255,255,255,0.9)&#8217; background_gradient_direction=&#8217;vertical&#8217; background_gradient_color1=&#8217;#000000&#8242; background_gradient_color2=&#8217;#ffffff&#8217; background_gradient_color3=&#8221; src=&#8221; attachment=&#8221; attachment_size=&#8221; background_position=&#8217;top left&#8217; background_repeat=&#8217;no-repeat&#8217; highlight_size=&#8217;1.1&#8242; animation=&#8221; animation_duration=&#8221; animation_custom_bg_color=&#8221; animation_z_index_curtain=&#8217;100&#8242; parallax_parallax=&#8221; parallax_parallax_speed=&#8221; av-desktop-parallax_parallax=&#8221; av-desktop-parallax_parallax_speed=&#8221; av-medium-parallax_parallax=&#8221; av-medium-parallax_parallax_speed=&#8221; av-small-parallax_parallax=&#8221; av-small-parallax_parallax_speed=&#8221; av-mini-parallax_parallax=&#8221; av-mini-parallax_parallax_speed=&#8221; css_position=&#8221; css_position_location=&#8217;,,,&#8217; css_position_z_index=&#8221; av-desktop-css_position=&#8221; av-desktop-css_position_location=&#8217;,,,&#8217; av-desktop-css_position_z_index=&#8221; av-medium-css_position=&#8221; av-medium-css_position_location=&#8217;,,,&#8217; av-medium-css_position_z_index=&#8221; av-small-css_position=&#8221; av-small-css_position_location=&#8217;,,,&#8217; av-small-css_position_z_index=&#8221; av-mini-css_position=&#8221; av-mini-css_position_location=&#8217;,,,&#8217; av-mini-css_position_z_index=&#8221; link=&#8221; linktarget=&#8221; link_hover=&#8221; title_attr=&#8221; alt_attr=&#8221; mobile_display=&#8221; mobile_col_pos=&#8217;0&#8242; id=&#8221; custom_class=&#8221; template_class=&#8221; aria_label=&#8221; av_uid=&#8217;av-7gihiy&#8217; sc_version=&#8217;1.0&#8242;]<\/p>\n<p>[av_textblock textblock_styling_align=&#8221; textblock_styling=&#8221; textblock_styling_gap=&#8221; textblock_styling_mobile=&#8221; size=&#8221; av-desktop-font-size=&#8221; av-medium-font-size=&#8221; av-small-font-size=&#8221; av-mini-font-size=&#8221; font_color=&#8221; color=&#8221; id=&#8221; custom_class=&#8221; template_class=&#8221; av_uid=&#8217;av-bwvdlm&#8217; sc_version=&#8217;1.0&#8242; admin_preview_bg=&#8221;]<\/p>\n<h1 style=\"text-align: center;\">Sommarvolont\u00e4r<\/h1>\n<h3 style=\"text-align: center;\">F\u00f6r dig som \u00e4r 17 och 18 \u00e5r<\/h3>\n<p>[\/av_textblock]<\/p>\n<p>[av_textblock textblock_styling_align=&#8221; textblock_styling=&#8221; textblock_styling_gap=&#8221; textblock_styling_mobile=&#8221; size=&#8221; av-desktop-font-size=&#8221; av-medium-font-size=&#8221; av-small-font-size=&#8221; av-mini-font-size=&#8221; font_color=&#8221; color=&#8221; id=&#8221; custom_class=&#8221; template_class=&#8221; av_uid=&#8217;av-55jqdm&#8217; sc_version=&#8217;1.0&#8242; admin_preview_bg=&#8221;]<br \/>\nAtt vara sommarvolont\u00e4r \u00e4r en blandning av att vara p\u00e5 l\u00e4ger och att arbeta. Samtidigt som man f\u00e5r ta del av alla roliga aktiviteter och dela boende och gemenskap med sina deltagarkompisar f\u00e5r man k\u00e4nna p\u00e5 hur det \u00e4r att ha ansvar, jobba f\u00f6r sitt uppeh\u00e4lle och vara en f\u00f6rebild f\u00f6r yngre l\u00e4gerdeltagare. Alla sommarvolont\u00e4rer \u00e4r h\u00e4r i tre veckor d\u00e4r man har ett rullande schema med arbete sju timmar per dag i k\u00f6k\/servering och p\u00e5 vaktm\u00e4steriet, var fj\u00e4rde dag \u00e4r man ledig. P\u00e5 fritiden anordnas aktiviteter med allt fr\u00e5n bad, lekar och disco till mer seri\u00f6sa diskussioner om tro och livsfr\u00e5gor. Tillsammans med de andra ungdomarna p\u00e5 g\u00e5rden delar vi m\u00e5ltider och g\u00e5r p\u00e5 andakter varje dag.<\/p>\n<p>F\u00f6r mer information om att vara sommarvolont\u00e4r v\u00e4nligen kontakta oss p\u00e5 010-160 80 08 eller <a href=\"mailto:gustav.danielsson@stiftsgardenrattvik.se\">gustav.danielsson@stiftsgardenrattvik.se<\/a><\/p>\n<p>Anm\u00e4lan sker via l\u00e4nken nedan. Kryssa endast i sommarvolont\u00e4r d\u00e4r du fr\u00e5gas om \u00f6nskad roll.<\/p>\n<p><em>V\u00e4lkommen till gemenskapen p\u00e5 Stiftsg\u00e5rden!<\/em><br \/>\n[\/av_textblock]<\/p>\n<p>[\/av_one_full][av_hr class=&#8217;invisible&#8217; icon_select=&#8217;yes&#8217; icon=&#8217;ue808&#8242; font=&#8217;entypo-fontello&#8217; position=&#8217;center&#8217; shadow=&#8217;no-shadow&#8217; height=&#8217;50&#8217; custom_border=&#8217;av-border-thin&#8217; custom_width=&#8217;50px&#8217; custom_margin_top=&#8217;30px&#8217; custom_margin_bottom=&#8217;30px&#8217; custom_border_color=&#8221; custom_icon_color=&#8221; id=&#8221; custom_class=&#8221; template_class=&#8221; av_uid=&#8217;av-ldculzpv&#8217; sc_version=&#8217;1.0&#8242; admin_preview_bg=&#8221;]<\/p>\n<p>[av_one_third first min_height=&#8221; vertical_alignment=&#8217;av-align-top&#8217; space=&#8221; row_boxshadow=&#8221; row_boxshadow_width=&#8217;10&#8217; row_boxshadow_color=&#8221; custom_margin=&#8221; margin=&#8217;0px&#8217; av-desktop-margin=&#8221; av-medium-margin=&#8221; av-small-margin=&#8221; av-mini-margin=&#8221; mobile_breaking=&#8221; mobile_column_order=&#8221; border=&#8221; border_style=&#8217;solid&#8217; border_color=&#8221; radius=&#8221; min_col_height=&#8221; padding=&#8221; av-desktop-padding=&#8221; av-medium-padding=&#8221; av-small-padding=&#8221; av-mini-padding=&#8221; svg_div_top=&#8221; svg_div_top_color=&#8217;#333333&#8242; svg_div_top_width=&#8217;100&#8242; svg_div_top_height=&#8217;50&#8217; svg_div_top_max_height=&#8217;none&#8217; svg_div_top_flip=&#8221; svg_div_top_invert=&#8221; svg_div_top_front=&#8221; svg_div_top_opacity=&#8221; svg_div_top_preview=&#8221; svg_div_bottom=&#8221; svg_div_bottom_color=&#8217;#333333&#8242; svg_div_bottom_width=&#8217;100&#8242; svg_div_bottom_height=&#8217;50&#8217; svg_div_bottom_max_height=&#8217;none&#8217; svg_div_bottom_flip=&#8221; svg_div_bottom_invert=&#8221; svg_div_bottom_front=&#8221; svg_div_bottom_opacity=&#8221; svg_div_bottom_preview=&#8221; column_boxshadow=&#8221; column_boxshadow_width=&#8217;10&#8217; column_boxshadow_color=&#8221; background=&#8217;bg_color&#8217; background_color=&#8221; background_gradient_direction=&#8217;vertical&#8217; background_gradient_color1=&#8217;#000000&#8242; background_gradient_color2=&#8217;#ffffff&#8217; background_gradient_color3=&#8221; src=&#8221; background_position=&#8217;top left&#8217; background_repeat=&#8217;no-repeat&#8217; highlight=&#8221; highlight_size=&#8221; animation=&#8221; animation_duration=&#8221; animation_custom_bg_color=&#8221; animation_z_index_curtain=&#8217;100&#8242; parallax_parallax=&#8221; parallax_parallax_speed=&#8221; av-desktop-parallax_parallax=&#8221; av-desktop-parallax_parallax_speed=&#8221; av-medium-parallax_parallax=&#8221; av-medium-parallax_parallax_speed=&#8221; av-small-parallax_parallax=&#8221; av-small-parallax_parallax_speed=&#8221; av-mini-parallax_parallax=&#8221; av-mini-parallax_parallax_speed=&#8221; css_position=&#8221; css_position_location=&#8221; css_position_z_index=&#8221; av-desktop-css_position=&#8221; av-desktop-css_position_location=&#8221; av-desktop-css_position_z_index=&#8221; av-medium-css_position=&#8221; av-medium-css_position_location=&#8221; av-medium-css_position_z_index=&#8221; av-small-css_position=&#8221; av-small-css_position_location=&#8221; av-small-css_position_z_index=&#8221; av-mini-css_position=&#8221; av-mini-css_position_location=&#8221; av-mini-css_position_z_index=&#8221; link=&#8221; linktarget=&#8221; link_hover=&#8221; title_attr=&#8221; alt_attr=&#8221; mobile_display=&#8221; mobile_col_pos=&#8217;0&#8242; id=&#8221; custom_class=&#8221; template_class=&#8221; aria_label=&#8221; av_uid=&#8217;av-4ewl22&#8242; sc_version=&#8217;1.0&#8242;]<\/p>\n<p>[\/av_one_third][av_one_third min_height=&#8221; vertical_alignment=&#8217;av-align-top&#8217; space=&#8221; row_boxshadow_width=&#8217;10&#8217; row_boxshadow_color=&#8221; margin=&#8217;0px&#8217; margin_sync=&#8217;true&#8217; av-desktop-margin=&#8221; av-desktop-margin_sync=&#8217;true&#8217; av-medium-margin=&#8221; av-medium-margin_sync=&#8217;true&#8217; av-small-margin=&#8221; av-small-margin_sync=&#8217;true&#8217; av-mini-margin=&#8221; av-mini-margin_sync=&#8217;true&#8217; mobile_breaking=&#8221; mobile_column_order=&#8221; border=&#8221; border_style=&#8217;solid&#8217; border_color=&#8221; radius=&#8221; radius_sync=&#8217;true&#8217; min_col_height=&#8221; padding=&#8221; padding_sync=&#8217;true&#8217; av-desktop-padding=&#8221; av-desktop-padding_sync=&#8217;true&#8217; av-medium-padding=&#8221; av-medium-padding_sync=&#8217;true&#8217; av-small-padding=&#8221; av-small-padding_sync=&#8217;true&#8217; av-mini-padding=&#8221; av-mini-padding_sync=&#8217;true&#8217; svg_div_top=&#8221; svg_div_top_color=&#8217;#333333&#8242; svg_div_top_width=&#8217;100&#8242; svg_div_top_height=&#8217;50&#8217; svg_div_top_max_height=&#8217;none&#8217; svg_div_top_opacity=&#8221; svg_div_bottom=&#8221; svg_div_bottom_color=&#8217;#333333&#8242; svg_div_bottom_width=&#8217;100&#8242; svg_div_bottom_height=&#8217;50&#8217; svg_div_bottom_max_height=&#8217;none&#8217; svg_div_bottom_opacity=&#8221; column_boxshadow_width=&#8217;10&#8217; column_boxshadow_color=&#8221; background=&#8217;bg_color&#8217; background_color=&#8221; background_gradient_direction=&#8217;vertical&#8217; background_gradient_color1=&#8217;#000000&#8242; background_gradient_color2=&#8217;#ffffff&#8217; background_gradient_color3=&#8221; src=&#8221; attachment=&#8221; attachment_size=&#8221; background_position=&#8217;top left&#8217; background_repeat=&#8217;no-repeat&#8217; highlight=&#8217;aviaTBhighlight&#8217; highlight_size=&#8217;1.5&#8242; animation=&#8221; animation_duration=&#8221; animation_custom_bg_color=&#8221; animation_z_index_curtain=&#8217;100&#8242; parallax_parallax=&#8221; parallax_parallax_speed=&#8221; av-desktop-parallax_parallax=&#8221; av-desktop-parallax_parallax_speed=&#8221; av-medium-parallax_parallax=&#8221; av-medium-parallax_parallax_speed=&#8221; av-small-parallax_parallax=&#8221; av-small-parallax_parallax_speed=&#8221; av-mini-parallax_parallax=&#8221; av-mini-parallax_parallax_speed=&#8221; css_position=&#8221; css_position_location=&#8217;,,,&#8217; css_position_z_index=&#8221; av-desktop-css_position=&#8221; av-desktop-css_position_location=&#8217;,,,&#8217; av-desktop-css_position_z_index=&#8221; av-medium-css_position=&#8221; av-medium-css_position_location=&#8217;,,,&#8217; av-medium-css_position_z_index=&#8221; av-small-css_position=&#8221; av-small-css_position_location=&#8217;,,,&#8217; av-small-css_position_z_index=&#8221; av-mini-css_position=&#8221; av-mini-css_position_location=&#8217;,,,&#8217; av-mini-css_position_z_index=&#8221; link=&#8221; linktarget=&#8221; link_hover=&#8221; title_attr=&#8221; alt_attr=&#8221; mobile_display=&#8221; mobile_col_pos=&#8217;0&#8242; id=&#8221; custom_class=&#8221; template_class=&#8221; aria_label=&#8221; av_uid=&#8217;av-ldcuh1md&#8217; sc_version=&#8217;1.0&#8242;]<\/p>\n<p>[av_button label=&#8217;Ans\u00f6kan Sommarvolont\u00e4r&#8217; icon_select=&#8217;yes&#8217; icon=&#8217;ue80a&#8217; font=&#8217;entypo-fontello&#8217; icon_hover=&#8217;aviaTBicon_hover&#8217; link=&#8217;manually,https:\/\/forms.gle\/cyX7s6adQYTmDTSP9&#8242; link_target=&#8217;_blank&#8217; size=&#8217;large&#8217; position=&#8217;center&#8217; label_display=&#8221; title_attr=&#8221; size-text=&#8221; av-desktop-font-size-text=&#8221; av-medium-font-size-text=&#8221; av-small-font-size-text=&#8221; av-mini-font-size-text=&#8221; margin=&#8221; margin_sync=&#8217;true&#8217; padding=&#8221; padding_sync=&#8217;true&#8217; av-desktop-margin=&#8221; av-desktop-margin_sync=&#8217;true&#8217; av-desktop-padding=&#8221; av-desktop-padding_sync=&#8217;true&#8217; av-medium-margin=&#8221; av-medium-margin_sync=&#8217;true&#8217; av-medium-padding=&#8221; av-medium-padding_sync=&#8217;true&#8217; av-small-margin=&#8221; av-small-margin_sync=&#8217;true&#8217; av-small-padding=&#8221; av-small-padding_sync=&#8217;true&#8217; av-mini-margin=&#8221; av-mini-margin_sync=&#8217;true&#8217; av-mini-padding=&#8221; av-mini-padding_sync=&#8217;true&#8217; color_options=&#8221; color=&#8217;theme-color&#8217; custom_bg=&#8217;#444444&#8242; custom_font=&#8217;#ffffff&#8217; btn_color_bg=&#8217;theme-color&#8217; btn_custom_grad_direction=&#8217;vertical&#8217; btn_custom_grad_1=&#8217;#000000&#8242; btn_custom_grad_2=&#8217;#ffffff&#8217; btn_custom_grad_3=&#8221; btn_custom_grad_opacity=&#8217;0.7&#8242; btn_custom_bg=&#8217;#444444&#8242; btn_color_bg_hover=&#8217;theme-color-highlight&#8217; btn_custom_bg_hover=&#8217;#444444&#8242; btn_color_font=&#8217;theme-color&#8217; btn_custom_font=&#8217;#ffffff&#8217; btn_color_font_hover=&#8217;white&#8217; btn_custom_font_hover=&#8217;#ffffff&#8217; border=&#8221; border_width=&#8221; border_width_sync=&#8217;true&#8217; border_color=&#8221; border_radius=&#8221; border_radius_sync=&#8217;true&#8217; box_shadow=&#8217;outside&#8217; box_shadow_style=&#8217;2,2,2,2&#8242; box_shadow_color=&#8217;rgba(10,10,10,0.7)&#8217; animation=&#8221; animation_duration=&#8221; animation_custom_bg_color=&#8221; animation_z_index_curtain=&#8217;100&#8242; hover_opacity=&#8221; sonar_effect_effect=&#8221; sonar_effect_color=&#8221; sonar_effect_duration=&#8217;1&#8242; sonar_effect_scale=&#8221; sonar_effect_opac=&#8217;0.5&#8242; css_position=&#8221; css_position_location=&#8217;,,,&#8217; css_position_z_index=&#8221; av-desktop-css_position=&#8221; av-desktop-css_position_location=&#8217;,,,&#8217; av-desktop-css_position_z_index=&#8221; av-medium-css_position=&#8221; av-medium-css_position_location=&#8217;,,,&#8217; av-medium-css_position_z_index=&#8221; av-small-css_position=&#8221; av-small-css_position_location=&#8217;,,,&#8217; av-small-css_position_z_index=&#8221; av-mini-css_position=&#8221; av-mini-css_position_location=&#8217;,,,&#8217; av-mini-css_position_z_index=&#8221; id=&#8221; custom_class=&#8221; template_class=&#8221; av_uid=&#8217;av-1w21uy&#8217; sc_version=&#8217;1.0&#8242; admin_preview_bg=&#8221;]<\/p>\n<p>[\/av_one_third][av_one_third min_height=&#8221; vertical_alignment=&#8217;av-align-top&#8217; space=&#8221; row_boxshadow=&#8221; row_boxshadow_width=&#8217;10&#8217; row_boxshadow_color=&#8221; custom_margin=&#8221; margin=&#8217;0px&#8217; av-desktop-margin=&#8221; av-medium-margin=&#8221; av-small-margin=&#8221; av-mini-margin=&#8221; mobile_breaking=&#8221; mobile_column_order=&#8221; border=&#8221; border_style=&#8217;solid&#8217; border_color=&#8221; radius=&#8221; min_col_height=&#8221; padding=&#8221; av-desktop-padding=&#8221; av-medium-padding=&#8221; av-small-padding=&#8221; av-mini-padding=&#8221; svg_div_top=&#8221; svg_div_top_color=&#8217;#333333&#8242; svg_div_top_width=&#8217;100&#8242; svg_div_top_height=&#8217;50&#8217; svg_div_top_max_height=&#8217;none&#8217; svg_div_top_flip=&#8221; svg_div_top_invert=&#8221; svg_div_top_front=&#8221; svg_div_top_opacity=&#8221; svg_div_top_preview=&#8221; svg_div_bottom=&#8221; svg_div_bottom_color=&#8217;#333333&#8242; svg_div_bottom_width=&#8217;100&#8242; svg_div_bottom_height=&#8217;50&#8217; svg_div_bottom_max_height=&#8217;none&#8217; svg_div_bottom_flip=&#8221; svg_div_bottom_invert=&#8221; svg_div_bottom_front=&#8221; svg_div_bottom_opacity=&#8221; svg_div_bottom_preview=&#8221; column_boxshadow=&#8221; column_boxshadow_width=&#8217;10&#8217; column_boxshadow_color=&#8221; background=&#8217;bg_color&#8217; background_color=&#8221; background_gradient_direction=&#8217;vertical&#8217; background_gradient_color1=&#8217;#000000&#8242; background_gradient_color2=&#8217;#ffffff&#8217; background_gradient_color3=&#8221; src=&#8221; background_position=&#8217;top left&#8217; background_repeat=&#8217;no-repeat&#8217; highlight=&#8221; highlight_size=&#8221; animation=&#8221; animation_duration=&#8221; animation_custom_bg_color=&#8221; animation_z_index_curtain=&#8217;100&#8242; parallax_parallax=&#8221; parallax_parallax_speed=&#8221; av-desktop-parallax_parallax=&#8221; av-desktop-parallax_parallax_speed=&#8221; av-medium-parallax_parallax=&#8221; av-medium-parallax_parallax_speed=&#8221; av-small-parallax_parallax=&#8221; av-small-parallax_parallax_speed=&#8221; av-mini-parallax_parallax=&#8221; av-mini-parallax_parallax_speed=&#8221; css_position=&#8221; css_position_location=&#8221; css_position_z_index=&#8221; av-desktop-css_position=&#8221; av-desktop-css_position_location=&#8221; av-desktop-css_position_z_index=&#8221; av-medium-css_position=&#8221; av-medium-css_position_location=&#8221; av-medium-css_position_z_index=&#8221; av-small-css_position=&#8221; av-small-css_position_location=&#8221; av-small-css_position_z_index=&#8221; av-mini-css_position=&#8221; av-mini-css_position_location=&#8221; av-mini-css_position_z_index=&#8221; link=&#8221; linktarget=&#8221; link_hover=&#8221; title_attr=&#8221; alt_attr=&#8221; mobile_display=&#8221; mobile_col_pos=&#8217;0&#8242; id=&#8221; custom_class=&#8221; template_class=&#8221; aria_label=&#8221; av_uid=&#8217;av-2mq9re&#8217; sc_version=&#8217;1.0&#8242;]<\/p>\n<p>[\/av_one_third][\/av_section]<\/p>\n","protected":false},"excerpt":{"rendered":"","protected":false},"author":1,"featured_media":0,"parent":0,"menu_order":0,"comment_status":"closed","ping_status":"closed","template":"","meta":{"footnotes":""},"class_list":["post-9610","page","type-page","status-publish","hentry"],"_links":{"self":[{"href":"https:\/\/www1.stiftsgardenrattvik.se\/index.php?rest_route=\/wp\/v2\/pages\/9610","targetHints":{"allow":["GET"]}}],"collection":[{"href":"https:\/\/www1.stiftsgardenrattvik.se\/index.php?rest_route=\/wp\/v2\/pages"}],"about":[{"href":"https:\/\/www1.stiftsgardenrattvik.se\/index.php?rest_route=\/wp\/v2\/types\/page"}],"author":[{"embeddable":true,"href":"https:\/\/www1.stiftsgardenrattvik.se\/index.php?rest_route=\/wp\/v2\/users\/1"}],"replies":[{"embeddable":true,"href":"https:\/\/www1.stiftsgardenrattvik.se\/index.php?rest_route=%2Fwp%2Fv2%2Fcomments&post=9610"}],"version-history":[{"count":16,"href":"https:\/\/www1.stiftsgardenrattvik.se\/index.php?rest_route=\/wp\/v2\/pages\/9610\/revisions"}],"predecessor-version":[{"id":15673,"href":"https:\/\/www1.stiftsgardenrattvik.se\/index.php?rest_route=\/wp\/v2\/pages\/9610\/revisions\/15673"}],"wp:attachment":[{"href":"https:\/\/www1.stiftsgardenrattvik.se\/index.php?rest_route=%2Fwp%2Fv2%2Fmedia&parent=9610"}],"curies":[{"name":"wp","href":"https:\/\/api.w.org\/{rel}","templated":true}]}}