{"id":9703,"date":"2020-03-09T10:29:50","date_gmt":"2020-03-09T09:29:50","guid":{"rendered":"https:\/\/stiftsgardenrattvik.se\/?page_id=9703"},"modified":"2025-01-09T13:53:21","modified_gmt":"2025-01-09T12:53:21","slug":"catering-smorgastartor","status":"publish","type":"page","link":"https:\/\/www1.stiftsgardenrattvik.se\/?page_id=9703","title":{"rendered":"Catering sm\u00f6rg\u00e5st\u00e5rtor"},"content":{"rendered":"<p>[av_one_full first min_height=&#8221; vertical_alignment=&#8221; space=&#8221; custom_margin=&#8221; margin=&#8217;0px&#8217; padding=&#8217;0px&#8217; border=&#8221; border_color=&#8221; radius=&#8217;0px&#8217; background_color=&#8221; src=&#8221; background_position=&#8217;top left&#8217; background_repeat=&#8217;no-repeat&#8217; animation=&#8221; av_uid=&#8217;av-fpj05j&#8217;]<br \/>\n[av_textblock size=&#8221; font_color=&#8221; color=&#8221; av_uid=&#8217;av-dq0uef&#8217;]<\/p>\n<h2 style=\"text-align: center;\">V\u00e5ra sm\u00f6rg\u00e5st\u00e5rtor<\/h2>\n<p>[\/av_textblock]<br \/>\n[\/av_one_full]<\/p>\n<p>[av_one_half first min_height=&#8221; vertical_alignment=&#8221; space=&#8221; custom_margin=&#8221; margin=&#8217;0px&#8217; padding=&#8217;0px&#8217; border=&#8221; border_color=&#8221; radius=&#8217;0px&#8217; background_color=&#8221; src=&#8221; background_position=&#8217;top left&#8217; background_repeat=&#8217;no-repeat&#8217; animation=&#8221; av_uid=&#8217;av-ciyk7r&#8217;]<\/p>\n<p>[av_textblock textblock_styling_align=&#8221; textblock_styling=&#8221; textblock_styling_gap=&#8221; textblock_styling_mobile=&#8221; size=&#8221; av-desktop-font-size=&#8221; av-medium-font-size=&#8221; av-small-font-size=&#8221; av-mini-font-size=&#8221; font_color=&#8221; color=&#8221; id=&#8221; custom_class=&#8221; template_class=&#8221; av_uid=&#8217;av-b3ua7r&#8217; sc_version=&#8217;1.0&#8242; admin_preview_bg=&#8221;]<br \/>\n<strong>Klassisk<\/strong><br \/>\nIngredienser: Ostcr\u00e8me med gr\u00e4sl\u00f6k, leverpastej &amp; gurka, \u00f6rtag\u00e5rdscr\u00e8me<br \/>\nT\u00e5rtan \u00e4r dekorerad med:<\/p>\n<ul>\n<li>Ost<\/li>\n<li>R\u00f6kt skinka<\/li>\n<li>Gr\u00f6nsaker\/frukt<br \/>\n<strong>Pris: 85 kr\/bit<\/strong><\/li>\n<\/ul>\n<p><strong>Lyx<br \/>\n<\/strong>Ingredienser: Skagenr\u00f6ra, \u00e4ggcr\u00e8me, v\u00e4stkustr\u00f6ra<br \/>\nT\u00e5rtan \u00e4r dekorerad med:<\/p>\n<ul>\n<li>R\u00e4kor, r\u00f6kt lax, rom, \u00e4gg<\/li>\n<li>R\u00f6dl\u00f6k, citron, \u00f6rter<\/li>\n<li>Gr\u00f6nsaker, frukt<br \/>\n<strong>Pris: 92 kr\/bit<\/strong><\/li>\n<\/ul>\n<p><strong>Vegansk<br \/>\n<\/strong>Ingredienser: Hummus, aivarcr\u00e9me, vegansk skagenr\u00f6ra, ruccola<br \/>\nT\u00e5rtan \u00e4r dekorerad med:<\/p>\n<ul>\n<li>Zucchini<\/li>\n<li>Gr\u00f6nsaker och frukt<\/li>\n<li>T\u00e5ngkaviar<br \/>\n<strong>Pris: 92 kr\/bit<\/strong><\/li>\n<\/ul>\n<p>V\u00e5ra sm\u00f6rg\u00e5st\u00e5rtor finns i storlekarna 8, 10 och 16 bitar<br \/>\n[\/av_textblock]<\/p>\n<p>[\/av_one_half][av_one_half min_height=&#8221; vertical_alignment=&#8221; space=&#8221; custom_margin=&#8221; margin=&#8217;0px&#8217; padding=&#8217;0px&#8217; border=&#8221; border_color=&#8221; radius=&#8217;0px&#8217; background_color=&#8221; src=&#8221; background_position=&#8217;top left&#8217; background_repeat=&#8217;no-repeat&#8217; animation=&#8221; av_uid=&#8217;av-9inlk7&#8242;]<br \/>\n[av_image src=&#8217;https:\/\/stiftsgardenrattvik.se\/wp-content\/uploads\/2020\/02\/sm\u00f6rg\u00e5st\u00e5rta-3.jpg&#8217; attachment=&#8217;9532&#8242; attachment_size=&#8217;full&#8217; align=&#8217;center&#8217; styling=&#8221; hover=&#8221; link=&#8221; target=&#8221; caption=&#8221; font_size=&#8221; appearance=&#8221; overlay_opacity=&#8217;0.4&#8242; overlay_color=&#8217;#000000&#8242; overlay_text_color=&#8217;#ffffff&#8217; animation=&#8217;no-animation&#8217; av_uid=&#8217;av-r7xjr&#8217;][\/av_image]<br \/>\n[\/av_one_half]<\/p>\n<p>[av_hr class=&#8217;default&#8217; height=&#8217;50&#8217; shadow=&#8217;no-shadow&#8217; position=&#8217;center&#8217; custom_border=&#8217;av-border-thin&#8217; custom_width=&#8217;50px&#8217; custom_border_color=&#8221; custom_margin_top=&#8217;30px&#8217; custom_margin_bottom=&#8217;30px&#8217; icon_select=&#8217;yes&#8217; custom_icon_color=&#8221; icon=&#8217;ue808&#8242; av_uid=&#8217;av-5aua0n&#8217;]<\/p>\n<p>[av_one_full first min_height=&#8221; vertical_alignment=&#8221; space=&#8221; custom_margin=&#8221; margin=&#8217;0px&#8217; padding=&#8217;0px&#8217; border=&#8221; border_color=&#8221; radius=&#8217;0px&#8217; background_color=&#8221; src=&#8221; background_position=&#8217;top left&#8217; background_repeat=&#8217;no-repeat&#8217; animation=&#8221; av_uid=&#8217;av-4s4mh3&#8242;]<\/p>\n<p>[av_textblock textblock_styling_align=&#8221; textblock_styling=&#8221; textblock_styling_gap=&#8221; textblock_styling_mobile=&#8221; size=&#8221; av-desktop-font-size=&#8221; av-medium-font-size=&#8221; av-small-font-size=&#8221; av-mini-font-size=&#8221; font_color=&#8221; color=&#8221; id=&#8221; custom_class=&#8221; template_class=&#8221; av_uid=&#8217;av-8vcon&#8217; sc_version=&#8217;1.0&#8242; admin_preview_bg=&#8221;]<\/p>\n<h4><strong>Sm\u00f6rg\u00e5sar <\/strong><\/h4>\n<p><strong>Ost sm\u00f6rg\u00e5s: <\/strong>sm\u00f6rg\u00e5s med ost, krispig sallad, gurka och tomat<br \/>\n<strong style=\"text-align: right;\">Pris: 83\/62 kr<\/strong><\/p>\n<p><strong>Ost &amp; skinka: <\/strong>sm\u00f6rg\u00e5s med ost och skinka , krispig sallad, gurka, tomat<br \/>\n<strong>Pris: 88\/67 kr<\/strong><strong><br \/>\n<\/strong><\/p>\n<p><strong>Salami &amp; brie: <\/strong>sm\u00f6rg\u00e5s med salami, brie, krispig sallad, paprika, soltorkad tomat, gurka, basilika<br \/>\n<strong>Pris: 98\/72 kr<\/strong><strong><br \/>\n<\/strong><\/p>\n<p><strong>V\u00e4stkustr\u00f6ra: <\/strong>v\u00e4stkustr\u00f6ra, krispigsallad, tomat, gurka, citron, dill<br \/>\n<strong>Pris: 125\/93 kr<\/strong><\/p>\n<p><strong>Kyckling &amp; curry r\u00f6ra:<\/strong> kyckling &amp; curryr\u00f6ra, krispig sallad, paprika, tomat, gurka, tomat, persilja<br \/>\n<strong>Pris: 125\/93 kr<\/strong><\/p>\n<p>Det g\u00e5r \u00e4ven att k\u00f6pa till kaffe eller te <strong>25kr<\/strong>\/person. Du kan \u00e4ven v\u00e4lja om du vill ha grovt eller ljust br\u00f6d alternativt baguette.<br \/>\n[\/av_textblock]<\/p>\n<p>[\/av_one_full]<\/p>\n","protected":false},"excerpt":{"rendered":"","protected":false},"author":1,"featured_media":0,"parent":0,"menu_order":0,"comment_status":"closed","ping_status":"closed","template":"","meta":{"footnotes":""},"class_list":["post-9703","page","type-page","status-publish","hentry"],"_links":{"self":[{"href":"https:\/\/www1.stiftsgardenrattvik.se\/index.php?rest_route=\/wp\/v2\/pages\/9703","targetHints":{"allow":["GET"]}}],"collection":[{"href":"https:\/\/www1.stiftsgardenrattvik.se\/index.php?rest_route=\/wp\/v2\/pages"}],"about":[{"href":"https:\/\/www1.stiftsgardenrattvik.se\/index.php?rest_route=\/wp\/v2\/types\/page"}],"author":[{"embeddable":true,"href":"https:\/\/www1.stiftsgardenrattvik.se\/index.php?rest_route=\/wp\/v2\/users\/1"}],"replies":[{"embeddable":true,"href":"https:\/\/www1.stiftsgardenrattvik.se\/index.php?rest_route=%2Fwp%2Fv2%2Fcomments&post=9703"}],"version-history":[{"count":7,"href":"https:\/\/www1.stiftsgardenrattvik.se\/index.php?rest_route=\/wp\/v2\/pages\/9703\/revisions"}],"predecessor-version":[{"id":15213,"href":"https:\/\/www1.stiftsgardenrattvik.se\/index.php?rest_route=\/wp\/v2\/pages\/9703\/revisions\/15213"}],"wp:attachment":[{"href":"https:\/\/www1.stiftsgardenrattvik.se\/index.php?rest_route=%2Fwp%2Fv2%2Fmedia&parent=9703"}],"curies":[{"name":"wp","href":"https:\/\/api.w.org\/{rel}","templated":true}]}}