{"id":9705,"date":"2020-03-09T11:00:00","date_gmt":"2020-03-09T10:00:00","guid":{"rendered":"https:\/\/stiftsgardenrattvik.se\/?page_id=9705"},"modified":"2024-01-21T14:15:57","modified_gmt":"2024-01-21T13:15:57","slug":"catering-plockmat","status":"publish","type":"page","link":"https:\/\/www1.stiftsgardenrattvik.se\/?page_id=9705","title":{"rendered":"Catering plockmat"},"content":{"rendered":"<p>[av_one_full first min_height=&#8221; vertical_alignment=&#8221; space=&#8221; custom_margin=&#8221; margin=&#8217;0px&#8217; padding=&#8217;0px&#8217; border=&#8221; border_color=&#8221; radius=&#8217;0px&#8217; background_color=&#8221; src=&#8221; background_position=&#8217;top left&#8217; background_repeat=&#8217;no-repeat&#8217; animation=&#8221; av_uid=&#8217;av-ne44y1&#8242;]<br \/>\n[av_textblock size=&#8221; font_color=&#8221; color=&#8221; av_uid=&#8217;av-me54kp&#8217;]<\/p>\n<h2 style=\"text-align: center;\">Plockmat, mingel, snittar och f\u00f6rr\u00e4ttsbuff\u00e9er<\/h2>\n<p>[\/av_textblock]<br \/>\n[\/av_one_full]<\/p>\n<p>[av_hr class=&#8217;invisible&#8217; height=&#8217;75&#8217; shadow=&#8217;no-shadow&#8217; position=&#8217;center&#8217; custom_border=&#8217;av-border-thin&#8217; custom_width=&#8217;50px&#8217; custom_border_color=&#8221; custom_margin_top=&#8217;30px&#8217; custom_margin_bottom=&#8217;30px&#8217; icon_select=&#8217;yes&#8217; custom_icon_color=&#8221; icon=&#8217;ue808&#8242; font=&#8217;entypo-fontello&#8217; av_uid=&#8217;av-lb2nux&#8217;]<\/p>\n<p>[av_three_fifth first min_height=&#8221; vertical_alignment=&#8221; space=&#8221; custom_margin=&#8221; margin=&#8217;0px&#8217; padding=&#8217;0px&#8217; border=&#8221; border_color=&#8221; radius=&#8217;0px&#8217; background_color=&#8221; src=&#8221; background_position=&#8217;top left&#8217; background_repeat=&#8217;no-repeat&#8217; animation=&#8221; av_uid=&#8217;av-ijh9s9&#8242;]<\/p>\n<p>[av_textblock textblock_styling_align=&#8221; textblock_styling=&#8221; textblock_styling_gap=&#8221; textblock_styling_mobile=&#8221; size=&#8221; av-desktop-font-size=&#8221; av-medium-font-size=&#8221; av-small-font-size=&#8221; av-mini-font-size=&#8221; font_color=&#8221; color=&#8221; id=&#8221; custom_class=&#8221; template_class=&#8221; av_uid=&#8217;av-h4f4y1&#8242; sc_version=&#8217;1.0&#8242; admin_preview_bg=&#8221;]<\/p>\n<h4><strong>Plockmat p\u00e5 bricka <\/strong><\/h4>\n<p>(minimum 10 personer)<\/p>\n<p><strong>Charkuteribricka\u00a0<\/strong><\/p>\n<ul>\n<li>Marinerad rostbiff<\/li>\n<li>R\u00f6kt skinka<\/li>\n<li>Salami<\/li>\n<li>Muns\u00f6 korv<\/li>\n<li>Picklade gr\u00f6nsaker<\/li>\n<li>Oliver<\/li>\n<li>Cornichonger<\/li>\n<li>Kr\u00e4mig potatissallad<\/li>\n<li>Marinerad pastasallad<\/li>\n<li>Br\u00f6d och sm\u00f6r<br \/>\n<strong>Pris: 275 kr<\/strong><\/li>\n<\/ul>\n<p><strong>R\u00f6kt fiskbricka\u00a0<\/strong><\/p>\n<ul>\n<li>Varmr\u00f6kt lax<\/li>\n<li>Kallr\u00f6kt lax<\/li>\n<li>R\u00f6kt makrill<\/li>\n<li>Hovm\u00e4stars\u00e5s<\/li>\n<li>Skagenkr\u00e4m<\/li>\n<li>Hjortron- och pepparrotscr\u00e8me<\/li>\n<li>Potatissallad med citron- och dillvin\u00e4grett<\/li>\n<li>Cocktailkapris<br \/>\n<strong>Pris: 295 kr<\/strong><\/li>\n<\/ul>\n<p><strong>Vegetariskbricka\u00a0<\/strong><\/p>\n<ul>\n<li>Grillade marinerad aubergine<\/li>\n<li>Grillade marinerad paprika<\/li>\n<li>Grillad marinerad zucchini<\/li>\n<li>Gr\u00f6nsaksstavar<\/li>\n<li>Fetaostcr\u00e8me<\/li>\n<li>Olivtapenad<\/li>\n<li>Hummus<\/li>\n<li>Nachochips<\/li>\n<li>Gr\u00e4ddfilsdipp<\/li>\n<li>Tzayspett<\/li>\n<li>Marinerade champinjoner<\/li>\n<li>Dessertost och kex<br \/>\n<strong>Pris: 255 kr<\/strong><\/li>\n<\/ul>\n<p><strong>Ostbricka\u00a0<\/strong><\/p>\n<ul>\n<li>Kittost<\/li>\n<li>Brie<\/li>\n<li>Bavaria blu<\/li>\n<li>F\u00e4rskost med pepparrot<\/li>\n<li>F\u00e4rskost med vitl\u00f6k och \u00f6rter<\/li>\n<li>Roquefort<\/li>\n<li>Cambozola<\/li>\n<li>\u00c4delost<\/li>\n<li>Cheddar<\/li>\n<li>Pr\u00e4stost<\/li>\n<li>R\u00e4disa<\/li>\n<li>Oliver<\/li>\n<li>Blekselleri<\/li>\n<li>Bretonkex<\/li>\n<li>Sm\u00f6rg\u00e5sr\u00e5n<\/li>\n<li>Saltiner<\/li>\n<li>Marmelad<br \/>\n<strong>Pris: 205 kr\u00a0<\/strong><\/li>\n<\/ul>\n<p><strong>R\u00e4k\u2013 och skaldjursbricka\u00a0<\/strong><\/p>\n<ul>\n<li>R\u00e4kor med skal ca 300g<\/li>\n<li>R\u00f6kta r\u00e4kor ca 100g<\/li>\n<li>Baguett<\/li>\n<li>Lime aioli<\/li>\n<li>Vitl\u00f6kss\u00e5s<\/li>\n<li>Rhode island<\/li>\n<li>Musslor med olika toppningar<\/li>\n<li>V\u00e4sterbottenpaj<\/li>\n<li>Tomat \u2013 och l\u00f6ksallad<br \/>\n<strong>Pris: 295 kr\u00a0<\/strong><\/li>\n<\/ul>\n<p><strong>Tapasbricka\u00a0<\/strong><\/p>\n<ul>\n<li>Tryffelsalami<\/li>\n<li>Salami chorizo<\/li>\n<li>F\u00e4nk\u00e5lssalami<\/li>\n<li>Bredbar salami<\/li>\n<li>\u00d6lkorv<\/li>\n<li>Lufttorkad skinka<\/li>\n<li>Olika sorters oliver<\/li>\n<li>Marinerade kron\u00e4rtskockhj\u00e4rtan<\/li>\n<li>Soltorkad tomat<\/li>\n<li>Brieost<\/li>\n<li>Vitl\u00f6ksbr\u00f6d<\/li>\n<li>Padrones<\/li>\n<li>Kapris<\/li>\n<li>Patatas Bravas<\/li>\n<li>Frukt och gr\u00f6nsaker<br \/>\n<strong>Pris: 275 kr<\/strong><\/li>\n<\/ul>\n<p><strong>Antipasto bricka\u00a0<\/strong><\/p>\n<ul>\n<li>Lufttorkad skinka<\/li>\n<li>Mortadella<\/li>\n<li>Salami<\/li>\n<li>Cocktail mozzarella<\/li>\n<li>Olika sorters oliver<\/li>\n<li>Marinerade kron\u00e4rtskockor<\/li>\n<li>Soltorkade tomater<\/li>\n<li>Grillad paprika<\/li>\n<li>Marinerade champinjoner<\/li>\n<li>\u00c4ttiksl\u00f6k<\/li>\n<li>Marinerade r\u00e4kor<\/li>\n<li>Grillad marinerad aubergine<\/li>\n<li>Grillad marinerad zucchini<\/li>\n<li>Grissini<\/li>\n<li>Tapenade<\/li>\n<li>Pesto<br \/>\n<strong>Pris: 275 kr\u00a0<\/strong><\/li>\n<\/ul>\n<p><strong>Meze bricka\u00a0<\/strong><\/p>\n<ul>\n<li>Kycklingspett<\/li>\n<li>Tzayspett<\/li>\n<li>Vinbladsdolmar<\/li>\n<li>Marinerad fetaost<\/li>\n<li>Bacondadlar<\/li>\n<li>Grillad paprika<\/li>\n<li>Marinerade oliver<\/li>\n<li>Marinerade kron\u00e4rtskockor<\/li>\n<li>Fefferoni<\/li>\n<li>Bulgursallad<\/li>\n<li>Tzatziki<\/li>\n<li>Hummus<\/li>\n<li>Falafel<\/li>\n<li>Gr\u00f6nsallad<\/li>\n<li>Frukt och gr\u00f6nsaker<\/li>\n<li>Libabr\u00f6d<br \/>\n<strong>Pris: 275 kr\u00a0<\/strong><\/li>\n<\/ul>\n<p>[\/av_textblock]<\/p>\n<p>[\/av_three_fifth][av_two_fifth min_height=&#8221; vertical_alignment=&#8221; space=&#8221; custom_margin=&#8221; margin=&#8217;0px&#8217; padding=&#8217;0px&#8217; border=&#8221; border_color=&#8221; radius=&#8217;0px&#8217; background_color=&#8221; src=&#8221; background_position=&#8217;top left&#8217; background_repeat=&#8217;no-repeat&#8217; animation=&#8221; av_uid=&#8217;av-fewmq1&#8242;]<br \/>\n[av_hr class=&#8217;invisible&#8217; height=&#8217;75&#8217; shadow=&#8217;no-shadow&#8217; position=&#8217;center&#8217; custom_border=&#8217;av-border-thin&#8217; custom_width=&#8217;50px&#8217; custom_border_color=&#8221; custom_margin_top=&#8217;30px&#8217; custom_margin_bottom=&#8217;30px&#8217; icon_select=&#8217;yes&#8217; custom_icon_color=&#8221; icon=&#8217;ue808&#8242; font=&#8217;entypo-fontello&#8217; av_uid=&#8217;av-e4xytl&#8217;]<\/p>\n<p>[av_image src=&#8217;https:\/\/stiftsgardenrattvik.se\/wp-content\/uploads\/2020\/03\/SKEDMAT-4.jpg&#8217; attachment=&#8221; attachment_size=&#8221; align=&#8217;center&#8217; styling=&#8221; hover=&#8221; link=&#8221; target=&#8221; caption=&#8221; font_size=&#8221; appearance=&#8221; overlay_opacity=&#8217;0.4&#8242; overlay_color=&#8217;#000000&#8242; overlay_text_color=&#8217;#ffffff&#8217; animation=&#8217;no-animation&#8217; av_uid=&#8217;av-cfl8xl&#8217;][\/av_image]<br \/>\n[\/av_two_fifth]<\/p>\n<p>[av_hr class=&#8217;default&#8217; height=&#8217;50&#8217; shadow=&#8217;no-shadow&#8217; position=&#8217;center&#8217; custom_border=&#8217;av-border-thin&#8217; custom_width=&#8217;50px&#8217; custom_border_color=&#8221; custom_margin_top=&#8217;30px&#8217; custom_margin_bottom=&#8217;30px&#8217; icon_select=&#8217;yes&#8217; custom_icon_color=&#8221; icon=&#8217;ue808&#8242; av_uid=&#8217;av-a66fo9&#8242;]<\/p>\n<p>[av_three_fifth first min_height=&#8221; vertical_alignment=&#8221; space=&#8221; custom_margin=&#8221; margin=&#8217;0px&#8217; padding=&#8217;0px&#8217; border=&#8221; border_color=&#8221; radius=&#8217;0px&#8217; background_color=&#8221; src=&#8221; background_position=&#8217;top left&#8217; background_repeat=&#8217;no-repeat&#8217; animation=&#8221; av_uid=&#8217;av-91xqw9&#8242;]<\/p>\n<p>[av_textblock textblock_styling_align=&#8221; textblock_styling=&#8221; textblock_styling_gap=&#8221; textblock_styling_mobile=&#8221; size=&#8221; av-desktop-font-size=&#8221; av-medium-font-size=&#8221; av-small-font-size=&#8221; av-mini-font-size=&#8221; font_color=&#8221; color=&#8221; id=&#8221; custom_class=&#8221; template_class=&#8221; av_uid=&#8217;av-7b5l5l&#8217; sc_version=&#8217;1.0&#8242; admin_preview_bg=&#8221;]<\/p>\n<h4><strong>Grab and go &#8211; plock <\/strong><\/h4>\n<p>(minimum 10 stycken av samma sort)<\/p>\n<p><strong>Tuttulrolls 18 cm:<\/strong><\/p>\n<ul>\n<li>Kycklingcurry med mangoraja, gr\u00f6nt<\/li>\n<li>Tonfisk, \u00e4gg, r\u00f6dl\u00f6k, chilimajjo, gr\u00f6nt<\/li>\n<li>V\u00e4stkustr\u00f6ra, gr\u00f6nt<\/li>\n<li>Hummus, gr\u00f6nt och chili<br \/>\n<strong>Pris: 55 kr\/st<\/strong><\/li>\n<\/ul>\n<p><strong>Tuttulstubbar 7 cm:<\/strong><\/p>\n<ul>\n<li>V\u00e4stkustr\u00f6ra, gr\u00f6nt<\/li>\n<li>Soltorkadtomatcr\u00e8me, gr\u00f6nt<\/li>\n<li>R\u00f6kt skinkr\u00f6ra, f\u00e4rskost, gr\u00f6nt<br \/>\n<strong>Pris: 18 kr\/st<\/strong><\/li>\n<\/ul>\n<p><strong>Canap\u00e9er: <\/strong><\/p>\n<ul>\n<li>\u00c4delostr\u00f6ra, frukt<\/li>\n<li>Gubbr\u00f6ra, l\u00f6k<\/li>\n<li>Brie, salami<\/li>\n<li>Chevr\u00e9, honung, \u00f6rter<\/li>\n<li>Fetaostkr\u00e4m, parmaskinka, basilika<br \/>\n<strong>Pris: 27 kr\/st<\/strong><\/li>\n<\/ul>\n<p><strong>En bit av en paj: <\/strong><\/p>\n<ul>\n<li>V\u00e4sterbotten toppad med romcr\u00e8me<\/li>\n<li>Ost och spenat toppad med r\u00f6kt lax<\/li>\n<li>Pr\u00e4stost toppad med kantareller<\/li>\n<li>Soltorkade tomater, oliver, grana padano<br \/>\n<strong>Pris: 38 kr\/st<\/strong><\/li>\n<\/ul>\n<p><strong>Skedar: <\/strong><\/p>\n<ul>\n<li>Jord\u00e4rtskockpur\u00e9, friterad ostronskivling, picklad r\u00f6dl\u00f6k<\/li>\n<li>Pumpa, bacon, nachochips cheese<\/li>\n<li>Potatis, ansjovis, \u00e4gg, gr\u00e4sl\u00f6kscr\u00e8me<\/li>\n<li>Cocktailtomat, mozzarella, basilika<\/li>\n<li>Vegetarisk ceviche (paprika, l\u00f6k, gurka, tomat, gr\u00e4sl\u00f6k, lime, risvin\u00e4ger, r\u00f6d chili, sesamolja, honung)<\/li>\n<li>Prosciutto, f\u00e4rskost och oliver<br \/>\n<strong>Pris: 48 kr\/st<\/strong> (serveras p\u00e5 sked)<\/li>\n<\/ul>\n<p><strong>Crostini: <\/strong><\/p>\n<ul>\n<li>Gubbr\u00f6ra<\/li>\n<li>Gr\u00f6n \u00e4rtpesto<\/li>\n<li>Soltorkadtomat- och fetaostr\u00f6ra<br \/>\n<strong>Pris: 55 kr\/st <\/strong>(serveras i glas)<\/li>\n<\/ul>\n<p>[\/av_textblock]<\/p>\n<p>[\/av_three_fifth][av_two_fifth min_height=&#8221; vertical_alignment=&#8221; space=&#8221; custom_margin=&#8221; margin=&#8217;0px&#8217; padding=&#8217;0px&#8217; border=&#8221; border_color=&#8221; radius=&#8217;0px&#8217; background_color=&#8221; src=&#8221; background_position=&#8217;top left&#8217; background_repeat=&#8217;no-repeat&#8217; animation=&#8221; av_uid=&#8217;av-5npvu1&#8242;]<br \/>\n[av_hr class=&#8217;invisible&#8217; height=&#8217;135&#8242; shadow=&#8217;no-shadow&#8217; position=&#8217;center&#8217; custom_border=&#8217;av-border-thin&#8217; custom_width=&#8217;50px&#8217; custom_border_color=&#8221; custom_margin_top=&#8217;30px&#8217; custom_margin_bottom=&#8217;30px&#8217; icon_select=&#8217;yes&#8217; custom_icon_color=&#8221; icon=&#8217;ue808&#8242; font=&#8217;entypo-fontello&#8217; av_uid=&#8217;av-3naxix&#8217;]<\/p>\n<p>[av_image src=&#8217;https:\/\/stiftsgardenrattvik.se\/wp-content\/uploads\/2020\/03\/graaaaab-.jpg&#8217; attachment=&#8217;9756&#8242; attachment_size=&#8217;full&#8217; align=&#8217;center&#8217; styling=&#8221; hover=&#8221; link=&#8221; target=&#8221; caption=&#8221; font_size=&#8221; appearance=&#8221; overlay_opacity=&#8217;0.4&#8242; overlay_color=&#8217;#000000&#8242; overlay_text_color=&#8217;#ffffff&#8217; animation=&#8217;no-animation&#8217; av_uid=&#8217;av-2nvn15&#8242;][\/av_image]<br \/>\n[\/av_two_fifth]<\/p>\n","protected":false},"excerpt":{"rendered":"","protected":false},"author":1,"featured_media":0,"parent":0,"menu_order":0,"comment_status":"closed","ping_status":"closed","template":"","meta":{"footnotes":""},"class_list":["post-9705","page","type-page","status-publish","hentry"],"_links":{"self":[{"href":"https:\/\/www1.stiftsgardenrattvik.se\/index.php?rest_route=\/wp\/v2\/pages\/9705","targetHints":{"allow":["GET"]}}],"collection":[{"href":"https:\/\/www1.stiftsgardenrattvik.se\/index.php?rest_route=\/wp\/v2\/pages"}],"about":[{"href":"https:\/\/www1.stiftsgardenrattvik.se\/index.php?rest_route=\/wp\/v2\/types\/page"}],"author":[{"embeddable":true,"href":"https:\/\/www1.stiftsgardenrattvik.se\/index.php?rest_route=\/wp\/v2\/users\/1"}],"replies":[{"embeddable":true,"href":"https:\/\/www1.stiftsgardenrattvik.se\/index.php?rest_route=%2Fwp%2Fv2%2Fcomments&post=9705"}],"version-history":[{"count":8,"href":"https:\/\/www1.stiftsgardenrattvik.se\/index.php?rest_route=\/wp\/v2\/pages\/9705\/revisions"}],"predecessor-version":[{"id":14012,"href":"https:\/\/www1.stiftsgardenrattvik.se\/index.php?rest_route=\/wp\/v2\/pages\/9705\/revisions\/14012"}],"wp:attachment":[{"href":"https:\/\/www1.stiftsgardenrattvik.se\/index.php?rest_route=%2Fwp%2Fv2%2Fmedia&parent=9705"}],"curies":[{"name":"wp","href":"https:\/\/api.w.org\/{rel}","templated":true}]}}