{"id":9717,"date":"2020-03-09T13:43:59","date_gmt":"2020-03-09T12:43:59","guid":{"rendered":"https:\/\/stiftsgardenrattvik.se\/?page_id=9717"},"modified":"2025-01-29T15:19:08","modified_gmt":"2025-01-29T14:19:08","slug":"catering-bufferatter","status":"publish","type":"page","link":"https:\/\/www1.stiftsgardenrattvik.se\/?page_id=9717","title":{"rendered":"Catering buff\u00e9r\u00e4tter"},"content":{"rendered":"<p>[av_one_full first min_height=&#8221; vertical_alignment=&#8221; space=&#8221; custom_margin=&#8221; margin=&#8217;0px&#8217; padding=&#8217;0px&#8217; border=&#8221; border_color=&#8221; radius=&#8217;0px&#8217; background_color=&#8221; src=&#8221; background_position=&#8217;top left&#8217; background_repeat=&#8217;no-repeat&#8217; animation=&#8221; av_uid=&#8217;av-3cb1zp&#8217;]<br \/>\n[av_textblock size=&#8221; font_color=&#8221; color=&#8221; av_uid=&#8217;av-w7ojb9&#8242;]<\/p>\n<h2 style=\"text-align: center;\">Buff\u00e9er<\/h2>\n<p style=\"text-align: center;\">Minimum 15 personer per best\u00e4llning<\/p>\n<p>[\/av_textblock]<br \/>\n[\/av_one_full]<\/p>\n<p>[av_three_fifth first min_height=&#8221; vertical_alignment=&#8221; space=&#8221; custom_margin=&#8221; margin=&#8217;0px&#8217; padding=&#8217;0px&#8217; border=&#8221; border_color=&#8221; radius=&#8217;0px&#8217; background_color=&#8221; src=&#8221; background_position=&#8217;top left&#8217; background_repeat=&#8217;no-repeat&#8217; animation=&#8221; av_uid=&#8217;av-uarebp&#8217;]<\/p>\n<p>[av_textblock textblock_styling_align=&#8221; textblock_styling=&#8221; textblock_styling_gap=&#8221; textblock_styling_mobile=&#8221; size=&#8221; av-desktop-font-size=&#8221; av-medium-font-size=&#8221; av-small-font-size=&#8221; av-mini-font-size=&#8221; font_color=&#8221; color=&#8221; id=&#8221; custom_class=&#8221; template_class=&#8221; av_uid=&#8217;av-t66hqd&#8217; sc_version=&#8217;1.0&#8242; admin_preview_bg=&#8221;]<br \/>\n<strong>Dalabuff\u00e9<br \/>\n<\/strong>(minimum 15 personer)<\/p>\n<ul>\n<li>Gustafskorv<\/li>\n<li>F\u00e4bokn\u00e4cke<\/li>\n<li>Ugnsmarinerad Siljanlax<\/li>\n<li>Vitl\u00f6ks \u2013 och gr\u00e4sl\u00f6kscr\u00e8me<\/li>\n<li>Varmr\u00f6kt Siljalax<\/li>\n<li>Hjortron- och pepparrotscr\u00e8me<\/li>\n<li>Marinerad rostbiff<\/li>\n<li>Kantarells\u00e5s (varm)<\/li>\n<li>Potatisgrat\u00e4ng (varm)<\/li>\n<li>Blandsallad<\/li>\n<li>Dessertost<\/li>\n<li>Marmelad<br \/>\n<strong>Pris: 395 kr<\/strong><\/li>\n<\/ul>\n<p><strong>Fiskarens buff\u00e9<br \/>\n<\/strong>(minimum 15 personer)<\/p>\n<ul>\n<li>Ugnsmarinerad lax fr\u00e5n Leksand<\/li>\n<li>Roms\u00e5s med finskuren gr\u00e4sl\u00f6k<\/li>\n<li>Kr\u00e4mig potatissallad med cr\u00e8me fraiche, gurka och dill<\/li>\n<li>Blandsallad efter s\u00e4song<br \/>\n<strong>Pris: 245 kr<\/strong><\/li>\n<\/ul>\n<p><strong>Kalasbuff\u00e9n<br \/>\n<\/strong>(minimum 15 personer)<\/p>\n<ul>\n<li>Dubbelmarinerad rostbiff i skivor med r\u00f6dl\u00f6k, kapris, soltorkade tomater<\/li>\n<li>Potatisgrat\u00e4ng (varm)<\/li>\n<li>Mixsallad<\/li>\n<li>F\u00e4rskostcr\u00e8me<br \/>\n<strong>Pris: 245 kr<\/strong><\/li>\n<\/ul>\n<p><strong>Den l\u00e4ttare buff\u00e9n<br \/>\n<\/strong>(minimum 15 personer)<\/p>\n<ul>\n<li>\u00d6rtmarinerad kycklingfil\u00e9 med flagad\u00a0Grana Padano (varm)<\/li>\n<li>Sallad p\u00e5 kokt potatis, soltorkade tomater, oliver och mixsallat samt vin\u00e4grett<\/li>\n<li>Marinerad sallad med kron\u00e4rtskockshj\u00e4rtan, r\u00f6dl\u00f6k, kapris<\/li>\n<li>Vitl\u00f6ks\u2013 och gurkyoghurt<strong><br \/>\nPris: 205 kr<\/strong><\/li>\n<\/ul>\n<p><strong>Favoritbuff\u00e9n<br \/>\n<\/strong>(minimum 15 personer)<\/p>\n<ul>\n<li>Paj med ch\u00e8vreost, honung och fr\u00f6n,<\/li>\n<li>R\u00f6kt lax med flagad grana padano<\/li>\n<li>\u00d6rtcr\u00e8me smaksatt med pepparrot<\/li>\n<li>Kryddade kycklingspett<\/li>\n<li>Couscoussallad med fetaost och gr\u00f6nsaker<\/li>\n<li>Kron\u00e4rtskocksallad med gr\u00f6nsaker och gr\u00f6nt<\/li>\n<li>Gurkraja med yoghurt, vitl\u00f6k<\/li>\n<li>Br\u00f6d<\/li>\n<li>Sm\u00f6r<br \/>\n<strong>Pris: 285 kr<\/strong><\/li>\n<\/ul>\n<p><strong>Vegetarisk medelhavsbuff\u00e9<br \/>\n<\/strong>(minimum 15 personer)<\/p>\n<ul>\n<li>Ch\u00e8vrecr\u00e8me med rostade fr\u00f6n och honung<\/li>\n<li>Tr\u00e4dg\u00e5rdstomater med mozzarella och basilika<\/li>\n<li>Vegetarisk quiche med soltorkade tomater, oliver, fetaost<\/li>\n<li>Kron\u00e4rtskockssallad med gr\u00f6nsaker och flagad grana padano<\/li>\n<li>Grillade tzayspett \u201dBBQ\u201d<\/li>\n<li>Couscoussallad med avokado, r\u00f6dl\u00f6k och persilja<\/li>\n<li>Tzatziki<\/li>\n<li>Kik\u00e4rtsallad med balsamico, l\u00f6k och dragon<\/li>\n<li>Br\u00f6d<\/li>\n<li>Sm\u00f6r<br \/>\n<strong>Pris: 265 kr<\/strong><\/li>\n<\/ul>\n<p><strong>Vegetariska l\u00e4ttare buff\u00e9n<br \/>\n<\/strong>(minimum 15 personer)<\/p>\n<ul>\n<li>Vegetarisk paj med fetaost, soltorkad tomat och oliver (kall)<\/li>\n<li>Kron\u00e4rtskockssallad med gr\u00f6nsaker, \u00f6rter och flagad grana padano<\/li>\n<li>Tzayspett\u00a0<em>\u201dvego\u201d <\/em><\/li>\n<li>Couscoussallad med avokado, r\u00f6dl\u00f6k och persilja,<\/li>\n<li>Vitl\u00f6ksdipp<\/li>\n<li>Br\u00f6d<\/li>\n<li>Sm\u00f6r<br \/>\n<strong>Pris: 205 kr<\/strong><\/li>\n<\/ul>\n<p><strong>\u201dFr\u00e5n f\u00f6rr\u2026\u201d buff\u00e9<br \/>\n<\/strong>(minimum 15 personer)<\/p>\n<ul>\n<li>Canap\u00e9 med skagenr\u00f6ra och rom<\/li>\n<li>Gubbr\u00f6ra i glas med \u00e4gg, potatis, dill, gr\u00e4sl\u00f6k och r\u00f6dl\u00f6k<\/li>\n<li>Pepparstek av oxfil\u00e9 58\u00b0 med baconlindad haricots verts<\/li>\n<li>Peppars\u00e5s (varm)<\/li>\n<li>Kallslagen bearnaise<\/li>\n<li>Kallr\u00f6kt lax med pepparrotscr\u00e8me<\/li>\n<li>Grillade gr\u00f6nsaker \u201dclassic\u201d<\/li>\n<li>Potatisgrat\u00e4ng (varm)<\/li>\n<li>Klassiska dessertostar med marmelad och kex<\/li>\n<li>Br\u00f6d<\/li>\n<li>Sm\u00f6r<br \/>\n<strong>Pris: 440 kr<\/strong><\/li>\n<\/ul>\n<p><strong>Svensk favoritbuff\u00e9<br \/>\n<\/strong>(minimum 15 personer)<\/p>\n<ul>\n<li>V\u00e4sterbottenpaj med rom, r\u00f6dl\u00f6k och cr\u00e8me fraiche<\/li>\n<li>Gubbr\u00f6ra i glas med \u00e4gg, potatis, dill, gr\u00e4sl\u00f6k och r\u00f6dl\u00f6k<\/li>\n<li>Gravad lax med senapsdressing och dill<\/li>\n<li>Kryddbakade r\u00f6dbetor med pepparrotskr\u00e4m<\/li>\n<li>Skagen med r\u00e4kor och \u201dtunnbr\u00f6dsrulle\u201d<\/li>\n<li>Nattbakad oxrygg med champinjoner och l\u00f6k \u201dBBQ\u201d(varm)<\/li>\n<li>Kallslagen bearnaise<\/li>\n<li>Prim\u00f6rpotatissallad med senapsvin\u00e4grett, kapris och l\u00f6k<\/li>\n<li>Dessertostar med marmelad samt kex<\/li>\n<li>Br\u00f6d<\/li>\n<li>Sm\u00f6r<br \/>\n<strong>Pris: 440 kr<\/strong><\/li>\n<\/ul>\n<p><strong>Smaker fr\u00e5n r\u00f6keriet<br \/>\n<\/strong>(minimum 15 personer)<\/p>\n<ul>\n<li>\u00d6rtkryddad varmr\u00f6kt lax fr\u00e5n Leksands fiskr\u00f6keri med gr\u00f6nt<\/li>\n<li>Potatissallad med dijoncr\u00e8me, paprika och \u00f6rter<\/li>\n<li>Insalata caprese; tomat- och mozzarellasallad med basilika<\/li>\n<li>Brieost med marmelad, kex och vindruvor<\/li>\n<li>Br\u00f6d<\/li>\n<li>Sm\u00f6r<br \/>\n<strong>Pris: 255 kr<\/strong><\/li>\n<\/ul>\n<p><strong>Skogen<br \/>\n<\/strong>(minimum 15 personer)<\/p>\n<ul>\n<li>Dillbakad marinerad regnb\u00e5ge<\/li>\n<li>Hjortroncr\u00e8me<\/li>\n<li>Potatisgrat\u00e4ng med v\u00e4sterbottenost (varm)<\/li>\n<li>Viltkryddad rostbiff<\/li>\n<li>Pepparrotscr\u00e8me<\/li>\n<li>Paj med skogssvamp, l\u00f6k och Svecia<\/li>\n<li>Potatisgalette med l\u00f6k, rom och cr\u00e8me fraiche<\/li>\n<li>Blandsallad<\/li>\n<li>V\u00e4sterbottensost<\/li>\n<li>H\u00e5rt tunnbr\u00f6d<\/li>\n<li>Sm\u00f6r<br \/>\n<strong>Pris: 390 kr<\/strong><\/li>\n<\/ul>\n<p><strong>Charter\u00a0<\/strong><br \/>\n(minimum 15 personer)<\/p>\n<ul>\n<li>Chilimarinerade r\u00e4kor i glas med \u00e4rtguacamole<\/li>\n<li>Lufttorkad skinka<\/li>\n<li>Teriyakimarinerade kycklingspett<\/li>\n<li>Ranchdressing<\/li>\n<li>Tomatmarinerade b\u00f6nor och potatis<\/li>\n<li>Grillade gr\u00f6nsaker med olivolja och kapris<\/li>\n<li>Marinerad fetaost med rostad paprika och f\u00e4rska \u00f6rter<\/li>\n<li>Br\u00f6d<\/li>\n<li>Sm\u00f6r<br \/>\n<strong>Pris: 290 kr<\/strong><\/li>\n<\/ul>\n<p><strong>Klassiska buff\u00e9en<br \/>\n<\/strong>(minimum 15 personer)<\/p>\n<ul>\n<li>Kryddbakad lax med finskuren gr\u00e4sl\u00f6k<\/li>\n<li>Roms\u00e5s<\/li>\n<li>Skagenr\u00f6ra p\u00e5 hela r\u00e4kor<\/li>\n<li>Helstekt entrec\u00f4te 58\u00b0 med goda kryddor och f\u00e4rska \u00f6rter<\/li>\n<li>Tryffelmajonn\u00e4s<\/li>\n<li>Potatissallad med persilja, dill, krasse och gr\u00f6nt<\/li>\n<li>Senapsvin\u00e4grett<\/li>\n<li>Gr\u00f6nm\u00f6gelost<\/li>\n<li>Lagrad cheddar<\/li>\n<li>Marmelad<\/li>\n<li>Mini baguette<\/li>\n<li>Sm\u00f6r<br \/>\n<strong>Pris: 395 kr<\/strong><\/li>\n<\/ul>\n<p><strong>Italienska smaker<br \/>\n<\/strong>(minimum 15 personer)<\/p>\n<ul>\n<li>Chili- och vitl\u00f6ksmarinerade oliver<\/li>\n<li>Cocktailtomater med mozzarella och f\u00e4rsk basilika<\/li>\n<li>Lufttorkad skinka<\/li>\n<li>Salami<\/li>\n<li>Gr\u00f6nsallad med r\u00f6dl\u00f6k och flagad grana padano<\/li>\n<li>\u00d6rtmarinerade kron\u00e4rtskockshj\u00e4rtan<\/li>\n<li>Pestobakad laxfil\u00e9<\/li>\n<li>Vitl\u00f6ksdressing<\/li>\n<li>Potatissallad med kapris, f\u00e4nk\u00e5l, gr\u00f6nt i \u00f6rtmarinad<\/li>\n<li>Gremolatakryddad ryggbiff<\/li>\n<li>Ugnsbakade gr\u00f6nsaker och balsamico<\/li>\n<li>Pastasallad med pesto och gr\u00f6nt<\/li>\n<li>Tapenade<\/li>\n<li>Grissini<\/li>\n<li>Br\u00f6d<\/li>\n<li>Olivolja<br \/>\n<strong>Pris: 385 kr<\/strong><\/li>\n<\/ul>\n<p><strong>Grekiska smaker<br \/>\n<\/strong>(minimum 15 personer)<\/p>\n<ul>\n<li>Charkbricka med oliver och ost<\/li>\n<li>Marinerade kron\u00e4rtskockor med flagad grana padano och gr\u00f6nt<\/li>\n<li>Citron- och rosmaringrillad kycklingfil\u00e9<em>(varm)<\/em><\/li>\n<li>Tzatziki<\/li>\n<li>Proven\u00e7alebakad delikatesspotatis\u00a0<em>(varm)<\/em><\/li>\n<li>Grekisk sallad med fetaost, solmogna tomater, oliver och r\u00f6dl\u00f6k<\/li>\n<li>Br\u00f6d<\/li>\n<li>Sm\u00f6r<br \/>\n<strong>Pris: 290 kr<\/strong><\/li>\n<\/ul>\n<p><strong>Marockanska smaker\u00a0<\/strong><\/p>\n<ul>\n<li>Kryddgrillade kycklingspett \u201dharissa\u201d med saltrostade fr\u00f6n<\/li>\n<li>Vitl\u00f6ksdressing<\/li>\n<li>Bulgur kryddat med granat\u00e4pple och mynta<\/li>\n<li>Marockansk tomatsallad med koriander och krispig r\u00f6dl\u00f6k<\/li>\n<li>Kik\u00e4rtor kryddade med spiskummin, sesamfr\u00f6n, chili och persilja<\/li>\n<li>Het f\u00e5rostr\u00f6ra med olivolja<\/li>\n<li>Br\u00f6d<\/li>\n<li>Sm\u00f6r<br \/>\n<strong>Pris: 235 kr<\/strong><\/li>\n<\/ul>\n<p><strong>Franska smaker\u00a0<\/strong><\/p>\n<ul>\n<li>Bakad lax med oliver, \u00f6rter och citron<\/li>\n<li>Aioli<\/li>\n<li>Paj p\u00e5 vitl\u00f6ksstekt svamp, tryffelolja och grana padanoost<\/li>\n<li>Tryffel mayo<\/li>\n<li>Grillad kycklingfil\u00e9 \u201dproven\u00e7ale\u201d bakat med rosmarin, backtimjan och citrussm\u00f6r <em>(varm)<\/em><\/li>\n<li>R\u00e5stekt skivad potatis med vitl\u00f6k <em>(varm)<\/em><\/li>\n<li>R\u00f6dvinssky med brynt sm\u00f6r <em>(varm)<\/em><\/li>\n<li>Rostade betor med balsamicosirap, blad och chevr\u00e9ost<\/li>\n<li>Tv\u00e5 sorters ost med marmelad och kex<\/li>\n<li>Baguette<\/li>\n<li>Sm\u00f6r<br \/>\n<strong>Pris: 305 kr<\/strong><\/li>\n<\/ul>\n<p><strong>Asiatiska smaker<br \/>\n<\/strong>(minimum 15 personer)<\/p>\n<ul>\n<li>Grillade kycklingspett med panang curry<\/li>\n<li>Chilimajonn\u00e4s<\/li>\n<li>Nudelsallad med gr\u00f6nsaker, koriander, chili och lime<\/li>\n<li>Mangosalsa \u201dsweet &amp; sour\u201d<\/li>\n<li>Br\u00f6d<\/li>\n<li>Sm\u00f6r<br \/>\n<strong>Pris: 225 kr<\/strong><\/li>\n<\/ul>\n<p><strong>Right Bay<br \/>\n<\/strong>(minimum 15 personer)<\/p>\n<ul>\n<li>Pulled pork (varm)<\/li>\n<li>Ugnsbakad BBQ-glacerad kycklingfil\u00e9 (varm)<\/li>\n<li>Pastasallad Caesar med krutonger<\/li>\n<li>Cole slaw med morot och \u00e4pple<\/li>\n<li>Marinerad mix bean salad<\/li>\n<li>Cream cheese med citrus och chili<\/li>\n<li>Majschips och mjuka tortillas<br \/>\n<strong>Pris: 275 kr<\/strong><\/li>\n<\/ul>\n<p><strong>Orientaliska smaker<br \/>\n<\/strong>(minimum 15 personer)<\/p>\n<ul>\n<li>Rostad currykyckling \u201dcurry, paprika och citron\u201d<\/li>\n<li>Aivardipp<\/li>\n<li>Couscoussallad med avokado och saltrostade fr\u00f6n<\/li>\n<li>Myntatzatziki<\/li>\n<li>Sumak (orientalisk kryddblandning) \u2013 grillade gr\u00f6nsaker med cocktailtomat och kron\u00e4rtskocka<\/li>\n<li>Hummus<\/li>\n<li>Br\u00f6d<\/li>\n<li>Sm\u00f6r<br \/>\n<strong>Pris: 225 kr<\/strong><\/li>\n<\/ul>\n<p><strong>En bit av sidenv\u00e4gen<br \/>\n<\/strong>(minimum 15 personer)<\/p>\n<ul>\n<li>Heta r\u00e4kor \u201dmilj\u00f6m\u00e4rkt\u201d med vitl\u00f6k, chili och thaibasilika<\/li>\n<li>Limeaioli<\/li>\n<li>Grillad kycklingfil\u00e9 med panang curry<\/li>\n<li>Sesam- och sojamajjo<\/li>\n<li>Mangosalsa \u201dsweet and sour\u201d<\/li>\n<li>Nudelsallad med gr\u00f6nsaker i kokossojas\u00e5s med koriander<\/li>\n<li>Br\u00f6d<\/li>\n<li>Sm\u00f6r<br \/>\n<strong>Pris: 275 kr<\/strong><\/li>\n<\/ul>\n<p><strong>Antipasti<br \/>\n<\/strong>(minimum 15 personer)<\/p>\n<ul>\n<li>Tre sorters italienska charkuterier: prosciutto, coppa och salami picante<\/li>\n<li>Kallr\u00f6kt laxcarpaccio med rostade fr\u00f6n, blad och parmesanost<\/li>\n<li>\u00d6rtcr\u00e8me med pepparrot<\/li>\n<li>Kr\u00e4mig pastasallad med vitl\u00f6ksdressing, vitl\u00f6kschampinjoner, bacon och haricots verts samt gr\u00f6nt<\/li>\n<li>Insalata caprese \u2013 klassisk italiensk sallad p\u00e5 mozzarella, tomat, f\u00e4rsk basilika, kallpressad olivolja och nymalen svartpeppar<\/li>\n<li>Br\u00f6d<\/li>\n<li>Sm\u00f6r<br \/>\n<strong>Pris: 265 kr<\/strong><\/li>\n<\/ul>\n<p><strong>Nordiska smaker<br \/>\n<\/strong>(minimum 15 personer)<\/p>\n<ul>\n<li>Bakad Leksandslax i kub \u201dcitron, vitl\u00f6k och \u00f6rter\u201d<\/li>\n<li>Kryddstekt rostbiff med rostad l\u00f6k och gr\u00f6nt<\/li>\n<li>Pepparotsf\u00e4rskost<\/li>\n<li>Kr\u00e4mig potatissallad med sauce verte och kapris<\/li>\n<li>Rostade betor, balsamicosirap, getost, n\u00f6tter och blad<\/li>\n<li>L\u00e4ttbakade tomater och f\u00e4rska \u00e4ngs\u00f6rter<\/li>\n<li>V\u00e4sterbottensostpaj som serveras med skagenr\u00f6ra p\u00e5 r\u00e4kor och kr\u00e4ftor<\/li>\n<li>Tv\u00e5 sorters dessertostar med marmelad och kex<\/li>\n<li>Br\u00f6d<\/li>\n<li>Sm\u00f6r<br \/>\n<strong>Pris: 305 kr<\/strong><\/li>\n<\/ul>\n<p><strong>Havet<br \/>\n<\/strong>(minimum 15 personer)<\/p>\n<ul>\n<li>Matjessill med gr\u00e4ddfil, \u00e4gg, gr\u00e4s- och r\u00f6dl\u00f6k<\/li>\n<li>Stekt inlagd str\u00f6mming<\/li>\n<li>Rustik sallad med varmr\u00f6kt lax och senaps- och pepparrotsdressing<\/li>\n<li>\u00c4gghalva med romcr\u00e8me<\/li>\n<li>R\u00f6kt lammstek<\/li>\n<li>Dillkokt potatis (varm)<\/li>\n<li>Tomatsallad med stick- och r\u00f6dl\u00f6k<\/li>\n<li>Lagrad ost<\/li>\n<li>Brie<\/li>\n<li>Kn\u00e4ckebr\u00f6d<\/li>\n<li>Sm\u00f6r<br \/>\n<strong>Pris: 305 kr<\/strong><\/li>\n<\/ul>\n<p><strong>Street food<br \/>\n<\/strong>(minimum 15 personer)<\/p>\n<ul>\n<li>Caesarsallad i glas med bacon och krutonger<\/li>\n<li>Sotad bruten lax i gemsallad med salsa och nacho<\/li>\n<li>Carnitas p\u00e5 fl\u00e4skkarr\u00e9 med nachochips, gr\u00e4ddfil, l\u00f6k och riven ost<\/li>\n<li>Miniburgare med stekt l\u00f6k och r\u00f6kt majonn\u00e4s<\/li>\n<li>Quesadillas med tomat, l\u00f6k, ost och oregano<\/li>\n<li>Rostad sellerikub med sesamdressing i gemsallad<br \/>\n<strong>Pris: 305 kr<\/strong><\/li>\n<\/ul>\n<p><strong>\u00a0<\/strong><\/p>\n<p><strong>\u00a0<\/strong><br \/>\n[\/av_textblock]<\/p>\n<p>[\/av_three_fifth][av_two_fifth min_height=&#8221; vertical_alignment=&#8221; space=&#8221; custom_margin=&#8221; margin=&#8217;0px&#8217; padding=&#8217;0px&#8217; border=&#8221; border_color=&#8221; radius=&#8217;0px&#8217; background_color=&#8221; src=&#8221; background_position=&#8217;top left&#8217; background_repeat=&#8217;no-repeat&#8217; animation=&#8221; av_uid=&#8217;av-gcfrit&#8217;]<br \/>\n[av_hr class=&#8217;invisible&#8217; height=&#8217;135&#8242; shadow=&#8217;no-shadow&#8217; position=&#8217;center&#8217; custom_border=&#8217;av-border-thin&#8217; custom_width=&#8217;50px&#8217; custom_border_color=&#8221; custom_margin_top=&#8217;30px&#8217; custom_margin_bottom=&#8217;30px&#8217; icon_select=&#8217;yes&#8217; custom_icon_color=&#8221; icon=&#8217;ue808&#8242; font=&#8217;entypo-fontello&#8217; av_uid=&#8217;av-dpmhfp&#8217;]<\/p>\n<p>[av_image src=&#8217;https:\/\/stiftsgardenrattvik.se\/wp-content\/uploads\/2020\/03\/t3rtf.jpg&#8217; attachment=&#8217;9753&#8242; attachment_size=&#8217;full&#8217; align=&#8217;center&#8217; styling=&#8221; hover=&#8221; link=&#8221; target=&#8221; caption=&#8221; font_size=&#8221; appearance=&#8221; overlay_opacity=&#8217;0.4&#8242; overlay_color=&#8217;#000000&#8242; overlay_text_color=&#8217;#ffffff&#8217; animation=&#8217;no-animation&#8217; av_uid=&#8217;av-17y7np&#8217;][\/av_image]<\/p>\n<p>[av_hr class=&#8217;invisible&#8217; height=&#8217;150&#8242; shadow=&#8217;no-shadow&#8217; position=&#8217;center&#8217; custom_border=&#8217;av-border-thin&#8217; custom_width=&#8217;50px&#8217; custom_border_color=&#8221; custom_margin_top=&#8217;30px&#8217; custom_margin_bottom=&#8217;30px&#8217; icon_select=&#8217;yes&#8217; custom_icon_color=&#8221; icon=&#8217;ue808&#8242; font=&#8217;entypo-fontello&#8217; av_uid=&#8217;av-b0lwet&#8217;]<\/p>\n<p>[av_image src=&#8217;https:\/\/stiftsgardenrattvik.se\/wp-content\/uploads\/2020\/03\/BUFF\u00c9.jpg&#8217; attachment=&#8217;9754&#8242; attachment_size=&#8217;full&#8217; align=&#8217;center&#8217; styling=&#8221; hover=&#8221; link=&#8221; target=&#8221; caption=&#8221; font_size=&#8221; appearance=&#8221; overlay_opacity=&#8217;0.4&#8242; overlay_color=&#8217;#000000&#8242; overlay_text_color=&#8217;#ffffff&#8217; animation=&#8217;no-animation&#8217; av_uid=&#8217;av-986dbp&#8217;][\/av_image]<br \/>\n[\/av_two_fifth]<\/p>\n","protected":false},"excerpt":{"rendered":"","protected":false},"author":1,"featured_media":0,"parent":0,"menu_order":0,"comment_status":"closed","ping_status":"closed","template":"","meta":{"footnotes":""},"class_list":["post-9717","page","type-page","status-publish","hentry"],"_links":{"self":[{"href":"https:\/\/www1.stiftsgardenrattvik.se\/index.php?rest_route=\/wp\/v2\/pages\/9717","targetHints":{"allow":["GET"]}}],"collection":[{"href":"https:\/\/www1.stiftsgardenrattvik.se\/index.php?rest_route=\/wp\/v2\/pages"}],"about":[{"href":"https:\/\/www1.stiftsgardenrattvik.se\/index.php?rest_route=\/wp\/v2\/types\/page"}],"author":[{"embeddable":true,"href":"https:\/\/www1.stiftsgardenrattvik.se\/index.php?rest_route=\/wp\/v2\/users\/1"}],"replies":[{"embeddable":true,"href":"https:\/\/www1.stiftsgardenrattvik.se\/index.php?rest_route=%2Fwp%2Fv2%2Fcomments&post=9717"}],"version-history":[{"count":18,"href":"https:\/\/www1.stiftsgardenrattvik.se\/index.php?rest_route=\/wp\/v2\/pages\/9717\/revisions"}],"predecessor-version":[{"id":15261,"href":"https:\/\/www1.stiftsgardenrattvik.se\/index.php?rest_route=\/wp\/v2\/pages\/9717\/revisions\/15261"}],"wp:attachment":[{"href":"https:\/\/www1.stiftsgardenrattvik.se\/index.php?rest_route=%2Fwp%2Fv2%2Fmedia&parent=9717"}],"curies":[{"name":"wp","href":"https:\/\/api.w.org\/{rel}","templated":true}]}}