{"id":9762,"date":"2020-03-12T12:09:53","date_gmt":"2020-03-12T11:09:53","guid":{"rendered":"https:\/\/stiftsgardenrattvik.se\/?page_id=9762"},"modified":"2021-06-02T18:34:37","modified_gmt":"2021-06-02T16:34:37","slug":"coronavirus","status":"publish","type":"page","link":"https:\/\/www1.stiftsgardenrattvik.se\/?page_id=9762","title":{"rendered":"Coronavirus"},"content":{"rendered":"<p>[av_one_full first min_height=&#8221; vertical_alignment=&#8221; space=&#8221; custom_margin=&#8221; margin=&#8217;0px&#8217; padding=&#8217;0px&#8217; border=&#8221; border_color=&#8221; radius=&#8217;0px&#8217; background_color=&#8221; src=&#8221; background_position=&#8217;top left&#8217; background_repeat=&#8217;no-repeat&#8217; animation=&#8221;]<\/p>\n<p>[av_textblock size=&#8221; font_color=&#8221; color=&#8221;]<\/p>\n<h2 style=\"box-sizing: border-box; margin: 0px 0px 10px; padding: 0px; border: 0px #e1e1e1; font-variant-numeric: inherit; font-variant-east-asian: inherit; font-stretch: inherit; font-size: 28px; line-height: 1.1em; font-family: 'Open Sans', HelveticaNeue, 'Helvetica Neue', Helvetica, Arial, sans-serif; vertical-align: baseline; text-transform: uppercase; letter-spacing: 1px; text-align: center;\">BESLUT OM SOMMAREN<\/h2>\n<h4 style=\"box-sizing: border-box; margin: 0px 0px 4px; padding: 0px; border: 0px #e1e1e1; font-variant-numeric: inherit; font-variant-east-asian: inherit; font-stretch: inherit; font-size: 18px; line-height: 1.1em; font-family: 'Open Sans', HelveticaNeue, 'Helvetica Neue', Helvetica, Arial, sans-serif; vertical-align: baseline; text-align: center;\"><strong style=\"box-sizing: border-box; margin: 0px; padding: 0px; border: 0px #e1e1e1; font-style: inherit; font-variant: inherit; font-stretch: inherit; font-size: inherit; line-height: inherit; font-family: inherit; vertical-align: baseline; color: inherit;\">(COVID-19)<\/strong><\/h4>\n<p style=\"box-sizing: border-box; margin: 0.85em 0px; padding: 0px; border: 0px #e1e1e1; font-variant-numeric: inherit; font-variant-east-asian: inherit; font-stretch: inherit; font-size: 13px; line-height: inherit; font-family: 'Open Sans', HelveticaNeue, 'Helvetica Neue', Helvetica, Arial, sans-serif; vertical-align: baseline; color: #666666; text-align: center;\"><strong>Uppdaterat den 2 juni 2021<\/strong><\/p>\n<p>[\/av_textblock]<\/p>\n<p>[\/av_one_full][av_one_full first min_height=&#8221; vertical_alignment=&#8221; space=&#8221; custom_margin=&#8221; margin=&#8217;0px&#8217; padding=&#8217;0px&#8217; border=&#8221; border_color=&#8221; radius=&#8217;0px&#8217; background_color=&#8221; src=&#8221; background_position=&#8217;top left&#8217; background_repeat=&#8217;no-repeat&#8217; animation=&#8221;]<\/p>\n<p>[av_textblock size=&#8221; font_color=&#8221; color=&#8221;]<br \/>\nStiftsg\u00e5rden i R\u00e4ttvik forts\u00e4tter att anpassa oss till kraven som pandemin st\u00e4ller p\u00e5 oss. Detta g\u00e4ller fr\u00e5n nu.<\/p>\n<p><strong>Kurser<\/strong><\/p>\n<p>N\u00e4r vi erbjuder kurser \u00e4r det med efterlevnad av alla myndighetsregler och riktlinjer.<\/p>\n<p><strong>Matl\u00e5dor och matkassar<\/strong><\/p>\n<p>Vi forts\u00e4tter att s\u00e4lja matl\u00e5dor m\u00e5ndagar till fredagar i v\u00e5r drive thru till och med den 24 juni.<\/p>\n<p><strong>Sommarens l\u00e4ger och konfirmation<br \/>\n<\/strong><\/p>\n<p>Stiftsg\u00e5rden har idag, den 2 juni, fattat beslut om att genomf\u00f6ra flera av sommarens l\u00e4ger, dock i n\u00e5got omst\u00e4lld form. Alla som \u00e4r anm\u00e4lda till konfirmation hos oss kommer att kunna konfirmeras. Ut\u00f6ver konfirmandl\u00e4gren bjuder vi in till solisl\u00e4ger (l\u00e4ger f\u00f6r sommarvolont\u00e4rer)  och familjel\u00e4gret Se hit. \u00d6vriga l\u00e4ger \u00e4r inst\u00e4llda i \u00e5r och \u00e5terkommer n\u00e4sta \u00e5r.<\/p>\n<p><strong>Se beslutet h\u00e4r:<\/strong> <strong><a href=\"https:\/\/stiftsgardenrattvik.se\/wp-content\/uploads\/2021\/06\/Info-lagersommaren-2021-pa-Stiftsgarden-Rattvik.pdf\">Information l\u00e4gersommaren 2021 p\u00e5 Stiftsg\u00e5rden R\u00e4ttvik<\/a><\/strong><\/p>\n<p><strong>V\u00e4lkommen till Stiftsg\u00e5rden R\u00e4ttvik om du inte uppvisar symtom som kan tyda p\u00e5 Corona!<\/strong><\/p>\n<p>Stiftsg\u00e5rden R\u00e4ttvik ing\u00e5r i V\u00e4ster\u00e5s stifts krisledningsfunktion, som har t\u00e4t kontakt med och f\u00f6ljer direktiv fr\u00e5n nationella kyrkokansliet, Folkh\u00e4lsomyndigheten, Utrikesdepartementet och WHO.<\/p>\n<p>Ledningsgruppen h\u00e5ller t\u00e4t kontakt och veckom\u00f6ten och anpassar v\u00e5r verksamhet kontinuerligt. Vi uppmanar till att h\u00e5lla avst\u00e5nd, m\u00f6blerar och dukar f\u00f6r att underl\u00e4tta det och vi sprittv\u00e4ttar ber\u00f6ringsytor.<\/p>\n<p>Vi har inga andra regler och r\u00e5d \u00e4n vad svenska myndigheter s\u00e4tter upp. Dessa \u00e4r i korthet:<\/p>\n<ul>\n<li>Alla med symtom p\u00e5 luftv\u00e4gsinfektion, \u00e4ven lindriga, uppmanas nu att avst\u00e5 sociala kontakter som riskerar att sprida smitta.<\/li>\n<li>\u00c4r du sj\u00e4lv sjuk \u2013 stanna hemma. Detta g\u00e4ller b\u00e5de personal och g\u00e4ster.<\/li>\n<li>Hosta och nys i armvecket eller i en pappersn\u00e4sduk. N\u00e4r du hostar och nyser sprids sm\u00e5, sm\u00e5 droppar som inneh\u00e5ller smitt\u00e4mnen.<\/li>\n<li>Tv\u00e4tta h\u00e4nderna ofta med tv\u00e5l och vatten. Smitt\u00e4mnen fastnar l\u00e4tt p\u00e5 h\u00e4nderna. Tv\u00e4tta d\u00e4rf\u00f6r h\u00e4nderna ofta med tv\u00e5l och varmt vatten, minst 20 sekunder. Tv\u00e4tta alltid h\u00e4nderna n\u00e4r du kommer hem eller n\u00e4r du kommer till ditt arbete efter att ha varit ute, f\u00f6re m\u00e5ltid, vid mathantering och efter ett toalettbes\u00f6k.<\/li>\n<li>Undvik att r\u00f6ra vid ansiktet eller \u00f6gonen. Smitta sprids genom slemhinnor i \u00f6gon, n\u00e4sa och mun.<\/li>\n<\/ul>\n<p>Mer information finns p\u00e5 <a href=\"https:\/\/www.krisinformation.se\/\">https:\/\/www.krisinformation.se\/<\/a> och <a href=\"https:\/\/www.folkhalsomyndigheten.se\/\">https:\/\/www.folkhalsomyndigheten.se\/<\/a><\/p>\n<p>Vi g\u00f6r kontinuerligt riskbed\u00f6mningar av v\u00e5ra evenemang med hj\u00e4lp av Folkh\u00e4lsomyndighetens verktyg f\u00f6r riskbed\u00f6mning och fattar individuella beslut om vart och ett.<\/p>\n<p>Vi har valt en gener\u00f6s linje avseende m\u00f6jligheten till ombokning. Enskilda eller grupper som vill skjuta fram sina bes\u00f6k hos oss f\u00e5r g\u00f6ra det i samr\u00e5d med oss. Vi hj\u00e4lps \u00e5t f\u00f6r att hitta andra tider.<br \/>\n[\/av_textblock]<\/p>\n<p>[\/av_one_full][av_one_full first min_height=&#8221; vertical_alignment=&#8221; space=&#8221; custom_margin=&#8221; margin=&#8217;0px&#8217; padding=&#8217;0px&#8217; border=&#8221; border_color=&#8221; radius=&#8217;0px&#8217; background_color=&#8221; src=&#8221; background_position=&#8217;top left&#8217; background_repeat=&#8217;no-repeat&#8217; animation=&#8221;]<br \/>\n[av_image src=&#8217;https:\/\/stiftsgardenrattvik.se\/wp-content\/uploads\/2020\/02\/IMG_0092.jpg&#8217; attachment=&#8217;9659&#8242; attachment_size=&#8217;full&#8217; align=&#8217;center&#8217; styling=&#8221; hover=&#8221; link=&#8221; target=&#8221; caption=&#8221; font_size=&#8221; appearance=&#8221; overlay_opacity=&#8217;0.4&#8242; overlay_color=&#8217;#000000&#8242; overlay_text_color=&#8217;#ffffff&#8217; animation=&#8217;no-animation&#8217;][\/av_image]<br \/>\n[\/av_one_full]<\/p>\n","protected":false},"excerpt":{"rendered":"<p>[av_one_full first min_height=&#8221; vertical_alignment=&#8221; space=&#8221; custom_margin=&#8221; margin=&#8217;0px&#8217; padding=&#8217;0px&#8217; border=&#8221; border_color=&#8221; radius=&#8217;0px&#8217; background_color=&#8221; src=&#8221; background_position=&#8217;top left&#8217; background_repeat=&#8217;no-repeat&#8217; animation=&#8221;] [av_textblock size=&#8221; font_color=&#8221; color=&#8221;] BESLUT OM SOMMAREN (COVID-19) Uppdaterat den 2 juni 2021 [\/av_textblock] [\/av_one_full][av_one_full first min_height=&#8221; vertical_alignment=&#8221; space=&#8221; custom_margin=&#8221; margin=&#8217;0px&#8217; padding=&#8217;0px&#8217; border=&#8221; border_color=&#8221; radius=&#8217;0px&#8217; background_color=&#8221; src=&#8221; background_position=&#8217;top left&#8217; background_repeat=&#8217;no-repeat&#8217; animation=&#8221;] [av_textblock size=&#8221; font_color=&#8221; color=&#8221;] Stiftsg\u00e5rden i R\u00e4ttvik [&hellip;]<\/p>\n","protected":false},"author":1,"featured_media":0,"parent":0,"menu_order":0,"comment_status":"closed","ping_status":"closed","template":"","meta":{"footnotes":""},"class_list":["post-9762","page","type-page","status-publish","hentry"],"_links":{"self":[{"href":"https:\/\/www1.stiftsgardenrattvik.se\/index.php?rest_route=\/wp\/v2\/pages\/9762","targetHints":{"allow":["GET"]}}],"collection":[{"href":"https:\/\/www1.stiftsgardenrattvik.se\/index.php?rest_route=\/wp\/v2\/pages"}],"about":[{"href":"https:\/\/www1.stiftsgardenrattvik.se\/index.php?rest_route=\/wp\/v2\/types\/page"}],"author":[{"embeddable":true,"href":"https:\/\/www1.stiftsgardenrattvik.se\/index.php?rest_route=\/wp\/v2\/users\/1"}],"replies":[{"embeddable":true,"href":"https:\/\/www1.stiftsgardenrattvik.se\/index.php?rest_route=%2Fwp%2Fv2%2Fcomments&post=9762"}],"version-history":[{"count":32,"href":"https:\/\/www1.stiftsgardenrattvik.se\/index.php?rest_route=\/wp\/v2\/pages\/9762\/revisions"}],"predecessor-version":[{"id":10960,"href":"https:\/\/www1.stiftsgardenrattvik.se\/index.php?rest_route=\/wp\/v2\/pages\/9762\/revisions\/10960"}],"wp:attachment":[{"href":"https:\/\/www1.stiftsgardenrattvik.se\/index.php?rest_route=%2Fwp%2Fv2%2Fmedia&parent=9762"}],"curies":[{"name":"wp","href":"https:\/\/api.w.org\/{rel}","templated":true}]}}